{"id":15715891,"date":"2010-06-02T14:19:04","date_gmt":"2010-06-02T14:19:04","guid":{"rendered":"https:\/\/wpml.org\/gia-wpml\/chinh-sach-ho-tro-wpml\/"},"modified":"2026-02-26T08:07:47","modified_gmt":"2026-02-26T08:07:47","slug":"chinh-sach-ho-tro-wpml","status":"publish","type":"page","link":"https:\/\/wpml.org\/vi\/gia-wpml\/chinh-sach-ho-tro-wpml\/","title":{"rendered":"Ch\u00ednh s\u00e1ch H\u1ed7 tr\u1ee3 WPML"},"content":{"rendered":"\n<p class=\"lead\">N\u1ebfu b\u1ea1n c\u00f3 t\u00e0i kho\u1ea3n WPML h\u1ee3p l\u1ec7, b\u1ea1n \u0111\u01b0\u1ee3c \u0111\u1ea3m b\u1ea3o nh\u1eadn h\u1ed7 tr\u1ee3 ch\u1ea5t l\u01b0\u1ee3ng cao t\u1eeb \u0111\u1ed9i ng\u0169 t\u1eadn t\u00e2m v\u00e0 gi\u00e0u kinh nghi\u1ec7m c\u1ee7a ch\u00fang t\u00f4i. Ch\u00fang t\u00f4i h\u1ed7 tr\u1ee3 b\u1ea1n th\u00f4ng qua <a href=\"https:\/\/wpml.org\/forums\/forum\/english-support\/\">di\u1ec5n \u0111\u00e0n h\u1ed7 tr\u1ee3<\/a> c\u1ee7a ch\u00fang t\u00f4i. <\/p>\n\n<h2 class=\"wp-block-heading\">Nh\u1eefng g\u00ec \u0111\u01b0\u1ee3c bao g\u1ed3m trong h\u1ed7 tr\u1ee3 WPML?<\/h2>\n\n<p>Ch\u00fang t\u00f4i cam k\u1ebft gi\u00fap b\u1ea1n b\u1eb1ng c\u00e1ch tr\u1ea3 l\u1eddi c\u00e2u h\u1ecfi, gi\u1ea3i quy\u1ebft v\u1ea5n \u0111\u1ec1 v\u00e0 h\u01b0\u1edbng d\u1eabn b\u1ea1n t\u1eadn d\u1ee5ng t\u1ed1i \u0111a WPML.<\/p>\n\n<p>Ch\u00fang t\u00f4i ch\u1ecbu tr\u00e1ch nhi\u1ec7m 100% \u0111\u1ed1i v\u1edbi b\u1ea5t k\u1ef3 v\u1ea5n \u0111\u1ec1 n\u00e0o ph\u00e1t sinh trong c\u00e1c plugin v\u00e0 d\u1ecbch v\u1ee5 c\u1ee7a m\u00ecnh, bao g\u1ed3m WPML v\u00e0 c\u00e1c ti\u1ec7n \u00edch b\u1ed5 sung, c\u00e1c plugin Toolset c\u1ee7a ch\u00fang t\u00f4i v\u00e0 d\u1ecbch v\u1ee5 d\u1ecbch t\u1ef1 \u0111\u1ed9ng. <\/p>\n\n<p>Ch\u00fang t\u00f4i cam k\u1ebft v\u01b0\u1ee3t xa v\u00e0 h\u01a1n th\u1ebf n\u1eefa \u0111\u1ec3 \u0111\u1ea3m b\u1ea3o s\u1ea3n ph\u1ea9m v\u00e0 d\u1ecbch v\u1ee5 c\u1ee7a ch\u00fang t\u00f4i:<\/p>\n\n<ul class=\"wp-block-list\">\n<li> Ho\u1ea1t \u0111\u1ed9ng nh\u01b0 qu\u1ea3ng c\u00e1o<\/li>\n\n\n\n<li> Th\u00e2n thi\u1ec7n v\u1edbi ng\u01b0\u1eddi d\u00f9ng<\/li>\n\n\n\n<li> Ho\u1ea1t \u0111\u1ed9ng t\u1ed1i \u01b0u<\/li>\n\n\n\n<li> An to\u00e0n<\/li>\n\n\n\n<li>T\u01b0\u01a1ng th\u00edch v\u1edbi WordPress<\/li>\n<\/ul>\n\n<p>N\u1ebfu ch\u00fang t\u00f4i ph\u00e1t hi\u1ec7n b\u1ea5t k\u1ef3 v\u1ea5n \u0111\u1ec1 n\u00e0o v\u1edbi WPML, \u0111\u1ed9i ng\u0169 h\u1ed7 tr\u1ee3 v\u00e0 ph\u00e1t tri\u1ec3n c\u1ee7a ch\u00fang t\u00f4i s\u1ebd l\u00e0m vi\u1ec7c c\u00f9ng nhau v\u00e0 \u0111\u1ea3m b\u1ea3o gi\u1ea3i quy\u1ebft ch\u00fang c\u00e0ng s\u1edbm c\u00e0ng t\u1ed1t.<\/p>\n\n<h2 class=\"wp-block-heading\">Nh\u1eefng g\u00ec kh\u00f4ng \u0111\u01b0\u1ee3c bao g\u1ed3m trong h\u1ed7 tr\u1ee3 WPML?<\/h2>\n\n<p>M\u1eb7c d\u00f9 ch\u00fang t\u00f4i c\u1ed1 g\u1eafng cung c\u1ea5p h\u1ed7 tr\u1ee3 to\u00e0n di\u1ec7n, c\u00f3 m\u1ed9t s\u1ed1 l\u0129nh v\u1ef1c n\u1eb1m ngo\u00e0i ph\u1ea1m vi c\u1ee7a ch\u00fang t\u00f4i:<\/p>\n\n<ul class=\"wp-block-list\">\n<li><strong>V\u1ea5n \u0111\u1ec1 ch\u1ec9 li\u00ean quan \u0111\u1ebfn c\u00e1c ch\u1ee7 \u0111\u1ec1 ho\u1eb7c plugin kh\u00e1c<\/strong> \u2013 N\u1ebfu m\u1ed9t v\u1ea5n \u0111\u1ec1 li\u00ean quan \u0111\u1ebfn kh\u1ea3 n\u0103ng t\u01b0\u01a1ng th\u00edch c\u1ee7a WPML v\u1edbi m\u1ed9t ch\u1ee7 \u0111\u1ec1 ho\u1eb7c plugin kh\u00e1c, ch\u00fang t\u00f4i s\u1ebd gi\u00fap b\u1ea1n t\u00ecm gi\u1ea3i ph\u00e1p ho\u1eb7c c\u00e1ch gi\u1ea3i quy\u1ebft, v\u00e0 th\u1eadm ch\u00ed l\u00e0m vi\u1ec7c v\u1edbi t\u00e1c gi\u1ea3 ch\u1ee7 \u0111\u1ec1\/plugin khi c\u1ea7n thi\u1ebft. Tuy nhi\u00ean, ch\u00fang t\u00f4i kh\u00f4ng cung c\u1ea5p kh\u1eafc ph\u1ee5c s\u1ef1 c\u1ed1 ho\u1eb7c g\u1ee1 l\u1ed7i cho c\u00e1c v\u1ea5n \u0111\u1ec1 c\u1ee5 th\u1ec3 c\u1ee7a c\u00e1c ch\u1ee7 \u0111\u1ec1 ho\u1eb7c plugin kh\u00e1c. <\/li>\n\n\n\n<li><strong>C\u00e1c c\u00e2u h\u1ecfi chung v\u1ec1 WordPress<\/strong>: H\u1ed7 tr\u1ee3 WPML t\u1eadp trung v\u00e0o c\u00e1c v\u1ea5n \u0111\u1ec1 li\u00ean quan \u0111\u1ebfn WPML. Ch\u00fang t\u00f4i kh\u00f4ng cung c\u1ea5p h\u1ed7 tr\u1ee3 chung v\u1ec1 WordPress. <\/li>\n\n\n\n<li><strong>M\u00e3 t\u00f9y ch\u1ec9nh<\/strong>: M\u1eb7c d\u00f9 ch\u00fang t\u00f4i vui l\u00f2ng cung c\u1ea5p h\u01b0\u1edbng d\u1eabn b\u1ea5t c\u1ee9 khi n\u00e0o c\u00f3 th\u1ec3, ch\u00fang t\u00f4i kh\u00f4ng th\u1ec3 \u0111\u1ea3m b\u1ea3o ho\u1eb7c cung c\u1ea5p h\u1ed7 tr\u1ee3 cho m\u00e3 t\u00f9y ch\u1ec9nh tr\u00ean trang web c\u1ee7a b\u1ea1n.<\/li>\n<\/ul>\n\n<h2 class=\"wp-block-heading\">WPML h\u1ed7 tr\u1ee3 x\u1eed l\u00fd c\u00e1c v\u1ea5n \u0111\u1ec1 t\u01b0\u01a1ng th\u00edch v\u1edbi c\u00e1c ch\u1ee7 \u0111\u1ec1 v\u00e0 plugin c\u1ee7a b\u00ean th\u1ee9 ba nh\u01b0 th\u1ebf n\u00e0o?<\/h2>\n\n<p>N\u1ebfu v\u1ea5n \u0111\u1ec1 li\u00ean quan \u0111\u1ebfn WPML nh\u01b0ng b\u1eaft ngu\u1ed3n t\u1eeb m\u1ed9t ch\u1ee7 \u0111\u1ec1 ho\u1eb7c plugin kh\u00e1c, ch\u00fang t\u00f4i s\u1ebd c\u1ed1 g\u1eafng h\u1ebft s\u1ee9c \u0111\u1ec3 cung c\u1ea5p cho b\u1ea1n m\u1ed9t c\u00e1ch gi\u1ea3i quy\u1ebft ho\u1eb7c \u0111\u1ec1 xu\u1ea5t c\u00e1c l\u1ef1a ch\u1ecdn thay th\u1ebf t\u01b0\u01a1ng th\u00edch. <\/p>\n\n<p>Ch\u00fang t\u00f4i c\u0169ng gi\u00fap c\u00e1c \u0111\u1ed1i t\u00e1c c\u1ee7a m\u00ecnh ph\u00e1t tri\u1ec3n c\u00e1c ch\u1ee7 \u0111\u1ec1 v\u00e0 plugin t\u01b0\u01a1ng th\u00edch v\u1edbi WPML. \u0110\u1ec3 c\u00f3 tr\u1ea3i nghi\u1ec7m m\u01b0\u1ee3t m\u00e0, ch\u00fang t\u00f4i lu\u00f4n khuy\u1ebfn ngh\u1ecb ch\u1ecdn <a href=\"https:\/\/wpml.org\/plugin\/\">plugin<\/a> v\u00e0 <a href=\"https:\/\/wpml.org\/theme\/\">ch\u1ee7 \u0111\u1ec1<\/a> \u0111\u00e3 \u0111\u01b0\u1ee3c ki\u1ec3m tra v\u00e0 x\u00e1c nh\u1eadn t\u01b0\u01a1ng th\u00edch v\u1edbi WPML. <\/p>\n\n<h2 class=\"wp-block-heading\">Nh\u00e2n vi\u00ean WPML x\u1eed l\u00fd d\u1eef li\u1ec7u trang web c\u1ee7a t\u00f4i nh\u01b0 th\u1ebf n\u00e0o trong qu\u00e1 tr\u00ecnh h\u1ed7 tr\u1ee3?<\/h2>\n\n<p>\u0110\u00f4i khi, \u0111\u1ed9i ng\u0169 h\u1ed7 tr\u1ee3 c\u1ee7a ch\u00fang t\u00f4i c\u00f3 th\u1ec3 y\u00eau c\u1ea7u truy c\u1eadp v\u00e0o trang web c\u1ee7a b\u1ea1n \u0111\u1ec3 hi\u1ec3u r\u00f5 h\u01a1n v\u00e0 gi\u1ea3i quy\u1ebft v\u1ea5n \u0111\u1ec1. <\/p>\n\n<p>Tr\u00ean di\u1ec5n \u0111\u00e0n h\u1ed7 tr\u1ee3 c\u1ee7a ch\u00fang t\u00f4i, ch\u00fang t\u00f4i c\u00f3 c\u00e1c t\u00f9y ch\u1ecdn tin nh\u1eafn c\u00f4ng khai v\u00e0 ri\u00eang t\u01b0. \u0110\u1ed1i v\u1edbi d\u1eef li\u1ec7u nh\u1ea1y c\u1ea3m, ch\u00fang t\u00f4i k\u00edch ho\u1ea1t tin nh\u1eafn ri\u00eang t\u01b0. Th\u00f4ng tin \u0111\u0103ng nh\u1eadp v\u00e0 chi ti\u1ebft trang web b\u1ea1n chia s\u1ebb l\u00e0 ri\u00eang t\u01b0 \u2013 ch\u00fang t\u00f4i s\u1ebd kh\u00f4ng chuy\u1ec3n ch\u00fang cho b\u1ea5t k\u1ef3 ai kh\u00e1c.   <\/p>\n\n<p>N\u1ebfu c\u1ea7n thi\u1ebft, ch\u00fang t\u00f4i c\u00f3 th\u1ec3 y\u00eau c\u1ea7u sao ch\u00e9p d\u1eef li\u1ec7u \u0111\u1ec3 g\u1ee1 l\u1ed7i, nh\u01b0ng \u0111i\u1ec1u n\u00e0y ch\u1ec9 d\u00e0nh cho v\u1ea5n \u0111\u1ec1 \u0111\u00e3 b\u00e1o c\u00e1o. Ch\u00fang t\u00f4i s\u1ebd kh\u00f4ng bao gi\u1edd s\u1eed d\u1ee5ng d\u1eef li\u1ec7u c\u1ee7a b\u1ea1n \u1edf n\u01a1i kh\u00e1c v\u00e0 ch\u00fang t\u00f4i s\u1ebd lu\u00f4n x\u1eed l\u00fd n\u00f3 c\u1ea9n th\u1eadn. M\u1ee5c ti\u00eau c\u1ee7a ch\u00fang t\u00f4i l\u00e0 hi\u1ec3u v\u1ea5n \u0111\u1ec1 b\u1ea1n \u0111ang g\u1eb7p ph\u1ea3i. Ch\u00fang t\u00f4i s\u1ebd kh\u00f4ng th\u1ef1c hi\u1ec7n b\u1ea5t k\u1ef3 thay \u0111\u1ed5i n\u00e0o tr\u00ean trang web c\u1ee7a b\u1ea1n m\u00e0 kh\u00f4ng c\u00f3 s\u1ef1 cho ph\u00e9p c\u1ee7a b\u1ea1n.   <\/p>\n\n<p>N\u1ebfu b\u1ea1n mu\u1ed1n x\u00f3a th\u00f4ng tin c\u00e1 nh\u00e2n kh\u1ecfi c\u01a1 s\u1edf d\u1eef li\u1ec7u c\u1ee7a m\u00ecnh tr\u01b0\u1edbc khi nh\u00e2n vi\u00ean h\u1ed7 tr\u1ee3 gi\u00fap b\u1ea1n, h\u00e3y l\u00e0m theo <a href=\"https:\/\/wpml.org\/documentation\/privacy-policy-and-gdpr-compliance\/how-to-remove-personal-information-from-your-database-for-support\/\">h\u01b0\u1edbng d\u1eabn x\u00f3a th\u00f4ng tin<\/a> c\u1ee7a ch\u00fang t\u00f4i \u0111\u1ec3 c\u00f3 h\u01b0\u1edbng d\u1eabn t\u1eebng b\u01b0\u1edbc.<\/p>\n\n<p>\u0110\u1ec3 bi\u1ebft ch\u00ednh s\u00e1ch chi ti\u1ebft, h\u00e3y truy c\u1eadp trang c\u1ee7a ch\u00fang t\u00f4i v\u1ec1 <a href=\"https:\/\/wpml.org\/purchase\/support-policy\/privacy-and-security-when-providing-debug-information-for-support\/\">quy\u1ec1n ri\u00eang t\u01b0 v\u00e0 b\u1ea3o m\u1eadt trong h\u1ed7 tr\u1ee3 WPML<\/a>.<\/p>\n\n<h2 class=\"wp-block-heading\">L\u00e0m th\u1ebf n\u00e0o \u0111\u1ec3 t\u00f4i li\u00ean h\u1ec7 n\u1ebfu c\u1ea7n tr\u1ee3 gi\u00fap ho\u1eb7c c\u00f3 c\u00e2u h\u1ecfi?<\/h2>\n\n<p>N\u1ebfu b\u1ea1n c\u00f3 t\u00e0i kho\u1ea3n WPML h\u1ee3p l\u1ec7 v\u00e0 c\u1ea7n h\u1ed7 tr\u1ee3, vui l\u00f2ng <strong><a href=\"https:\/\/wpml.org\/forums\/forum\/english-support\/\"><strong>truy c\u1eadp di\u1ec5n \u0111\u00e0n h\u1ed7 tr\u1ee3 k\u1ef9 thu\u1eadt c\u1ee7a ch\u00fang t\u00f4i<\/strong><\/a>.<\/strong> <\/p>\n\n<p>N\u1ebfu b\u1ea1n ch\u01b0a ph\u1ea3i l\u00e0 kh\u00e1ch h\u00e0ng v\u00e0 c\u00f3 c\u00e2u h\u1ecfi, h\u00e3y tho\u1ea3i m\u00e1i <a href=\"https:\/\/wpml.org\/vi\/gia-wpml\/cau-hoi-truoc-khi-ban-hang\/\"><strong>\u0111\u1eb7t c\u00e2u h\u1ecfi tr\u01b0\u1edbc khi mua h\u00e0ng<\/strong><\/a>.<\/p>\n","protected":false},"excerpt":{"rendered":"<p>N\u1ebfu b\u1ea1n c\u00f3 t\u00e0i kho\u1ea3n WPML h\u1ee3p l\u1ec7, b\u1ea1n \u0111\u01b0\u1ee3c \u0111\u1ea3m b\u1ea3o nh\u1eadn h\u1ed7 tr\u1ee3 ch\u1ea5t l\u01b0\u1ee3ng cao t\u1eeb \u0111\u1ed9i ng\u0169 t\u1eadn t\u00e2m v\u00e0 gi\u00e0u kinh nghi\u1ec7m c\u1ee7a ch\u00fang t\u00f4i. Ch\u00fang t\u00f4i h\u1ed7 tr\u1ee3 b\u1ea1n th\u00f4ng qua di\u1ec5n \u0111\u00e0n h\u1ed7 tr\u1ee3 c\u1ee7a ch\u00fang t\u00f4i. Nh\u1eefng g\u00ec \u0111\u01b0\u1ee3c bao g\u1ed3m trong h\u1ed7 tr\u1ee3 WPML? Ch\u00fang t\u00f4i [&hellip;]<\/p>\n","protected":false},"author":2,"featured_media":0,"parent":15671788,"menu_order":0,"comment_status":"closed","ping_status":"closed","template":"","meta":{"_bbp_topic_count":0,"_bbp_reply_count":0,"_bbp_total_topic_count":0,"_bbp_total_reply_count":0,"_bbp_voice_count":0,"_bbp_anonymous_reply_count":0,"_bbp_topic_count_hidden":0,"_bbp_reply_count_hidden":0,"_bbp_forum_subforum_count":0,"_uag_custom_page_level_css":"","ep_exclude_from_search":false,"footnotes":""},"related-projects-category":[],"class_list":["post-15715891","page","type-page","status-publish","hentry"],"spectra_custom_meta":{"ratings_users":["0"],"ratings_score":["0"],"ratings_average":["0"],"_subscription_coupon_product_id":["0"],"_wpv_contains_gutenberg_views":[""],"_alp_processed":["1772093268"],"_views_template":["0"],"wpcf-unformatted-code":[""],"_wpml_media_duplicate":["0"],"_wpml_media_featured":["1"],"toolset_post_editor_mode":["block"],"wpcf-price-increase-show-from":[""],"wpcf-price-increase-show-till":[""],"_wp_page_template":["default"],"_last_translation_edit_mode":["translation-editor"],"_wpml_word_count":["817"],"_yoast_wpseo_metadesc":["Nh\u00e2n vi\u00ean h\u1ed7 tr\u1ee3 c\u1ee7a ch\u00fang t\u00f4i \u1edf \u0111\u00e2y \u0111\u1ec3 gi\u00fap b\u1ea1n. H\u1ecd s\u1ebd tr\u1ea3 l\u1eddi c\u00e1c c\u00e2u h\u1ecfi li\u00ean quan \u0111\u1ebfn WPML, gi\u00fap gi\u1ea3i quy\u1ebft v\u1ea5n \u0111\u1ec1 v\u00e0 ch\u1ec9 d\u1eabn b\u1ea1n \u0111i \u0111\u00fang h\u01b0\u1edbng."],"_uag_css_file_name":["uag-css-15715891.css"],"_uag_page_assets":["a:9:{s:3:\"css\";s:260:\".uag-blocks-common-selector{z-index:var(--z-index-desktop) !important}@media(max-width: 976px){.uag-blocks-common-selector{z-index:var(--z-index-tablet) !important}}@media(max-width: 767px){.uag-blocks-common-selector{z-index:var(--z-index-mobile) !important}}\";s:2:\"js\";s:0:\"\";s:18:\"current_block_list\";a:5:{i:0;s:14:\"core\/paragraph\";i:1;s:12:\"core\/heading\";i:2;s:9:\"core\/list\";i:3;s:14:\"core\/list-item\";i:4;s:14:\"core\/shortcode\";}s:8:\"uag_flag\";b:0;s:11:\"uag_version\";s:10:\"1778089719\";s:6:\"gfonts\";a:0:{}s:10:\"gfonts_url\";s:0:\"\";s:12:\"gfonts_files\";a:0:{}s:14:\"uag_faq_layout\";b:0;}"]},"uagb_featured_image_src":{"full":false,"thumbnail":false,"medium":false,"medium_large":false,"large":false,"1536x1536":false,"2048x2048":false,"gform-image-choice-sm":false,"gform-image-choice-md":false,"gform-image-choice-lg":false,"woocommerce_thumbnail":false,"woocommerce_single":false,"woocommerce_gallery_thumbnail":false},"uagb_author_info":{"display_name":"Amir","author_link":"https:\/\/wpml.org\/vi\/author\/amir\/"},"uagb_comment_info":0,"uagb_excerpt":"N\u1ebfu b\u1ea1n c\u00f3 t\u00e0i kho\u1ea3n WPML h\u1ee3p l\u1ec7, b\u1ea1n \u0111\u01b0\u1ee3c \u0111\u1ea3m b\u1ea3o nh\u1eadn h\u1ed7 tr\u1ee3 ch\u1ea5t l\u01b0\u1ee3ng cao t\u1eeb \u0111\u1ed9i ng\u0169 t\u1eadn t\u00e2m v\u00e0 gi\u00e0u kinh nghi\u1ec7m c\u1ee7a ch\u00fang t\u00f4i. Ch\u00fang t\u00f4i h\u1ed7 tr\u1ee3 b\u1ea1n th\u00f4ng qua di\u1ec5n \u0111\u00e0n h\u1ed7 tr\u1ee3 c\u1ee7a ch\u00fang t\u00f4i. Nh\u1eefng g\u00ec \u0111\u01b0\u1ee3c bao g\u1ed3m trong h\u1ed7 tr\u1ee3 WPML? Ch\u00fang t\u00f4i&hellip;","_links":{"self":[{"href":"https:\/\/wpml.org\/vi\/wp-json\/wp\/v2\/pages\/15715891","targetHints":{"allow":["GET"]}}],"collection":[{"href":"https:\/\/wpml.org\/vi\/wp-json\/wp\/v2\/pages"}],"about":[{"href":"https:\/\/wpml.org\/vi\/wp-json\/wp\/v2\/types\/page"}],"author":[{"embeddable":true,"href":"https:\/\/wpml.org\/vi\/wp-json\/wp\/v2\/users\/2"}],"replies":[{"embeddable":true,"href":"https:\/\/wpml.org\/vi\/wp-json\/wp\/v2\/comments?post=15715891"}],"version-history":[{"count":8,"href":"https:\/\/wpml.org\/vi\/wp-json\/wp\/v2\/pages\/15715891\/revisions"}],"predecessor-version":[{"id":17854974,"href":"https:\/\/wpml.org\/vi\/wp-json\/wp\/v2\/pages\/15715891\/revisions\/17854974"}],"up":[{"embeddable":true,"href":"https:\/\/wpml.org\/vi\/wp-json\/wp\/v2\/pages\/15671788"}],"wp:attachment":[{"href":"https:\/\/wpml.org\/vi\/wp-json\/wp\/v2\/media?parent=15715891"}],"wp:term":[{"taxonomy":"related-projects-category","embeddable":true,"href":"https:\/\/wpml.org\/vi\/wp-json\/wp\/v2\/related-projects-category?post=15715891"}],"curies":[{"name":"wp","href":"https:\/\/api.w.org\/{rel}","templated":true}]}}