{"id":15716235,"date":"2009-01-07T18:33:01","date_gmt":"2009-01-07T18:33:01","guid":{"rendered":"https:\/\/wpml.org\/lien-he-chung-toi\/"},"modified":"2026-04-21T13:19:44","modified_gmt":"2026-04-21T13:19:44","slug":"lien-he-chung-toi","status":"publish","type":"page","link":"https:\/\/wpml.org\/vi\/trang-chu\/lien-he-chung-toi\/","title":{"rendered":"Li\u00ean h\u1ec7 v\u1edbi ch\u00fang t\u00f4i"},"content":{"rendered":"\n<h2 class=\"wp-block-heading has-dark-gray-color has-text-color has-link-color wp-elements-ba9f2efe4bf145c4480785e35f3a9097\">D\u1ecbch v\u1ee5 kh\u00e1ch h\u00e0ng<\/h2>\n\n<a class=\"wp-block-toolset-blocks-container tb-container container-as-link no-underline\" href=\"https:\/\/wpml.org\/forums\/forum\/english-support\/\" style=\"display:block\" data-toolset-blocks-container=\"b1228e22f93b557a79535b80607a6329\">\n<div class=\"wp-block-toolset-blocks-grid tb-grid\" data-toolset-blocks-grid=\"159d375a4f5b081ce43734eef4e70093\">\n<div class=\"wp-block-toolset-blocks-grid-column tb-grid-column tb-grid-align-top\" data-toolset-blocks-grid-column=\"3034fbe886c11054e95b46b09d3e4112\">\n<div class=\"wp-block-toolset-blocks-container tb-container\" data-toolset-blocks-container=\"f8de0ab6e896aa96fa7ac1ee93c3db25\"><\/div>\n<\/div>\n\n\n\n<div class=\"wp-block-toolset-blocks-grid-column tb-grid-column tb-grid-align-top\" data-toolset-blocks-grid-column=\"3034fbe886c11054e95b46b09d3e4112\">\n<h3 class=\"tb-heading has-text-color\" data-toolset-blocks-heading=\"22da1915f6475dc1f3201afb7ba3817f\" data-last-update=\"1.4\">H\u1ed7 tr\u1ee3 k\u1ef9 thu\u1eadt<\/h3>\n\n\n\n<p class=\"tb-heading has-text-color\" data-toolset-blocks-heading=\"63541e61422659be89d3497bcb6a394b\" data-last-update=\"1.4\">N\u1ebfu qu\u00fd kh\u00e1ch \u0111\u00e3 mua WPML v\u00e0 c\u1ea7n h\u1ed7 tr\u1ee3 k\u1ef9 thu\u1eadt, h\u00e3y truy c\u1eadp di\u1ec5n \u0111\u00e0n h\u1ed7 tr\u1ee3 d\u00e0nh ri\u00eang cho th\u00e0nh vi\u00ean.<\/p>\n<\/div>\n<\/div>\n<\/a>\n\n<a class=\"wp-block-toolset-blocks-container tb-container container-as-link no-underline\" href=\"https:\/\/wpml.org\/purchase\/pre-sales-questions\/\" style=\"display:block\" data-toolset-blocks-container=\"3a9e90c90fd68d9289a60ff3b80158b8\">\n<div class=\"wp-block-toolset-blocks-grid tb-grid\" data-toolset-blocks-grid=\"9b93a7cecf27d9fa6b122b3c9c6e6463\">\n<div class=\"wp-block-toolset-blocks-grid-column tb-grid-column tb-grid-align-top\" data-toolset-blocks-grid-column=\"3034fbe886c11054e95b46b09d3e4112\">\n<div class=\"wp-block-toolset-blocks-container tb-container\" data-toolset-blocks-container=\"1ff1d79b9133b542fdb6a5d8cf53b5a0\"><\/div>\n<\/div>\n\n\n\n<div class=\"wp-block-toolset-blocks-grid-column tb-grid-column tb-grid-align-top\" data-toolset-blocks-grid-column=\"3034fbe886c11054e95b46b09d3e4112\">\n<h3 class=\"tb-heading has-text-color\" data-toolset-blocks-heading=\"c9018b03ac0b5da006ff19ae5428a892\" data-last-update=\"1.4\">C\u00e2u h\u1ecfi tr\u01b0\u1edbc khi mua h\u00e0ng<\/h3>\n\n\n\n<p class=\"tb-heading has-text-color\" data-toolset-blocks-heading=\"2bd6d642c9c8c21d1a045e385fdc7896\" data-last-update=\"1.4\">Ch\u01b0a ph\u1ea3i l\u00e0 kh\u00e1ch h\u00e0ng? H\u00e3y \u0111\u1eb7t c\u00e2u h\u1ecfi cho ch\u00fang t\u00f4i tr\u01b0\u1edbc khi mua h\u00e0ng. <\/p>\n<\/div>\n<\/div>\n<\/a>\n\n<a class=\"wp-block-toolset-blocks-container tb-container container-as-link no-underline\" href=\"https:\/\/wpml.org\/home\/contact-us\/contact-form\/\" style=\"display:block\" data-toolset-blocks-container=\"76e76173477fdadb6fdd23c6e52928dc\">\n<div class=\"wp-block-toolset-blocks-grid tb-grid\" data-toolset-blocks-grid=\"9b93a7cecf27d9fa6b122b3c9c6e6463\">\n<div class=\"wp-block-toolset-blocks-grid-column tb-grid-column tb-grid-align-top\" data-toolset-blocks-grid-column=\"3034fbe886c11054e95b46b09d3e4112\">\n<div class=\"wp-block-toolset-blocks-container tb-container\" data-toolset-blocks-container=\"9b7e48fce51f5dd40dfd903b89350f1d\"><\/div>\n<\/div>\n\n\n\n<div class=\"wp-block-toolset-blocks-grid-column tb-grid-column tb-grid-align-top\" data-toolset-blocks-grid-column=\"3034fbe886c11054e95b46b09d3e4112\">\n<h3 class=\"tb-heading has-text-color\" data-toolset-blocks-heading=\"c9018b03ac0b5da006ff19ae5428a892\" data-last-update=\"1.4\">Trang t\u00e0i kho\u1ea3n<\/h3>\n\n\n\n<p class=\"tb-heading has-text-color\" data-toolset-blocks-heading=\"2bd6d642c9c8c21d1a045e385fdc7896\" data-last-update=\"1.4\">Qu\u00fd kh\u00e1ch g\u1eb7p v\u1ea5n \u0111\u1ec1 v\u1ec1 t\u00e0i kho\u1ea3n ho\u1eb7c g\u00f3i \u0111\u0103ng k\u00fd? H\u00e3y s\u1eed d\u1ee5ng bi\u1ec3u m\u1eabu li\u00ean h\u1ec7 c\u1ee7a ch\u00fang t\u00f4i. <\/p>\n<\/div>\n<\/div>\n<\/a>\n\n<a class=\"wp-block-toolset-blocks-container tb-container container-as-link no-underline\" href=\"https:\/\/wpml.org\/account\/lost-my-password\/\" style=\"display:block\" data-toolset-blocks-container=\"a8833a8652134701ed93983f02ff5458\">\n<div class=\"wp-block-toolset-blocks-grid tb-grid\" data-toolset-blocks-grid=\"9b93a7cecf27d9fa6b122b3c9c6e6463\">\n<div class=\"wp-block-toolset-blocks-grid-column tb-grid-column tb-grid-align-top\" data-toolset-blocks-grid-column=\"3034fbe886c11054e95b46b09d3e4112\">\n<div class=\"wp-block-toolset-blocks-container tb-container\" data-toolset-blocks-container=\"0886a53fbc069af9c81ed1a3daecb9e0\"><\/div>\n<\/div>\n\n\n\n<div class=\"wp-block-toolset-blocks-grid-column tb-grid-column tb-grid-align-top\" data-toolset-blocks-grid-column=\"3034fbe886c11054e95b46b09d3e4112\">\n<h3 class=\"tb-heading has-text-color\" data-toolset-blocks-heading=\"c9018b03ac0b5da006ff19ae5428a892\" data-last-update=\"1.4\">Kh\u00f4i ph\u1ee5c m\u1eadt kh\u1ea9u<\/h3>\n\n\n\n<p class=\"tb-heading has-text-color\" data-toolset-blocks-heading=\"2bd6d642c9c8c21d1a045e385fdc7896\" data-last-update=\"1.4\">Qu\u00fd kh\u00e1ch \u0111\u00e3 mua WPML nh\u01b0ng kh\u00f4ng nh\u1eadn \u0111\u01b0\u1ee3c email t\u1ea1o t\u00e0i kho\u1ea3n m\u1edbi? H\u00e3y s\u1eed d\u1ee5ng t\u00ednh n\u0103ng kh\u00f4i ph\u1ee5c m\u1eadt kh\u1ea9u.<br\/>Qu\u00fd kh\u00e1ch \u0111\u00e3 s\u1eed d\u1ee5ng sai email khi mua WPML? \u0110\u1eebng lo l\u1eafng, qu\u00fd kh\u00e1ch c\u00f3 th\u1ec3 s\u1eed d\u1ee5ng email PayPal c\u1ee7a m\u00ecnh \u0111\u1ec3 \u0111\u1eb7t l\u1ea1i th\u00f4ng tin \u0111\u0103ng nh\u1eadp t\u00e0i kho\u1ea3n.  <\/p>\n<\/div>\n<\/div>\n<\/a>\n\n<a class=\"wp-block-toolset-blocks-container tb-container container-as-link no-underline\" href=\"https:\/\/wpml.org\/theme\/\" style=\"display:block\" data-toolset-blocks-container=\"b10bed58496494d815bc5737ee6916c8\">\n<div class=\"wp-block-toolset-blocks-grid tb-grid\" data-toolset-blocks-grid=\"9b93a7cecf27d9fa6b122b3c9c6e6463\">\n<div class=\"wp-block-toolset-blocks-grid-column tb-grid-column tb-grid-align-top\" data-toolset-blocks-grid-column=\"3034fbe886c11054e95b46b09d3e4112\">\n<div class=\"wp-block-toolset-blocks-container tb-container\" data-toolset-blocks-container=\"824ec746d58d042f9a27397f49dbab0c\"><\/div>\n<\/div>\n\n\n\n<div class=\"wp-block-toolset-blocks-grid-column tb-grid-column tb-grid-align-top\" data-toolset-blocks-grid-column=\"3034fbe886c11054e95b46b09d3e4112\">\n<h3 class=\"tb-heading has-text-color\" data-toolset-blocks-heading=\"c9018b03ac0b5da006ff19ae5428a892\" data-last-update=\"1.4\">Kh\u1ea3 n\u0103ng t\u01b0\u01a1ng th\u00edch c\u1ee7a giao di\u1ec7n<\/h3>\n\n\n\n<p class=\"tb-heading has-text-color\" data-toolset-blocks-heading=\"2bd6d642c9c8c21d1a045e385fdc7896\" data-last-update=\"1.4\">Ki\u1ec3m tra xem WPML c\u00f3 t\u01b0\u01a1ng th\u00edch v\u1edbi giao di\u1ec7n c\u1ee7a qu\u00fd kh\u00e1ch hay kh\u00f4ng.<\/p>\n<\/div>\n<\/div>\n<\/a>\n\n<a class=\"wp-block-toolset-blocks-container tb-container container-as-link no-underline\" href=\"https:\/\/wpml.org\/home\/contact-us\/report-security-and-vulnerability-issues\/\" style=\"display:block\" data-toolset-blocks-container=\"1561befa6c2e6aaf6e25b7d7fde5ac64\">\n<div class=\"wp-block-toolset-blocks-grid tb-grid\" data-toolset-blocks-grid=\"9b93a7cecf27d9fa6b122b3c9c6e6463\">\n<div class=\"wp-block-toolset-blocks-grid-column tb-grid-column tb-grid-align-top\" data-toolset-blocks-grid-column=\"3034fbe886c11054e95b46b09d3e4112\">\n<div class=\"wp-block-toolset-blocks-container tb-container\" data-toolset-blocks-container=\"1c82e54c6dd10ab198c86fe614923483\"><\/div>\n<\/div>\n\n\n\n<div class=\"wp-block-toolset-blocks-grid-column tb-grid-column tb-grid-align-top\" data-toolset-blocks-grid-column=\"3034fbe886c11054e95b46b09d3e4112\">\n<h3 class=\"tb-heading has-text-color\" data-toolset-blocks-heading=\"c9018b03ac0b5da006ff19ae5428a892\" data-last-update=\"1.4\">V\u1ea5n \u0111\u1ec1 b\u1ea3o m\u1eadt v\u00e0 l\u1ed7 h\u1ed5ng<\/h3>\n\n\n\n<p class=\"tb-heading has-text-color\" data-toolset-blocks-heading=\"2bd6d642c9c8c21d1a045e385fdc7896\" data-last-update=\"1.4\">Qu\u00fd kh\u00e1ch \u0111\u00e3 t\u00ecm th\u1ea5y v\u1ea5n \u0111\u1ec1 b\u1ea3o m\u1eadt ho\u1eb7c l\u1ed7 h\u1ed5ng? H\u00e3y s\u1eed d\u1ee5ng bi\u1ec3u m\u1eabu n\u00e0y. <\/p>\n<\/div>\n<\/div>\n<\/a>\n\n<a class=\"wp-block-toolset-blocks-container tb-container container-as-link no-underline\" href=\"https:\/\/wpml.org\/purchase\/refunds\/\" style=\"display:block\" data-toolset-blocks-container=\"fbc0255d9a70115f8387efff38159ac4\">\n<div class=\"wp-block-toolset-blocks-grid tb-grid\" data-toolset-blocks-grid=\"9b93a7cecf27d9fa6b122b3c9c6e6463\">\n<div class=\"wp-block-toolset-blocks-grid-column tb-grid-column tb-grid-align-top\" data-toolset-blocks-grid-column=\"3034fbe886c11054e95b46b09d3e4112\">\n<div class=\"wp-block-toolset-blocks-container tb-container\" data-toolset-blocks-container=\"d80d7662aa4df7bd31a161c97eebd4f3\"><\/div>\n<\/div>\n\n\n\n<div class=\"wp-block-toolset-blocks-grid-column tb-grid-column tb-grid-align-top\" data-toolset-blocks-grid-column=\"3034fbe886c11054e95b46b09d3e4112\">\n<h3 class=\"tb-heading has-text-color\" data-toolset-blocks-heading=\"c9018b03ac0b5da006ff19ae5428a892\" data-last-update=\"1.4\">Mu\u1ed1n ho\u00e0n tr\u1ea3 WPML?<\/h3>\n\n\n\n<p class=\"tb-heading has-text-color\" data-toolset-blocks-heading=\"2bd6d642c9c8c21d1a045e385fdc7896\" data-last-update=\"1.4\">Y\u00eau c\u1ea7u ho\u00e0n ti\u1ec1n.<\/p>\n<\/div>\n<\/div>\n<\/a>\n\n<a class=\"wp-block-toolset-blocks-container tb-container container-as-link no-underline\" href=\"https:\/\/wpml.org\/home\/contact-us\/lost-account-email\/\" style=\"display:block\" data-toolset-blocks-container=\"a28146d8ea4039a2c60a9055118504a6\">\n<div class=\"wp-block-toolset-blocks-grid tb-grid\" data-toolset-blocks-grid=\"9b93a7cecf27d9fa6b122b3c9c6e6463\">\n<div class=\"wp-block-toolset-blocks-grid-column tb-grid-column tb-grid-align-top\" data-toolset-blocks-grid-column=\"3034fbe886c11054e95b46b09d3e4112\">\n<div class=\"wp-block-toolset-blocks-container tb-container\" data-toolset-blocks-container=\"c459df833777a05716356b716e099a1c\"><\/div>\n<\/div>\n\n\n\n<div class=\"wp-block-toolset-blocks-grid-column tb-grid-column tb-grid-align-top\" data-toolset-blocks-grid-column=\"3034fbe886c11054e95b46b09d3e4112\">\n<h3 class=\"tb-heading has-text-color\" data-toolset-blocks-heading=\"c9018b03ac0b5da006ff19ae5428a892\" data-last-update=\"1.4\">Kh\u00f4ng nh\u1edb email t\u00e0i kho\u1ea3n c\u1ee7a qu\u00fd kh\u00e1ch?<\/h3>\n\n\n\n<p class=\"tb-heading has-text-color\" data-toolset-blocks-heading=\"2bd6d642c9c8c21d1a045e385fdc7896\" data-last-update=\"1.4\">Y\u00eau c\u1ea7u \u0111\u1ed9i ng\u0169 c\u1ee7a ch\u00fang t\u00f4i t\u00ecm gi\u00fap.<\/p>\n<\/div>\n<\/div>\n<\/a>\n\n<a class=\"wp-block-toolset-blocks-container tb-container container-as-link no-underline\" href=\"https:\/\/wpml.org\/documentation\/automatic-translation\/quality-guarantee\/translation-refunds\/\" style=\"display:block\" data-toolset-blocks-container=\"c267f9438f0f1d6f8118c5bbaa06d4a6\">\n<div class=\"wp-block-toolset-blocks-grid tb-grid\" data-toolset-blocks-grid=\"9b93a7cecf27d9fa6b122b3c9c6e6463\">\n<div class=\"wp-block-toolset-blocks-grid-column tb-grid-column tb-grid-align-top\" data-toolset-blocks-grid-column=\"3034fbe886c11054e95b46b09d3e4112\">\n<div class=\"wp-block-toolset-blocks-container tb-container\" data-toolset-blocks-container=\"38fbb67cccd7a6425b60d912700f9631\"><\/div>\n<\/div>\n\n\n\n<div class=\"wp-block-toolset-blocks-grid-column tb-grid-column tb-grid-align-top\" data-toolset-blocks-grid-column=\"3034fbe886c11054e95b46b09d3e4112\">\n<h3 class=\"tb-heading has-text-color\" data-toolset-blocks-heading=\"c9018b03ac0b5da006ff19ae5428a892\" data-last-update=\"1.4\">Kh\u00f4ng h\u00e0i l\u00f2ng v\u1edbi b\u1ea3n d\u1ecbch AI t\u1eeb PTC?<\/h3>\n\n\n\n<p class=\"tb-heading has-text-color\" data-toolset-blocks-heading=\"2bd6d642c9c8c21d1a045e385fdc7896\" data-last-update=\"1.4\">Y\u00eau c\u1ea7u ho\u00e0n ti\u1ec1n.<\/p>\n<\/div>\n<\/div>\n<\/a>\n\n<div style=\"height:48px\" aria-hidden=\"true\" class=\"wp-block-spacer\"><\/div>\n\n<h2 class=\"wp-block-heading has-dark-gray-color has-text-color has-link-color wp-elements-0fe7b7ce5056bf9a02f444b6f1d84a9c\">Y\u00eau c\u1ea7u kinh doanh<\/h2>\n\n<a class=\"wp-block-toolset-blocks-container tb-container container-as-link no-underline\" href=\"https:\/\/wpml.org\/home\/contact-us\/contact-form\/\" style=\"display:block\" data-toolset-blocks-container=\"76e76173477fdadb6fdd23c6e52928dc\">\n<div class=\"wp-block-toolset-blocks-grid tb-grid\" data-toolset-blocks-grid=\"9b93a7cecf27d9fa6b122b3c9c6e6463\">\n<div class=\"wp-block-toolset-blocks-grid-column tb-grid-column tb-grid-align-top\" data-toolset-blocks-grid-column=\"3034fbe886c11054e95b46b09d3e4112\">\n<div class=\"wp-block-toolset-blocks-container tb-container\" data-toolset-blocks-container=\"c8242cf3bfde3cb878f1e17a98d8c310\"><\/div>\n<\/div>\n\n\n\n<div class=\"wp-block-toolset-blocks-grid-column tb-grid-column tb-grid-align-top\" data-toolset-blocks-grid-column=\"3034fbe886c11054e95b46b09d3e4112\">\n<h3 class=\"tb-heading has-text-color\" data-toolset-blocks-heading=\"c9018b03ac0b5da006ff19ae5428a892\" data-last-update=\"1.4\">Kinh doanh v\u00e0 B\u00e1o ch\u00ed<\/h3>\n\n\n\n<p class=\"tb-heading has-text-color\" data-toolset-blocks-heading=\"2bd6d642c9c8c21d1a045e385fdc7896\" data-last-update=\"1.4\">Qu\u00fd kh\u00e1ch c\u00f3 y\u00eau c\u1ea7u v\u1ec1 kinh doanh ho\u1eb7c b\u00e1o ch\u00ed? H\u00e3y s\u1eed d\u1ee5ng bi\u1ec3u m\u1eabu li\u00ean h\u1ec7 c\u1ee7a ch\u00fang t\u00f4i. <\/p>\n<\/div>\n<\/div>\n<\/a>\n\n<a class=\"wp-block-toolset-blocks-container tb-container container-as-link no-underline\" href=\"https:\/\/wpml.org\/documentation\/support\/go-global-program\/\" style=\"display:block\" data-toolset-blocks-container=\"db355bcc40a179b93ae7b80c6580e8cf\">\n<div class=\"wp-block-toolset-blocks-grid tb-grid\" data-toolset-blocks-grid=\"9b93a7cecf27d9fa6b122b3c9c6e6463\">\n<div class=\"wp-block-toolset-blocks-grid-column tb-grid-column tb-grid-align-top\" data-toolset-blocks-grid-column=\"3034fbe886c11054e95b46b09d3e4112\">\n<div class=\"wp-block-toolset-blocks-container tb-container\" data-toolset-blocks-container=\"95aa241c3d10e08dd2755f4f5303ea67\"><\/div>\n<\/div>\n\n\n\n<div class=\"wp-block-toolset-blocks-grid-column tb-grid-column tb-grid-align-top\" data-toolset-blocks-grid-column=\"3034fbe886c11054e95b46b09d3e4112\">\n<h3 class=\"tb-heading has-text-color\" data-toolset-blocks-heading=\"c9018b03ac0b5da006ff19ae5428a892\" data-last-update=\"1.4\">Nh\u00e0 ph\u00e1t tri\u1ec3n giao di\u1ec7n v\u00e0 ti\u1ec7n \u00edch m\u1edf r\u1ed9ng<\/h3>\n\n\n\n<p class=\"tb-heading has-text-color\" data-toolset-blocks-heading=\"2bd6d642c9c8c21d1a045e385fdc7896\" data-last-update=\"1.4\">Qu\u00fd kh\u00e1ch mu\u1ed1n ch\u00fang t\u00f4i gi\u00fap \u0111\u1ea1t \u0111\u01b0\u1ee3c kh\u1ea3 n\u0103ng t\u01b0\u01a1ng th\u00edch v\u1edbi WPML? H\u00e3y tham gia ch\u01b0\u01a1ng tr\u00ecnh Go Global c\u1ee7a ch\u00fang t\u00f4i. <\/p>\n<\/div>\n<\/div>\n<\/a>\n\n<a class=\"wp-block-toolset-blocks-container tb-container container-as-link no-underline\" href=\"https:\/\/wpml.org\/documentation\/content-translation\/interested-in-integrating-with-wpml\/\" style=\"display:block\" data-toolset-blocks-container=\"49c5c841d062c6e4bdccd61a6704ac14\">\n<div class=\"wp-block-toolset-blocks-grid tb-grid\" data-toolset-blocks-grid=\"9b93a7cecf27d9fa6b122b3c9c6e6463\">\n<div class=\"wp-block-toolset-blocks-grid-column tb-grid-column tb-grid-align-top\" data-toolset-blocks-grid-column=\"3034fbe886c11054e95b46b09d3e4112\">\n<div class=\"wp-block-toolset-blocks-container tb-container\" data-toolset-blocks-container=\"fb33fe8a49d7dce75af1c9ba48c2eda4\"><\/div>\n<\/div>\n\n\n\n<div class=\"wp-block-toolset-blocks-grid-column tb-grid-column tb-grid-align-top\" data-toolset-blocks-grid-column=\"3034fbe886c11054e95b46b09d3e4112\">\n<h3 class=\"tb-heading has-text-color\" data-toolset-blocks-heading=\"c9018b03ac0b5da006ff19ae5428a892\" data-last-update=\"1.4\">D\u1ecbch v\u1ee5 d\u1ecbch thu\u1eadt<\/h3>\n\n\n\n<p class=\"tb-heading has-text-color\" data-toolset-blocks-heading=\"2bd6d642c9c8c21d1a045e385fdc7896\" data-last-update=\"1.4\">Qu\u00fd kh\u00e1ch \u0111\u1ea1i di\u1ec7n cho m\u1ed9t d\u1ecbch v\u1ee5 d\u1ecbch thu\u1eadt chuy\u00ean nghi\u1ec7p? H\u00e3y li\u00ean h\u1ec7 v\u1edbi ch\u00fang t\u00f4i v\u1ec1 vi\u1ec7c t\u00edch h\u1ee3p d\u1ecbch v\u1ee5 d\u1ecbch thu\u1eadt c\u1ee7a qu\u00fd kh\u00e1ch v\u1edbi WPML. <\/p>\n<\/div>\n<\/div>\n<\/a>\n\n<a class=\"wp-block-toolset-blocks-container tb-container container-as-link no-underline\" href=\"http:\/\/www.onthegosystems.com\/jobs\/\" target=\"_blank\" style=\"display:block\" rel=\"noopener noreferrer\" data-toolset-blocks-container=\"730f1ef65dbbab0204ed5bae60de5c9d\">\n<div class=\"wp-block-toolset-blocks-grid tb-grid\" data-toolset-blocks-grid=\"9b93a7cecf27d9fa6b122b3c9c6e6463\">\n<div class=\"wp-block-toolset-blocks-grid-column tb-grid-column tb-grid-align-top\" data-toolset-blocks-grid-column=\"3034fbe886c11054e95b46b09d3e4112\">\n<div class=\"wp-block-toolset-blocks-container tb-container\" data-toolset-blocks-container=\"aaed79bc00f78fb442c0e598a63e4579\"><\/div>\n<\/div>\n\n\n\n<div class=\"wp-block-toolset-blocks-grid-column tb-grid-column tb-grid-align-top\" data-toolset-blocks-grid-column=\"3034fbe886c11054e95b46b09d3e4112\">\n<h3 class=\"tb-heading has-text-color\" data-toolset-blocks-heading=\"c9018b03ac0b5da006ff19ae5428a892\" data-last-update=\"1.4\">C\u01a1 h\u1ed9i ngh\u1ec1 nghi\u1ec7p<\/h3>\n\n\n\n<p class=\"tb-heading has-text-color\" data-toolset-blocks-heading=\"2bd6d642c9c8c21d1a045e385fdc7896\" data-last-update=\"1.4\">Qu\u00fd kh\u00e1ch quan t\u00e2m \u0111\u1ebfn vi\u1ec7c x\u00e2y d\u1ef1ng s\u1ef1 nghi\u1ec7p c\u00f9ng ch\u00fang t\u00f4i? H\u00e3y kh\u00e1m ph\u00e1 c\u00e1c c\u01a1 h\u1ed9i trong l\u0129nh v\u1ef1c ph\u00e1t tri\u1ec3n WordPress, h\u1ed7 tr\u1ee3 v\u00e0 nhi\u1ec1u v\u1ecb tr\u00ed kh\u00e1c tr\u00ean trang Tuy\u1ec3n d\u1ee5ng c\u1ee7a ch\u00fang t\u00f4i. <\/p>\n<\/div>\n<\/div>\n<\/a>\n\n<div style=\"height:48px\" aria-hidden=\"true\" class=\"wp-block-spacer\"><\/div>\n\n<h2 class=\"wp-block-heading has-dark-gray-color has-text-color has-link-color wp-elements-b026ff2847664d941047106eacf59124\"><strong>\u0110\u1ecba ch\u1ec9 c\u1ee7a ch\u00fang t\u00f4i<\/strong><\/h2>\n<p><strong>OnTheGoSystems Limited<\/strong><\/p><p>22\/F 3 Lockhart Road<br> Wanchai<br> Hong Kong<\/p>\n","protected":false},"excerpt":{"rendered":"<p>D\u1ecbch v\u1ee5 kh\u00e1ch h\u00e0ng Y\u00eau c\u1ea7u kinh doanh \u0110\u1ecba ch\u1ec9 c\u1ee7a ch\u00fang t\u00f4i<\/p>\n","protected":false},"author":1,"featured_media":0,"parent":15734339,"menu_order":0,"comment_status":"closed","ping_status":"closed","template":"nosidebar-template.php","meta":{"_bbp_topic_count":0,"_bbp_reply_count":0,"_bbp_total_topic_count":0,"_bbp_total_reply_count":0,"_bbp_voice_count":0,"_bbp_anonymous_reply_count":0,"_bbp_topic_count_hidden":0,"_bbp_reply_count_hidden":0,"_bbp_forum_subforum_count":0,"ep_exclude_from_search":false,"footnotes":""},"related-projects-category":[],"class_list":["post-15716235","page","type-page","status-publish","hentry"],"_links":{"self":[{"href":"https:\/\/wpml.org\/vi\/wp-json\/wp\/v2\/pages\/15716235","targetHints":{"allow":["GET"]}}],"collection":[{"href":"https:\/\/wpml.org\/vi\/wp-json\/wp\/v2\/pages"}],"about":[{"href":"https:\/\/wpml.org\/vi\/wp-json\/wp\/v2\/types\/page"}],"author":[{"embeddable":true,"href":"https:\/\/wpml.org\/vi\/wp-json\/wp\/v2\/users\/1"}],"replies":[{"embeddable":true,"href":"https:\/\/wpml.org\/vi\/wp-json\/wp\/v2\/comments?post=15716235"}],"version-history":[{"count":8,"href":"https:\/\/wpml.org\/vi\/wp-json\/wp\/v2\/pages\/15716235\/revisions"}],"predecessor-version":[{"id":17984431,"href":"https:\/\/wpml.org\/vi\/wp-json\/wp\/v2\/pages\/15716235\/revisions\/17984431"}],"up":[{"embeddable":true,"href":"https:\/\/wpml.org\/vi\/wp-json\/wp\/v2\/pages\/15734339"}],"wp:attachment":[{"href":"https:\/\/wpml.org\/vi\/wp-json\/wp\/v2\/media?parent=15716235"}],"wp:term":[{"taxonomy":"related-projects-category","embeddable":true,"href":"https:\/\/wpml.org\/vi\/wp-json\/wp\/v2\/related-projects-category?post=15716235"}],"curies":[{"name":"wp","href":"https:\/\/api.w.org\/{rel}","templated":true}]}}