{"id":15716268,"date":"2024-06-07T12:02:47","date_gmt":"2024-06-07T12:02:47","guid":{"rendered":"https:\/\/wpml.org\/huong-dan-bat-dau\/dieu-huong-trang-web\/"},"modified":"2024-12-04T10:27:20","modified_gmt":"2024-12-04T10:27:20","slug":"dieu-huong-trang-web","status":"publish","type":"page","link":"https:\/\/wpml.org\/vi\/tai-lieu-wpml\/thong-tin-nha-phat-trien\/dieu-huong-trang-web\/","title":{"rendered":"Th\u00eam c\u00e1c th\u00e0nh ph\u1ea7n \u0111i\u1ec1u h\u01b0\u1edbng v\u00e0o trang web c\u1ee7a b\u1ea1n b\u1eb1ng ti\u1ec7n \u00edch b\u1ed5 sung WPML CMS Navigation"},"content":{"rendered":"\n<p class=\"lead\"><strong>WPML CMS Navigation<\/strong> l\u00e0 m\u1ed9t plugin b\u1ed5 sung cung c\u1ea5p c\u00e1c th\u00e0nh ph\u1ea7n \u0111i\u1ec1u h\u01b0\u1edbng khi x\u00e2y d\u1ef1ng trang web \u0111a ng\u00f4n ng\u1eef c\u1ee7a b\u1ea1n.<\/p>\n\n<p>Ti\u1ec7n \u00edch b\u1ed5 sung n\u00e0y \u0111\u01b0\u1ee3c bao g\u1ed3m trong g\u00f3i WPML Multilingual CMS c\u1ee7a b\u1ea1n.<\/p>\n\n<p>C\u00e1c th\u00e0nh ph\u1ea7n \u0111i\u1ec1u h\u01b0\u1edbng b\u1ea1n c\u00f3 th\u1ec3 th\u00eam b\u1eb1ng <strong>plugin WPML CMS Navigation<\/strong> bao g\u1ed3m:<\/p>\n\n<div class=\"wp-block-toolset-blocks-grid tb-grid\" data-toolset-blocks-grid=\"66f22fab7bcddbe7ecb0e6dc7cef4860\">\n<div class=\"wp-block-toolset-blocks-grid-column tb-grid-column tb-grid-align-top\" data-toolset-blocks-grid-column=\"1100a86a86dd1c6936da03f54d874a75\">\n<div class=\"wp-block-toolset-blocks-container tb-container\" data-toolset-blocks-container=\"a771a62e655e5ef2aa54d086e140f141\">\n<p class=\"tb-heading has-text-color\" data-toolset-blocks-heading=\"f3ad4ad1734d9ca9bbbb0a56da25612d\" data-last-update=\"1.4\">B\u00e1nh m\u00ec v\u1ee5n<\/p>\n\n\n\n<p class=\"tb-heading has-text-color\" data-toolset-blocks-heading=\"f595bdcc4a138c304f42feabd82a21e4\" data-last-update=\"1.4\">Gi\u00fap ng\u01b0\u1eddi d\u00f9ng t\u00ecm \u0111\u01b0\u1eddng \u0111i qua c\u1ea5u tr\u00fac c\u1ee7a trang web<\/p>\n<\/div>\n\n\n\n<div class=\"tb-fields-and-text\" data-toolset-blocks-fields-and-text=\"5f397e768af5b1802ee8ff56097adb2d\"><p><a href=\"https:\/\/wpml.org\/wp-content\/uploads\/2024\/11\/breadcrumbs-1536x716.png\"><img decoding=\"async\" class=\"alignnone size-full\" src=\"https:\/\/wpml.org\/wp-content\/uploads\/2024\/11\/breadcrumbs-1536x716.png\" width=\"1536\" height=\"716\"\/><\/a><\/p><\/div>\n<\/div>\n\n\n\n<div class=\"wp-block-toolset-blocks-grid-column tb-grid-column tb-grid-align-top\" data-toolset-blocks-grid-column=\"1100a86a86dd1c6936da03f54d874a75\">\n<div class=\"wp-block-toolset-blocks-container tb-container\" data-toolset-blocks-container=\"a771a62e655e5ef2aa54d086e140f141\">\n<p class=\"tb-heading has-text-color\" data-toolset-blocks-heading=\"f3ad4ad1734d9ca9bbbb0a56da25612d\" data-last-update=\"1.4\">Menu th\u1ea3 xu\u1ed1ng<\/p>\n\n\n\n<p class=\"tb-heading has-text-color\" data-toolset-blocks-heading=\"f595bdcc4a138c304f42feabd82a21e4\" data-last-update=\"1.4\">Cung c\u1ea5p cho ng\u01b0\u1eddi d\u00f9ng quy\u1ec1n truy c\u1eadp nhanh v\u00e0o c\u00e1c ph\u1ea7n c\u1ee5 th\u1ec3<\/p>\n<\/div>\n\n\n\n<div class=\"tb-fields-and-text\" data-toolset-blocks-fields-and-text=\"5f397e768af5b1802ee8ff56097adb2d\"><p><a href=\"https:\/\/wpml.org\/wp-content\/uploads\/2024\/11\/dropdown-menus-1536x597.png\"><img decoding=\"async\" class=\"alignnone size-full\" src=\"https:\/\/wpml.org\/wp-content\/uploads\/2024\/11\/dropdown-menus-1536x597.png\" width=\"1536\" height=\"597\"\/><\/a><\/p><\/div>\n<\/div>\n\n\n\n<div class=\"wp-block-toolset-blocks-grid-column tb-grid-column tb-grid-align-top\" data-toolset-blocks-grid-column=\"1100a86a86dd1c6936da03f54d874a75\">\n<div class=\"wp-block-toolset-blocks-container tb-container\" data-toolset-blocks-container=\"a771a62e655e5ef2aa54d086e140f141\">\n<p class=\"tb-heading has-text-color\" data-toolset-blocks-heading=\"f3ad4ad1734d9ca9bbbb0a56da25612d\" data-last-update=\"1.4\">Thanh b\u00ean<\/p>\n\n\n\n<p class=\"tb-heading has-text-color\" data-toolset-blocks-heading=\"f595bdcc4a138c304f42feabd82a21e4\" data-last-update=\"1.4\">Hi\u1ec3n th\u1ecb cho ng\u01b0\u1eddi d\u00f9ng c\u00e1c trang li\u00ean quan \u0111\u1ebfn trang h\u1ecd \u0111ang xem<\/p>\n<\/div>\n\n\n\n<div class=\"tb-fields-and-text\" data-toolset-blocks-fields-and-text=\"5f397e768af5b1802ee8ff56097adb2d\"><p><a href=\"https:\/\/wpml.org\/wp-content\/uploads\/2024\/11\/sidebar-1536x827.png\"><img decoding=\"async\" class=\"alignnone\" src=\"https:\/\/wpml.org\/wp-content\/uploads\/2024\/11\/sidebar-1536x827.png\" alt=\"\" width=\"1536\" height=\"827\"\/><\/a><\/p><\/div>\n<\/div>\n<\/div>\n\n<h2 class=\"wp-block-heading\" id=\"add-navigation-to-theme\">Th\u00eam c\u00e1c th\u00e0nh ph\u1ea7n \u0111i\u1ec1u h\u01b0\u1edbng v\u00e0o ch\u1ee7 \u0111\u1ec1 c\u1ee7a b\u1ea1n<\/h2>\n\n<p>\u0110\u1ec3 s\u1eed d\u1ee5ng t\u1eebng th\u00e0nh ph\u1ea7n, h\u00e3y th\u00eam ch\u00fang v\u00e0o ch\u1ee7 \u0111\u1ec1 c\u1ee7a b\u1ea1n b\u1eb1ng c\u00e1c h\u00e0m PHP m\u1ed9t d\u00f2ng.<\/p>\n\n<figure class=\"wp-block-table is-style-regular nt nw\"><table><thead><tr><th class=\"has-text-align-left\" data-align=\"left\"><\/th><th class=\"has-text-align-left\" data-align=\"left\">M\u00e3 PHP<\/th><th class=\"has-text-align-left\" data-align=\"left\">N\u01a1i \u0111\u1ec3 th\u00eam<\/th><\/tr><\/thead><tbody><tr><td class=\"has-text-align-left\" data-align=\"left\"><strong>B\u00e1nh m\u00ec v\u1ee5n<\/strong><\/td><td class=\"has-text-align-left\" data-align=\"left\"><code>&lt;?php do_action('icl_navigation_breadcrumb'); ?&gt;<\/code><\/td><td class=\"has-text-align-left\" data-align=\"left\">header.php ho\u1eb7c single.php, page.php, archive.php, tag.php v\u00e0 search.php<\/td><\/tr><tr><td class=\"has-text-align-left\" data-align=\"left\"><strong>Menu th\u1ea3 xu\u1ed1ng<\/strong><\/td><td class=\"has-text-align-left\" data-align=\"left\"><code>&lt;?php do_action('icl_navigation_menu'); ?&gt;<\/code><\/td><td class=\"has-text-align-left\" data-align=\"left\">ti\u00eau \u0111\u1ec1.php<\/td><\/tr><tr><td class=\"has-text-align-left\" data-align=\"left\"><strong>Thanh b\u00ean<\/strong><\/td><td class=\"has-text-align-left\" data-align=\"left\"><code>&lt;?php do_action('icl_navigation_sidebar'); ?&gt;<\/code><\/td><td class=\"has-text-align-left\" data-align=\"left\">thanh b\u00ean.php<\/td><\/tr><\/tbody><\/table><\/figure>\n\n<p>Thanh \u0111i\u1ec1u h\u01b0\u1edbng b\u00ean c\u0169ng c\u00f3 d\u1ea1ng Ti\u1ec7n \u00edch WordPress . Th\u00eam n\u00f3 th\u00f4ng qua \u0111i\u1ec1u khi\u1ec3n Ti\u1ec7n \u00edch tr\u00ean trang <strong>Giao di\u1ec7n \u2192 Ti\u1ec7n \u00edch<\/strong> . <\/p>\n\n<h2 class=\"wp-block-heading\" id=\"customize-navigation-elements\">T\u00f9y ch\u1ec9nh c\u00e1c th\u00e0nh ph\u1ea7n \u0111i\u1ec1u h\u01b0\u1edbng<\/h2>\n\n<p>\u0110\u1ec3 t\u00f9y ch\u1ec9nh c\u00e0i \u0111\u1eb7t chung c\u1ee7a ti\u1ec7n \u00edch b\u1ed5 sung, h\u00e3y v\u00e0o <strong>WPML \u2192 \u0110i\u1ec1u h\u01b0\u1edbng.<\/strong> B\u1ea1n c\u00f3 th\u1ec3 \u0111i\u1ec1u ch\u1ec9nh c\u00e1c c\u00e0i \u0111\u1eb7t c\u01a1 b\u1ea3n, ch\u1eb3ng h\u1ea1n nh\u01b0 bi\u1ec3u t\u01b0\u1ee3ng ph\u00e2n t\u00e1ch \u0111\u01b0\u1eddng d\u1eabn breadcrumb.<\/p>\n\n<p>B\u1ea1n c\u0169ng c\u00f3 th\u1ec3 \u00e1p d\u1ee5ng nhi\u1ec1u t\u00f9y ch\u1ec9nh kh\u00e1c nhau th\u00f4ng qua tr\u00ecnh ch\u1ec9nh s\u1eeda WordPress ho\u1eb7c CSS.<\/p>\n\n<h3 class=\"wp-block-heading\">1. T\u00f9y ch\u1ec9nh c\u00e1c th\u00e0nh ph\u1ea7n \u0111i\u1ec1u h\u01b0\u1edbng b\u1eb1ng WordPress Editor<\/h3>\n\n<p>Khi b\u1ea1n \u0111ang ch\u1ec9nh s\u1eeda m\u1ed9t trang trong tr\u00ecnh ch\u1ec9nh s\u1eeda WordPress , h\u00e3y cu\u1ed9n xu\u1ed1ng \u0111\u1ec3 t\u00ecm ph\u1ea7n c\u00f3 nh\u00e3n <strong>CMS Navigation<\/strong> .<\/p>\n\n<figure class=\"wp-block-image tb-image tb-image-dynamic tb-image-frame-none\" data-toolset-blocks-image=\"42c0545cd2f3545b98e98cf33e20974f\"><a href=\"https:\/\/wpml.org\/wp-content\/uploads\/2024\/11\/wpml-cms-navigation-options.png\"><img decoding=\"async\" width=\"1239\" height=\"731\" loading=\"lazy\" src=\"https:\/\/wpml.org\/wp-content\/uploads\/2024\/11\/wpml-cms-navigation-options.png\" alt=\"\" class=\"wp-image-16367746\" srcset=\"https:\/\/wpml.org\/wp-content\/uploads\/2024\/11\/wpml-cms-navigation-options.png 1239w, https:\/\/wpml.org\/wp-content\/uploads\/2024\/11\/wpml-cms-navigation-options-300x177.png 300w, https:\/\/wpml.org\/wp-content\/uploads\/2024\/11\/wpml-cms-navigation-options-1024x604.png 1024w, https:\/\/wpml.org\/wp-content\/uploads\/2024\/11\/wpml-cms-navigation-options-150x88.png 150w, https:\/\/wpml.org\/wp-content\/uploads\/2024\/11\/wpml-cms-navigation-options-768x453.png 768w\" sizes=\"auto, (max-width: 1239px) 100vw, 1239px\" \/><\/a><figcaption><div class=\"tb-image-caption\">Cu\u1ed9n xu\u1ed1ng trong tr\u00ecnh ch\u1ec9nh s\u1eeda WordPress \u0111\u1ec3 t\u00ecm ph\u1ea7n c\u00f3 C\u00e0i \u0111\u1eb7t \u0111i\u1ec1u h\u01b0\u1edbng<p><span style=\"font-style: italic; font-family: Verdana, Geneva, sans-serif; white-space-collapse: collapse;\"><\/span><\/p><\/div><\/figcaption><\/figure>\n\n<p>Ph\u1ea7n n\u00e0y cho ph\u00e9p b\u1ea1n t\u00f9y ch\u1ec9nh nh\u1eefng g\u00ec hi\u1ec3n th\u1ecb tr\u00ean thanh b\u00ean. B\u1ea1n c\u00f3 th\u1ec3: <\/p>\n\n<ul class=\"wp-block-list\">\n<li>Lo\u1ea1i tr\u1eeb trang hi\u1ec7n t\u1ea1i<\/li>\n\n\n\n<li>Hi\u1ec3n th\u1ecb ho\u1eb7c kh\u00f4ng hi\u1ec3n th\u1ecb c\u00e1c trang con c\u1ee7a n\u00f3<\/li>\n\n\n\n<li>Ch\u1ec9 \u0111\u1ecbnh m\u1ed9t ph\u1ea7n \u0111\u1ec3 hi\u1ec3n th\u1ecb trang b\u00ean d\u01b0\u1edbi<\/li>\n<\/ul>\n\n<h3 class=\"wp-block-heading\">2. T\u00f9y ch\u1ec9nh giao di\u1ec7n c\u1ee7a c\u00e1c th\u00e0nh ph\u1ea7n \u0111i\u1ec1u h\u01b0\u1edbng b\u1eb1ng CSS<\/h3>\n\n<p>C\u00e1c th\u00e0nh ph\u1ea7n \u0111i\u1ec1u h\u01b0\u1edbng c\u00f3 giao di\u1ec7n m\u1eb7c \u0111\u1ecbnh m\u00e0 b\u1ea1n c\u00f3 th\u1ec3 t\u00f9y ch\u1ec9nh b\u1eb1ng CSS.<\/p>\n\n<p>V\u00e0o <strong>..\/wp-content\/plugins\/wpml-cms-nav\/res\/css<\/strong> \u0111\u1ec3 t\u00ecm hai t\u1ec7p:<\/p>\n\n<ul class=\"wp-block-list\">\n<li><strong>cms-navigation-base.css<\/strong> : Ph\u1ea7n n\u00e0y ch\u1ecbu tr\u00e1ch nhi\u1ec7m v\u1ec1 ch\u1ee9c n\u0103ng c\u1ee7a menu th\u1ea3 xu\u1ed1ng v\u00e0 b\u1ea1n <strong>kh\u00f4ng n\u00ean<\/strong> s\u1eeda \u0111\u1ed5i n\u00f3.<\/li>\n\n\n\n<li><strong>cms-navigation.css<\/strong> : \u0110\u00e2y l\u00e0 t\u1ec7p b\u1ea1n c\u00f3 th\u1ec3 sao ch\u00e9p v\u00e0 s\u1eeda \u0111\u1ed5i \u0111\u1ec3 th\u00eam c\u00e1c t\u00f9y ch\u1ec9nh c\u1ee7a m\u00ecnh.<\/li>\n<\/ul>\n\n<p>Th\u1ef1c hi\u1ec7n theo c\u00e1c b\u01b0\u1edbc sau:<\/p>\n\n<ol class=\"wp-block-list\">\n<li>Sao ch\u00e9p t\u1ec7p th\u1ee9 hai, <strong>cms-navigation.css<\/strong> , t\u1eeb th\u01b0 m\u1ee5c plugin v\u00e0 \u0111\u1eb7t v\u00e0o th\u01b0 m\u1ee5c ch\u1ee7 \u0111\u1ec1 c\u1ee7a b\u1ea1n.<\/li>\n\n\n\n<li>G\u1ecdi <strong>wp_head()<\/strong> v\u00e0 t\u1ea3i b\u1ea3n sao c\u1ee7a b\u1ea1n. Thao t\u00e1c n\u00e0y s\u1ebd t\u1ea3i c\u00e1c t\u1ec7p CSS c\u1ee7a plugin. <\/li>\n\n\n\n<li>\u00c1p d\u1ee5ng t\u00f9y ch\u1ec9nh CSS c\u1ee7a b\u1ea1n v\u00e0o t\u1ec7p m\u1edbi.<\/li>\n<\/ol>\n","protected":false},"excerpt":{"rendered":"<p>WPML CMS Navigation l\u00e0 m\u1ed9t plugin b\u1ed5 sung cung c\u1ea5p c\u00e1c th\u00e0nh ph\u1ea7n \u0111i\u1ec1u h\u01b0\u1edbng khi x\u00e2y d\u1ef1ng trang web \u0111a ng\u00f4n ng\u1eef c\u1ee7a b\u1ea1n. Ti\u1ec7n \u00edch b\u1ed5 sung n\u00e0y \u0111\u01b0\u1ee3c bao g\u1ed3m trong g\u00f3i WPML Multilingual CMS c\u1ee7a b\u1ea1n. C\u00e1c th\u00e0nh ph\u1ea7n \u0111i\u1ec1u h\u01b0\u1edbng b\u1ea1n c\u00f3 th\u1ec3 th\u00eam b\u1eb1ng plugin WPML CMS Navigation bao [&hellip;]<\/p>\n","protected":false},"author":777903,"featured_media":0,"parent":15654431,"menu_order":66,"comment_status":"closed","ping_status":"closed","template":"template-nosidebar-centered.php","meta":{"_bbp_topic_count":0,"_bbp_reply_count":0,"_bbp_total_topic_count":0,"_bbp_total_reply_count":0,"_bbp_voice_count":0,"_bbp_anonymous_reply_count":0,"_bbp_topic_count_hidden":0,"_bbp_reply_count_hidden":0,"_bbp_forum_subforum_count":0,"_uag_custom_page_level_css":"","ep_exclude_from_search":false,"footnotes":""},"related-projects-category":[],"class_list":["post-15716268","page","type-page","status-publish","hentry"],"spectra_custom_meta":{"ratings_users":["0"],"ratings_score":["0"],"ratings_average":["0"],"_subscription_coupon_product_id":["0"],"_wpv_contains_gutenberg_views":[""],"_alp_processed":["1733308040"],"_views_template":["0"],"wpcf-unformatted-code":[""],"_wpml_media_duplicate":["0"],"_wpml_media_featured":["1"],"wpcf-price-increase-show-from":[""],"wpcf-price-increase-show-till":[""],"_wp_page_template":["template-nosidebar-centered.php"],"_last_translation_edit_mode":["translation-editor"],"toolset_post_editor_mode":["block"],"_yoast_wpseo_metadesc":["WPML CMS Navigation l\u00e0 m\u1ed9t plugin b\u1ed5 sung cung c\u1ea5p c\u00e1c th\u00e0nh ph\u1ea7n \u0111i\u1ec1u h\u01b0\u1edbng khi x\u00e2y d\u1ef1ng trang web \u0111a ng\u00f4n ng\u1eef c\u1ee7a b\u1ea1n."],"_wpml_word_count":["525"],"_uagb_previous_block_counts":["a:90:{s:21:\"uagb\/advanced-heading\";i:0;s:15:\"uagb\/blockquote\";i:0;s:12:\"uagb\/buttons\";i:0;s:18:\"uagb\/buttons-child\";i:0;s:19:\"uagb\/call-to-action\";i:0;s:15:\"uagb\/cf7-styler\";i:0;s:11:\"uagb\/column\";i:0;s:12:\"uagb\/columns\";i:0;s:14:\"uagb\/container\";i:0;s:21:\"uagb\/content-timeline\";i:0;s:27:\"uagb\/content-timeline-child\";i:0;s:14:\"uagb\/countdown\";i:0;s:12:\"uagb\/counter\";i:0;s:8:\"uagb\/faq\";i:0;s:14:\"uagb\/faq-child\";i:0;s:10:\"uagb\/forms\";i:0;s:17:\"uagb\/forms-accept\";i:0;s:19:\"uagb\/forms-checkbox\";i:0;s:15:\"uagb\/forms-date\";i:0;s:16:\"uagb\/forms-email\";i:0;s:17:\"uagb\/forms-hidden\";i:0;s:15:\"uagb\/forms-name\";i:0;s:16:\"uagb\/forms-phone\";i:0;s:16:\"uagb\/forms-radio\";i:0;s:17:\"uagb\/forms-select\";i:0;s:19:\"uagb\/forms-textarea\";i:0;s:17:\"uagb\/forms-toggle\";i:0;s:14:\"uagb\/forms-url\";i:0;s:14:\"uagb\/gf-styler\";i:0;s:15:\"uagb\/google-map\";i:0;s:11:\"uagb\/how-to\";i:0;s:16:\"uagb\/how-to-step\";i:0;s:9:\"uagb\/icon\";i:0;s:14:\"uagb\/icon-list\";i:0;s:20:\"uagb\/icon-list-child\";i:0;s:10:\"uagb\/image\";i:0;s:18:\"uagb\/image-gallery\";i:0;s:13:\"uagb\/info-box\";i:0;s:18:\"uagb\/inline-notice\";i:0;s:11:\"uagb\/lottie\";i:0;s:21:\"uagb\/marketing-button\";i:0;s:10:\"uagb\/modal\";i:0;s:18:\"uagb\/popup-builder\";i:0;s:16:\"uagb\/post-button\";i:0;s:18:\"uagb\/post-carousel\";i:0;s:17:\"uagb\/post-excerpt\";i:0;s:14:\"uagb\/post-grid\";i:0;s:15:\"uagb\/post-image\";i:0;s:17:\"uagb\/post-masonry\";i:0;s:14:\"uagb\/post-meta\";i:0;s:18:\"uagb\/post-taxonomy\";i:0;s:18:\"uagb\/post-timeline\";i:0;s:15:\"uagb\/post-title\";i:0;s:20:\"uagb\/restaurant-menu\";i:0;s:26:\"uagb\/restaurant-menu-child\";i:0;s:11:\"uagb\/review\";i:0;s:12:\"uagb\/section\";i:0;s:14:\"uagb\/separator\";i:0;s:11:\"uagb\/slider\";i:0;s:17:\"uagb\/slider-child\";i:0;s:17:\"uagb\/social-share\";i:0;s:23:\"uagb\/social-share-child\";i:0;s:16:\"uagb\/star-rating\";i:0;s:23:\"uagb\/sure-cart-checkout\";i:0;s:22:\"uagb\/sure-cart-product\";i:0;s:15:\"uagb\/sure-forms\";i:0;s:22:\"uagb\/table-of-contents\";i:0;s:9:\"uagb\/tabs\";i:0;s:15:\"uagb\/tabs-child\";i:0;s:18:\"uagb\/taxonomy-list\";i:0;s:9:\"uagb\/team\";i:0;s:16:\"uagb\/testimonial\";i:0;s:14:\"uagb\/wp-search\";i:0;s:19:\"uagb\/instagram-feed\";i:0;s:10:\"uagb\/login\";i:0;s:17:\"uagb\/loop-builder\";i:0;s:18:\"uagb\/loop-category\";i:0;s:20:\"uagb\/loop-pagination\";i:0;s:15:\"uagb\/loop-reset\";i:0;s:16:\"uagb\/loop-search\";i:0;s:14:\"uagb\/loop-sort\";i:0;s:17:\"uagb\/loop-wrapper\";i:0;s:13:\"uagb\/register\";i:0;s:19:\"uagb\/register-email\";i:0;s:24:\"uagb\/register-first-name\";i:0;s:23:\"uagb\/register-last-name\";i:0;s:22:\"uagb\/register-password\";i:0;s:30:\"uagb\/register-reenter-password\";i:0;s:19:\"uagb\/register-terms\";i:0;s:22:\"uagb\/register-username\";i:0;}"],"_uag_css_file_name":["uag-css-15716268.css"],"_uag_page_assets":["a:9:{s:3:\"css\";s:260:\".uag-blocks-common-selector{z-index:var(--z-index-desktop) !important}@media(max-width: 976px){.uag-blocks-common-selector{z-index:var(--z-index-tablet) !important}}@media(max-width: 767px){.uag-blocks-common-selector{z-index:var(--z-index-mobile) !important}}\";s:2:\"js\";s:0:\"\";s:18:\"current_block_list\";a:12:{i:0;s:14:\"core\/paragraph\";i:1;s:19:\"toolset-blocks\/grid\";i:2;s:26:\"toolset-blocks\/grid-column\";i:3;s:24:\"toolset-blocks\/container\";i:4;s:22:\"toolset-blocks\/heading\";i:5;s:30:\"toolset-blocks\/fields-and-text\";i:6;s:12:\"core\/heading\";i:7;s:10:\"core\/table\";i:8;s:20:\"toolset-blocks\/image\";i:9;s:9:\"core\/list\";i:10;s:14:\"core\/list-item\";i:11;s:14:\"core\/shortcode\";}s:8:\"uag_flag\";b:0;s:11:\"uag_version\";s:10:\"1778854143\";s:6:\"gfonts\";a:0:{}s:10:\"gfonts_url\";s:0:\"\";s:12:\"gfonts_files\";a:0:{}s:14:\"uag_faq_layout\";b:0;}"]},"uagb_featured_image_src":{"full":false,"thumbnail":false,"medium":false,"medium_large":false,"large":false,"1536x1536":false,"2048x2048":false,"gform-image-choice-sm":false,"gform-image-choice-md":false,"gform-image-choice-lg":false,"woocommerce_thumbnail":false,"woocommerce_single":false,"woocommerce_gallery_thumbnail":false},"uagb_author_info":{"display_name":"Nikoletta","author_link":"https:\/\/wpml.org\/vi\/author\/nikoletta-b\/"},"uagb_comment_info":0,"uagb_excerpt":"WPML CMS Navigation l\u00e0 m\u1ed9t plugin b\u1ed5 sung cung c\u1ea5p c\u00e1c th\u00e0nh ph\u1ea7n \u0111i\u1ec1u h\u01b0\u1edbng khi x\u00e2y d\u1ef1ng trang web \u0111a ng\u00f4n ng\u1eef c\u1ee7a b\u1ea1n. Ti\u1ec7n \u00edch b\u1ed5 sung n\u00e0y \u0111\u01b0\u1ee3c bao g\u1ed3m trong g\u00f3i WPML Multilingual CMS c\u1ee7a b\u1ea1n. C\u00e1c th\u00e0nh ph\u1ea7n \u0111i\u1ec1u h\u01b0\u1edbng b\u1ea1n c\u00f3 th\u1ec3 th\u00eam b\u1eb1ng plugin WPML CMS Navigation bao&hellip;","_links":{"self":[{"href":"https:\/\/wpml.org\/vi\/wp-json\/wp\/v2\/pages\/15716268","targetHints":{"allow":["GET"]}}],"collection":[{"href":"https:\/\/wpml.org\/vi\/wp-json\/wp\/v2\/pages"}],"about":[{"href":"https:\/\/wpml.org\/vi\/wp-json\/wp\/v2\/types\/page"}],"author":[{"embeddable":true,"href":"https:\/\/wpml.org\/vi\/wp-json\/wp\/v2\/users\/777903"}],"replies":[{"embeddable":true,"href":"https:\/\/wpml.org\/vi\/wp-json\/wp\/v2\/comments?post=15716268"}],"version-history":[{"count":3,"href":"https:\/\/wpml.org\/vi\/wp-json\/wp\/v2\/pages\/15716268\/revisions"}],"predecessor-version":[{"id":16475843,"href":"https:\/\/wpml.org\/vi\/wp-json\/wp\/v2\/pages\/15716268\/revisions\/16475843"}],"up":[{"embeddable":true,"href":"https:\/\/wpml.org\/vi\/wp-json\/wp\/v2\/pages\/15654431"}],"wp:attachment":[{"href":"https:\/\/wpml.org\/vi\/wp-json\/wp\/v2\/media?parent=15716268"}],"wp:term":[{"taxonomy":"related-projects-category","embeddable":true,"href":"https:\/\/wpml.org\/vi\/wp-json\/wp\/v2\/related-projects-category?post=15716268"}],"curies":[{"name":"wp","href":"https:\/\/api.w.org\/{rel}","templated":true}]}}