{"id":15716277,"date":"2024-06-07T12:02:56","date_gmt":"2024-06-07T12:02:56","guid":{"rendered":"https:\/\/wpml.org\/huong-dan-bat-dau\/lien-ket-dinh-kem\/"},"modified":"2024-06-07T12:02:57","modified_gmt":"2024-06-07T12:02:57","slug":"lien-ket-dinh-kem","status":"publish","type":"page","link":"https:\/\/wpml.org\/vi\/tai-lieu-wpml\/huong-dan-bat-dau\/lien-ket-dinh-kem\/","title":{"rendered":"Li\u00ean k\u1ebft \u0111\u00ednh k\u00e8m"},"content":{"rendered":"<p class=\"lead\"><strong>WPML Li\u00ean k\u1ebft \u0111\u00ednh k\u00e8m<\/strong> ng\u0103n li\u00ean k\u1ebft gi\u1eefa c\u00e1c trang v\u00e0 b\u00e0i \u0111\u0103ng kh\u00f4ng bao gi\u1edd b\u1ecb ph\u00e1 v\u1ee1, ngay c\u1ea3 khi c\u00e1c trang di chuy\u1ec3n v\u00e0 \u0111\u01b0\u1ee3c \u0111\u1ed5i t\u00ean.<\/p>\n<p>WordPress l\u00e0m cho vi\u1ec7c thay \u0111\u1ed5i \u0111\u1ecba ch\u1ec9 trang tr\u1edf n\u00ean qu\u00e1 d\u1ec5 d\u00e0ng, khi\u1ebfn t\u1ea5t c\u1ea3 c\u00e1c li\u00ean k\u1ebft \u0111\u1ebfn b\u1ecb h\u1ecfng (l\u1ed7i 404). D\u01b0\u1edbi \u0111\u00e2y l\u00e0 m\u1ed9t s\u1ed1 h\u00e0nh \u0111\u1ed9ng c\u00f3 th\u1ec3 d\u1eabn \u0111\u1ebfn l\u1ed7i 404:<\/p>\n<ul>\n<li>Thay \u0111\u1ed5i cha m\u1eb9 c\u1ee7a trang<\/li>\n<li>Thay \u0111\u1ed5i s\u00ean<\/li>\n<li>Thay \u0111\u1ed5i c\u1ea5u tr\u00fac permalink c\u1ee7a trang web<\/li>\n<\/ul>\n<p>WPML ng\u0103n ch\u1eb7n nh\u1eefng thay \u0111\u1ed5i trong URL ph\u00e1 v\u1ee1 c\u00e1c li\u00ean k\u1ebft \u0111\u1ebfn. Khi b\u1ea1n t\u1ea1o m\u1ed9t li\u00ean k\u1ebft, WPML s\u1ebd t\u1ef1 \u0111\u1ed9ng l\u00e0m cho n\u00f3 tr\u1edf n\u00ean h\u1ea5p d\u1eabn. Thay v\u00ec l\u01b0u tr\u1eef URL c\u1ee7a trang \u0111\u00f3 (t\u1ea1i th\u1eddi \u0111i\u1ec3m li\u00ean k\u1ebft \u0111\u01b0\u1ee3c t\u1ea1o), n\u00f3 s\u1ebd l\u01b0u s\u1ed1 trang. \u0110i\u1ec1u n\u00e0y kh\u00f4ng bao gi\u1edd c\u00f3 th\u1ec3 thay \u0111\u1ed5i, b\u1ea5t k\u1ec3 b\u1ea1n l\u00e0m g\u00ec.<\/p>\n<p>Sau \u0111\u00f3, khi trang \u0111\u01b0\u1ee3c hi\u1ec3n th\u1ecb, WPML s\u1ebd ch\u00e8n li\u00ean k\u1ebft c\u1ed1 \u0111\u1ecbnh c\u1ee7a trang b\u1ea1n \u0111ang li\u00ean k\u1ebft \u0111\u1ebfn. B\u1ea5t c\u1ee9 khi n\u00e0o URL thay \u0111\u1ed5i, t\u1ea5t c\u1ea3 c\u00e1c trang li\u00ean k\u1ebft t\u1edbi n\u00f3 s\u1ebd c\u1eadp nh\u1eadt ngay l\u1eadp t\u1ee9c v\u00e0 s\u1ebd li\u00ean k\u1ebft \u0111\u1ebfn \u0111\u1ecba ch\u1ec9 ch\u00ednh x\u00e1c.<\/p>\n<p>C\u00e1c \u1ea3nh ch\u1ee5p m\u00e0n h\u00ecnh sau \u0111\u00e2y cho th\u1ea5y c\u00e1c li\u00ean k\u1ebft n\u1ed9i b\u1ed9 tr\u00f4ng nh\u01b0 th\u1ebf n\u00e0o trong c\u01a1 s\u1edf d\u1eef li\u1ec7u sau khi Li\u00ean k\u1ebft \u0111\u00ednh k\u00e8m \u0111\u01b0\u1ee3c b\u1eadt.<\/p>\n<div class=\"row\">\n<div class=\"col-md-6\">\n<figure id=\"attachment_3087899\" aria-describedby=\"caption-attachment-3087899\" style=\"width: 300px\" class=\"wp-caption aligncenter\"><a href=\"https:\/\/wpml.org\/wp-content\/uploads\/2019\/01\/sticky-links-block-1.png\"><img decoding=\"async\" class=\"wp-image-3087899 size-medium\" src=\"https:\/\/wpml.org\/wp-content\/uploads\/2019\/01\/sticky-links-block-1-300x185.png\" alt=\"C\u00e1c li\u00ean k\u1ebft b\u1ecb d\u00ednh b\u1edfi WPML \u0111\u01b0\u1ee3c xem trong tr\u00ecnh ch\u1ec9nh s\u1eeda Kh\u1ed1i\" width=\"300\" height=\"185\" srcset=\"https:\/\/wpml.org\/wp-content\/uploads\/2019\/01\/sticky-links-block-1-300x185.png 300w, https:\/\/wpml.org\/wp-content\/uploads\/2019\/01\/sticky-links-block-1-150x92.png 150w, https:\/\/wpml.org\/wp-content\/uploads\/2019\/01\/sticky-links-block-1-768x472.png 768w, https:\/\/wpml.org\/wp-content\/uploads\/2019\/01\/sticky-links-block-1.png 816w\" sizes=\"(max-width: 300px) 100vw, 300px\" \/><\/a><figcaption id=\"caption-attachment-3087899\" class=\"wp-caption-text\">C\u00e1c li\u00ean k\u1ebft b\u1ecb d\u00ednh b\u1edfi WPML \u0111\u01b0\u1ee3c xem trong tr\u00ecnh ch\u1ec9nh s\u1eeda Kh\u1ed1i<\/figcaption><\/figure>\n<\/div>\n<div class=\"col-md-6\">\n<figure id=\"attachment_3087910\" aria-describedby=\"caption-attachment-3087910\" style=\"width: 300px\" class=\"wp-caption aligncenter\"><a href=\"https:\/\/wpml.org\/wp-content\/uploads\/2019\/01\/sticky-links-classic-1.png\"><img decoding=\"async\" class=\"wp-image-3087910 size-medium\" src=\"https:\/\/wpml.org\/wp-content\/uploads\/2019\/01\/sticky-links-classic-1-300x199.png\" alt=\"C\u00e1c li\u00ean k\u1ebft b\u1ecb d\u00ednh b\u1edfi WPML \u0111\u01b0\u1ee3c xem trong tr\u00ecnh ch\u1ec9nh s\u1eeda C\u1ed5 \u0111i\u1ec3n\" width=\"300\" height=\"199\" srcset=\"https:\/\/wpml.org\/wp-content\/uploads\/2019\/01\/sticky-links-classic-1-300x199.png 300w, https:\/\/wpml.org\/wp-content\/uploads\/2019\/01\/sticky-links-classic-1-150x100.png 150w, https:\/\/wpml.org\/wp-content\/uploads\/2019\/01\/sticky-links-classic-1-768x510.png 768w, https:\/\/wpml.org\/wp-content\/uploads\/2019\/01\/sticky-links-classic-1.png 780w\" sizes=\"(max-width: 300px) 100vw, 300px\" \/><\/a><figcaption id=\"caption-attachment-3087910\" class=\"wp-caption-text\">C\u00e1c li\u00ean k\u1ebft b\u1ecb d\u00ednh b\u1edfi WPML \u0111\u01b0\u1ee3c xem trong tr\u00ecnh ch\u1ec9nh s\u1eeda C\u1ed5 \u0111i\u1ec3n<\/figcaption><\/figure>\n<\/div>\n<\/div>\n<p>Ng\u01b0\u1eddi d\u00f9ng c\u1ee7a b\u1ea1n s\u1ebd kh\u00f4ng bao gi\u1edd nh\u00ecn th\u1ea5y nh\u1eefng li\u00ean k\u1ebft &#8220;l\u1ea1&#8221; n\u00e0y. Thay v\u00e0o \u0111\u00f3, WPML s\u1ebd thay th\u1ebf ch\u00fang b\u1eb1ng c\u00e1c li\u00ean k\u1ebft c\u1ed1 \u0111\u1ecbnh hi\u1ec7n t\u1ea1i khi hi\u1ec3n th\u1ecb c\u00e1c trang.<\/p>\n<h2 id=\"sticky-links-controls\">\u0110i\u1ec1u khi\u1ec3n li\u00ean k\u1ebft c\u1ed1 \u0111\u1ecbnh<\/h2>\n<p>Sau khi k\u00edch ho\u1ea1t m\u00f4-\u0111un Li\u00ean k\u1ebft \u0111\u00ednh k\u00e8m , b\u1ea1n c\u00f3 th\u1ec3 ki\u1ec3m so\u00e1t nh\u1eefng chu\u1ed7i m\u00e0 n\u00f3 x\u1eed l\u00fd. \u0110\u1ec3 th\u1ef1c hi\u1ec7n vi\u1ec7c n\u00e0y, h\u00e3y truy c\u1eadp trang <strong>WPML<\/strong> \u2192 <strong>Li\u00ean k\u1ebft c\u1ed1 \u0111\u1ecbnh<\/strong> .<\/p>\n<figure id=\"attachment_706400\" aria-describedby=\"caption-attachment-706400\" style=\"width: 300px\" class=\"wp-caption aligncenter\"><a href=\"https:\/\/wpml.org\/wp-content\/uploads\/2009\/03\/sticky-links-before-processing1.png\"><img decoding=\"async\" class=\"wp-image-706400 size-medium\" title=\"d\u00ednh-li\u00ean k\u1ebft-tr\u01b0\u1edbc khi x\u1eed l\u00fd\" src=\"https:\/\/wpml.org\/wp-content\/uploads\/2009\/03\/sticky-links-before-processing1-300x150.png\" alt=\"Li\u00ean k\u1ebft \u0111\u00ednh k\u00e8m tr\u01b0\u1edbc khi x\u1eed l\u00fd\" width=\"300\" height=\"150\" srcset=\"https:\/\/wpml.org\/wp-content\/uploads\/2009\/03\/sticky-links-before-processing1-300x150.png 300w, https:\/\/wpml.org\/wp-content\/uploads\/2009\/03\/sticky-links-before-processing1-150x75.png 150w, https:\/\/wpml.org\/wp-content\/uploads\/2009\/03\/sticky-links-before-processing1.png 829w\" sizes=\"(max-width: 300px) 100vw, 300px\" \/><\/a><figcaption id=\"caption-attachment-706400\" class=\"wp-caption-text\">Li\u00ean k\u1ebft \u0111\u00ednh k\u00e8m tr\u01b0\u1edbc khi x\u1eed l\u00fd<\/figcaption><\/figure>\n<p>Theo m\u1eb7c \u0111\u1ecbnh, WPML s\u1ebd chuy\u1ec3n t\u1ea5t c\u1ea3 c\u00e1c li\u00ean k\u1ebft trong n\u1ed9i dung b\u00e0i \u0111\u0103ng th\u00e0nh c\u00e1c li\u00ean k\u1ebft c\u1ed1 \u0111\u1ecbnh. B\u1ea1n c\u0169ng c\u00f3 th\u1ec3 bi\u1ebfn c\u00e1c li\u00ean k\u1ebft trong widget v\u00e0 chu\u1ed7i th\u00e0nh c\u00e1c li\u00ean k\u1ebft c\u1ed1 \u0111\u1ecbnh.<\/p>\n<p>WPML s\u1ebd cho ph\u00e9p b\u1ea1n thay th\u1ebf h\u00e0ng lo\u1ea1t t\u1ea5t c\u1ea3 c\u00e1c li\u00ean k\u1ebft th\u00f4ng th\u01b0\u1eddng th\u00e0nh c\u00e1c li\u00ean k\u1ebft c\u1ed1 \u0111\u1ecbnh. N\u00f3 c\u0169ng s\u1ebd b\u00e1o c\u00e1o m\u1ecdi li\u00ean k\u1ebft b\u1ecb h\u1ecfng hi\u1ec7n c\u00f3 v\u00e0 gi\u00fap kh\u1eafc ph\u1ee5c ch\u00fang.<\/p>\n<p>N\u1ebfu b\u1ea1n \u0111\u00e3 b\u1eadt Li\u00ean k\u1ebft \u0111\u00ednh k\u00e8m sau khi t\u1ea1o m\u1ed9t s\u1ed1 n\u1ed9i dung, c\u00e1c li\u00ean k\u1ebft trong n\u1ed9i dung hi\u1ec7n c\u00f3 \u0111\u00f3 s\u1ebd kh\u00f4ng ngay l\u1eadp t\u1ee9c \u0111\u01b0\u1ee3c chuy\u1ec3n th\u00e0nh li\u00ean k\u1ebft c\u1ed1 \u0111\u1ecbnh.<\/p>\n<p>M\u00e0n h\u00ecnh qu\u1ea3n tr\u1ecb Li\u00ean k\u1ebft \u0111\u00ednh k\u00e8m cho b\u1ea1n bi\u1ebft l\u01b0\u1ee3ng n\u1ed9i dung c\u00f3 th\u1ec3 bao g\u1ed3m c\u00e1c li\u00ean k\u1ebft b\u00ecnh th\u01b0\u1eddng (kh\u00f4ng c\u1ed1 \u0111\u1ecbnh). WPML c\u00f3 th\u1ec3 qu\u00e9t n\u1ed9i dung \u0111\u00f3 v\u00e0 chuy\u1ec3n \u0111\u1ed5i t\u1ea5t c\u1ea3 c\u00e1c li\u00ean k\u1ebft th\u00e0nh li\u00ean k\u1ebft c\u1ed1 \u0111\u1ecbnh. B\u1ea5m v\u00e0o n\u00fat <strong>Qu\u00e9t<\/strong> \u0111\u1ec3 l\u00e0m \u0111i\u1ec1u \u0111\u00f3.<\/p>\n<p>B\u1ea1n lu\u00f4n c\u00f3 th\u1ec3 \u0111\u01b0a c\u00e1c li\u00ean k\u1ebft c\u1ee7a m\u00ecnh tr\u1edf l\u1ea1i li\u00ean k\u1ebft c\u1ed1 \u0111\u1ecbnh th\u00f4ng th\u01b0\u1eddng (kh\u00f4ng c\u1ed1 \u0111\u1ecbnh) b\u1eb1ng c\u00e1ch nh\u1ea5p v\u00e0o <strong>Ho\u00e0n nguy\u00ean c\u00e1c URL c\u1ed1 \u0111\u1ecbnh th\u00e0nh li\u00ean k\u1ebft c\u1ed1 \u0111\u1ecbnh<\/strong> .<\/p>\n<h2 id=\"linking-to-pages-in-a-different-language\">Li\u00ean k\u1ebft \u0111\u1ebfn c\u00e1c trang b\u1eb1ng ng\u00f4n ng\u1eef kh\u00e1c<\/h2>\n<p>\u0110\u00f4i khi, b\u1ea1n c\u00f3 th\u1ec3 mu\u1ed1n ch\u00e8n m\u1ed9t li\u00ean k\u1ebft \u0111\u1ebfn m\u1ed9t trang b\u1eb1ng ng\u00f4n ng\u1eef kh\u00e1c. V\u00ec Li\u00ean k\u1ebft \u0111\u00ednh k\u00e8m t\u1ef1 \u0111\u1ed9ng \u0111i\u1ec1u ch\u1ec9nh c\u00e1c li\u00ean k\u1ebft n\u00ean n\u00f3 c\u00f3 th\u1ec3 ng\u0103n b\u1ea1n th\u1ef1c hi\u1ec7n vi\u1ec7c n\u00e0y v\u00e0 thay v\u00e0o \u0111\u00f3, \u0111i\u1ec1u ch\u1ec9nh li\u00ean k\u1ebft \u0111\u1ec3 tr\u1ecf \u0111\u1ebfn c\u00f9ng m\u1ed9t ng\u00f4n ng\u1eef.<\/p>\n<p>\u0110\u1ec3 c\u00f3 th\u1ec3 th\u00eam li\u00ean k\u1ebft \u0111\u1ebfn c\u00e1c trang b\u1eb1ng c\u00e1c ng\u00f4n ng\u1eef kh\u00e1c, b\u1ea1n c\u1ea7n th\u00eam b\u1ed9 l\u1ecdc sau v\u00e0o t\u1ec7p <strong>tin.php<\/strong> c\u1ee7a ch\u1ee7 \u0111\u1ec1.<\/p>\n\n                    <div class='codesnipdiv' id='0fbd9'>\n                    <a class='Allow links to pages in other languages' data-titleselector='allow-links-to-pages-in-other-languages' data-randspinner ='0fbd9' data-sniphost='15716277' title='Click to Expand or Minimize' id='codesnipfrontend'><img src='https:\/\/wpml.org\/wp-content\/plugins\/code-snips\/res\/img\/code_icon.png' \/>Allow links to pages in other languages<\/a>\n                    <div id='0fbd9_innerdiv' class='clearfix'>\n                    <pre class='brush:php;'>add_filter( &#039;wpml_sl_blacklist_requests&#039;, &#039;wpml_sl_blacklist_requests&#039;, 10, 2 );\r\n\r\nfunction wpml_sl_blacklist_requests( $blacklist, $sitepress ) {\r\n    $blacklist[] = &#039;documentation&#039;;\r\n    return $blacklist;\r\n}<\/pre>\n                    <script>\n                    if ('undefined' === typeof cacheObj_open) {\n                        window.cacheObj_open = {};\n                    }\n                    if (typeof SyntaxHighlighter !== 'undefined') SyntaxHighlighter.highlight();\n                    <\/script>\n                    <input type='hidden' id='0fbd9_minimize' value='Minimize'>\n                    <input type='hidden' id='0fbd9_cachedstartopen' value='cachedstartopen'>\n                    <\/div>\n                    <\/div>\t\t\t\n                    <script>\t\t\t\t\t\t\t\t \t\t\t\n                    cacheObj_open['0fbd9_allow-links-to-pages-in-other-languages']='<pre class=\"brush: php;\">add_filter( &#039;wpml_sl_blacklist_requests&#039;, &#039;wpml_sl_blacklist_requests&#039;, 10, 2 );\\r\\n\\r\\nfunction wpml_sl_blacklist_requests( $blacklist, $sitepress ) {\\r\\n    $blacklist[] = &#039;documentation&#039;;\\r\\n    return $blacklist;\\r\\n}<\/pre>';            \n                    <\/script>\n<p>Trong \u0111o\u1ea1n m\u00e3 tr\u00ean, h\u00e3y s\u1eed d\u1ee5ng m\u1ea3ng <strong>$blacklist<\/strong> \u0111\u1ec3 ch\u1ec9 \u0111\u1ecbnh t\u1ea5t c\u1ea3 c\u00e1c ph\u1ea7n m\u1edf r\u1ed9ng URL cho c\u00e1c trang b\u1eb1ng ng\u00f4n ng\u1eef g\u1ed1c m\u00e0 b\u1ea1n mu\u1ed1n li\u00ean k\u1ebft t\u1edbi.<\/p>\n<p>Trong v\u00ed d\u1ee5 c\u1ee7a ch\u00fang t\u00f4i, ch\u00fang t\u00f4i mu\u1ed1n li\u00ean k\u1ebft \u0111\u1ebfn phi\u00ean b\u1ea3n ti\u1ebfng Anh c\u1ee7a c\u00e1c trang &#8220;T\u00e0i li\u1ec7u&#8221; (s\u00ean &#8220;t\u00e0i li\u1ec7u&#8221;) v\u00e0 &#8220;Tr\u00ecnh t\u1ea1o trang&#8221; (s\u00ean &#8220;tr\u00ecnh t\u1ea1o trang&#8221;), v\u00ec v\u1eady ch\u00fang t\u00f4i s\u1eed d\u1ee5ng hai d\u00f2ng sau:<\/p>\n\n                    <div class='codesnipdiv' id='e7693'>\n                    <a class='Example of specifying the list of URLs to allow linking to' data-titleselector='example-of-specifying-the-list-of-urls-to-allow-linking-to' data-randspinner ='e7693' data-sniphost='15716277' title='Click to Expand or Minimize' id='codesnipfrontend'><img src='https:\/\/wpml.org\/wp-content\/plugins\/code-snips\/res\/img\/code_icon.png' \/>Example of specifying the list of URLs to allow linking to<\/a>\n                    <div id='e7693_innerdiv' class='clearfix'>\n                    <pre class='brush:php;'>$blacklist[] = &#039;documentation&#039;;\r\n\r\n$blacklist[] = &#039;page-builders&#039;;<\/pre>\n                    <script>\n                    if ('undefined' === typeof cacheObj_open) {\n                        window.cacheObj_open = {};\n                    }\n                    if (typeof SyntaxHighlighter !== 'undefined') SyntaxHighlighter.highlight();\n                    <\/script>\n                    <input type='hidden' id='e7693_minimize' value='Minimize'>\n                    <input type='hidden' id='e7693_cachedstartopen' value='cachedstartopen'>\n                    <\/div>\n                    <\/div>\t\t\t\n                    <script>\t\t\t\t\t\t\t\t \t\t\t\n                    cacheObj_open['e7693_example-of-specifying-the-list-of-urls-to-allow-linking-to']='<pre class=\"brush: php;\">$blacklist[] = &#039;documentation&#039;;\\r\\n\\r\\n$blacklist[] = &#039;page-builders&#039;;<\/pre>';            \n                    <\/script>\n<h2>X\u1eed l\u00fd c\u00e1c li\u00ean k\u1ebft b\u00ean trong n\u1ed9i dung shortcode<\/h2>\n<p>Theo m\u1eb7c \u0111\u1ecbnh, plugin Li\u00ean k\u1ebft \u0111\u00ednh k\u00e8m kh\u00f4ng t\u00ecm ki\u1ebfm c\u00e1c li\u00ean k\u1ebft \u0111\u01b0\u1ee3c t\u1ea1o b\u1edfi m\u00e3 ng\u1eafn.<\/p>\n<p>N\u1ebfu b\u1ea1n c\u00f3 m\u1ed9t m\u00e3 ng\u1eafn tr\u00ean trang t\u1ea1o li\u00ean k\u1ebft nh\u01b0 &#8221; <strong>?page_id=XX<\/strong> &#8220;, n\u00f3 s\u1ebd \u0111\u01b0\u1ee3c hi\u1ec3n th\u1ecb cho ng\u01b0\u1eddi d\u00f9ng c\u1ee7a b\u1ea1n m\u00e0 kh\u00f4ng b\u1ecb chuy\u1ec3n \u0111\u1ed5i th\u00e0nh li\u00ean k\u1ebft c\u1ed1 \u0111\u1ecbnh.<\/p>\n<p>\u0110\u1ec3 x\u1eed l\u00fd nh\u1eefng n\u1ed9i dung shortcode n\u00e0y b\u1eb1ng Li\u00ean k\u1ebft \u0111\u00ednh k\u00e8m , h\u00e3y th\u00eam \u0111o\u1ea1n m\u00e3 n\u00e0y v\u00e0o t\u1ec7p tin.php.<br \/>\n\n                    <div class='codesnipdiv' id='516ef'>\n                    <a class='Handle links inside shortcode content' data-titleselector='handle-links-inside-shortcode-content' data-randspinner ='516ef' data-sniphost='15716277' title='Click to Expand or Minimize' id='codesnipfrontend'><img src='https:\/\/wpml.org\/wp-content\/plugins\/code-snips\/res\/img\/code_icon.png' \/>Handle links inside shortcode content<\/a>\n                    <div id='516ef_innerdiv' class='clearfix'>\n                    <pre class='brush:php;'>if ( class_exists( &#039;WPML_Sticky_Links&#039; ) ) {\r\n\tglobal $WPML_Sticky_Links;\r\n\tadd_filter( &#039;do_shortcode_tag&#039;, [ $WPML_Sticky_Links, &#039;show_permalinks&#039; ], 0 );\r\n}<\/pre>\n                    <script>\n                    if ('undefined' === typeof cacheObj_open) {\n                        window.cacheObj_open = {};\n                    }\n                    if (typeof SyntaxHighlighter !== 'undefined') SyntaxHighlighter.highlight();\n                    <\/script>\n                    <input type='hidden' id='516ef_minimize' value='Minimize'>\n                    <input type='hidden' id='516ef_cachedstartopen' value='cachedstartopen'>\n                    <\/div>\n                    <\/div>\t\t\t\n                    <script>\t\t\t\t\t\t\t\t \t\t\t\n                    cacheObj_open['516ef_handle-links-inside-shortcode-content']='<pre class=\"brush: php;\">if ( class_exists( &#039;WPML_Sticky_Links&#039; ) ) {\\r\\n\\tglobal $WPML_Sticky_Links;\\r\\n\\tadd_filter( &#039;do_shortcode_tag&#039;, [ $WPML_Sticky_Links, &#039;show_permalinks&#039; ], 0 );\\r\\n}<\/pre>';            \n                    <\/script><\/p>\n","protected":false},"excerpt":{"rendered":"<p>WPML Li\u00ean k\u1ebft \u0111\u00ednh k\u00e8m ng\u0103n li\u00ean k\u1ebft gi\u1eefa c\u00e1c trang v\u00e0 b\u00e0i \u0111\u0103ng kh\u00f4ng bao gi\u1edd b\u1ecb ph\u00e1 v\u1ee1, ngay c\u1ea3 khi c\u00e1c trang di chuy\u1ec3n v\u00e0 \u0111\u01b0\u1ee3c \u0111\u1ed5i t\u00ean. WordPress l\u00e0m cho vi\u1ec7c thay \u0111\u1ed5i \u0111\u1ecba ch\u1ec9 trang tr\u1edf n\u00ean qu\u00e1 d\u1ec5 d\u00e0ng, khi\u1ebfn t\u1ea5t c\u1ea3 c\u00e1c li\u00ean k\u1ebft \u0111\u1ebfn b\u1ecb h\u1ecfng (l\u1ed7i [&hellip;]<\/p>\n","protected":false},"author":1,"featured_media":0,"parent":14527667,"menu_order":64,"comment_status":"closed","ping_status":"closed","template":"template-sidebar-2.php","meta":{"_bbp_topic_count":0,"_bbp_reply_count":0,"_bbp_total_topic_count":0,"_bbp_total_reply_count":0,"_bbp_voice_count":0,"_bbp_anonymous_reply_count":0,"_bbp_topic_count_hidden":0,"_bbp_reply_count_hidden":0,"_bbp_forum_subforum_count":0,"_uag_custom_page_level_css":"","ep_exclude_from_search":false,"footnotes":""},"related-projects-category":[],"class_list":["post-15716277","page","type-page","status-publish","hentry"],"spectra_custom_meta":{"ratings_users":["0"],"ratings_score":["0"],"ratings_average":["0"],"_subscription_coupon_product_id":["0"],"_wpv_contains_gutenberg_views":[""],"_alp_processed":["1717761777"],"_views_template":["0"],"wpcf-unformatted-code":[""],"_wpml_media_duplicate":["0"],"_wpml_media_featured":["1"],"wpcf-price-increase-show-from":[""],"wpcf-price-increase-show-till":[""],"_wp_page_template":["template-sidebar-2.php"],"_yoast_wpseo_metadesc":["WPML Li\u00ean k\u1ebft \u0111\u00ednh k\u00e8m ng\u0103n li\u00ean k\u1ebft gi\u1eefa c\u00e1c trang v\u00e0 b\u00e0i \u0111\u0103ng kh\u00f4ng bao gi\u1edd b\u1ecb ph\u00e1 v\u1ee1, ngay c\u1ea3 khi c\u00e1c trang di chuy\u1ec3n v\u00e0 \u0111\u01b0\u1ee3c \u0111\u1ed5i t\u00ean."],"_last_translation_edit_mode":["translation-editor"],"_uag_css_file_name":["uag-css-15716277.css"],"_uag_page_assets":["a:9:{s:3:\"css\";s:260:\".uag-blocks-common-selector{z-index:var(--z-index-desktop) !important}@media(max-width: 976px){.uag-blocks-common-selector{z-index:var(--z-index-tablet) !important}}@media(max-width: 767px){.uag-blocks-common-selector{z-index:var(--z-index-mobile) !important}}\";s:2:\"js\";s:0:\"\";s:18:\"current_block_list\";a:1:{i:0;s:14:\"core\/shortcode\";}s:8:\"uag_flag\";b:0;s:11:\"uag_version\";s:10:\"1778383860\";s:6:\"gfonts\";a:0:{}s:10:\"gfonts_url\";s:0:\"\";s:12:\"gfonts_files\";a:0:{}s:14:\"uag_faq_layout\";b:0;}"]},"uagb_featured_image_src":{"full":false,"thumbnail":false,"medium":false,"medium_large":false,"large":false,"1536x1536":false,"2048x2048":false,"gform-image-choice-sm":false,"gform-image-choice-md":false,"gform-image-choice-lg":false,"woocommerce_thumbnail":false,"woocommerce_single":false,"woocommerce_gallery_thumbnail":false},"uagb_author_info":{"display_name":"Amir","author_link":"https:\/\/wpml.org\/vi\/author\/admingm\/"},"uagb_comment_info":0,"uagb_excerpt":"WPML Li\u00ean k\u1ebft \u0111\u00ednh k\u00e8m ng\u0103n li\u00ean k\u1ebft gi\u1eefa c\u00e1c trang v\u00e0 b\u00e0i \u0111\u0103ng kh\u00f4ng bao gi\u1edd b\u1ecb ph\u00e1 v\u1ee1, ngay c\u1ea3 khi c\u00e1c trang di chuy\u1ec3n v\u00e0 \u0111\u01b0\u1ee3c \u0111\u1ed5i t\u00ean. WordPress l\u00e0m cho vi\u1ec7c thay \u0111\u1ed5i \u0111\u1ecba ch\u1ec9 trang tr\u1edf n\u00ean qu\u00e1 d\u1ec5 d\u00e0ng, khi\u1ebfn t\u1ea5t c\u1ea3 c\u00e1c li\u00ean k\u1ebft \u0111\u1ebfn b\u1ecb h\u1ecfng (l\u1ed7i&hellip;","_links":{"self":[{"href":"https:\/\/wpml.org\/vi\/wp-json\/wp\/v2\/pages\/15716277","targetHints":{"allow":["GET"]}}],"collection":[{"href":"https:\/\/wpml.org\/vi\/wp-json\/wp\/v2\/pages"}],"about":[{"href":"https:\/\/wpml.org\/vi\/wp-json\/wp\/v2\/types\/page"}],"author":[{"embeddable":true,"href":"https:\/\/wpml.org\/vi\/wp-json\/wp\/v2\/users\/1"}],"replies":[{"embeddable":true,"href":"https:\/\/wpml.org\/vi\/wp-json\/wp\/v2\/comments?post=15716277"}],"version-history":[{"count":1,"href":"https:\/\/wpml.org\/vi\/wp-json\/wp\/v2\/pages\/15716277\/revisions"}],"predecessor-version":[{"id":15716280,"href":"https:\/\/wpml.org\/vi\/wp-json\/wp\/v2\/pages\/15716277\/revisions\/15716280"}],"up":[{"embeddable":true,"href":"https:\/\/wpml.org\/vi\/wp-json\/wp\/v2\/pages\/14527667"}],"wp:attachment":[{"href":"https:\/\/wpml.org\/vi\/wp-json\/wp\/v2\/media?parent=15716277"}],"wp:term":[{"taxonomy":"related-projects-category","embeddable":true,"href":"https:\/\/wpml.org\/vi\/wp-json\/wp\/v2\/related-projects-category?post=15716277"}],"curies":[{"name":"wp","href":"https:\/\/api.w.org\/{rel}","templated":true}]}}