{"id":16954260,"date":"2022-09-15T06:36:08","date_gmt":"2022-09-15T06:36:08","guid":{"rendered":"https:\/\/wpml.org\/gia-wpml\/gia-han-wpml\/"},"modified":"2026-04-22T15:53:57","modified_gmt":"2026-04-22T15:53:57","slug":"gia-han-wpml","status":"publish","type":"page","link":"https:\/\/wpml.org\/vi\/gia-wpml\/gia-han-wpml\/","title":{"rendered":"Gia h\u1ea1n WPML"},"content":{"rendered":"\n<div class=\"wp-block-toolset-blocks-container tb-container alignfull\" data-toolset-blocks-container=\"fc8d2aa82106d329ae904413f0960ef9\"><div class=\"tb-container-inner\">\n<div class=\"wp-block-toolset-blocks-grid tb-grid\" data-toolset-blocks-grid=\"39038e72c7b2df1b8a5c57af96f915d6\">\n<div class=\"wp-block-toolset-blocks-grid-column tb-grid-column tb-grid-align-center\" data-toolset-blocks-grid-column=\"f586ff7bfe1d7317c63162ec7b7039ed\">\n<h1 class=\"tb-heading has-text-color\" data-toolset-blocks-heading=\"415760732ef66df37e1713d118e7d93d\" data-last-update=\"1.4\">Gia h\u1ea1n WPML<\/h1>\n\n\n\n<div class=\"tb-fields-and-text\" data-toolset-blocks-fields-and-text=\"dc100ae563ee26e223a5d75993da1a4e\"><p><span style=\"font-weight: 400;\">Gia h\u1ea1n WPML gi\u1eef cho trang web c\u1ee7a b\u1ea1n an to\u00e0n, ng\u0103n ch\u1eb7n s\u1ef1 c\u1ed1 khi WordPress c\u1eadp nh\u1eadt v\u00e0 \u0111\u1ea3m b\u1ea3o WPML lu\u00f4n ho\u1ea1t \u0111\u1ed9ng.<\/span><\/p><\/div>\n\n\n\n<div class=\"tb-button\" data-toolset-blocks-button=\"3a29568fd735225c83f143c3e6a710ed\"><a class=\"tb-button__link\" href=\"#renew-wpml\"><span class=\"tb-button__content\">Gia h\u1ea1n T\u00e0i kho\u1ea3n c\u1ee7a t\u00f4i<\/span><i class=\"tb-button__icon\"><\/i><\/a><\/div>\n<\/div>\n\n\n\n<div class=\"wp-block-toolset-blocks-grid-column tb-grid-column tb-grid-align-top\" data-toolset-blocks-grid-column=\"3034fbe886c11054e95b46b09d3e4112\"><div class=\"wp-block-image\">\n<figure class=\" tb-image tb-image-dynamic tb-image-frame-none aligncenter\" data-toolset-blocks-image=\"0d855ff1ba944aa1655a9ba8ebc1dee3\"><img decoding=\"async\" width=\"605\" height=\"543\" loading=\"lazy\" src=\"https:\/\/wpml.org\/wp-content\/uploads\/2024\/11\/img-1-min.png\" alt=\"\" class=\"wp-image-16367009\" srcset=\"https:\/\/wpml.org\/wp-content\/uploads\/2024\/11\/img-1-min.png 605w, https:\/\/wpml.org\/wp-content\/uploads\/2024\/11\/img-1-min-300x269.png 300w, https:\/\/wpml.org\/wp-content\/uploads\/2024\/11\/img-1-min-150x135.png 150w\" sizes=\"auto, (max-width: 605px) 100vw, 605px\" \/><\/figure>\n<\/div><\/div>\n<\/div>\n<\/div><\/div>\n\n<div class=\"wp-block-toolset-blocks-container tb-container\" data-toolset-blocks-container=\"7a6ae5a2fdbcfb671737dff1d7fc2d17\"><div class=\"tb-container-inner\">\n<h2 class=\"tb-heading has-text-color\" data-toolset-blocks-heading=\"d75fcd62e73a51f64a3177fe7b033435\" data-last-update=\"1.4\">L\u1ee3i \u00edch gia h\u1ea1n<\/h2>\n\n\n\n<div class=\"wp-block-toolset-blocks-grid tb-grid\" data-toolset-blocks-grid=\"0ee53de61aa8541b5f8c6e136a129062\">\n<div class=\"wp-block-toolset-blocks-grid-column tb-grid-column\" data-toolset-blocks-grid-column=\"c777ff47b88bccde2288392889584581\">\n<div class=\"wp-block-toolset-blocks-container tb-container\" data-toolset-blocks-container=\"7eb4078d55be244546f812efa0213233\">\n<div class=\"wp-block-toolset-blocks-container tb-container\" data-toolset-blocks-container=\"f0feeef213a928c481d5a878e68f6ab9\"><\/div>\n\n\n\n<div class=\"wp-block-toolset-blocks-container tb-container\" data-toolset-blocks-container=\"4562bb7f50514de52ca267d05ac7ce1a\">\n<p class=\"tb-heading has-text-color\" data-toolset-blocks-heading=\"0827eb14e25db5fe9ecb993108aaf87f\" data-last-update=\"1.4\"><strong>D\u1ecbch v\u1edbi WPML<\/strong><\/p>\n\n\n\n<p class=\"tb-heading has-text-color\" data-toolset-blocks-heading=\"24ac9e8ddc1793cbb331be1edd5d28be\" data-last-update=\"1.4\">Ti\u1ebfp t\u1ee5c s\u1eed d\u1ee5ng WPML v\u00e0 gi\u1eef t\u1ea5t c\u1ea3 c\u00e1c b\u1ea3n d\u1ecbch c\u1ee7a b\u1ea1n<\/p>\n<\/div>\n\n\n\n<div class=\"wp-block-toolset-blocks-container tb-container\" data-toolset-blocks-container=\"4562bb7f50514de52ca267d05ac7ce1a\">\n<p class=\"tb-heading has-text-color\" data-toolset-blocks-heading=\"0827eb14e25db5fe9ecb993108aaf87f\" data-last-update=\"1.4\"><strong>C\u1eadp nh\u1eadt kh\u1ea3 n\u0103ng t\u01b0\u01a1ng th\u00edch<\/strong><\/p>\n\n\n\n<p class=\"tb-heading has-text-color\" data-toolset-blocks-heading=\"24ac9e8ddc1793cbb331be1edd5d28be\" data-last-update=\"1.4\">Nh\u1eadn c\u00e1c b\u1ea3n c\u1eadp nh\u1eadt th\u01b0\u1eddng xuy\u00ean tr\u01b0\u1edbc khi WordPress ph\u00e1t h\u00e0nh<\/p>\n<\/div>\n\n\n\n<div class=\"wp-block-toolset-blocks-container tb-container\" data-toolset-blocks-container=\"4562bb7f50514de52ca267d05ac7ce1a\">\n<p class=\"tb-heading has-text-color\" data-toolset-blocks-heading=\"0827eb14e25db5fe9ecb993108aaf87f\" data-last-update=\"1.4\"><strong>\u1ee6ng h\u1ed9<\/strong><\/p>\n\n\n\n<p class=\"tb-heading has-text-color\" data-toolset-blocks-heading=\"24ac9e8ddc1793cbb331be1edd5d28be\" data-last-update=\"1.4\">Nh\u1eadn tr\u1ee3 gi\u00fap t\u1eeb nh\u00f3m h\u1ed7 tr\u1ee3 c\u1ee7a ch\u00fang t\u00f4i<\/p>\n<\/div>\n\n\n\n<div class=\"wp-block-toolset-blocks-container tb-container\" data-toolset-blocks-container=\"4562bb7f50514de52ca267d05ac7ce1a\">\n<p class=\"tb-heading has-text-color\" data-toolset-blocks-heading=\"0827eb14e25db5fe9ecb993108aaf87f\" data-last-update=\"1.4\"><strong>N\u1ea1p ti\u1ec1n t\u00edn d\u1ee5ng<\/strong><\/p>\n\n\n\n<p class=\"tb-heading has-text-color\" data-toolset-blocks-heading=\"24ac9e8ddc1793cbb331be1edd5d28be\" data-last-update=\"1.4\">Nh\u1eadn t\u00edn d\u1ee5ng mi\u1ec5n ph\u00ed khi t\u00e0i kho\u1ea3n c\u1ee7a b\u1ea1n \u0111\u01b0\u1ee3c gia h\u1ea1n<\/p>\n<\/div>\n\n\n\n<div class=\"wp-block-toolset-blocks-container tb-container\" data-toolset-blocks-container=\"4562bb7f50514de52ca267d05ac7ce1a\">\n<p class=\"tb-heading has-text-color\" data-toolset-blocks-heading=\"0827eb14e25db5fe9ecb993108aaf87f\" data-last-update=\"1.4\"><strong>\u0110\u0103ng k\u00fd WPML tr\u00ean c\u00e1c trang m\u1edbi<\/strong><\/p>\n\n\n\n<p class=\"tb-heading has-text-color\" data-toolset-blocks-heading=\"24ac9e8ddc1793cbb331be1edd5d28be\" data-last-update=\"1.4\">Ti\u1ebfp t\u1ee5c c\u00e0i \u0111\u1eb7t WPML tr\u00ean c\u00e1c trang web m\u1edbi<\/p>\n<\/div>\n<\/div>\n<\/div>\n\n\n\n<div class=\"wp-block-toolset-blocks-grid-column tb-grid-column tb-grid-align-top\" data-toolset-blocks-grid-column=\"3034fbe886c11054e95b46b09d3e4112\">\n<div class=\"wp-block-toolset-blocks-container tb-container\" data-toolset-blocks-container=\"d86653a2d26876b3e2a6aba0093581aa\">\n<div class=\"wp-block-toolset-blocks-container tb-container\" data-toolset-blocks-container=\"9f66c40ed9b5fdacfc4286d120b702c7\">\n<p class=\"tb-heading has-text-color\" data-toolset-blocks-heading=\"ac39eeff1e96129d91de7bdab8fc0540\" data-last-update=\"1.4\">T\u00e0i kho\u1ea3n \u0111ang ho\u1ea1t \u0111\u1ed9ng<\/p>\n<\/div>\n\n\n\n<div class=\"wp-block-toolset-blocks-container tb-container\" data-toolset-blocks-container=\"6b466e726ef96ac8f2ff092044064d30\">\n<div class=\"wp-block-toolset-blocks-container tb-container\" data-toolset-blocks-container=\"4c1e644b100a7cd79ae08b214443135d\"><\/div>\n\n\n\n<p class=\"tb-heading has-text-color\" data-toolset-blocks-heading=\"066ff0eb7301bfcc7c8c82495ec49f7a\" data-last-update=\"1.4\">D\u1ecbch v\u1edbi WPML<\/p>\n<\/div>\n\n\n\n<div class=\"wp-block-toolset-blocks-container tb-container\" data-toolset-blocks-container=\"6b466e726ef96ac8f2ff092044064d30\">\n<div class=\"wp-block-toolset-blocks-container tb-container\" data-toolset-blocks-container=\"4c1e644b100a7cd79ae08b214443135d\"><\/div>\n\n\n\n<p class=\"tb-heading has-text-color\" data-toolset-blocks-heading=\"066ff0eb7301bfcc7c8c82495ec49f7a\" data-last-update=\"1.4\">C\u1eadp nh\u1eadt kh\u1ea3 n\u0103ng t\u01b0\u01a1ng th\u00edch<\/p>\n<\/div>\n\n\n\n<div class=\"wp-block-toolset-blocks-container tb-container\" data-toolset-blocks-container=\"6b466e726ef96ac8f2ff092044064d30\">\n<div class=\"wp-block-toolset-blocks-container tb-container\" data-toolset-blocks-container=\"4c1e644b100a7cd79ae08b214443135d\"><\/div>\n\n\n\n<p class=\"tb-heading has-text-color\" data-toolset-blocks-heading=\"066ff0eb7301bfcc7c8c82495ec49f7a\" data-last-update=\"1.4\">\u1ee6ng h\u1ed9<\/p>\n<\/div>\n\n\n\n<div class=\"wp-block-toolset-blocks-container tb-container\" data-toolset-blocks-container=\"6b466e726ef96ac8f2ff092044064d30\">\n<div class=\"wp-block-toolset-blocks-container tb-container\" data-toolset-blocks-container=\"4c1e644b100a7cd79ae08b214443135d\"><\/div>\n\n\n\n<p class=\"tb-heading has-text-color\" data-toolset-blocks-heading=\"066ff0eb7301bfcc7c8c82495ec49f7a\" data-last-update=\"1.4\">N\u1ea1p ti\u1ec1n t\u00edn d\u1ee5ng<\/p>\n<\/div>\n\n\n\n<div class=\"wp-block-toolset-blocks-container tb-container\" data-toolset-blocks-container=\"1e636e193165ce3af2c00312087c07c3\">\n<div class=\"wp-block-toolset-blocks-container tb-container\" data-toolset-blocks-container=\"4c1e644b100a7cd79ae08b214443135d\"><\/div>\n\n\n\n<p class=\"tb-heading has-text-color\" data-toolset-blocks-heading=\"066ff0eb7301bfcc7c8c82495ec49f7a\" data-last-update=\"1.4\">\u0110\u0103ng k\u00fd WPML tr\u00ean c\u00e1c trang m\u1edbi<\/p>\n<\/div>\n<\/div>\n<\/div>\n\n\n\n<div class=\"wp-block-toolset-blocks-grid-column tb-grid-column tb-grid-align-top\" data-toolset-blocks-grid-column=\"3034fbe886c11054e95b46b09d3e4112\">\n<div class=\"wp-block-toolset-blocks-container tb-container\" data-toolset-blocks-container=\"b6e68f76113613cbae24c92d22b96508\">\n<div class=\"wp-block-toolset-blocks-container tb-container\" data-toolset-blocks-container=\"cc15e079305115ef004ae52708640087\">\n<p class=\"tb-heading has-text-color\" data-toolset-blocks-heading=\"ac39eeff1e96129d91de7bdab8fc0540\" data-last-update=\"1.4\">T\u00e0i kho\u1ea3n \u0111\u00e3 h\u1ebft h\u1ea1n<\/p>\n<\/div>\n\n\n\n<div class=\"wp-block-toolset-blocks-container tb-container\" data-toolset-blocks-container=\"ce852b3c7ae437d6bc69191b1631da45\">\n<div class=\"wp-block-toolset-blocks-container tb-container\" data-toolset-blocks-container=\"4c1e644b100a7cd79ae08b214443135d\"><\/div>\n\n\n\n<p class=\"tb-heading has-text-color\" data-toolset-blocks-heading=\"066ff0eb7301bfcc7c8c82495ec49f7a\" data-last-update=\"1.4\">D\u1ecbch v\u1edbi WPML<\/p>\n<\/div>\n\n\n\n<div class=\"wp-block-toolset-blocks-container tb-container\" data-toolset-blocks-container=\"ce852b3c7ae437d6bc69191b1631da45\">\n<div class=\"wp-block-toolset-blocks-container tb-container\" data-toolset-blocks-container=\"f02b797b61bfb4dc15c841a611f765e9\"><\/div>\n\n\n\n<p class=\"tb-heading has-text-color\" data-toolset-blocks-heading=\"066ff0eb7301bfcc7c8c82495ec49f7a\" data-last-update=\"1.4\">C\u1eadp nh\u1eadt kh\u1ea3 n\u0103ng t\u01b0\u01a1ng th\u00edch<\/p>\n<\/div>\n\n\n\n<div class=\"wp-block-toolset-blocks-container tb-container\" data-toolset-blocks-container=\"ce852b3c7ae437d6bc69191b1631da45\">\n<div class=\"wp-block-toolset-blocks-container tb-container\" data-toolset-blocks-container=\"f02b797b61bfb4dc15c841a611f765e9\"><\/div>\n\n\n\n<p class=\"tb-heading has-text-color\" data-toolset-blocks-heading=\"066ff0eb7301bfcc7c8c82495ec49f7a\" data-last-update=\"1.4\">\u1ee6ng h\u1ed9<\/p>\n<\/div>\n\n\n\n<div class=\"wp-block-toolset-blocks-container tb-container\" data-toolset-blocks-container=\"ce852b3c7ae437d6bc69191b1631da45\">\n<div class=\"wp-block-toolset-blocks-container tb-container\" data-toolset-blocks-container=\"f02b797b61bfb4dc15c841a611f765e9\"><\/div>\n\n\n\n<p class=\"tb-heading has-text-color\" data-toolset-blocks-heading=\"066ff0eb7301bfcc7c8c82495ec49f7a\" data-last-update=\"1.4\">N\u1ea1p ti\u1ec1n t\u00edn d\u1ee5ng<\/p>\n<\/div>\n\n\n\n<div class=\"wp-block-toolset-blocks-container tb-container\" data-toolset-blocks-container=\"1e636e193165ce3af2c00312087c07c3\">\n<div class=\"wp-block-toolset-blocks-container tb-container\" data-toolset-blocks-container=\"f02b797b61bfb4dc15c841a611f765e9\"><\/div>\n\n\n\n<p class=\"tb-heading has-text-color\" data-toolset-blocks-heading=\"066ff0eb7301bfcc7c8c82495ec49f7a\" data-last-update=\"1.4\">\u0110\u0103ng k\u00fd WPML tr\u00ean c\u00e1c trang m\u1edbi<\/p>\n<\/div>\n<\/div>\n<\/div>\n<\/div>\n<\/div><\/div>\n\n<div class=\"wp-block-toolset-blocks-container tb-container\" data-toolset-blocks-container=\"e65048833a949a6393bcf2d55656d528\"><div class=\"tb-container-inner\">\n<h2 id=\"renew-wpml\" class=\"tb-heading has-text-color\" data-toolset-blocks-heading=\"73941e21fda40c58799714bd31f5acd8\" data-last-update=\"1.4\">C\u00e1ch Gia h\u1ea1n WPML<\/h2>\n\n\n\n<div class=\"wp-block-toolset-blocks-grid tb-grid\" data-toolset-blocks-grid=\"8ea5865c429595b71917a429796edf70\">\n<div class=\"wp-block-toolset-blocks-grid-column tb-grid-column tb-grid-align-top\" data-toolset-blocks-grid-column=\"89e1e0dc39d3e98fead7c4090a01f1bc\">\n<p class=\"tb-heading has-text-color has-background wa aligncenter\" data-toolset-blocks-heading=\"273107ffbd4dd1c4671a651a69c7655a\" data-last-update=\"1.4\">B\u01b0\u1edbc 1<\/p>\n\n\n\n<p class=\"tb-heading has-text-color\" data-toolset-blocks-heading=\"659dd5913ccccf4c54a2a438a35416f5\" data-last-update=\"1.4\">\u0110\u0103ng nh\u1eadp v\u00e0o <a href=\"https:\/\/wpml.org\/vi\/account\/\">T\u00e0i kho\u1ea3n WPML<\/a> \u0111\u00e3 h\u1ebft h\u1ea1n c\u1ee7a b\u1ea1n<\/p>\n<\/div>\n\n\n\n<div class=\"wp-block-toolset-blocks-grid-column tb-grid-column tb-grid-align-top\" data-toolset-blocks-grid-column=\"89e1e0dc39d3e98fead7c4090a01f1bc\">\n<p class=\"tb-heading has-text-color has-background wa aligncenter\" data-toolset-blocks-heading=\"273107ffbd4dd1c4671a651a69c7655a\" data-last-update=\"1.4\">B\u01b0\u1edbc 2<\/p>\n\n\n\n<p class=\"tb-heading has-text-color\" data-toolset-blocks-heading=\"e49c26538802030c4b291cb432b9921c\" data-last-update=\"1.4\">Nh\u1ea5p v\u00e0o <strong>Gia h\u1ea1n t\u00e0i kho\u1ea3n c\u1ee7a b\u1ea1n<\/strong> trong th\u00f4ng b\u00e1o<\/p>\n<\/div>\n\n\n\n<div class=\"wp-block-toolset-blocks-grid-column tb-grid-column tb-grid-align-top\" data-toolset-blocks-grid-column=\"89e1e0dc39d3e98fead7c4090a01f1bc\">\n<p class=\"tb-heading has-text-color has-background wa aligncenter\" data-toolset-blocks-heading=\"273107ffbd4dd1c4671a651a69c7655a\" data-last-update=\"1.4\">B\u01b0\u1edbc 3<\/p>\n\n\n\n<p class=\"tb-heading has-text-color\" data-toolset-blocks-heading=\"e49c26538802030c4b291cb432b9921c\" data-last-update=\"1.4\">Ho\u00e0n t\u1ea5t thanh to\u00e1n v\u00e0 thanh to\u00e1n<\/p>\n<\/div>\n<\/div>\n<\/div><\/div>\n\n<div style=\"height:20px\" aria-hidden=\"true\" class=\"wp-block-spacer\"><\/div>\n\n<div class=\"wp-block-toolset-blocks-container tb-container\" data-toolset-blocks-container=\"9aa1ac579f2c88c7aaf6219534e4b8ea\"><div class=\"tb-container-inner\">\n<div id=\"FAQ\" class=\"wp-block-toolset-blocks-container tb-container\" data-toolset-blocks-container=\"b85bbea7fba27be991aa0c24c63aa6ba\">\n<h3 class=\"tb-heading has-text-color\" data-toolset-blocks-heading=\"9577dea7d75d2ba21e3ec7d0eadf3c94\" data-last-update=\"1.4\">Nh\u1eefng c\u00e2u h\u1ecfi th\u01b0\u1eddng g\u1eb7p<\/h3>\n\n\n\n<div class=\"wp-block-toolset-blocks-container tb-container\" data-toolset-blocks-container=\"b58d71c6b23adcf044605babd02164c4\">\n<div id=\"what-is-a-credit-lnk\" class=\"tb-fields-and-text\" data-toolset-blocks-fields-and-text=\"af636384927fde30cddd30da1d57c590\"><p><a class=\"anchorlink btn btn-primary no-underline\" role=\"button\" href=\"#renewals-credits\" data-toggle=\"collapse\" aria-expanded=\"false\" aria-controls=\"collapseExample\" style=\"   color: #373737; font-weight: bold;\">N\u1ea1p ti\u1ec1n t\u00edn d\u1ee5ng l\u00e0 g\u00ec?<\/a><\/p><\/div>\n\n\n\n<div id=\"renewals-credits\" class=\"wp-block-toolset-blocks-container tb-container collapse\" data-toolset-blocks-container=\"543a6cca6897caf680dd72ddca86f52c\">\n<div class=\"wp-block-toolset-blocks-container tb-container card-body card\" data-toolset-blocks-container=\"4709f8ae6b8c27d262b7a97685dda302\">\n<div class=\"wp-block-toolset-blocks-grid tb-grid\" data-toolset-blocks-grid=\"e9d2b9c7255d69a7c46b00fef2b535e9\">\n<div class=\"wp-block-toolset-blocks-grid-column tb-grid-column tb-grid-align-center\" data-toolset-blocks-grid-column=\"f586ff7bfe1d7317c63162ec7b7039ed\">\n<div class=\"tb-video\"><video autoplay=\"\" playsinline=\"\" loop=\"\" muted=\"\" data-src=\"https:\/\/wpml.org\/wp-content\/uploads\/2023\/07\/Video-renew-WPML-1.mp4\" data-toolset-blocks-video=\"6e01a70e0c5e31ccf7d44b670e33d470\"><\/video><\/div>\n<\/div>\n\n\n\n<div class=\"wp-block-toolset-blocks-grid-column tb-grid-column tb-grid-align-center\" data-toolset-blocks-grid-column=\"f586ff7bfe1d7317c63162ec7b7039ed\">\n<div class=\"tb-fields-and-text product-page-content\" data-toolset-blocks-fields-and-text=\"934dc2c72b193267729e3c3ffd4c5a0c\"><div class=\"wp-block-toolset-blocks-grid tb-grid product-page-content\" data-toolset-blocks-grid=\"1151edddf677d57865be04c77ac1cb97\">\n  <div class=\"wp-block-toolset-blocks-grid-column tb-grid-column tb-grid-align-center\" data-toolset-blocks-grid-column=\"f586ff7bfe1d7317c63162ec7b7039ed\">\n    <p>M\u1ed7i l\u1ea7n b\u1ea1n gia h\u1ea1n WPML, ch\u00fang t\u00f4i s\u1ebd n\u1ea1p l\u1ea1i s\u1ed1 d\u01b0 t\u00edn d\u1ee5ng d\u1ecbch thu\u1eadt c\u1ee7a b\u1ea1n l\u00ean \u0111\u1ebfn m\u1ed9t gi\u1edbi h\u1ea1n nh\u1ea5t \u0111\u1ecbnh:  <\/p>\n    <ul class=\"wp-block-list\">\n      <li><strong>Multilingual CMS<\/strong> \u2013 l\u00ean \u0111\u1ebfn 90.000 credit  <\/li>\n      <li><strong>Multilingual Agency<\/strong> \u2013 l\u00ean \u0111\u1ebfn 180.000 credit<\/li>\n    <\/ul>\n  <\/div>\n<\/div><\/div>\n<\/div>\n<\/div>\n\n\n\n<p class=\"tb-heading\" data-toolset-blocks-heading=\"8421bda8b50dfb8caa6445075e894f0b\" data-last-update=\"1.4\">V\u00ed d\u1ee5, n\u1ebfu b\u1ea1n c\u00f3 g\u00f3i <strong>Multilingual CMS <\/strong>c\u00f2n d\u01b0 33.000 credit, b\u1ea1n s\u1ebd nh\u1eadn \u0111\u01b0\u1ee3c 57.000 credit khi gia h\u1ea1n WPML.  <\/p>\n<\/div>\n<\/div>\n<\/div>\n\n\n\n<div class=\"wp-block-toolset-blocks-container tb-container\" data-toolset-blocks-container=\"b58d71c6b23adcf044605babd02164c4\">\n<div id=\"calculate-your-cost-lnk\" class=\"tb-fields-and-text\" data-toolset-blocks-fields-and-text=\"83b909202873c48f1a431dcfe7e3fd31\"><p><a class=\"anchorlink btn btn-primary no-underline\" role=\"button\" href=\"#payment-method\" data-toggle=\"collapse\" aria-expanded=\"false\" aria-controls=\"collapseExample\" style=\"   color: #373737; font-weight: bold;\">T\u00f4i c\u00f3 th\u1ec3 chuy\u1ec3n nh\u01b0\u1ee3ng quy\u1ec1n gia h\u1ea1n cho kh\u00e1ch h\u00e0ng c\u1ee7a m\u00ecnh kh\u00f4ng?<\/a><\/p><\/div>\n\n\n\n<div id=\"payment-method\" class=\"wp-block-toolset-blocks-container tb-container collapse\" data-toolset-blocks-container=\"dec7797e6ac58ce5e9c9a487f19f3a9d\">\n<div class=\"wp-block-toolset-blocks-container tb-container card-body card\" data-toolset-blocks-container=\"4709f8ae6b8c27d262b7a97685dda302\">\n<p class=\"tb-heading\" data-toolset-blocks-heading=\"8421bda8b50dfb8caa6445075e894f0b\" data-last-update=\"1.4\">K\u1ec3 t\u1eeb ng\u00e0y 13 th\u00e1ng 1 n\u0103m 2026, qu\u00fd v\u1ecb kh\u00f4ng th\u1ec3 chuy\u1ec3n nh\u01b0\u1ee3ng vi\u1ec7c gia h\u1ea1n cho kh\u00e1ch h\u00e0ng c\u1ee7a m\u00ecnh. C\u00e1c y\u00eau c\u1ea7u chuy\u1ec3n nh\u01b0\u1ee3ng \u0111\u01b0\u1ee3c th\u1ef1c hi\u1ec7n tr\u01b0\u1edbc ng\u00e0y \u0111\u00f3 s\u1ebd v\u1eabn ti\u1ebfp t\u1ee5c c\u00f3 hi\u1ec7u l\u1ef1c \u0111\u1ed1i v\u1edbi nh\u1eefng ng\u01b0\u1eddi d\u00f9ng cu\u1ed1i hi\u1ec7n t\u1ea1i.  N\u1ebfu kh\u00e1ch h\u00e0ng c\u1ee7a qu\u00fd v\u1ecb mu\u1ed1n ti\u1ebfp qu\u1ea3n trang web m\u00e0 qu\u00fd v\u1ecb \u0111\u00e3 x\u00e2y d\u1ef1ng cho h\u1ecd, h\u1ecd n\u00ean <a href=\"https:\/\/wpml.org\/purchase\/paying-wpml-renewal-for-my-site\/\">mua g\u00f3i \u0111\u0103ng k\u00fd WPML v\u00e0 \u0111\u0103ng k\u00fd l\u1ea1i trang web<\/a>. <\/p>\n<\/div>\n<\/div>\n<\/div>\n<\/div>\n<\/div><\/div>\n","protected":false},"excerpt":{"rendered":"","protected":false},"author":204756,"featured_media":0,"parent":15671788,"menu_order":0,"comment_status":"closed","ping_status":"closed","template":"template-full.php","meta":{"_bbp_topic_count":0,"_bbp_reply_count":0,"_bbp_total_topic_count":0,"_bbp_total_reply_count":0,"_bbp_voice_count":0,"_bbp_anonymous_reply_count":0,"_bbp_topic_count_hidden":0,"_bbp_reply_count_hidden":0,"_bbp_forum_subforum_count":0,"_uag_custom_page_level_css":"","ep_exclude_from_search":false,"footnotes":""},"related-projects-category":[],"class_list":["post-16954260","page","type-page","status-publish","hentry"],"spectra_custom_meta":{"_subscription_coupon_product_id":["0"],"_wpv_contains_gutenberg_views":[""],"_alp_processed":["1776873237"],"wpcf-unformatted-code":[""],"_wpml_media_duplicate":["1"],"_wpml_media_featured":["1"],"toolset_post_editor_mode":["block"],"wpcf-price-increase-show-from":[""],"wpcf-price-increase-show-till":[""],"_wp_page_template":["template-full.php"],"_last_translation_edit_mode":["translation-editor"],"_wpml_word_count":["398"],"cmplz_hide_cookiebanner":[""],"wpcf-price-increase-content":[""],"wpcf-login-box-title":[""],"wpcf-page-content":[""],"_yoast_wpseo_primary_related-projects-category":[""],"_yoast_wpseo_title":["%%page%% %%title%%"],"_yoast_wpseo_metadesc":["Kh\u00e1m ph\u00e1 l\u1ee3i \u00edch c\u1ee7a vi\u1ec7c duy tr\u00ec ho\u1ea1t \u0111\u1ed9ng \u0111\u0103ng k\u00fd WPML c\u1ee7a b\u1ea1n v\u00e0 c\u00e1ch qu\u1ea3n l\u00fd vi\u1ec7c gia h\u1ea1n."],"_uag_css_file_name":["uag-css-16954260.css"],"_uag_page_assets":["a:9:{s:3:\"css\";s:0:\"\";s:2:\"js\";s:0:\"\";s:18:\"current_block_list\";a:10:{i:0;s:24:\"toolset-blocks\/container\";i:1;s:19:\"toolset-blocks\/grid\";i:2;s:26:\"toolset-blocks\/grid-column\";i:3;s:22:\"toolset-blocks\/heading\";i:4;s:30:\"toolset-blocks\/fields-and-text\";i:5;s:21:\"toolset-blocks\/button\";i:7;s:20:\"toolset-blocks\/image\";i:8;s:11:\"core\/spacer\";i:13;s:20:\"toolset-blocks\/video\";i:14;s:14:\"core\/shortcode\";}s:8:\"uag_flag\";b:0;s:11:\"uag_version\";s:10:\"1778331334\";s:6:\"gfonts\";a:0:{}s:10:\"gfonts_url\";s:0:\"\";s:12:\"gfonts_files\";a:0:{}s:14:\"uag_faq_layout\";b:0;}"]},"uagb_featured_image_src":{"full":false,"thumbnail":false,"medium":false,"medium_large":false,"large":false,"1536x1536":false,"2048x2048":false,"gform-image-choice-sm":false,"gform-image-choice-md":false,"gform-image-choice-lg":false,"woocommerce_thumbnail":false,"woocommerce_single":false,"woocommerce_gallery_thumbnail":false},"uagb_author_info":{"display_name":"Julia Kovaleva","author_link":"https:\/\/wpml.org\/vi\/author\/julia-k\/"},"uagb_comment_info":0,"uagb_excerpt":null,"_links":{"self":[{"href":"https:\/\/wpml.org\/vi\/wp-json\/wp\/v2\/pages\/16954260","targetHints":{"allow":["GET"]}}],"collection":[{"href":"https:\/\/wpml.org\/vi\/wp-json\/wp\/v2\/pages"}],"about":[{"href":"https:\/\/wpml.org\/vi\/wp-json\/wp\/v2\/types\/page"}],"author":[{"embeddable":true,"href":"https:\/\/wpml.org\/vi\/wp-json\/wp\/v2\/users\/204756"}],"replies":[{"embeddable":true,"href":"https:\/\/wpml.org\/vi\/wp-json\/wp\/v2\/comments?post=16954260"}],"version-history":[{"count":7,"href":"https:\/\/wpml.org\/vi\/wp-json\/wp\/v2\/pages\/16954260\/revisions"}],"predecessor-version":[{"id":17988443,"href":"https:\/\/wpml.org\/vi\/wp-json\/wp\/v2\/pages\/16954260\/revisions\/17988443"}],"up":[{"embeddable":true,"href":"https:\/\/wpml.org\/vi\/wp-json\/wp\/v2\/pages\/15671788"}],"wp:attachment":[{"href":"https:\/\/wpml.org\/vi\/wp-json\/wp\/v2\/media?parent=16954260"}],"wp:term":[{"taxonomy":"related-projects-category","embeddable":true,"href":"https:\/\/wpml.org\/vi\/wp-json\/wp\/v2\/related-projects-category?post=16954260"}],"curies":[{"name":"wp","href":"https:\/\/api.w.org\/{rel}","templated":true}]}}