{"id":17060747,"date":"2025-05-21T09:22:20","date_gmt":"2025-05-21T09:22:20","guid":{"rendered":"https:\/\/wpml.org\/huong-dan-bat-dau\/cac-trang-web-da-ngon-ngu-don-gian-hoat-dong-tot-hon-meo-da-duoc-chung-minh-de-tang-luu-luong-truy-cap-toan-cau-cua-ban\/"},"modified":"2025-05-22T10:17:18","modified_gmt":"2025-05-22T10:17:18","slug":"cac-trang-web-da-ngon-ngu-don-gian-hoat-dong-tot-hon-meo-da-duoc-chung-minh-de-tang-luu-luong-truy-cap-toan-cau-cua-ban","status":"publish","type":"page","link":"https:\/\/wpml.org\/vi\/tai-lieu-wpml\/huong-dan-bat-dau\/cac-trang-web-da-ngon-ngu-don-gian-hoat-dong-tot-hon-meo-da-duoc-chung-minh-de-tang-luu-luong-truy-cap-toan-cau-cua-ban\/","title":{"rendered":"C\u00e1c trang web \u0111a ng\u00f4n ng\u1eef \u0111\u01a1n gi\u1ea3n ho\u1ea1t \u0111\u1ed9ng t\u1ed1t h\u01a1n: M\u1eb9o \u0111\u00e3 \u0111\u01b0\u1ee3c ch\u1ee9ng minh \u0111\u1ec3 t\u0103ng l\u01b0u l\u01b0\u1ee3ng truy c\u1eadp to\u00e0n c\u1ea7u c\u1ee7a b\u1ea1n"},"content":{"rendered":"\n<div class=\"wp-block-toolset-blocks-container tb-container\" data-toolset-blocks-container=\"533d08cc674037c70041fd3f7aae99e1\"><div class=\"tb-container-inner\">\n<p class=\"tb-heading has-text-color\" data-toolset-blocks-heading=\"0190bf5c0f5e682e6e1d8be7e6f401ac\" data-last-update=\"1.4\"><span><span><a href=\"https:\/\/wpml.org\/vi\/trang-chu\/\">Home<\/a><\/span><\/span><\/p>\n\n\n\n<h1 class=\"tb-heading has-text-color\" data-toolset-blocks-heading=\"6a873bf0b5ed2ed5795fdeb334d80d4f\" data-last-update=\"1.4\">C\u00e1c trang web \u0111a ng\u00f4n ng\u1eef \u0111\u01a1n gi\u1ea3n ho\u1ea1t \u0111\u1ed9ng t\u1ed1t h\u01a1n: M\u1eb9o \u0111\u00e3 \u0111\u01b0\u1ee3c ch\u1ee9ng minh \u0111\u1ec3 t\u0103ng l\u01b0u l\u01b0\u1ee3ng truy c\u1eadp to\u00e0n c\u1ea7u c\u1ee7a b\u1ea1n<\/h1>\n\n\n\n<p class=\"lead\">Tr\u01b0\u1edbc khi b\u1eaft \u0111\u1ea7u d\u1ecbch b\u1eb1ng WPML , h\u00e3y t\u00ecm hi\u1ec3u c\u00e1ch tr\u00e1nh c\u00e1c s\u1ef1 c\u1ed1 thi\u1ebft l\u1eadp l\u00e0m ch\u1eadm c\u00e1c trang web \u0111a ng\u00f4n ng\u1eef m\u1edbi v\u00e0 l\u00e0m theo c\u00e1c b\u01b0\u1edbc \u0111\u00e3 \u0111\u01b0\u1ee3c ch\u1ee9ng minh m\u00e0 nh\u1eefng ng\u01b0\u1eddi kh\u00e1c s\u1eed d\u1ee5ng \u0111\u1ec3 ti\u1ebfp c\u1eadn kh\u00e1ch truy c\u1eadp to\u00e0n c\u1ea7u nhanh h\u01a1n.<br\/><\/p>\n<\/div><\/div>\n\n<div class=\"wp-block-toolset-blocks-container tb-container\" data-toolset-blocks-container=\"55531053acb92725ea5ca762e946075c\"><div class=\"tb-container-inner\">\n<p class=\"has-text-align-center\" style=\"font-size:18px\">D\u1ef1a tr\u00ean nghi\u00ean c\u1ee9u c\u1ee7a ch\u00fang t\u00f4i, <strong>70% ng\u01b0\u1eddi d\u00f9ng WPML g\u1ecdi thi\u1ebft l\u1eadp c\u1ee7a h\u1ecd l\u00e0 \u201c\u00edt t\u1ed1n c\u00f4ng s\u1ee9c\u201d<\/strong> cho bi\u1ebft h\u1ecd tri\u1ec3n khai nhanh h\u01a1n, d\u1ecbch d\u1ec5 h\u01a1n v\u00e0 th\u1ea5y l\u01b0u l\u01b0\u1ee3ng truy c\u1eadp qu\u1ed1c t\u1ebf t\u0103ng v\u1ecdt, t\u1ea5t c\u1ea3 ch\u1ec9 trong v\u00e0i tu\u1ea7n.<\/p>\n<\/div><\/div>\n\n<div class=\"wp-block-toolset-blocks-container tb-container\" data-toolset-blocks-container=\"1d78ba5354d2a5e924572201d79e6137\"><div class=\"tb-container-inner\">\n<div class=\"wp-block-toolset-blocks-grid tb-grid\" data-toolset-blocks-grid=\"bd81ac74c09c9e79b69862792e617d13\">\n<div class=\"wp-block-toolset-blocks-grid-column tb-grid-column tb-grid-align-top\" data-toolset-blocks-grid-column=\"e0c62ef28c440411136281632d5a8d63\">\n<figure class=\"wp-block-image tb-image tb-image-dynamic tb-image-frame-none\" data-toolset-blocks-image=\"2e65b0810e6f93b7d78e007039a01759\"><img decoding=\"async\" width=\"1152\" height=\"1536\" loading=\"lazy\" src=\"https:\/\/wpml.org\/wp-content\/uploads\/2025\/05\/Positive-Business-Results-2.png\" alt=\"\" class=\"wp-image-17032626\" srcset=\"https:\/\/wpml.org\/wp-content\/uploads\/2025\/05\/Positive-Business-Results-2.png 1152w, https:\/\/wpml.org\/wp-content\/uploads\/2025\/05\/Positive-Business-Results-2-225x300.png 225w, https:\/\/wpml.org\/wp-content\/uploads\/2025\/05\/Positive-Business-Results-2-768x1024.png 768w, https:\/\/wpml.org\/wp-content\/uploads\/2025\/05\/Positive-Business-Results-2-113x150.png 113w, https:\/\/wpml.org\/wp-content\/uploads\/2025\/05\/Positive-Business-Results-2-300x400.png 300w\" sizes=\"auto, (max-width: 1152px) 100vw, 1152px\" \/><\/figure>\n<\/div>\n\n\n\n<div class=\"wp-block-toolset-blocks-grid-column tb-grid-column\" data-toolset-blocks-grid-column=\"9f75dfd214cb372d9492e3b770fdf02d\">\n<div class=\"wp-block-toolset-blocks-container tb-container\" data-toolset-blocks-container=\"76b9e19aebd78b467b04c64acfe33167\">\n<h2 class=\"tb-heading has-text-color\" data-toolset-blocks-heading=\"6b17c0d6cc04bb992d8ee96b9295721f\" data-last-update=\"1.4\"><strong>S\u1eed d\u1ee5ng m\u1ed9t ch\u1ee7 \u0111\u1ec1 \u0111\u00e1ng tin c\u1eady v\u00e0 ch\u1ec9 c\u00e1c plugin c\u1ea7n thi\u1ebft<\/strong><\/h2>\n\n\n\n<p class=\"tb-heading\" data-toolset-blocks-heading=\"b79e08d4e2c80337c14f6df797704d67\" data-last-update=\"1.4\">Ch\u1ee7 \u0111\u1ec1 v\u00e0 plugin b\u1ea1n ch\u1ecdn s\u1ebd \u1ea3nh h\u01b0\u1edfng \u0111\u1ebfn hi\u1ec7u su\u1ea5t, t\u00ednh \u1ed5n \u0111\u1ecbnh v\u00e0 qu\u00e1 tr\u00ecnh d\u1ecbch c\u1ee7a trang web.<br\/><br\/> Ngay c\u1ea3 tr\u00ean c\u00e1c trang web ch\u1ec9 c\u00f3 m\u1ed9t ng\u00f4n ng\u1eef, c\u00e1c plugin l\u1ed7i th\u1eddi ho\u1eb7c kh\u00f4ng c\u1ea7n thi\u1ebft c\u0169ng l\u00e0 nguy\u00ean nh\u00e2n h\u00e0ng \u0111\u1ea7u g\u00e2y ra s\u1ef1 c\u1ed1 k\u1ef9 thu\u1eadt.<br\/><br\/> Tr\u00ean c\u00e1c trang web \u0111a ng\u00f4n ng\u1eef, nh\u1eefng v\u1ea5n \u0111\u1ec1 n\u00e0y c\u00f3 th\u1ec3 l\u00e0m ch\u1eadm quy tr\u00ecnh d\u1ecbch thu\u1eadt c\u1ee7a b\u1ea1n ho\u1eb7c khi\u1ebfn trang web ho\u1ea1t \u0111\u1ed9ng kh\u00f4ng ch\u00ednh x\u00e1c tr\u00ean nhi\u1ec1u ng\u00f4n ng\u1eef.<\/p>\n\n\n\n<hr class=\"wp-block-separator has-text-color has-alpha-channel-opacity has-background is-style-wide\" style=\"margin-top:var(--wp--preset--spacing--70);margin-bottom:var(--wp--preset--spacing--70);background-color:#33879e29;color:#33879e29\"\/>\n\n\n\n<h4 class=\"tb-heading has-text-color\" data-toolset-blocks-heading=\"a5ddcdc6d0e028992a78658b1a529f45\" data-last-update=\"1.4\"><strong><strong>\u0110\u1ec3 tr\u00e1nh c\u00e1c v\u1ea5n \u0111\u1ec1 k\u1ef9 thu\u1eadt ngay t\u1eeb \u0111\u1ea7u:<\/strong><\/strong><\/h4>\n\n\n\n<ol style=\"margin-top:var(--wp--preset--spacing--30);margin-bottom:var(--wp--preset--spacing--30)\" class=\"wp-block-list\">\n<li>S\u1eed d\u1ee5ng c\u00e1c ch\u1ee7 \u0111\u1ec1 v\u00e0 plugin \u0111\u01b0\u1ee3c b\u1ea3o tr\u00ec t\u00edch c\u1ef1c v\u00e0 t\u01b0\u01a1ng th\u00edch v\u1edbi WPML .<\/li>\n\n\n\n<li>Ch\u1ec9 c\u00e0i \u0111\u1eb7t nh\u1eefng plugin th\u1ef1c s\u1ef1 c\u1ea7n thi\u1ebft.<\/li>\n\n\n\n<li>Tr\u01b0\u1edbc khi th\u00eam plugin m\u1edbi, h\u00e3y \u0111\u1ea3m b\u1ea3o plugin \u0111\u00f3 h\u1ed7 tr\u1ee3 quy tr\u00ecnh d\u1ecbch thu\u1eadt nhanh ch\u00f3ng v\u00e0 d\u1ec5 d\u00e0ng.<\/li>\n\n\n\n<li>Tr\u00e1nh s\u1eed d\u1ee5ng m\u00e3 t\u00f9y ch\u1ec9nh tr\u1eeb khi b\u1ea1n \u0111\u00e3 s\u1eb5n s\u00e0ng \u0111\u1ec3 l\u00e0m cho n\u00f3 c\u00f3 th\u1ec3 h\u1ed7 tr\u1ee3 \u0111a ng\u00f4n ng\u1eef v\u00e0 duy tr\u00ec n\u00f3<\/li>\n<\/ol>\n\n\n\n<div class=\"wp-block-toolset-blocks-container tb-container\" data-toolset-blocks-container=\"8f975b96e501b68c66ac21dfbca5db68\">\n<h5 class=\"tb-heading has-text-color\" data-toolset-blocks-heading=\"d0a79ef7c620358ad1070455c3551e5e\" data-last-update=\"1.4\">Xem <a href=\"https:\/\/wpml.org\/theme\/\"><strong>c\u00e1c ch\u1ee7 \u0111\u1ec1<\/strong><\/a> <strong>v\u00e0<\/strong> <a href=\"https:\/\/wpml.org\/plugin\/\"><strong>plugin<\/strong><\/a> <strong>\u0111\u01b0\u1ee3c WPML \u0111\u1ec1 xu\u1ea5t<\/strong><\/h5>\n<\/div>\n<\/div>\n<\/div>\n<\/div>\n\n\n\n<div class=\"wp-block-toolset-blocks-grid tb-grid\" data-toolset-blocks-grid=\"cd5472b0e1fa18860d882197280acb8c\">\n<div class=\"wp-block-toolset-blocks-grid-column tb-grid-column tb-grid-align-center\" data-toolset-blocks-grid-column=\"2c6e19232c221cec2ce8d8a5ee3199bb\">\n<figure class=\"wp-block-image tb-image tb-image-dynamic tb-image-frame-none\" data-toolset-blocks-image=\"46619af7b9bd9a31d58d5b4f321698dd\"><img decoding=\"async\" width=\"1153\" height=\"1536\" loading=\"lazy\" src=\"https:\/\/wpml.org\/wp-content\/uploads\/2025\/05\/Multilingual-Challenges-1.png\" alt=\"\" class=\"wp-image-17032640\" srcset=\"https:\/\/wpml.org\/wp-content\/uploads\/2025\/05\/Multilingual-Challenges-1.png 1153w, https:\/\/wpml.org\/wp-content\/uploads\/2025\/05\/Multilingual-Challenges-1-225x300.png 225w, https:\/\/wpml.org\/wp-content\/uploads\/2025\/05\/Multilingual-Challenges-1-769x1024.png 769w, https:\/\/wpml.org\/wp-content\/uploads\/2025\/05\/Multilingual-Challenges-1-113x150.png 113w, https:\/\/wpml.org\/wp-content\/uploads\/2025\/05\/Multilingual-Challenges-1-768x1023.png 768w, https:\/\/wpml.org\/wp-content\/uploads\/2025\/05\/Multilingual-Challenges-1-300x400.png 300w\" sizes=\"auto, (max-width: 1153px) 100vw, 1153px\" \/><\/figure>\n<\/div>\n\n\n\n<div class=\"wp-block-toolset-blocks-grid-column tb-grid-column tb-grid-align-center\" data-toolset-blocks-grid-column=\"e00106ffb333181b9331013c5f8ca37a\">\n<div class=\"wp-block-toolset-blocks-container tb-container\" data-toolset-blocks-container=\"e3162eee41dafe36aa073613d6512a56\">\n<h2 class=\"tb-heading has-text-color\" data-toolset-blocks-heading=\"6b17c0d6cc04bb992d8ee96b9295721f\" data-last-update=\"1.4\"><strong>Vi\u1ebft n\u1ed9i dung d\u1ec5 hi\u1ec3u v\u00e0 d\u1ec5 d\u1ecbch<\/strong><\/h2>\n\n\n\n<p class=\"tb-heading\" data-toolset-blocks-heading=\"b79e08d4e2c80337c14f6df797704d67\" data-last-update=\"1.4\">N\u1ebfu n\u1ed9i dung c\u1ee7a b\u1ea1n kh\u00f3 \u0111\u1ecdc b\u1eb1ng ng\u00f4n ng\u1eef g\u1ed1c, vi\u1ec7c d\u1ecbch s\u1ebd c\u00f2n kh\u00f3 h\u01a1n n\u1eefa. Ng\u00f4n ng\u1eef c\u1ee7a b\u1ea1n c\u00e0ng ph\u1ee9c t\u1ea1p, b\u1ea1n c\u00e0ng ph\u1ea3i ch\u1ec9nh s\u1eeda nhi\u1ec1u h\u01a1n\u2014v\u00e0 th\u1eddi gian \u0111\u01b0a trang web \u0111a ng\u00f4n ng\u1eef c\u1ee7a b\u1ea1n v\u00e0o ho\u1ea1t \u0111\u1ed9ng s\u1ebd c\u00e0ng l\u00e2u. <\/p>\n\n\n\n<hr class=\"wp-block-separator has-text-color has-alpha-channel-opacity has-background is-style-wide\" style=\"margin-top:var(--wp--preset--spacing--70);margin-bottom:var(--wp--preset--spacing--70);background-color:#33879e29;color:#33879e29\"\/>\n\n\n\n<h4 class=\"tb-heading has-text-color\" data-toolset-blocks-heading=\"68d18ac8380575c984fba6e3b619fa68\" data-last-update=\"1.4\"><strong><strong><strong>\u0110\u1ec3 c\u00f3 b\u1ea3n d\u1ecbch t\u1ed1t, h\u00e3y vi\u1ebft \u0111\u1ee7 \u0111\u01a1n gi\u1ea3n \u0111\u1ec3 m\u1ed9t \u0111\u1ee9a tr\u1ebb 16 tu\u1ed5i c\u0169ng c\u00f3 th\u1ec3 hi\u1ec3u \u0111\u01b0\u1ee3c:<\/strong><\/strong><\/strong><\/h4>\n\n\n\n<ol style=\"margin-top:var(--wp--preset--spacing--30);margin-bottom:var(--wp--preset--spacing--30)\" class=\"wp-block-list\">\n<li>Gi\u1eef c\u00e2u ng\u1eafn g\u1ecdn v\u00e0 tr\u1ef1c ti\u1ebfp<\/li>\n\n\n\n<li>S\u1eed d\u1ee5ng nh\u1eefng t\u1eeb \u0111\u01a1n gi\u1ea3n thay v\u00ec nh\u1eefng t\u1eeb ph\u1ee9c t\u1ea1p<\/li>\n\n\n\n<li>Tr\u00e1nh s\u1eed d\u1ee5ng th\u00e0nh ng\u1eef, ti\u1ebfng l\u00f3ng v\u00e0 c\u00e1c t\u00e0i li\u1ec7u tham kh\u1ea3o v\u0103n h\u00f3a<\/li>\n\n\n\n<li>Chia nh\u1ecf v\u0103n b\u1ea3n b\u1eb1ng ti\u00eau \u0111\u1ec1, d\u1ea5u \u0111\u1ea7u d\u00f2ng v\u00e0 \u0111o\u1ea1n v\u0103n ng\u1eafn<\/li>\n<\/ol>\n<\/div>\n<\/div>\n<\/div>\n\n\n\n<div class=\"wp-block-toolset-blocks-grid tb-grid\" data-toolset-blocks-grid=\"7c8c199e5ea1527196831a8d2e4a5b92\">\n<div class=\"wp-block-toolset-blocks-grid-column tb-grid-column tb-grid-align-center\" data-toolset-blocks-grid-column=\"2c6e19232c221cec2ce8d8a5ee3199bb\">\n<figure class=\"wp-block-image tb-image tb-image-dynamic tb-image-frame-none\" data-toolset-blocks-image=\"51516b4ddf404a3ec3e050145a1500a4\"><img decoding=\"async\" width=\"769\" height=\"1024\" loading=\"lazy\" src=\"https:\/\/wpml.org\/wp-content\/uploads\/2025\/05\/Automatic-1-769x1024.png\" alt=\"\" class=\"wp-image-17032655\" srcset=\"https:\/\/wpml.org\/wp-content\/uploads\/2025\/05\/Automatic-1-769x1024.png 769w, https:\/\/wpml.org\/wp-content\/uploads\/2025\/05\/Automatic-1-225x300.png 225w, https:\/\/wpml.org\/wp-content\/uploads\/2025\/05\/Automatic-1-113x150.png 113w, https:\/\/wpml.org\/wp-content\/uploads\/2025\/05\/Automatic-1-768x1023.png 768w, https:\/\/wpml.org\/wp-content\/uploads\/2025\/05\/Automatic-1-300x400.png 300w, https:\/\/wpml.org\/wp-content\/uploads\/2025\/05\/Automatic-1.png 1153w\" sizes=\"auto, (max-width: 769px) 100vw, 769px\" \/><\/figure>\n<\/div>\n\n\n\n<div class=\"wp-block-toolset-blocks-grid-column tb-grid-column tb-grid-align-center\" data-toolset-blocks-grid-column=\"e00106ffb333181b9331013c5f8ca37a\">\n<div class=\"wp-block-toolset-blocks-container tb-container\" data-toolset-blocks-container=\"76b9e19aebd78b467b04c64acfe33167\">\n<h2 class=\"tb-heading has-text-color\" data-toolset-blocks-heading=\"6b17c0d6cc04bb992d8ee96b9295721f\" data-last-update=\"1.4\"><strong>S\u1eed d\u1ee5ng d\u1ecbch t\u1ef1 \u0111\u1ed9ng<\/strong><\/h2>\n\n\n\n<p class=\"tb-heading\" data-toolset-blocks-heading=\"bb4b71d6eb70396b4d33c0a6b93081c6\" data-last-update=\"1.4\">N\u1ebfu b\u1ea1n kh\u00f4ng s\u1eed d\u1ee5ng d\u1ecbch t\u1ef1 \u0111\u1ed9ng, b\u1ea1n \u0111ang d\u00e0nh qu\u00e1 nhi\u1ec1u th\u1eddi gian v\u00e0o c\u00f4ng vi\u1ec7c th\u1ee7 c\u00f4ng. T\u1ef1 m\u00ecnh d\u1ecbch m\u1ecdi th\u1ee9 ho\u1eb7c xem l\u1ea1i t\u1eebng d\u00f2ng b\u1ea3n d\u1ecbch s\u1ebd t\u1ed1n th\u1eddi gian. B\u1ea1n c\u00f3 th\u1ec3 s\u1eed d\u1ee5ng th\u1eddi gian qu\u00fd b\u00e1u n\u00e0y \u0111\u1ec3 ti\u1ebfp th\u1ecb, SEO ho\u1eb7c \u0111i\u1ec1u h\u00e0nh doanh nghi\u1ec7p c\u1ee7a m\u00ecnh.  <br\/><br\/><a href=\"https:\/\/wpml.org\/vi\/dich-tu-dong-cho-noi-dung-wordpress-voi-wpml\/\">B\u1ea3n d\u1ecbch t\u1ef1 \u0111\u1ed9ng<\/a> c\u1ee7a WPML cung c\u1ea5p ch\u1ea5t l\u01b0\u1ee3ng tuy\u1ec7t v\u1eddi v\u1edbi chi ph\u00ed r\u1ea5t nh\u1ecf. V\u1edbi c\u00e1c kho\u1ea3n t\u00edn d\u1ee5ng \u0111i k\u00e8m khi mua WPML , b\u1ea1n c\u00f3 th\u1ec3 d\u1ecbch h\u1ea7u h\u1ebft ho\u1eb7c th\u1eadm ch\u00ed to\u00e0n b\u1ed9 trang web c\u1ee7a m\u00ecnh ngay l\u1eadp t\u1ee9c. <\/p>\n\n\n\n<hr class=\"wp-block-separator has-text-color has-alpha-channel-opacity has-background is-style-wide\" style=\"margin-top:var(--wp--preset--spacing--70);margin-bottom:var(--wp--preset--spacing--70);background-color:#33879e29;color:#33879e29\"\/>\n\n\n\n<h4 class=\"tb-heading has-text-color\" data-toolset-blocks-heading=\"a5ddcdc6d0e028992a78658b1a529f45\" data-last-update=\"1.4\"><strong><strong><strong>\u0110\u1ec3 ti\u1ebft ki\u1ec7m th\u1eddi gian v\u00e0 t\u0103ng l\u01b0u l\u01b0\u1ee3ng truy c\u1eadp \u0111a ng\u00f4n ng\u1eef c\u1ee7a b\u1ea1n nhanh h\u01a1n:<\/strong><\/strong><\/strong><\/h4>\n\n\n\n<ol style=\"margin-top:var(--wp--preset--spacing--30);margin-bottom:var(--wp--preset--spacing--30)\" class=\"wp-block-list\">\n<li>B\u1eaft \u0111\u1ea7u b\u1eb1ng c\u00e1ch t\u1ef1 \u0111\u1ed9ng d\u1ecbch trang ch\u1ee7, c\u00e1c trang \u0111\u00edch h\u00e0ng \u0111\u1ea7u v\u00e0 n\u1ed9i dung th\u00fac \u0111\u1ea9y chuy\u1ec3n \u0111\u1ed5i.<\/li>\n\n\n\n<li class=\"has-link-color wp-elements-4dfe8f9815dde87ca338dd1fecc659fd\">  N\u1ebfu <a href=\"https:\/\/wpml.org\/vi\/dich-tu-dong-cho-noi-dung-wordpress-voi-wpml\/wpml-ai-ban-dich-cap-do-goc-cho-wordpress\/\">WPML AI<\/a> h\u1ed7 tr\u1ee3 ng\u00f4n ng\u1eef c\u1ee7a b\u1ea1n, h\u00e3y t\u1eadn d\u1ee5ng t\u00ednh n\u0103ng nh\u1eadn bi\u1ebft ng\u1eef c\u1ea3nh, B\u1ea3n d\u1ecbch t\u1ed1t h\u01a1n con ng\u01b0\u1eddi, \u0111\u1ecdc nh\u01b0 th\u1ec3 \u0111\u01b0\u1ee3c vi\u1ebft b\u1edfi ng\u01b0\u1eddi b\u1ea3n ng\u1eef.<\/li>\n\n\n\n<li>\u0110\u1eebng \u0111\u1ec3 n\u1ed9i dung \u1edf d\u1ea1ng b\u1ea3n nh\u00e1p ch\u1edd b\u1ea3n d\u1ecbch ho\u00e0n h\u1ea3o\u2014b\u1ea3n d\u1ecbch \u0111\u00e3 xu\u1ea5t b\u1ea3n s\u1ebd thu h\u00fat \u0111\u01b0\u1ee3c kh\u00e1ch truy c\u1eadp.<\/li>\n\n\n\n<li>Sau khi xu\u1ea5t b\u1ea3n, h\u00e3y \u0111\u1ec3 ph\u1ea3n h\u1ed3i th\u1ef1c t\u1ebf cho b\u1ea1n bi\u1ebft \u0111i\u1ec1u g\u00ec c\u1ea7n c\u1ea3i thi\u1ec7n v\u00e0 \u0111i\u1ec1u g\u00ec \u0111\u00e3 hi\u1ec7u qu\u1ea3.<\/li>\n<\/ol>\n<\/div>\n<\/div>\n<\/div>\n<\/div><\/div>\n\n<div class=\"wp-block-toolset-blocks-container tb-container\" data-toolset-blocks-container=\"4cbda994512a716922e3f1c16d89ae6c\"><div class=\"tb-container-inner\">\n<hr class=\"wp-block-separator has-text-color has-alpha-channel-opacity has-background is-style-wide\" style=\"margin-top:var(--wp--preset--spacing--70);margin-bottom:var(--wp--preset--spacing--70);background-color:#33879e29;color:#33879e29\"\/>\n\n\n\n<h2 class=\"tb-heading has-text-color\" data-toolset-blocks-heading=\"6b17c0d6cc04bb992d8ee96b9295721f\" data-last-update=\"1.4\"><strong>C\u00f3 th\u00eam l\u01b0u l\u01b0\u1ee3ng truy c\u1eadp v\u1edbi m\u1ed9t trang web \u0111a ng\u00f4n ng\u1eef \u0111\u01a1n gi\u1ea3n<\/strong><\/h2>\n\n\n\n<p class=\"tb-heading\" data-toolset-blocks-heading=\"b79e08d4e2c80337c14f6df797704d67\" data-last-update=\"1.4\">M\u1ecdi th\u1ee9 b\u1ea1n th\u1ea5y \u1edf \u0111\u00e2y \u0111\u1ec1u d\u1ef1a tr\u00ean d\u1eef li\u1ec7u th\u1ef1c t\u1ebf t\u1eeb h\u00e0ng tr\u0103m ng\u01b0\u1eddi d\u00f9ng WPML . K\u1ebft qu\u1ea3 r\u1ea5t r\u00f5 r\u00e0ng: c\u00e1c trang web \u0111a ng\u00f4n ng\u1eef th\u00e0nh c\u00f4ng nh\u1ea5t \u0111\u1ec1u gi\u1eef m\u1ecdi th\u1ee9 \u0111\u01a1n gi\u1ea3n. H\u1ecd t\u1eadp trung v\u00e0o nh\u1eefng \u0111i\u1ec1u c\u1ed1t y\u1ebfu: ch\u1ee7 \u0111\u1ec1 v\u00e0 plugin \u0111\u00e1ng tin c\u1eady, n\u1ed9i dung d\u1ec5 hi\u1ec3u v\u00e0 b\u1ea3n d\u1ecbch nhanh. \u0110\u00f3 l\u00e0 nh\u1eefng g\u00ec d\u1eabn \u0111\u1ebfn hi\u1ec7u su\u1ea5t t\u1ed1t h\u01a1n.   <br\/><br\/>B\u1ea1n c\u00f3 c\u00f9ng chi\u1ebfn l\u01b0\u1ee3c trong tay. B\u00e2y gi\u1edd l\u00e0 l\u00fac \u0111\u01b0a ch\u00fang v\u00e0o h\u00e0nh \u0111\u1ed9ng. <\/p>\n\n\n\n<div class=\"wp-block-toolset-blocks-container tb-container\" data-toolset-blocks-container=\"e6d2ff72a4fe049897bbda010079e492\">\n<div class=\"wp-block-group is-vertical is-content-justification-center is-layout-flex wp-container-core-group-is-layout-eee6a810 wp-block-group-is-layout-flex\">\n<h3 class=\"tb-heading has-text-color\" data-toolset-blocks-heading=\"b772800d09532af8a595172a6a5d0c10\" data-last-update=\"1.4\"><strong><strong>H\u00e3y \u0111\u1ec3 ch\u00fang t\u00f4i d\u1ecbch trang web c\u1ee7a b\u1ea1n<\/strong><\/strong><\/h3>\n\n\n\n<h4 class=\"tb-heading has-text-color\" data-toolset-blocks-heading=\"1de052fd8130ca5acd9b9cd1d93d1791\" data-last-update=\"1.4\">B\u1ea1n c\u00f3 c\u00e1c c\u00f4ng c\u1ee5, m\u1eb9o v\u00e0 s\u1ef1 t\u1ef1 tin \u0111\u1ec3 b\u1eaft \u0111\u1ea7u ti\u1ebfp c\u1eadn \u0111\u1ed1i t\u01b0\u1ee3ng kh\u00e1n gi\u1ea3 m\u1edbi.<\/h4>\n<\/div>\n\n\n\n<div class=\"tb-button\" data-toolset-blocks-button=\"de24d4a9aab3f7deb17fcbb9bb5a96a4\"><a class=\"tb-button__link\" href=\"https:\/\/wpml.org\/documentation\/translating-your-contents\/\"><i class=\"tb-button__icon\"><\/i><span class=\"tb-button__content\">D\u1ecbch trang \u0111\u1ea7u ti\u00ean c\u1ee7a b\u1ea1n<\/span><\/a><\/div>\n<\/div>\n<\/div><\/div>\n","protected":false},"excerpt":{"rendered":"","protected":false},"author":538393,"featured_media":0,"parent":14527667,"menu_order":0,"comment_status":"closed","ping_status":"closed","template":"template-full.php","meta":{"_bbp_topic_count":0,"_bbp_reply_count":0,"_bbp_total_topic_count":0,"_bbp_total_reply_count":0,"_bbp_voice_count":0,"_bbp_anonymous_reply_count":0,"_bbp_topic_count_hidden":0,"_bbp_reply_count_hidden":0,"_bbp_forum_subforum_count":0,"_uag_custom_page_level_css":"","ep_exclude_from_search":false,"footnotes":""},"related-projects-category":[],"class_list":["post-17060747","page","type-page","status-publish","hentry"],"spectra_custom_meta":{"_subscription_coupon_product_id":["0"],"_wpv_contains_gutenberg_views":[""],"_alp_processed":["1747909038"],"wpcf-unformatted-code":[""],"_wpml_media_duplicate":["1"],"_wpml_media_featured":["1"],"wpcf-display-breadcrumbs":["0"],"toolset_post_editor_mode":["block"],"wpcf-price-increase-show-from":[""],"wpcf-price-increase-show-till":[""],"_wp_page_template":["template-full.php"],"_yoast_wpseo_metadesc":["70% ng\u01b0\u1eddi d\u00f9ng WPML c\u00f3 thi\u1ebft l\u1eadp trang web WordPress \u0111\u01a1n gi\u1ea3n s\u1ebd kh\u1edfi ch\u1ea1y nhanh h\u01a1n, d\u1ecbch d\u1ec5 h\u01a1n v\u00e0 t\u0103ng l\u01b0u l\u01b0\u1ee3ng truy c\u1eadp qu\u1ed1c t\u1ebf ch\u1ec9 trong v\u00e0i tu\u1ea7n."],"_last_translation_edit_mode":["translation-editor"],"_wpml_word_count":["909"],"_uagb_previous_block_counts":["a:90:{s:21:\"uagb\/advanced-heading\";i:0;s:15:\"uagb\/blockquote\";i:0;s:12:\"uagb\/buttons\";i:0;s:18:\"uagb\/buttons-child\";i:0;s:19:\"uagb\/call-to-action\";i:0;s:15:\"uagb\/cf7-styler\";i:0;s:11:\"uagb\/column\";i:0;s:12:\"uagb\/columns\";i:0;s:14:\"uagb\/container\";i:0;s:21:\"uagb\/content-timeline\";i:0;s:27:\"uagb\/content-timeline-child\";i:0;s:14:\"uagb\/countdown\";i:0;s:12:\"uagb\/counter\";i:0;s:8:\"uagb\/faq\";i:0;s:14:\"uagb\/faq-child\";i:0;s:10:\"uagb\/forms\";i:0;s:17:\"uagb\/forms-accept\";i:0;s:19:\"uagb\/forms-checkbox\";i:0;s:15:\"uagb\/forms-date\";i:0;s:16:\"uagb\/forms-email\";i:0;s:17:\"uagb\/forms-hidden\";i:0;s:15:\"uagb\/forms-name\";i:0;s:16:\"uagb\/forms-phone\";i:0;s:16:\"uagb\/forms-radio\";i:0;s:17:\"uagb\/forms-select\";i:0;s:19:\"uagb\/forms-textarea\";i:0;s:17:\"uagb\/forms-toggle\";i:0;s:14:\"uagb\/forms-url\";i:0;s:14:\"uagb\/gf-styler\";i:0;s:15:\"uagb\/google-map\";i:0;s:11:\"uagb\/how-to\";i:0;s:16:\"uagb\/how-to-step\";i:0;s:9:\"uagb\/icon\";i:0;s:14:\"uagb\/icon-list\";i:0;s:20:\"uagb\/icon-list-child\";i:0;s:10:\"uagb\/image\";i:0;s:18:\"uagb\/image-gallery\";i:0;s:13:\"uagb\/info-box\";i:0;s:18:\"uagb\/inline-notice\";i:0;s:11:\"uagb\/lottie\";i:0;s:21:\"uagb\/marketing-button\";i:0;s:10:\"uagb\/modal\";i:0;s:18:\"uagb\/popup-builder\";i:0;s:16:\"uagb\/post-button\";i:0;s:18:\"uagb\/post-carousel\";i:0;s:17:\"uagb\/post-excerpt\";i:0;s:14:\"uagb\/post-grid\";i:0;s:15:\"uagb\/post-image\";i:0;s:17:\"uagb\/post-masonry\";i:0;s:14:\"uagb\/post-meta\";i:0;s:18:\"uagb\/post-taxonomy\";i:0;s:18:\"uagb\/post-timeline\";i:0;s:15:\"uagb\/post-title\";i:0;s:20:\"uagb\/restaurant-menu\";i:0;s:26:\"uagb\/restaurant-menu-child\";i:0;s:11:\"uagb\/review\";i:0;s:12:\"uagb\/section\";i:0;s:14:\"uagb\/separator\";i:0;s:11:\"uagb\/slider\";i:0;s:17:\"uagb\/slider-child\";i:0;s:17:\"uagb\/social-share\";i:0;s:23:\"uagb\/social-share-child\";i:0;s:16:\"uagb\/star-rating\";i:0;s:23:\"uagb\/sure-cart-checkout\";i:0;s:22:\"uagb\/sure-cart-product\";i:0;s:15:\"uagb\/sure-forms\";i:0;s:22:\"uagb\/table-of-contents\";i:0;s:9:\"uagb\/tabs\";i:0;s:15:\"uagb\/tabs-child\";i:0;s:18:\"uagb\/taxonomy-list\";i:0;s:9:\"uagb\/team\";i:0;s:16:\"uagb\/testimonial\";i:0;s:14:\"uagb\/wp-search\";i:0;s:19:\"uagb\/instagram-feed\";i:0;s:10:\"uagb\/login\";i:0;s:17:\"uagb\/loop-builder\";i:0;s:18:\"uagb\/loop-category\";i:0;s:20:\"uagb\/loop-pagination\";i:0;s:15:\"uagb\/loop-reset\";i:0;s:16:\"uagb\/loop-search\";i:0;s:14:\"uagb\/loop-sort\";i:0;s:17:\"uagb\/loop-wrapper\";i:0;s:13:\"uagb\/register\";i:0;s:19:\"uagb\/register-email\";i:0;s:24:\"uagb\/register-first-name\";i:0;s:23:\"uagb\/register-last-name\";i:0;s:22:\"uagb\/register-password\";i:0;s:30:\"uagb\/register-reenter-password\";i:0;s:19:\"uagb\/register-terms\";i:0;s:22:\"uagb\/register-username\";i:0;}"],"_uag_css_file_name":["uag-css-17060747.css"],"_uag_page_assets":["a:9:{s:3:\"css\";s:260:\".uag-blocks-common-selector{z-index:var(--z-index-desktop) !important}@media(max-width: 976px){.uag-blocks-common-selector{z-index:var(--z-index-tablet) !important}}@media(max-width: 767px){.uag-blocks-common-selector{z-index:var(--z-index-mobile) !important}}\";s:2:\"js\";s:0:\"\";s:18:\"current_block_list\";a:12:{i:0;s:24:\"toolset-blocks\/container\";i:1;s:22:\"toolset-blocks\/heading\";i:2;s:14:\"core\/paragraph\";i:4;s:19:\"toolset-blocks\/grid\";i:5;s:26:\"toolset-blocks\/grid-column\";i:6;s:20:\"toolset-blocks\/image\";i:7;s:14:\"core\/separator\";i:8;s:9:\"core\/list\";i:9;s:14:\"core\/list-item\";i:11;s:10:\"core\/group\";i:12;s:21:\"toolset-blocks\/button\";i:13;s:14:\"core\/shortcode\";}s:8:\"uag_flag\";b:0;s:11:\"uag_version\";s:10:\"1778309430\";s:6:\"gfonts\";a:0:{}s:10:\"gfonts_url\";s:0:\"\";s:12:\"gfonts_files\";a:0:{}s:14:\"uag_faq_layout\";b:0;}"]},"uagb_featured_image_src":{"full":false,"thumbnail":false,"medium":false,"medium_large":false,"large":false,"1536x1536":false,"2048x2048":false,"gform-image-choice-sm":false,"gform-image-choice-md":false,"gform-image-choice-lg":false,"woocommerce_thumbnail":false,"woocommerce_single":false,"woocommerce_gallery_thumbnail":false},"uagb_author_info":{"display_name":"Kathy","author_link":"https:\/\/wpml.org\/vi\/author\/kathy-b\/"},"uagb_comment_info":0,"uagb_excerpt":null,"_links":{"self":[{"href":"https:\/\/wpml.org\/vi\/wp-json\/wp\/v2\/pages\/17060747","targetHints":{"allow":["GET"]}}],"collection":[{"href":"https:\/\/wpml.org\/vi\/wp-json\/wp\/v2\/pages"}],"about":[{"href":"https:\/\/wpml.org\/vi\/wp-json\/wp\/v2\/types\/page"}],"author":[{"embeddable":true,"href":"https:\/\/wpml.org\/vi\/wp-json\/wp\/v2\/users\/538393"}],"replies":[{"embeddable":true,"href":"https:\/\/wpml.org\/vi\/wp-json\/wp\/v2\/comments?post=17060747"}],"version-history":[{"count":1,"href":"https:\/\/wpml.org\/vi\/wp-json\/wp\/v2\/pages\/17060747\/revisions"}],"predecessor-version":[{"id":17060750,"href":"https:\/\/wpml.org\/vi\/wp-json\/wp\/v2\/pages\/17060747\/revisions\/17060750"}],"up":[{"embeddable":true,"href":"https:\/\/wpml.org\/vi\/wp-json\/wp\/v2\/pages\/14527667"}],"wp:attachment":[{"href":"https:\/\/wpml.org\/vi\/wp-json\/wp\/v2\/media?parent=17060747"}],"wp:term":[{"taxonomy":"related-projects-category","embeddable":true,"href":"https:\/\/wpml.org\/vi\/wp-json\/wp\/v2\/related-projects-category?post=17060747"}],"curies":[{"name":"wp","href":"https:\/\/api.w.org\/{rel}","templated":true}]}}