{"id":17122145,"date":"2014-08-12T09:28:45","date_gmt":"2014-08-12T09:28:45","guid":{"rendered":"https:\/\/wpml.org\/ho-so-tai-khoan\/cac-trang-web-da-dang-ky-cua-ban\/"},"modified":"2025-06-10T13:38:01","modified_gmt":"2025-06-10T13:38:01","slug":"cac-trang-web-da-dang-ky-cua-ban","status":"publish","type":"page","link":"https:\/\/wpml.org\/vi\/account\/cac-trang-web-da-dang-ky-cua-ban\/","title":{"rendered":"C\u00e1c trang web \u0111\u00e3 \u0111\u0103ng k\u00fd c\u1ee7a b\u1ea1n"},"content":{"rendered":"","protected":false},"excerpt":{"rendered":"","protected":false},"author":64191,"featured_media":0,"parent":17122133,"menu_order":27,"comment_status":"open","ping_status":"closed","template":"page-my-sites.php","meta":{"_bbp_topic_count":0,"_bbp_reply_count":0,"_bbp_total_topic_count":0,"_bbp_total_reply_count":0,"_bbp_voice_count":0,"_bbp_anonymous_reply_count":0,"_bbp_topic_count_hidden":0,"_bbp_reply_count_hidden":0,"_bbp_forum_subforum_count":0,"ep_exclude_from_search":false,"footnotes":""},"related-projects-category":[],"class_list":["post-17122145","page","type-page","status-publish","hentry"],"_links":{"self":[{"href":"https:\/\/wpml.org\/vi\/wp-json\/wp\/v2\/pages\/17122145","targetHints":{"allow":["GET"]}}],"collection":[{"href":"https:\/\/wpml.org\/vi\/wp-json\/wp\/v2\/pages"}],"about":[{"href":"https:\/\/wpml.org\/vi\/wp-json\/wp\/v2\/types\/page"}],"author":[{"embeddable":true,"href":"https:\/\/wpml.org\/vi\/wp-json\/wp\/v2\/users\/64191"}],"replies":[{"embeddable":true,"href":"https:\/\/wpml.org\/vi\/wp-json\/wp\/v2\/comments?post=17122145"}],"version-history":[{"count":0,"href":"https:\/\/wpml.org\/vi\/wp-json\/wp\/v2\/pages\/17122145\/revisions"}],"up":[{"embeddable":true,"href":"https:\/\/wpml.org\/vi\/wp-json\/wp\/v2\/pages\/17122133"}],"wp:attachment":[{"href":"https:\/\/wpml.org\/vi\/wp-json\/wp\/v2\/media?parent=17122145"}],"wp:term":[{"taxonomy":"related-projects-category","embeddable":true,"href":"https:\/\/wpml.org\/vi\/wp-json\/wp\/v2\/related-projects-category?post=17122145"}],"curies":[{"name":"wp","href":"https:\/\/api.w.org\/{rel}","templated":true}]}}