{"id":17417125,"date":"2009-11-24T15:13:25","date_gmt":"2009-11-24T15:13:25","guid":{"rendered":"https:\/\/wpml.org\/tai-lieu-wpml\/"},"modified":"2026-02-04T13:13:14","modified_gmt":"2026-02-04T13:13:14","slug":"tai-lieu-wpml","status":"publish","type":"page","link":"https:\/\/wpml.org\/vi\/tai-lieu-wpml\/","title":{"rendered":"T\u00e0i li\u1ec7u WPML"},"content":{"rendered":"\n<div class=\"wp-block-toolset-blocks-container tb-container documentation-search\" data-toolset-blocks-container=\"e7daccd24bb2126035a2ef3947d42538\">\n<p class=\"tb-heading has-text-color\" data-toolset-blocks-heading=\"70553cc269efcb4fee59796112969be0\" data-last-update=\"1.4\">Kh\u00e1m ph\u00e1 c\u01a1 s\u1edf ki\u1ebfn th\u1ee9c c\u1ee7a ch\u00fang t\u00f4i, \u0111\u1ea7y \u0111\u1ee7 c\u00e1c m\u1eb9o h\u1eefu \u00edch v\u00e0 th\u00f4ng tin \u0111\u1ec3 d\u1ecbch trang web v\u1edbi WPML.<\/p>\n\n\n\n<h2 class=\"tb-heading\" data-toolset-blocks-heading=\"e5c36ef89799d06ef889669191457d28\" data-last-update=\"1.4\">T\u00ecm ki\u1ebfm t\u00e0i li\u1ec7u<\/h2>\n\n\n\n<div class=\"wp-block-toolset-blocks-container tb-container\" data-toolset-blocks-container=\"2685e1f73ba83e7008e233168a05969f\"><div class=\"tb-container-inner\"><form class=\"search-form\" method=\"get\" id=\"searchform\" action=\"https:\/\/wpml.org\/vi\/\/\" role=\"search\">\n    <input type=\"text\" value=\"\" name=\"s\" id=\"s\" aria-label=\"T\u00ecm ki\u1ebfm\" \/>\n        <span role=\"presentation\">\n        <input  class=\"button-secondary\" type=\"submit\" id=\"searchsubmit\" value=\"T\u00ecm ki\u1ebfm\" \/>\n    <\/span>\n<\/form>\n\n<\/div><\/div>\n<\/div>\n\n<div class=\"wp-block-toolset-blocks-container tb-container\" data-toolset-blocks-container=\"101766e80dd2d7f119a7e5bd97971bdd\">\n<h2 id=\"about-wpml\" class=\"tb-heading has-text-color\" data-toolset-blocks-heading=\"c0fd64a0b3cc0d91883adaa8362acad2\" data-last-update=\"1.4\">B\u1eaft \u0111\u1ea7u v\u1edbi WPML<\/h2>\n\n\n\n<div class=\"wp-block-toolset-blocks-container tb-container list-ml16 blue-link\" data-toolset-blocks-container=\"8ac6248fc38a71f3b7d82c125c7c770a\">\n<p>T\u00ecm hi\u1ec3u c\u00e1ch d\u1ecbch v\u1edbi WPML b\u1eb1ng c\u00e1ch theo d\u00f5i h\u01b0\u1edbng d\u1eabn t\u1eebng b\u01b0\u1edbc c\u1ee7a ch\u00fang t\u00f4i.<\/p>\n\n\n\n<div class=\"wp-block-buttons is-layout-flex wp-block-buttons-is-layout-flex\">\n<div class=\"wp-block-button\"><a class=\"wp-block-button__link has-white-color has-text-color has-background has-link-color has-custom-font-size wp-element-button\" href=\"https:\/\/wpml.org\/vi\/tai-lieu-wpml\/huong-dan-bat-dau\/\" style=\"border-top-left-radius:6px;border-top-right-radius:6px;border-bottom-left-radius:6px;border-bottom-right-radius:6px;background-color:#0369a1;font-size:1em\">H\u01b0\u1edbng d\u1eabn WPML<\/a><\/div>\n<\/div>\n<\/div>\n<\/div>\n\n<div class=\"wp-block-toolset-blocks-grid tb-grid\" data-toolset-blocks-grid=\"f4193fc14d139744898379c6a4425d49\">\n<div class=\"wp-block-toolset-blocks-grid-column tb-grid-column\" data-toolset-blocks-grid-column=\"a6e73c9bcfb6574667bd3043cd1e8d9d\">\n<div class=\"wp-block-toolset-blocks-container tb-container\" data-toolset-blocks-container=\"d085fae808d923c3576dd92d88900a6e\">\n<h2 id=\"about-wpml\" class=\"tb-heading\" data-toolset-blocks-heading=\"8c4cb98764f6234242dc7e4afa2bb666\" data-last-update=\"1.4\">Thi\u1ebft l\u1eadp WPML<\/h2>\n\n\n\n<div class=\"wp-block-toolset-blocks-container tb-container list-ml16 blue-link\" data-toolset-blocks-container=\"8ac6248fc38a71f3b7d82c125c7c770a\">\n<ul class=\"wp-block-list\">\n<li><a href=\"https:\/\/wpml.org\/vi\/faq\/lam-cach-nao-toi-co-the-cai-dat-wpml-va-nhan-cac-ban-cap-nhat-tu-dong\/\">C\u00e1ch C\u00e0i \u0110\u1eb7t WPML<\/a><\/li>\n\n\n\n<li><a href=\"https:\/\/wpml.org\/vi\/tai-lieu-wpml\/huong-dan-bat-dau\/cai-dat-ngon-ngu\/cach-them-trinh-chuyen-doi-ngon-ngu-vao-trang-wordpress-cua-ban\/\">Th\u00eam c\u00f4ng c\u1ee5 chuy\u1ec3n \u0111\u1ed5i ng\u00f4n ng\u1eef<\/a><\/li>\n\n\n\n<li><a href=\"https:\/\/wpml.org\/faq\/how-to-remove-the-this-site-is-registered-on-wpml-org-as-a-development-site-notice\/\">X\u00f3a Th\u00f4ng B\u00e1o Ph\u00e1t Tri\u1ec3n<\/a><\/li>\n\n\n\n<li><a href=\"https:\/\/wpml.org\/vi\/tai-lieu-wpml\/cac-plugin-bo-sung-va-cot-loi-wpml\/\">Ti\u1ec7n \u00cdch M\u1edf R\u1ed9ng WPML<\/a><\/li>\n<\/ul>\n<\/div>\n<\/div>\n<\/div>\n\n\n\n<div class=\"wp-block-toolset-blocks-grid-column tb-grid-column\" data-toolset-blocks-grid-column=\"a6e73c9bcfb6574667bd3043cd1e8d9d\">\n<div class=\"wp-block-toolset-blocks-container tb-container\" data-toolset-blocks-container=\"79fbc077915fe021d15204770e0f1410\">\n<h2 id=\"getting-started\" class=\"tb-heading\" data-toolset-blocks-heading=\"556958f1afc3e10cd29df31223461b44\" data-last-update=\"1.4\">C\u00e1ch b\u1ea1n c\u00f3 th\u1ec3 d\u1ecbch<\/h2>\n\n\n\n<div class=\"wp-block-toolset-blocks-container tb-container list-ml16 blue-link\" data-toolset-blocks-container=\"8ac6248fc38a71f3b7d82c125c7c770a\">\n<ul class=\"wp-block-list\">\n<li><a href=\"https:\/\/wpml.org\/vi\/tai-lieu-wpml\/dich-tu-dong-cho-noi-dung-wordpress-voi-wpml\/\">D\u1ecbch v\u1edbi AI D\u1ecbch T\u1ef1 \u0110\u1ed9ng<\/a><\/li>\n\n\n\n<li><a href=\"https:\/\/wpml.org\/vi\/tai-lieu-wpml\/quan-ly-dich-thuat\/dich-thuat-chuyen-nghiep-qua-wpml\/\">D\u1ecbch v\u1edbi D\u1ecbch V\u1ee5 Chuy\u00ean Nghi\u1ec7p<\/a><\/li>\n\n\n\n<li><a href=\"https:\/\/wpml.org\/documentation\/support\/wpml-admin-capabilities\/\">D\u1ecbch v\u1edbi Ng\u01b0\u1eddi D\u00f9ng Kh\u00e1c<\/a><\/li>\n<\/ul>\n<\/div>\n<\/div>\n<\/div>\n<\/div>\n\n<div class=\"wp-block-toolset-blocks-grid tb-grid\" data-toolset-blocks-grid=\"cb64a63438f49f7b2068f2f0ab7f9101\">\n<div class=\"wp-block-toolset-blocks-grid-column tb-grid-column\" data-toolset-blocks-grid-column=\"a6e73c9bcfb6574667bd3043cd1e8d9d\">\n<div class=\"wp-block-toolset-blocks-container tb-container\" data-toolset-blocks-container=\"14bd8789d895fed61e88276f8f620366\">\n<h2 id=\"translation-management\" class=\"tb-heading\" data-toolset-blocks-heading=\"f2b16af4590a5a87c58a125ae89cc540\" data-last-update=\"1.4\">D\u1ecbch N\u1ed9i dung WordPress<\/h2>\n\n\n\n<div class=\"wp-block-toolset-blocks-container tb-container list-ml16 blue-link\" data-toolset-blocks-container=\"8ac6248fc38a71f3b7d82c125c7c770a\">\n<ul class=\"wp-block-list\">\n<li><a href=\"https:\/\/wpml.org\/vi\/tai-lieu-wpml\/huong-dan-bat-dau\/dich-cac-loai-bai-dang-tuy-chinh\/\">D\u1ecbch c\u00e1c lo\u1ea1i b\u00e0i \u0111\u0103ng t\u00f9y ch\u1ec9nh<\/a><\/li>\n\n\n\n<li><a href=\"https:\/\/wpml.org\/vi\/tai-lieu-wpml\/huong-dan-bat-dau\/dich-danh-muc-bai-dang-the-va-phan-loai-tuy-chinh\/\">D\u1ecbch Ph\u00e2n Lo\u1ea1i<\/a><\/li>\n\n\n\n<li><a href=\"https:\/\/wpml.org\/documentation\/getting-started-guide\/translating-content-created-using-gutenberg-editor\/\">D\u1ecbch Kh\u1ed1i Gutenberg<\/a><\/li>\n\n\n\n<li><a href=\"https:\/\/wpml.org\/vi\/tai-lieu-wpml\/huong-dan-bat-dau\/dich-menu-wordpress-bang-wpml\/\">D\u1ecbch Menu<\/a><\/li>\n\n\n\n<li><a href=\"https:\/\/wpml.org\/vi\/tai-lieu-wpml\/huong-dan-bat-dau\/cach-dich-sen-url-bang-wpml\/\">D\u1ecbch \u0110\u01b0\u1eddng D\u1eabn URL<\/a><\/li>\n<\/ul>\n<\/div>\n<\/div>\n<\/div>\n\n\n\n<div class=\"wp-block-toolset-blocks-grid-column tb-grid-column\" data-toolset-blocks-grid-column=\"a6e73c9bcfb6574667bd3043cd1e8d9d\">\n<div class=\"wp-block-toolset-blocks-container tb-container\" data-toolset-blocks-container=\"5de37c0bfb59d48488b2ffa4d976af69\">\n<h2 id=\"compatibility-with-themes-and-plugins\" class=\"tb-heading\" data-toolset-blocks-heading=\"6238278c1216de5638760754990fd349\" data-last-update=\"1.4\">Th\u01b0\u01a1ng m\u1ea1i \u0111i\u1ec7n t\u1eed \u0110a ng\u00f4n ng\u1eef<\/h2>\n\n\n\n<div class=\"wp-block-toolset-blocks-container tb-container list-ml16 blue-link\" data-toolset-blocks-container=\"8ac6248fc38a71f3b7d82c125c7c770a\">\n<ul class=\"wp-block-list\">\n<li><a href=\"https:\/\/wpml.org\/vi\/tai-lieu-wpml\/cac-du-an-lien-quan\/woocommerce-da-ngon-ngu-ngon-ngu-cac-trang-web-woocommerce-da-ngon-ngu-duoc-thuc-hien-de-dang\/cach-dich-cua-hang-woocommerce-voi-wpml\/\">D\u1ecbch C\u1eeda H\u00e0ng WooCommerce<\/a><\/li>\n\n\n\n<li><a href=\"https:\/\/wpml.org\/vi\/tai-lieu-wpml\/cac-du-an-lien-quan\/woocommerce-da-ngon-ngu-ngon-ngu-cac-trang-web-woocommerce-da-ngon-ngu-duoc-thuc-hien-de-dang\/tinh-nang-da-tien-te-cho-woocommerce\/\">\u0110a Ti\u1ec1n T\u1ec7 cho WooCommerce<\/a><\/li>\n<\/ul>\n<\/div>\n<\/div>\n<\/div>\n<\/div>\n\n<div class=\"wp-block-toolset-blocks-grid tb-grid\" data-toolset-blocks-grid=\"cb64a63438f49f7b2068f2f0ab7f9101\">\n<div class=\"wp-block-toolset-blocks-grid-column tb-grid-column\" data-toolset-blocks-grid-column=\"a6e73c9bcfb6574667bd3043cd1e8d9d\">\n<div class=\"wp-block-toolset-blocks-container tb-container\" data-toolset-blocks-container=\"469688c7f4cb7f0aaac0adfc07d96a9a\">\n<h2 id=\"developers-information\" class=\"tb-heading\" data-toolset-blocks-heading=\"c245dfcef613d9a36223bacaf51b6a09\" data-last-update=\"1.4\">T\u00e0i kho\u1ea3n &amp; Thanh to\u00e1n<\/h2>\n\n\n\n<div class=\"wp-block-toolset-blocks-container tb-container list-ml16 blue-link\" data-toolset-blocks-container=\"8ac6248fc38a71f3b7d82c125c7c770a\">\n<ul class=\"wp-block-list\">\n<li><a href=\"https:\/\/wpml.org\/vi\/faq\/lam-cach-nao-toi-co-the-nhan-hoa-don-thue-wpml-va-cap-nhat-thong-tin-thanh-toan-cua-minh\/\">Nh\u1eadn H\u00f3a \u0110\u01a1n Thu\u1ebf<\/a><\/li>\n\n\n\n<li><a href=\"https:\/\/wpml.org\/vi\/tai-lieu-wpml\/dich-tu-dong-cho-noi-dung-wordpress-voi-wpml\/phi-dich-tu-dong\/\">Mua T\u00edn D\u1ee5ng D\u1ecbch Thu\u1eadt<\/a><\/li>\n<\/ul>\n<\/div>\n<\/div>\n<\/div>\n\n\n\n<div class=\"wp-block-toolset-blocks-grid-column tb-grid-column\" data-toolset-blocks-grid-column=\"a6e73c9bcfb6574667bd3043cd1e8d9d\">\n<div class=\"wp-block-toolset-blocks-container tb-container\" data-toolset-blocks-container=\"9156250a601767085b54fb90d84b68ec\">\n<h2 id=\"tutorials\" class=\"tb-heading\" data-toolset-blocks-heading=\"34e016e0b4f4dccb4727c665abbf5021\" data-last-update=\"1.4\">T\u00e0i nguy\u00ean B\u1ed5 sung<\/h2>\n\n\n\n<div class=\"wp-block-toolset-blocks-container tb-container list-ml16 blue-link\" data-toolset-blocks-container=\"8ac6248fc38a71f3b7d82c125c7c770a\">\n<ul class=\"wp-block-list\">\n<li><a href=\"https:\/\/wpml.org\/plugin\/\">Plugin \u0111\u01b0\u1ee3c \u0111\u1ec1 xu\u1ea5t<\/a><\/li>\n\n\n\n<li><a href=\"https:\/\/wpml.org\/theme\/\">Giao Di\u1ec7n \u0110\u01b0\u1ee3c Khuy\u1ebfn Ngh\u1ecb<\/a><\/li>\n<\/ul>\n<\/div>\n<\/div>\n<\/div>\n<\/div>\n","protected":false},"excerpt":{"rendered":"","protected":false},"author":2,"featured_media":0,"parent":0,"menu_order":49,"comment_status":"closed","ping_status":"closed","template":"nosidebar-template.php","meta":{"_bbp_topic_count":0,"_bbp_reply_count":0,"_bbp_total_topic_count":0,"_bbp_total_reply_count":0,"_bbp_voice_count":0,"_bbp_anonymous_reply_count":0,"_bbp_topic_count_hidden":0,"_bbp_reply_count_hidden":0,"_bbp_forum_subforum_count":0,"_uag_custom_page_level_css":"","ep_exclude_from_search":false,"footnotes":""},"related-projects-category":[],"class_list":["post-17417125","page","type-page","status-publish","hentry"],"spectra_custom_meta":{"_subscription_coupon_product_id":["0"],"_wpv_contains_gutenberg_views":[""],"_alp_processed":["1770210794"],"_views_template":["0"],"wpcf-unformatted-code":["<script>\r\n  (function() {\r\n    var cx = '012516462473172973567:jmr07jubwwk';\r\n    var gcse = document.createElement('script'); gcse.type = 'text\/javascript'; gcse.async = true;\r\n    gcse.src = (document.location.protocol == 'https:' ? 'https:' : 'http:') +\r\n        '\/\/cse.google.com\/cse.js?cx=' + cx;\r\n    var s = document.getElementsByTagName('script')[0]; s.parentNode.insertBefore(gcse, s);\r\n  })();\r\n<\/script>\r\n<gcse:search as_sitesearch=\"wpml.org\"><\/gcse:search>"],"wpcf-disable-autop":["1"],"_wpml_media_duplicate":["0"],"_wpml_media_featured":["1"],"toolset_post_editor_mode":["block"],"wpcf-price-increase-show-from":[""],"wpcf-price-increase-show-till":[""],"_wp_page_template":["nosidebar-template.php"],"_last_translation_edit_mode":["translation-editor"],"_wpml_word_count":["182"],"_edit_lock":["1758540854:795727"],"cmplz_hide_cookiebanner":[""],"wpcf-price-increase-content":[""],"wpcf-login-box-title":[""],"wpcf-page-content":[""],"_yoast_wpseo_primary_related-projects-category":[""],"_yoast_wpseo_title":["%%title%% %%page%%"],"_yoast_wpseo_metadesc":["Kh\u00e1m ph\u00e1 c\u01a1 s\u1edf ki\u1ebfn th\u1ee9c c\u1ee7a ch\u00fang t\u00f4i, \u0111\u1ea7y \u0111\u1ee7 c\u00e1c m\u1eb9o h\u1eefu \u00edch v\u00e0 th\u00f4ng tin \u0111\u1ec3 d\u1ecbch trang web v\u1edbi WPML."],"_uag_css_file_name":["uag-css-17417125.css"],"_uag_page_assets":["a:9:{s:3:\"css\";s:260:\".uag-blocks-common-selector{z-index:var(--z-index-desktop) !important}@media(max-width: 976px){.uag-blocks-common-selector{z-index:var(--z-index-tablet) !important}}@media(max-width: 767px){.uag-blocks-common-selector{z-index:var(--z-index-mobile) !important}}\";s:2:\"js\";s:0:\"\";s:18:\"current_block_list\";a:10:{i:0;s:24:\"toolset-blocks\/container\";i:1;s:22:\"toolset-blocks\/heading\";i:3;s:14:\"core\/shortcode\";i:5;s:14:\"core\/paragraph\";i:6;s:12:\"core\/buttons\";i:7;s:11:\"core\/button\";i:8;s:19:\"toolset-blocks\/grid\";i:9;s:26:\"toolset-blocks\/grid-column\";i:11;s:9:\"core\/list\";i:12;s:14:\"core\/list-item\";}s:8:\"uag_flag\";b:0;s:11:\"uag_version\";s:10:\"1778724945\";s:6:\"gfonts\";a:0:{}s:10:\"gfonts_url\";s:0:\"\";s:12:\"gfonts_files\";a:0:{}s:14:\"uag_faq_layout\";b:0;}"]},"uagb_featured_image_src":{"full":false,"thumbnail":false,"medium":false,"medium_large":false,"large":false,"1536x1536":false,"2048x2048":false,"gform-image-choice-sm":false,"gform-image-choice-md":false,"gform-image-choice-lg":false,"woocommerce_thumbnail":false,"woocommerce_single":false,"woocommerce_gallery_thumbnail":false},"uagb_author_info":{"display_name":"Amir","author_link":"https:\/\/wpml.org\/vi\/author\/amir\/"},"uagb_comment_info":0,"uagb_excerpt":null,"_links":{"self":[{"href":"https:\/\/wpml.org\/vi\/wp-json\/wp\/v2\/pages\/17417125","targetHints":{"allow":["GET"]}}],"collection":[{"href":"https:\/\/wpml.org\/vi\/wp-json\/wp\/v2\/pages"}],"about":[{"href":"https:\/\/wpml.org\/vi\/wp-json\/wp\/v2\/types\/page"}],"author":[{"embeddable":true,"href":"https:\/\/wpml.org\/vi\/wp-json\/wp\/v2\/users\/2"}],"replies":[{"embeddable":true,"href":"https:\/\/wpml.org\/vi\/wp-json\/wp\/v2\/comments?post=17417125"}],"version-history":[{"count":7,"href":"https:\/\/wpml.org\/vi\/wp-json\/wp\/v2\/pages\/17417125\/revisions"}],"predecessor-version":[{"id":17791680,"href":"https:\/\/wpml.org\/vi\/wp-json\/wp\/v2\/pages\/17417125\/revisions\/17791680"}],"wp:attachment":[{"href":"https:\/\/wpml.org\/vi\/wp-json\/wp\/v2\/media?parent=17417125"}],"wp:term":[{"taxonomy":"related-projects-category","embeddable":true,"href":"https:\/\/wpml.org\/vi\/wp-json\/wp\/v2\/related-projects-category?post=17417125"}],"curies":[{"name":"wp","href":"https:\/\/api.w.org\/{rel}","templated":true}]}}