{"id":17578423,"date":"2025-09-23T13:25:55","date_gmt":"2025-09-23T13:25:55","guid":{"rendered":"https:\/\/wpml.org\/tai-lieu-wpml\/cac-du-an-lien-quan\/xuat-va-nhap-wpml\/tu-dong-hoa-quy-trinh-wpml-export-and-import\/"},"modified":"2026-02-26T07:53:43","modified_gmt":"2026-02-26T07:53:43","slug":"tu-dong-hoa-quy-trinh-wpml-export-and-import","status":"publish","type":"page","link":"https:\/\/wpml.org\/vi\/tai-lieu-wpml\/cac-du-an-lien-quan\/xuat-va-nhap-wpml\/tu-dong-hoa-quy-trinh-wpml-export-and-import\/","title":{"rendered":"T\u1ef1 \u0111\u1ed9ng h\u00f3a quy tr\u00ecnh WPML Export and Import"},"content":{"rendered":"\n<p class=\"lead\">T\u00ecm hi\u1ec3u c\u00e1ch l\u1eadp l\u1ecbch x\u1eed l\u00fd n\u1ed9i dung \u0111a ng\u00f4n ng\u1eef \u0111\u00e3 nh\u1eadp \u0111\u01b0\u1ee3c th\u1ef1c hi\u1ec7n b\u1edfi ti\u1ec7n \u00edch b\u1ed5 sung WPML Export and Import.<\/p>\n\n<p><a href=\"https:\/\/wpml.org\/vi\/tai-lieu-wpml\/cac-du-an-lien-quan\/xuat-va-nhap-wpml\/\">WPML Export and Import<\/a> ho\u1ea1t \u0111\u1ed9ng v\u1edbi c\u00e1c plugin nh\u1eadp d\u1eef li\u1ec7u m\u00e0 b\u1ea1n \u0111\u00e3 ch\u1ecdn \u0111\u1ec3 th\u00eam th\u00f4ng tin ng\u00f4n ng\u1eef v\u00e0o n\u1ed9i dung \u0111\u01b0\u1ee3c nh\u1eadp v\u00e0 li\u00ean k\u1ebft c\u00e1c b\u1ea3n d\u1ecbch. N\u1ebfu b\u1ea1n \u0111\u00e3 l\u1eadp l\u1ecbch \u0111\u1ec3 vi\u1ec7c nh\u1eadp d\u1eef li\u1ec7u di\u1ec5n ra t\u1ef1 \u0111\u1ed9ng, b\u1ea1n kh\u00f4ng c\u1ea7n ph\u1ea3i k\u00edch ho\u1ea1t WPML Export and Import m\u1ed9t c\u00e1ch th\u1ee7 c\u00f4ng \u2014 b\u1ea1n c\u00f3 th\u1ec3 l\u1eadp l\u1ecbch \u0111\u1ec3 quy tr\u00ecnh n\u00e0y ch\u1ea1y b\u1ea5t c\u1ee9 khi n\u00e0o vi\u1ec7c nh\u1eadp d\u1eef li\u1ec7u ho\u00e0n t\u1ea5t. <\/p>\n\n<p>\u0110i\u1ec1u n\u00e0y lo\u1ea1i b\u1ecf nhu c\u1ea7u l\u00e0m vi\u1ec7c th\u1ee7 c\u00f4ng v\u00e0 cho ph\u00e9p nh\u1eadp ho\u00e0n to\u00e0n t\u1ef1 \u0111\u1ed9ng n\u1ed9i dung \u0111a ng\u00f4n ng\u1eef t\u1eeb \u0111\u1ea7u \u0111\u1ebfn cu\u1ed1i.<\/p>\n\n<h2 class=\"wp-block-heading\">C\u00e1c plugin c\u1ea7n thi\u1ebft<\/h2>\n\n<p>C\u00e0i \u0111\u1eb7t v\u00e0 k\u00edch ho\u1ea1t t\u1ea5t c\u1ea3 c\u00e1c plugin c\u1ea7n thi\u1ebft tr\u00ean c\u1ea3 trang xu\u1ea5t v\u00e0 nh\u1eadp c\u1ee7a b\u1ea1n:<\/p>\n\n<ul class=\"wp-block-list\">\n<li>M\u1ed9t <a href=\"https:\/\/wpml.org\/vi\/tai-lieu-wpml\/cac-du-an-lien-quan\/xuat-va-nhap-wpml\/#supported-export-and-import-plugins-and-tools\">plugin ho\u1eb7c c\u00f4ng c\u1ee5 xu\u1ea5t v\u00e0 nh\u1eadp WordPress \u0111\u01b0\u1ee3c h\u1ed7 tr\u1ee3<\/a><\/li>\n\n\n\n<li>WPML<\/li>\n\n\n\n<li>WPML String Translation<\/li>\n\n\n\n<li>WPML Export and Import<\/li>\n\n\n\n<li>WPML Multilingual &amp; Multicurrency for WooCommerce (ch\u1ec9 khi b\u1ea1n \u0111ang xu\u1ea5t v\u00e0 nh\u1eadp c\u00e1c s\u1ea3n ph\u1ea9m WooCommerce)<\/li>\n<\/ul>\n\n<p>Tr\u00ean trang nh\u1eadp c\u1ee7a b\u1ea1n, h\u00e3y \u0111\u1ea3m b\u1ea3o thi\u1ebft l\u1eadp WPML v\u1edbi c\u00e1c ng\u00f4n ng\u1eef b\u1ea1n \u0111ang nh\u1eadp.<\/p>\n\n<h2 class=\"wp-block-heading\">Ch\u1ecdn API \u01b0a th\u00edch c\u1ee7a b\u1ea1n<\/h2>\n\n<p>T\u00f9y thu\u1ed9c v\u00e0o c\u1ea5u h\u00ecnh nh\u1eadp \u0111\u00e3 l\u00ean l\u1ecbch c\u1ee7a b\u1ea1n, h\u00e3y s\u1eed d\u1ee5ng m\u1ed9t trong c\u00e1c API sau:<\/p>\n\n<ul class=\"wp-block-list\">\n<li><strong>URL Endpoint API<\/strong>: \u0110\u00e2y l\u00e0 m\u1ed9t \u0111i\u1ec3m cu\u1ed1i HTTP cho c\u00e1c t\u00e1c v\u1ee5 cron \u2014 th\u01b0\u1eddng \u0111\u01b0\u1ee3c s\u1eed d\u1ee5ng nh\u1ea5t khi b\u1ea1n l\u1eadp l\u1ecbch c\u00e1c h\u00e0nh \u0111\u1ed9ng v\u1edbi plugin WP All Import. V\u1edbi ph\u01b0\u01a1ng ph\u00e1p n\u00e0y, b\u1ea1n ch\u1ec9 c\u1ea7n th\u00eam m\u1ed9t URL kh\u00e1c v\u00e0o thi\u1ebft l\u1eadp hi\u1ec7n t\u1ea1i c\u1ee7a m\u00ecnh. <\/li>\n<\/ul>\n\n<ul class=\"wp-block-list\">\n<li><strong>Action Hook API<\/strong>. N\u1ebfu b\u1ea1n \u0111ang s\u1eed d\u1ee5ng PHP \u0111\u1ec3 l\u1eadp l\u1ecbch nh\u1eadp d\u1eef li\u1ec7u (v\u00ed d\u1ee5: v\u1edbi Action Scheduler), h\u00e3y th\u00eam hook h\u00e0nh \u0111\u1ed9ng n\u00e0y \u0111\u1ec3 g\u1ecdi quy tr\u00ecnh WPML Export and Import t\u1eeb t\u1eadp l\u1ec7nh c\u1ee7a b\u1ea1n. <\/li>\n<\/ul>\n\n<p>C\u1ea3 hai quy tr\u00ecnh n\u00e0y \u0111\u1ec1u d\u1eabn \u0111\u1ebfn vi\u1ec7c x\u1eed l\u00fd t\u1ef1 \u0111\u1ed9ng, im l\u1eb7ng n\u1ed9i dung \u0111a ng\u00f4n ng\u1eef c\u1ee7a b\u1ea1n.<\/p>\n\n<h3 class=\"wp-block-heading\">T\u00f9y ch\u1ecdn 1: c\u1ea5u h\u00ecnh m\u1ed9t \u0111i\u1ec3m cu\u1ed1i URL<\/h3>\n\n<p>\u0110\u1ec3 thi\u1ebft l\u1eadp \u0111i\u1ec3m cu\u1ed1i URL:<\/p>\n\n<p><strong>1. T\u1ea1o m\u1ed9t kh\u00f3a b\u1ea3o m\u1eadt m\u1ea1nh v\u00e0 duy nh\u1ea5t b\u1eb1ng c\u00e1ch th\u00eam n\u00f3 v\u00e0o wp-config.php c\u1ee7a b\u1ea1n<\/strong>.<\/p>\n<div class=\"wp-block-syntaxhighlighter-code \"><pre class=\"brush: plain; title: ; notranslate\" title=\"\">\ndefine( &#039;WPML_IMPORT_KEY&#039;, &#039;your-strong-secret-key-here&#039; );\n<\/pre><\/div>\n<p><strong>2. Th\u00eam URL x\u1eed l\u00fd v\u00e0o c\u1ea5u h\u00ecnh hi\u1ec7n c\u00f3 c\u1ee7a b\u1ea1n cho c\u00e1c l\u1ea7n nh\u1eadp \u0111\u00e3 l\u00ean l\u1ecbch<\/strong>.<\/p>\n\n<p>Bi\u1ec3u m\u1eabu URL n\u00ean l\u00e0:<\/p>\n<div class=\"wp-block-syntaxhighlighter-code \"><pre class=\"brush: plain; title: ; notranslate\" title=\"\">\nhttps:\/\/yoursite.com\/?wpml_import_trigger=your-strong-secret-key-here\n<\/pre><\/div>\n<h4 class=\"wp-block-heading\">V\u00ed d\u1ee5 v\u1edbi WP All Import Pro<\/h4>\n\n<p>Gi\u1ea3 s\u1eed b\u1ea1n \u0111ang s\u1eed d\u1ee5ng c\u1ea5u h\u00ecnh l\u1eadp l\u1ecbch th\u1ee7 c\u00f4ng trong WP All Import Pro. Thi\u1ebft l\u1eadp c\u1ee7a b\u1ea1n c\u00f3 th\u1ec3 tr\u00f4ng nh\u01b0 th\u1ebf n\u00e0y: <\/p>\n\n<figure class=\"wp-block-image tb-image tb-image-dynamic tb-image-frame-none\" data-toolset-blocks-image=\"ca199a2699a014bf97523d416677d509\"><a href=\"https:\/\/wpml.org\/wp-content\/uploads\/2025\/09\/cron-jobs-example.png\"><img decoding=\"async\" width=\"1290\" height=\"820\" loading=\"lazy\" src=\"https:\/\/wpml.org\/wp-content\/uploads\/2025\/09\/cron-jobs-example.png\" alt=\"\" class=\"wp-image-17425484\" srcset=\"https:\/\/wpml.org\/wp-content\/uploads\/2025\/09\/cron-jobs-example.png 1290w, https:\/\/wpml.org\/wp-content\/uploads\/2025\/09\/cron-jobs-example-300x191.png 300w, https:\/\/wpml.org\/wp-content\/uploads\/2025\/09\/cron-jobs-example-1024x651.png 1024w, https:\/\/wpml.org\/wp-content\/uploads\/2025\/09\/cron-jobs-example-150x95.png 150w, https:\/\/wpml.org\/wp-content\/uploads\/2025\/09\/cron-jobs-example-768x488.png 768w\" sizes=\"auto, (max-width: 1290px) 100vw, 1290px\" \/><\/a><figcaption><div class=\"tb-image-caption\">V\u00ed d\u1ee5 v\u1ec1 c\u00e1c t\u00e1c v\u1ee5 cron t\u1eeb m\u1ed9t thi\u1ebft l\u1eadp th\u1eed nghi\u1ec7m v\u1edbi WP All Import<\/div><\/figcaption><\/figure>\n\n<p>B\u00e2y gi\u1edd, b\u1ea1n ch\u1ec9 c\u1ea7n th\u00eam m\u1ed9t l\u1ec7nh cron kh\u00e1c \u0111\u1ec3 k\u00edch ho\u1ea1t URL c\u1ee7a WPML Export and Import:<\/p>\n<div class=\"wp-block-syntaxhighlighter-code \"><pre class=\"brush: plain; title: ; notranslate\" title=\"\">\nwget -q -O - &quot;https:\/\/yoursite.com\/?wpml_import_trigger=your-strong-secret-key-here&quot;\n<\/pre><\/div>\n<p>V\u1ec1 c\u01a1 b\u1ea3n, b\u1ea1n c\u1ea5u h\u00ecnh URL b\u1ed5 sung n\u00e0y gi\u1ed1ng nh\u01b0 c\u00e1ch b\u1ea1n \u0111\u00e3 c\u1ea5u h\u00ecnh c\u00e1c c\u00f4ng vi\u1ec7c cron \u0111\u00e3 l\u00ean l\u1ecbch kh\u00e1c c\u1ee7a m\u00ecnh.<\/p>\n\n<h4 class=\"wp-block-heading\">G\u1ee1 l\u1ed7i<\/h4>\n\n<p>B\u1ea1n c\u1ea7n m\u1ed9t c\u00e1ch \u0111\u1ec3 ki\u1ec3m tra l\u1ed7i n\u1ebfu ch\u00fang x\u1ea3y ra. \u0110\u1ec3 l\u00e0m \u0111i\u1ec1u n\u00e0y, h\u00e3y b\u1eadt WP_DEBUG_LOG trong PHP c\u1ee7a b\u1ea1n. <\/p>\n\n<p>\u0110i\u1ec1u n\u00e0y cho ph\u00e9p b\u1ea1n xem l\u1ed7i trong c\u00e1c m\u1ee5c nh\u1eadt k\u00fd.<\/p>\n\n<h3 class=\"wp-block-heading\">T\u00f9y ch\u1ecdn 2: c\u1ea5u h\u00ecnh m\u1ed9t action hook<\/h3>\n\n<p>\u0110\u1ec3 g\u1ecdi quy tr\u00ecnh WPML Export and Import, h\u00e3y th\u00eam hook sau v\u00e0o m\u00e3 PHP c\u1ee7a b\u1ea1n:<\/p>\n<div class=\"wp-block-syntaxhighlighter-code \"><pre class=\"brush: plain; title: ; notranslate\" title=\"\">\n\/\/ K\u00edch ho\u1ea1t x\u1eed l\u00fd nh\u1eadp\ndo_action( &#039;wpml_import_process&#039; );\n<\/pre><\/div>\n<p>Khi b\u1ea1n l\u00ean l\u1ecbch cho c\u00e1c h\u00e0nh \u0111\u1ed9ng nh\u1eadp, h\u00e3y s\u1eed d\u1ee5ng d\u00f2ng sau \u0111\u1ec3 l\u00ean l\u1ecbch cho hook nh\u01b0 m\u1ed9t t\u00e1c v\u1ee5 n\u1ec1n:<\/p>\n<div class=\"wp-block-syntaxhighlighter-code \"><pre class=\"brush: plain; title: ; notranslate\" title=\"\">\nwp_schedule_single_event( time(), &#039;wpml_import_process&#039; );\n<\/pre><\/div>\n<p>V\u00e0 b\u1ea1n \u0111\u00e3 ho\u00e0n t\u1ea5t! Quy tr\u00ecnh nh\u1eadp n\u1ed9i dung \u0111a ng\u00f4n ng\u1eef c\u1ee7a b\u1ea1n hi\u1ec7n \u0111\u00e3 ho\u00e0n to\u00e0n t\u1ef1 \u0111\u1ed9ng v\u00e0 kh\u00f4ng y\u00eau c\u1ea7u b\u1ea5t k\u1ef3 can thi\u1ec7p th\u1ee7 c\u00f4ng n\u00e0o. <\/p>\n\n<p><\/p>\n","protected":false},"excerpt":{"rendered":"<p>T\u00ecm hi\u1ec3u c\u00e1ch l\u1eadp l\u1ecbch x\u1eed l\u00fd n\u1ed9i dung \u0111a ng\u00f4n ng\u1eef \u0111\u00e3 nh\u1eadp \u0111\u01b0\u1ee3c th\u1ef1c hi\u1ec7n b\u1edfi ti\u1ec7n \u00edch b\u1ed5 sung WPML Export and Import. WPML Export and Import ho\u1ea1t \u0111\u1ed9ng v\u1edbi c\u00e1c plugin nh\u1eadp d\u1eef li\u1ec7u m\u00e0 b\u1ea1n \u0111\u00e3 ch\u1ecdn \u0111\u1ec3 th\u00eam th\u00f4ng tin ng\u00f4n ng\u1eef v\u00e0o n\u1ed9i dung \u0111\u01b0\u1ee3c nh\u1eadp v\u00e0 li\u00ean [&hellip;]<\/p>\n","protected":false},"author":777903,"featured_media":0,"parent":15228632,"menu_order":0,"comment_status":"closed","ping_status":"closed","template":"","meta":{"_bbp_topic_count":0,"_bbp_reply_count":0,"_bbp_total_topic_count":0,"_bbp_total_reply_count":0,"_bbp_voice_count":0,"_bbp_anonymous_reply_count":0,"_bbp_topic_count_hidden":0,"_bbp_reply_count_hidden":0,"_bbp_forum_subforum_count":0,"_uag_custom_page_level_css":"","ep_exclude_from_search":false,"footnotes":""},"related-projects-category":[],"class_list":["post-17578423","page","type-page","status-publish","hentry"],"spectra_custom_meta":{"_subscription_coupon_product_id":["0"],"_wpv_contains_gutenberg_views":[""],"_alp_processed":["1772092424"],"wpcf-unformatted-code":[""],"_wpml_media_duplicate":["1"],"_wpml_media_featured":["1"],"toolset_post_editor_mode":["block"],"wpcf-price-increase-show-from":[""],"wpcf-price-increase-show-till":[""],"_last_translation_edit_mode":["translation-editor"],"_wpml_word_count":["683"],"_yoast_wpseo_metadesc":["T\u00ecm hi\u1ec3u c\u00e1ch l\u1eadp l\u1ecbch x\u1eed l\u00fd n\u1ed9i dung \u0111a ng\u00f4n ng\u1eef \u0111\u00e3 nh\u1eadp \u0111\u01b0\u1ee3c th\u1ef1c hi\u1ec7n b\u1edfi ti\u1ec7n \u00edch b\u1ed5 sung WPML Export and Import."],"_uagb_previous_block_counts":["a:90:{s:21:\"uagb\/advanced-heading\";i:0;s:15:\"uagb\/blockquote\";i:0;s:12:\"uagb\/buttons\";i:0;s:18:\"uagb\/buttons-child\";i:0;s:19:\"uagb\/call-to-action\";i:0;s:15:\"uagb\/cf7-styler\";i:0;s:11:\"uagb\/column\";i:0;s:12:\"uagb\/columns\";i:0;s:14:\"uagb\/container\";i:0;s:21:\"uagb\/content-timeline\";i:0;s:27:\"uagb\/content-timeline-child\";i:0;s:14:\"uagb\/countdown\";i:0;s:12:\"uagb\/counter\";i:0;s:8:\"uagb\/faq\";i:0;s:14:\"uagb\/faq-child\";i:0;s:10:\"uagb\/forms\";i:0;s:17:\"uagb\/forms-accept\";i:0;s:19:\"uagb\/forms-checkbox\";i:0;s:15:\"uagb\/forms-date\";i:0;s:16:\"uagb\/forms-email\";i:0;s:17:\"uagb\/forms-hidden\";i:0;s:15:\"uagb\/forms-name\";i:0;s:16:\"uagb\/forms-phone\";i:0;s:16:\"uagb\/forms-radio\";i:0;s:17:\"uagb\/forms-select\";i:0;s:19:\"uagb\/forms-textarea\";i:0;s:17:\"uagb\/forms-toggle\";i:0;s:14:\"uagb\/forms-url\";i:0;s:14:\"uagb\/gf-styler\";i:0;s:15:\"uagb\/google-map\";i:0;s:11:\"uagb\/how-to\";i:0;s:16:\"uagb\/how-to-step\";i:0;s:9:\"uagb\/icon\";i:0;s:14:\"uagb\/icon-list\";i:0;s:20:\"uagb\/icon-list-child\";i:0;s:10:\"uagb\/image\";i:0;s:18:\"uagb\/image-gallery\";i:0;s:13:\"uagb\/info-box\";i:0;s:18:\"uagb\/inline-notice\";i:0;s:11:\"uagb\/lottie\";i:0;s:21:\"uagb\/marketing-button\";i:0;s:10:\"uagb\/modal\";i:0;s:18:\"uagb\/popup-builder\";i:0;s:16:\"uagb\/post-button\";i:0;s:18:\"uagb\/post-carousel\";i:0;s:17:\"uagb\/post-excerpt\";i:0;s:14:\"uagb\/post-grid\";i:0;s:15:\"uagb\/post-image\";i:0;s:17:\"uagb\/post-masonry\";i:0;s:14:\"uagb\/post-meta\";i:0;s:18:\"uagb\/post-taxonomy\";i:0;s:18:\"uagb\/post-timeline\";i:0;s:15:\"uagb\/post-title\";i:0;s:20:\"uagb\/restaurant-menu\";i:0;s:26:\"uagb\/restaurant-menu-child\";i:0;s:11:\"uagb\/review\";i:0;s:12:\"uagb\/section\";i:0;s:14:\"uagb\/separator\";i:0;s:11:\"uagb\/slider\";i:0;s:17:\"uagb\/slider-child\";i:0;s:17:\"uagb\/social-share\";i:0;s:23:\"uagb\/social-share-child\";i:0;s:16:\"uagb\/star-rating\";i:0;s:23:\"uagb\/sure-cart-checkout\";i:0;s:22:\"uagb\/sure-cart-product\";i:0;s:15:\"uagb\/sure-forms\";i:0;s:22:\"uagb\/table-of-contents\";i:0;s:9:\"uagb\/tabs\";i:0;s:15:\"uagb\/tabs-child\";i:0;s:18:\"uagb\/taxonomy-list\";i:0;s:9:\"uagb\/team\";i:0;s:16:\"uagb\/testimonial\";i:0;s:14:\"uagb\/wp-search\";i:0;s:19:\"uagb\/instagram-feed\";i:0;s:10:\"uagb\/login\";i:0;s:17:\"uagb\/loop-builder\";i:0;s:18:\"uagb\/loop-category\";i:0;s:20:\"uagb\/loop-pagination\";i:0;s:15:\"uagb\/loop-reset\";i:0;s:16:\"uagb\/loop-search\";i:0;s:14:\"uagb\/loop-sort\";i:0;s:17:\"uagb\/loop-wrapper\";i:0;s:13:\"uagb\/register\";i:0;s:19:\"uagb\/register-email\";i:0;s:24:\"uagb\/register-first-name\";i:0;s:23:\"uagb\/register-last-name\";i:0;s:22:\"uagb\/register-password\";i:0;s:30:\"uagb\/register-reenter-password\";i:0;s:19:\"uagb\/register-terms\";i:0;s:22:\"uagb\/register-username\";i:0;}"],"_uag_css_file_name":["uag-css-17578423.css"],"_uag_page_assets":["a:9:{s:3:\"css\";s:260:\".uag-blocks-common-selector{z-index:var(--z-index-desktop) !important}@media(max-width: 976px){.uag-blocks-common-selector{z-index:var(--z-index-tablet) !important}}@media(max-width: 767px){.uag-blocks-common-selector{z-index:var(--z-index-mobile) !important}}\";s:2:\"js\";s:0:\"\";s:18:\"current_block_list\";a:7:{i:0;s:14:\"core\/paragraph\";i:1;s:12:\"core\/heading\";i:2;s:9:\"core\/list\";i:3;s:14:\"core\/list-item\";i:4;s:22:\"syntaxhighlighter\/code\";i:5;s:20:\"toolset-blocks\/image\";i:6;s:14:\"core\/shortcode\";}s:8:\"uag_flag\";b:0;s:11:\"uag_version\";s:10:\"1778362695\";s:6:\"gfonts\";a:0:{}s:10:\"gfonts_url\";s:0:\"\";s:12:\"gfonts_files\";a:0:{}s:14:\"uag_faq_layout\";b:0;}"]},"uagb_featured_image_src":{"full":false,"thumbnail":false,"medium":false,"medium_large":false,"large":false,"1536x1536":false,"2048x2048":false,"gform-image-choice-sm":false,"gform-image-choice-md":false,"gform-image-choice-lg":false,"woocommerce_thumbnail":false,"woocommerce_single":false,"woocommerce_gallery_thumbnail":false},"uagb_author_info":{"display_name":"Nikoletta","author_link":"https:\/\/wpml.org\/vi\/author\/nikoletta-b\/"},"uagb_comment_info":0,"uagb_excerpt":"T\u00ecm hi\u1ec3u c\u00e1ch l\u1eadp l\u1ecbch x\u1eed l\u00fd n\u1ed9i dung \u0111a ng\u00f4n ng\u1eef \u0111\u00e3 nh\u1eadp \u0111\u01b0\u1ee3c th\u1ef1c hi\u1ec7n b\u1edfi ti\u1ec7n \u00edch b\u1ed5 sung WPML Export and Import. WPML Export and Import ho\u1ea1t \u0111\u1ed9ng v\u1edbi c\u00e1c plugin nh\u1eadp d\u1eef li\u1ec7u m\u00e0 b\u1ea1n \u0111\u00e3 ch\u1ecdn \u0111\u1ec3 th\u00eam th\u00f4ng tin ng\u00f4n ng\u1eef v\u00e0o n\u1ed9i dung \u0111\u01b0\u1ee3c nh\u1eadp v\u00e0 li\u00ean&hellip;","_links":{"self":[{"href":"https:\/\/wpml.org\/vi\/wp-json\/wp\/v2\/pages\/17578423","targetHints":{"allow":["GET"]}}],"collection":[{"href":"https:\/\/wpml.org\/vi\/wp-json\/wp\/v2\/pages"}],"about":[{"href":"https:\/\/wpml.org\/vi\/wp-json\/wp\/v2\/types\/page"}],"author":[{"embeddable":true,"href":"https:\/\/wpml.org\/vi\/wp-json\/wp\/v2\/users\/777903"}],"replies":[{"embeddable":true,"href":"https:\/\/wpml.org\/vi\/wp-json\/wp\/v2\/comments?post=17578423"}],"version-history":[{"count":3,"href":"https:\/\/wpml.org\/vi\/wp-json\/wp\/v2\/pages\/17578423\/revisions"}],"predecessor-version":[{"id":17854661,"href":"https:\/\/wpml.org\/vi\/wp-json\/wp\/v2\/pages\/17578423\/revisions\/17854661"}],"up":[{"embeddable":true,"href":"https:\/\/wpml.org\/vi\/wp-json\/wp\/v2\/pages\/15228632"}],"wp:attachment":[{"href":"https:\/\/wpml.org\/vi\/wp-json\/wp\/v2\/media?parent=17578423"}],"wp:term":[{"taxonomy":"related-projects-category","embeddable":true,"href":"https:\/\/wpml.org\/vi\/wp-json\/wp\/v2\/related-projects-category?post=17578423"}],"curies":[{"name":"wp","href":"https:\/\/api.w.org\/{rel}","templated":true}]}}