{"id":17578504,"date":"2020-06-23T15:24:11","date_gmt":"2020-06-23T15:24:11","guid":{"rendered":"https:\/\/wpml.org\/tai-lieu-wpml\/kha-nang-tuong-thich-cua-plugin\/dich-rank-math-voi-wpml\/"},"modified":"2026-02-26T07:53:53","modified_gmt":"2026-02-26T07:53:53","slug":"dich-rank-math-voi-wpml","status":"publish","type":"page","link":"https:\/\/wpml.org\/vi\/tai-lieu-wpml\/kha-nang-tuong-thich-cua-plugin\/dich-rank-math-voi-wpml\/","title":{"rendered":"D\u1ecbch Rank Math v\u1edbi WPML"},"content":{"rendered":"\n<p class=\"lead\">T\u00ecm hi\u1ec3u c\u00e1ch d\u1ecbch Rank Math v\u1edbi WPML. D\u1ecbch t\u1ea5t c\u1ea3 c\u00e1c thu\u1ed9c t\u00ednh SEO bao g\u1ed3m ti\u00eau \u0111\u1ec1, m\u00f4 t\u1ea3 meta, \u0111\u01b0\u1eddng d\u1eabn t\u0129nh v\u00e0 nhi\u1ec1u n\u1ed9i dung kh\u00e1c.   <\/p>\n\n<h2 class=\"wp-block-heading\" id=\"getting-started\">B\u1eaft \u0111\u1ea7u<\/h2>\n\n<p>\u0110\u1ec3 d\u1ecbch Rank Math v\u1edbi WPML, b\u1ea1n c\u1ea7n c\u00e1c plugin sau:<\/p>\n\n<ul class=\"wp-block-list\">\n<li><a href=\"https:\/\/rankmath.com\/\" target=\"_blank\" rel=\"noreferrer noopener\">Rank Math<\/a><\/li>\n\n\n\n<li>WPML core<\/li>\n\n\n\n<li>WPML String Translation<\/li>\n\n\n\n<li><a href=\"https:\/\/wpml.org\/compatibility\/2021\/04\/wpml-seo-plugin-better-integration-with-seo-plugins\/\">ti\u1ec7n \u00edch b\u1ed5 sung WPML SEO<\/a><\/li>\n<\/ul>\n\n<h2 class=\"wp-block-heading\" id=\"translating-on-page-seo-attributes\">D\u1ecbch c\u00e1c thu\u1ed9c t\u00ednh SEO tr\u00ean trang<\/h2>\n\n<p>WPML c\u00f3 th\u1ec3 d\u1ecbch t\u1ea5t c\u1ea3 c\u00e1c thu\u1ed9c t\u00ednh SEO tr\u00ean trang. Bao g\u1ed3m: <\/p>\n\n<ul class=\"wp-block-list\">\n<li>Ti\u00eau \u0111\u1ec1 trang<\/li>\n\n\n\n<li>M\u00f4 t\u1ea3 meta<\/li>\n\n\n\n<li>Breadcrumbs<\/li>\n\n\n\n<li>ALT v\u00e0 ch\u00fa th\u00edch h\u00ecnh \u1ea3nh<\/li>\n\n\n\n<li>\u0110\u01b0\u1eddng d\u1eabn t\u0129nh<\/li>\n\n\n\n<li>V\u00e0 nhi\u1ec1u h\u01a1n n\u1eefa&#8230;<\/li>\n<\/ul>\n\n<p>WPML hi\u1ec7n kh\u00f4ng h\u1ed7 tr\u1ee3 c\u00e1c t\u00ednh n\u0103ng \u0111\u01b0\u1eddng d\u1eabn t\u0129nh t\u00f9y ch\u1ec9nh \u0111\u1ec3 d\u1ecbch. V\u00ed d\u1ee5: vi\u1ec7c s\u1eed d\u1ee5ng c\u00e0i \u0111\u1eb7t Rank Math \u0111\u1ec3 x\u00f3a ti\u1ec1n t\u1ed1 chuy\u00ean m\u1ee5c kh\u1ecfi URL s\u1ebd khi\u1ebfn ch\u00fang kh\u00f4ng \u0111\u01b0\u1ee3c d\u1ecbch ch\u00ednh x\u00e1c. Tr\u01b0\u1edbc khi b\u1ea1n quy\u1ebft \u0111\u1ecbnh s\u1eed d\u1ee5ng c\u00e0i \u0111\u1eb7t n\u00e0y, h\u00e3y xem <a href=\"https:\/\/wpml.org\/errata\/rank-math-setting-to-strip-product-base-breaks-translating-product-links\/\">gi\u1ea3i ph\u00e1p t\u1ea1m th\u1eddi \u0111\u1ec3 x\u00f3a ti\u1ec1n t\u1ed1 chuy\u00ean m\u1ee5c kh\u1ecfi URL<\/a> c\u1ee7a ch\u00fang t\u00f4i ho\u1eb7c li\u00ean h\u1ec7 v\u1edbi b\u1ed9 ph\u1eadn h\u1ed7 tr\u1ee3.  <\/p>\n\n<p>\u0110\u1ec3 d\u1ecbch c\u00e1c thu\u1ed9c t\u00ednh SEO tr\u00ean trang v\u1edbi WPML, ch\u1ec9 c\u1ea7n g\u1eedi n\u1ed9i dung c\u1ee7a b\u1ea1n \u0111\u1ec3 d\u1ecbch. WPML s\u1ebd d\u1ecbch c\u00e1c thu\u1ed9c t\u00ednh c\u00f9ng v\u1edbi trang ho\u1eb7c b\u00e0i vi\u1ebft m\u00e0 ch\u00fang \u0111\u01b0\u1ee3c li\u00ean k\u1ebft. <\/p>\n\n<figure class=\"wp-block-image tb-image tb-image-dynamic tb-image-frame-none\" data-toolset-blocks-image=\"a21f464e4de3ce2b2e806dbc3cf5ad81\"><a href=\"https:\/\/wpml.org\/wp-content\/uploads\/2026\/02\/Translating-post-with-Rank-Math-SEO-attributes.png\"><img decoding=\"async\" width=\"1024\" height=\"625\" loading=\"lazy\" src=\"https:\/\/wpml.org\/wp-content\/uploads\/2026\/02\/Translating-post-with-Rank-Math-SEO-attributes-1024x625.png\" alt=\"Translating post with Rank Math SEO attributes\" class=\"wp-image-17792445\" srcset=\"https:\/\/wpml.org\/wp-content\/uploads\/2026\/02\/Translating-post-with-Rank-Math-SEO-attributes-1024x625.png 1024w, https:\/\/wpml.org\/wp-content\/uploads\/2026\/02\/Translating-post-with-Rank-Math-SEO-attributes-300x183.png 300w, https:\/\/wpml.org\/wp-content\/uploads\/2026\/02\/Translating-post-with-Rank-Math-SEO-attributes-150x92.png 150w, https:\/\/wpml.org\/wp-content\/uploads\/2026\/02\/Translating-post-with-Rank-Math-SEO-attributes-768x469.png 768w, https:\/\/wpml.org\/wp-content\/uploads\/2026\/02\/Translating-post-with-Rank-Math-SEO-attributes-1536x938.png 1536w, https:\/\/wpml.org\/wp-content\/uploads\/2026\/02\/Translating-post-with-Rank-Math-SEO-attributes.png 1600w\" sizes=\"auto, (max-width: 1024px) 100vw, 1024px\" \/><\/a><figcaption><div class=\"tb-image-caption\">D\u1ecbch b\u00e0i vi\u1ebft v\u1edbi c\u00e1c thu\u1ed9c t\u00ednh Rank Math SEO<\/div><\/figcaption><\/figure>\n\n<h2 class=\"wp-block-heading\">D\u1ecbch metadata ph\u00e2n lo\u1ea1i<\/h2>\n\n<p>Khi d\u1ecbch m\u1ed9t b\u00e0i vi\u1ebft, WPML c\u0169ng d\u1ecbch c\u00e1c ph\u00e2n lo\u1ea1i \u0111i k\u00e8m. \u0110i\u1ec1u n\u00e0y bao g\u1ed3m m\u1ecdi thu\u1ed9c t\u00ednh SEO m\u00e0 b\u1ea1n \u0111\u00e3 th\u00eam trong \u0111o\u1ea1n tr\u00edch c\u1ee7a Rank Math cho m\u1ed7i thu\u1eadt ng\u1eef ph\u00e2n lo\u1ea1i (nh\u01b0 ti\u00eau \u0111\u1ec1 meta v\u00e0 m\u00f4 t\u1ea3 meta). <\/p>\n\n<figure class=\"wp-block-image tb-image tb-image-dynamic tb-image-frame-none\" data-toolset-blocks-image=\"ac7af4acbeeb8aa8ea51c21a684966cd\"><a href=\"https:\/\/wpml.org\/wp-content\/uploads\/2025\/05\/category-seo-snippet-rankmath-1.png\"><img decoding=\"async\" width=\"1976\" height=\"1952\" loading=\"lazy\" src=\"https:\/\/wpml.org\/wp-content\/uploads\/2025\/05\/category-seo-snippet-rankmath-1.png\" alt=\"\" class=\"wp-image-17035030\" srcset=\"https:\/\/wpml.org\/wp-content\/uploads\/2025\/05\/category-seo-snippet-rankmath-1.png 1976w, https:\/\/wpml.org\/wp-content\/uploads\/2025\/05\/category-seo-snippet-rankmath-1-300x296.png 300w, https:\/\/wpml.org\/wp-content\/uploads\/2025\/05\/category-seo-snippet-rankmath-1-1024x1012.png 1024w, https:\/\/wpml.org\/wp-content\/uploads\/2025\/05\/category-seo-snippet-rankmath-1-150x148.png 150w, https:\/\/wpml.org\/wp-content\/uploads\/2025\/05\/category-seo-snippet-rankmath-1-768x759.png 768w, https:\/\/wpml.org\/wp-content\/uploads\/2025\/05\/category-seo-snippet-rankmath-1-1536x1517.png 1536w, https:\/\/wpml.org\/wp-content\/uploads\/2025\/05\/category-seo-snippet-rankmath-1-100x100.png 100w\" sizes=\"auto, (max-width: 1976px) 100vw, 1976px\" \/><\/a><figcaption><div class=\"tb-image-caption\">Th\u00eam ti\u00eau \u0111\u1ec1 meta v\u00e0 m\u00f4 t\u1ea3 meta c\u1ee7a chuy\u00ean m\u1ee5c b\u1eb1ng Rank Math<\/div><\/figcaption><\/figure>\n\n<p>N\u1ebfu b\u1ea1n s\u1eeda \u0111\u1ed5i metadata c\u1ee7a ph\u00e2n lo\u1ea1i trong ng\u00f4n ng\u1eef g\u1ed1c \u2014 ho\u1eb7c mu\u1ed1n d\u1ecbch c\u00e1c ph\u00e2n lo\u1ea1i kh\u00f4ng \u0111\u01b0\u1ee3c \u0111\u00ednh k\u00e8m v\u00e0o b\u1ea5t k\u1ef3 b\u00e0i vi\u1ebft n\u00e0o \u2014 h\u00e3y v\u00e0o <strong>WPML \u2192 D\u1ecbch Ph\u00e2n lo\u1ea1i<\/strong> \u0111\u1ec3 c\u1eadp nh\u1eadt b\u1ea3n d\u1ecbch.<\/p>\n\n<figure class=\"wp-block-image tb-image tb-image-dynamic tb-image-frame-none\" data-toolset-blocks-image=\"da86bdb58e0b4c0917fb2fdee7f9d4c4\"><a href=\"https:\/\/wpml.org\/wp-content\/uploads\/2025\/05\/translate-rankmath-taxonomy-metadata-1.png\"><img decoding=\"async\" width=\"2560\" height=\"1662\" loading=\"lazy\" src=\"https:\/\/wpml.org\/wp-content\/uploads\/2025\/05\/translate-rankmath-taxonomy-metadata-1.png\" alt=\"\" class=\"wp-image-17035045\" srcset=\"https:\/\/wpml.org\/wp-content\/uploads\/2025\/05\/translate-rankmath-taxonomy-metadata-1.png 2560w, https:\/\/wpml.org\/wp-content\/uploads\/2025\/05\/translate-rankmath-taxonomy-metadata-1-300x195.png 300w, https:\/\/wpml.org\/wp-content\/uploads\/2025\/05\/translate-rankmath-taxonomy-metadata-1-1024x665.png 1024w, https:\/\/wpml.org\/wp-content\/uploads\/2025\/05\/translate-rankmath-taxonomy-metadata-1-150x97.png 150w, https:\/\/wpml.org\/wp-content\/uploads\/2025\/05\/translate-rankmath-taxonomy-metadata-1-768x499.png 768w, https:\/\/wpml.org\/wp-content\/uploads\/2025\/05\/translate-rankmath-taxonomy-metadata-1-1536x997.png 1536w, https:\/\/wpml.org\/wp-content\/uploads\/2025\/05\/translate-rankmath-taxonomy-metadata-1-2048x1330.png 2048w\" sizes=\"auto, (max-width: 2560px) 100vw, 2560px\" \/><\/a><figcaption><div class=\"tb-image-caption\">D\u1ecbch c\u00e1c thu\u1eadt ng\u1eef ph\u00e2n lo\u1ea1i v\u00e0 metadata v\u1edbi WPML Taxonomy Translation<\/div><\/figcaption><\/figure>\n\n<h2 class=\"wp-block-heading\" id=\"translating-global-seo-texts\">D\u1ecbch v\u0103n b\u1ea3n SEO to\u00e0n c\u1ee5c<\/h2>\n\n<p>\u0110\u1ec3 d\u1ecbch c\u00e1c v\u0103n b\u1ea3n SEO to\u00e0n c\u1ee5c, nh\u01b0 nh\u00e3n trang ch\u1ee7 c\u1ee7a breadcrumbs, h\u00e3y l\u00e0m theo c\u00e1c b\u01b0\u1edbc sau:<\/p>\n\n<ol class=\"wp-block-list\">\n<li>\u0110i t\u1edbi <strong>WPML<\/strong> \u2192 <strong>b\u1ea3ng \u0111i\u1ec1u khi\u1ec3n d\u1ecbch<\/strong>.<\/li>\n\n\n\n<li>Cu\u1ed9n xu\u1ed1ng ph\u1ea7n <strong>V\u0103n b\u1ea3n kh\u00e1c (Chu\u1ed7i)<\/strong> v\u00e0 t\u00ecm ki\u1ebfm v\u0103n b\u1ea3n c\u1ee7a b\u1ea1n.<strong> <\/strong><\/li>\n\n\n\n<li>Ch\u1ecdn v\u0103n b\u1ea3n c\u1ee7a b\u1ea1n v\u00e0 g\u1eedi \u0111\u1ec3 d\u1ecbch. <\/li>\n<\/ol>\n\n<h2 class=\"wp-block-heading\" id=\"sitemaps-and-wpml\">S\u01a1 \u0111\u1ed3 trang web \u0111a ng\u00f4n ng\u1eef v\u1edbi WPML<\/h2>\n\n<p id=\"known-issues\">WPML t\u1ef1 \u0111\u1ed9ng x\u1eed l\u00fd s\u01a1 \u0111\u1ed3 trang web \u0111a ng\u00f4n ng\u1eef v\u00e0 <a href=\"https:\/\/wpml.org\/documentation\/support\/adding-hreflang-wordpress\/\">th\u1ebb hreflang<\/a>. Theo m\u1eb7c \u0111\u1ecbnh, n\u00f3 th\u00eam th\u1ebb hreflang cho m\u1ecdi bi\u1ebfn th\u1ec3 URL trong s\u01a1 \u0111\u1ed3 trang web XML. <\/p>\n\n<h3 class=\"wp-block-heading\">Th\u00eam th\u1ebb hreflang v\u00e0o trang <\/h3>\n\n<p id=\"known-issues\">N\u1ebfu b\u1ea1n mu\u1ed1n th\u1ebb hreflang trong trang  thay v\u00ec trong s\u01a1 \u0111\u1ed3 trang web, b\u1ea1n c\u00f3 th\u1ec3 t\u1ef1 thay \u0111\u1ed5i c\u00e0i \u0111\u1eb7t. Ch\u1ec9 c\u1ea7n: <\/p>\n\n<p id=\"known-issues\">1. V\u00f4 hi\u1ec7u h\u00f3a t\u00ednh n\u0103ng s\u01a1 \u0111\u1ed3 trang web b\u1eb1ng c\u00e1ch th\u00eam m\u00e3 n\u00e0y v\u00e0o <strong>wp-config.php<\/strong> c\u1ee7a b\u1ea1n:<\/p>\n\n<pre class=\"wp-block-preformatted\">define( 'WPML_SEO_ENABLE_SITEMAP_HREFLANG', false ); <\/pre>\n\n<p><\/p>\n\n<p>2. \u0110i\u1ec1u h\u01b0\u1edbng \u0111\u1ebfn trang <strong>WPML \u2192 Ng\u00f4n ng\u1eef<\/strong> v\u00e0 t\u00ecm <strong>T\u00f9y ch\u1ecdn SEO<\/strong>. B\u1ea1n s\u1ebd th\u1ea5y h\u1ed9p ki\u1ec3m <strong>Hi\u1ec3n th\u1ecb c\u00e1c ng\u00f4n ng\u1eef thay th\u1ebf trong ph\u1ea7n HEAD<\/strong> \u2014 b\u1eadt n\u00f3 l\u00ean v\u00e0 <strong>L\u01b0u<\/strong>. <\/p>\n\n<figure class=\"wp-block-image tb-image tb-image-dynamic tb-image-frame-none\" data-toolset-blocks-image=\"3189122d0149db8bc89e7bb241be5417\"><a href=\"https:\/\/wpml.org\/wp-content\/uploads\/2025\/09\/option-for-hreflang-tag-in-head-rankmath.png\"><img decoding=\"async\" width=\"2544\" height=\"1174\" loading=\"lazy\" src=\"https:\/\/wpml.org\/wp-content\/uploads\/2025\/09\/option-for-hreflang-tag-in-head-rankmath.png\" alt=\"\" class=\"wp-image-17384108\" srcset=\"https:\/\/wpml.org\/wp-content\/uploads\/2025\/09\/option-for-hreflang-tag-in-head-rankmath.png 2544w, https:\/\/wpml.org\/wp-content\/uploads\/2025\/09\/option-for-hreflang-tag-in-head-rankmath-300x138.png 300w, https:\/\/wpml.org\/wp-content\/uploads\/2025\/09\/option-for-hreflang-tag-in-head-rankmath-1024x473.png 1024w, https:\/\/wpml.org\/wp-content\/uploads\/2025\/09\/option-for-hreflang-tag-in-head-rankmath-150x69.png 150w, https:\/\/wpml.org\/wp-content\/uploads\/2025\/09\/option-for-hreflang-tag-in-head-rankmath-768x354.png 768w, https:\/\/wpml.org\/wp-content\/uploads\/2025\/09\/option-for-hreflang-tag-in-head-rankmath-1536x709.png 1536w, https:\/\/wpml.org\/wp-content\/uploads\/2025\/09\/option-for-hreflang-tag-in-head-rankmath-2048x945.png 2048w\" sizes=\"auto, (max-width: 2544px) 100vw, 2544px\" \/><\/a><figcaption><div class=\"tb-image-caption\">B\u1eadt t\u00f9y ch\u1ecdn \u0111\u1ec3 th\u00eam th\u1ebb hreflang v\u00e0o ph\u1ea7n <head c\u1ee7a trang><\/div><\/figcaption><\/figure>\n\n<h2 class=\"wp-block-heading\" id=\"translate-with-wpml\">D\u1ecbch Rank Math v\u1edbi WPML  <a href=\"https:\/\/wpml.org\/vi\/tai-lieu-wpml\/cac-du-an-lien-quan\/plugin-gravity-form-da-ngon-ngu\/#translate-with-wpml\"><\/a><\/h2>\n\n<p>N\u1ebfu b\u1ea1n \u0111\u00e3 c\u00f3 t\u00e0i kho\u1ea3n WPML, b\u1ea1n c\u00f3 th\u1ec3 t\u1ea3i xu\u1ed1ng ti\u1ec7n \u00edch b\u1ed5 sung WPML SEO cho Rank Math (kh\u00f4ng m\u1ea5t th\u00eam ph\u00ed) t\u1eeb <a href=\"https:\/\/wpml.org\/vi\/account\/downloads\/#wpml-seo\">trang T\u1ea3i xu\u1ed1ng<\/a>.<\/p>\n\n<p>Ch\u01b0a c\u00f3 WPML? H\u00e3y truy c\u1eadp <a href=\"https:\/\/wpml.org\/vi\/gia-wpml\/\">trang gi\u00e1<\/a> c\u1ee7a ch\u00fang t\u00f4i \u0111\u1ec3 t\u00ecm g\u00f3i ph\u00f9 h\u1ee3p cho trang web c\u1ee7a b\u1ea1n.  <\/p>\n","protected":false},"excerpt":{"rendered":"<p>T\u00ecm hi\u1ec3u c\u00e1ch d\u1ecbch Rank Math v\u1edbi WPML. D\u1ecbch t\u1ea5t c\u1ea3 c\u00e1c thu\u1ed9c t\u00ednh SEO bao g\u1ed3m ti\u00eau \u0111\u1ec1, m\u00f4 t\u1ea3 meta, \u0111\u01b0\u1eddng d\u1eabn t\u0129nh v\u00e0 nhi\u1ec1u n\u1ed9i dung kh\u00e1c. B\u1eaft \u0111\u1ea7u \u0110\u1ec3 d\u1ecbch Rank Math v\u1edbi WPML, b\u1ea1n c\u1ea7n c\u00e1c plugin sau: D\u1ecbch c\u00e1c thu\u1ed9c t\u00ednh SEO tr\u00ean trang WPML c\u00f3 th\u1ec3 d\u1ecbch t\u1ea5t [&hellip;]<\/p>\n","protected":false},"author":578773,"featured_media":0,"parent":16317456,"menu_order":20,"comment_status":"closed","ping_status":"closed","template":"template-sidebar-2.php","meta":{"_bbp_topic_count":0,"_bbp_reply_count":0,"_bbp_total_topic_count":0,"_bbp_total_reply_count":0,"_bbp_voice_count":0,"_bbp_anonymous_reply_count":0,"_bbp_topic_count_hidden":0,"_bbp_reply_count_hidden":0,"_bbp_forum_subforum_count":0,"_uag_custom_page_level_css":"","ep_exclude_from_search":false,"footnotes":""},"related-projects-category":[],"class_list":["post-17578504","page","type-page","status-publish","hentry"],"spectra_custom_meta":{"_subscription_coupon_product_id":["0"],"_wpv_contains_gutenberg_views":[""],"_alp_processed":["1772092433"],"_views_template":["0"],"wpcf-unformatted-code":[""],"_wpml_media_duplicate":["1"],"_wpml_media_featured":["1"],"toolset_post_editor_mode":["block"],"wpcf-price-increase-show-from":[""],"wpcf-price-increase-show-till":[""],"_wp_page_template":["template-sidebar-2.php"],"_last_translation_edit_mode":["translation-editor"],"_wpml_word_count":["590"],"cmplz_hide_cookiebanner":[""],"wpcf-price-increase-content":[""],"wpcf-login-box-title":[""],"wpcf-page-content":[""],"_yoast_wpseo_primary_related-projects-category":[""],"_yoast_wpseo_metadesc":["T\u00ecm hi\u1ec3u c\u00e1ch d\u1ecbch Rank Math v\u1edbi WPML. D\u1ecbch t\u1ea5t c\u1ea3 c\u00e1c thu\u1ed9c t\u00ednh SEO bao g\u1ed3m ti\u00eau \u0111\u1ec1, m\u00f4 t\u1ea3 meta, \u0111\u01b0\u1eddng d\u1eabn t\u0129nh v\u00e0 nhi\u1ec1u n\u1ed9i dung kh\u00e1c."],"_uag_css_file_name":["uag-css-17578504.css"],"_uag_page_assets":["a:9:{s:3:\"css\";s:260:\".uag-blocks-common-selector{z-index:var(--z-index-desktop) !important}@media(max-width: 976px){.uag-blocks-common-selector{z-index:var(--z-index-tablet) !important}}@media(max-width: 767px){.uag-blocks-common-selector{z-index:var(--z-index-mobile) !important}}\";s:2:\"js\";s:0:\"\";s:18:\"current_block_list\";a:7:{i:0;s:14:\"core\/paragraph\";i:1;s:12:\"core\/heading\";i:2;s:9:\"core\/list\";i:3;s:14:\"core\/list-item\";i:4;s:20:\"toolset-blocks\/image\";i:5;s:17:\"core\/preformatted\";i:6;s:14:\"core\/shortcode\";}s:8:\"uag_flag\";b:0;s:11:\"uag_version\";s:10:\"1778078875\";s:6:\"gfonts\";a:0:{}s:10:\"gfonts_url\";s:0:\"\";s:12:\"gfonts_files\";a:0:{}s:14:\"uag_faq_layout\";b:0;}"]},"uagb_featured_image_src":{"full":false,"thumbnail":false,"medium":false,"medium_large":false,"large":false,"1536x1536":false,"2048x2048":false,"gform-image-choice-sm":false,"gform-image-choice-md":false,"gform-image-choice-lg":false,"woocommerce_thumbnail":false,"woocommerce_single":false,"woocommerce_gallery_thumbnail":false},"uagb_author_info":{"display_name":"Tomer Helzer","author_link":"https:\/\/wpml.org\/vi\/author\/tomer-h\/"},"uagb_comment_info":0,"uagb_excerpt":"T\u00ecm hi\u1ec3u c\u00e1ch d\u1ecbch Rank Math v\u1edbi WPML. D\u1ecbch t\u1ea5t c\u1ea3 c\u00e1c thu\u1ed9c t\u00ednh SEO bao g\u1ed3m ti\u00eau \u0111\u1ec1, m\u00f4 t\u1ea3 meta, \u0111\u01b0\u1eddng d\u1eabn t\u0129nh v\u00e0 nhi\u1ec1u n\u1ed9i dung kh\u00e1c. B\u1eaft \u0111\u1ea7u \u0110\u1ec3 d\u1ecbch Rank Math v\u1edbi WPML, b\u1ea1n c\u1ea7n c\u00e1c plugin sau: D\u1ecbch c\u00e1c thu\u1ed9c t\u00ednh SEO tr\u00ean trang WPML c\u00f3 th\u1ec3 d\u1ecbch t\u1ea5t&hellip;","_links":{"self":[{"href":"https:\/\/wpml.org\/vi\/wp-json\/wp\/v2\/pages\/17578504","targetHints":{"allow":["GET"]}}],"collection":[{"href":"https:\/\/wpml.org\/vi\/wp-json\/wp\/v2\/pages"}],"about":[{"href":"https:\/\/wpml.org\/vi\/wp-json\/wp\/v2\/types\/page"}],"author":[{"embeddable":true,"href":"https:\/\/wpml.org\/vi\/wp-json\/wp\/v2\/users\/578773"}],"replies":[{"embeddable":true,"href":"https:\/\/wpml.org\/vi\/wp-json\/wp\/v2\/comments?post=17578504"}],"version-history":[{"count":6,"href":"https:\/\/wpml.org\/vi\/wp-json\/wp\/v2\/pages\/17578504\/revisions"}],"predecessor-version":[{"id":17854678,"href":"https:\/\/wpml.org\/vi\/wp-json\/wp\/v2\/pages\/17578504\/revisions\/17854678"}],"up":[{"embeddable":true,"href":"https:\/\/wpml.org\/vi\/wp-json\/wp\/v2\/pages\/16317456"}],"wp:attachment":[{"href":"https:\/\/wpml.org\/vi\/wp-json\/wp\/v2\/media?parent=17578504"}],"wp:term":[{"taxonomy":"related-projects-category","embeddable":true,"href":"https:\/\/wpml.org\/vi\/wp-json\/wp\/v2\/related-projects-category?post=17578504"}],"curies":[{"name":"wp","href":"https:\/\/api.w.org\/{rel}","templated":true}]}}