{"id":17715758,"date":"2022-12-20T11:26:12","date_gmt":"2022-12-20T11:26:12","guid":{"rendered":"https:\/\/wpml.org\/tai-lieu-wpml\/tai-sao-viec-cap-nhat-cac-plugin-wordpress-lai-quan-trong\/"},"modified":"2026-01-09T11:10:04","modified_gmt":"2026-01-09T11:10:04","slug":"tai-sao-viec-cap-nhat-cac-plugin-wordpress-lai-quan-trong","status":"publish","type":"page","link":"https:\/\/wpml.org\/vi\/tai-lieu-wpml\/tai-sao-viec-cap-nhat-cac-plugin-wordpress-lai-quan-trong\/","title":{"rendered":"T\u1ea1i sao vi\u1ec7c c\u1eadp nh\u1eadt c\u00e1c plugin WordPress l\u1ea1i quan tr\u1ecdng"},"content":{"rendered":"\n<p class=\"lead\">C\u00e1c b\u1ea3n c\u1eadp nh\u1eadt WordPress c\u00f3 th\u1ec3 l\u00e0m h\u1ecfng giao di\u1ec7n v\u00e0 plugin tr\u00ean trang web c\u1ee7a b\u1ea1n. \u0110\u1ec3 b\u1ea3o v\u1ec7 trang web c\u1ee7a b\u1ea1n, h\u00e3y \u0111\u1ea3m b\u1ea3o c\u1eadp nh\u1eadt t\u1ea5t c\u1ea3 c\u00e1c plugin v\u00e0 giao di\u1ec7n c\u1ee7a b\u1ea1n. <\/p>\n\n<p>Theo m\u1eb7c \u0111\u1ecbnh, WordPress t\u1ef1 \u0111\u1ed9ng c\u1eadp nh\u1eadt trang web c\u1ee7a b\u1ea1n l\u00ean phi\u00ean b\u1ea3n m\u1edbi nh\u1ea5t.<\/p>\n\n<p>C\u00e1c phi\u00ean b\u1ea3n m\u1edbi c\u00f3 th\u1ec3 l\u00e0m m\u1ea5t kh\u1ea3 n\u0103ng t\u01b0\u01a1ng th\u00edch v\u1edbi b\u1ea5t k\u1ef3 plugin ho\u1eb7c giao di\u1ec7n n\u00e0o tr\u00ean trang web c\u1ee7a b\u1ea1n, bao g\u1ed3m c\u1ea3 WPML. <\/p>\n\n<div class=\"wp-block-toolset-blocks-container tb-container\" data-toolset-blocks-container=\"c3ff39e49683d21b1eefad92d2d983e5\">\n<div class=\"tb-fields-and-text\" data-toolset-blocks-fields-and-text=\"3e1d2592ce20bdf2bf813c9dfa44c991\"><p>\u0110\u1ec3 b\u1ea3o v\u1ec7 trang web c\u1ee7a b\u1ea1n, h\u00e3y ch\u1eafc ch\u1eafn gia h\u1ea1n WPML \u0111\u00fang h\u1ea1n v\u00e0 c\u1eadp nh\u1eadt c\u00e1c plugin WordPress kh\u00e1c c\u1ee7a b\u1ea1n.<\/p><\/div>\n<\/div>\n\n<h2 class=\"tb-heading has-text-color\" data-toolset-blocks-heading=\"ac5880d341fb2a7306d42b282d0236e7\" data-last-update=\"1.4\">C\u00e1ch ng\u0103n ch\u1eb7n c\u00e1c b\u1ea3n c\u1eadp nh\u1eadt WordPress l\u00e0m h\u1ecfng trang web c\u1ee7a b\u1ea1n<\/h2>\n\n<div style=\"height:30px\" aria-hidden=\"true\" class=\"wp-block-spacer\"><\/div>\n\n<ol class=\"wp-block-list\">\n<li><strong>T\u1eaft c\u1eadp nh\u1eadt t\u1ef1 \u0111\u1ed9ng trong WordPress<\/strong><\/li>\n<\/ol>\n\n<p>\u0110\u0103ng nh\u1eadp v\u00e0o trang web c\u1ee7a b\u1ea1n v\u00e0 \u0111i t\u1edbi <strong>B\u1ea3ng \u0111i\u1ec1u khi\u1ec3n <\/strong>\u2192 <strong>C\u1eadp nh\u1eadt<\/strong>.<\/p>\n\n<p>Nh\u1ea5p v\u00e0o li\u00ean k\u1ebft \u0111\u1ec3 <strong>Chuy\u1ec3n sang c\u1eadp nh\u1eadt t\u1ef1 \u0111\u1ed9ng ch\u1ec9 cho c\u00e1c b\u1ea3n ph\u00e1t h\u00e0nh b\u1ea3o tr\u00ec v\u00e0 b\u1ea3o m\u1eadt<\/strong>.<\/p>\n\n<p>B\u00e2y gi\u1edd, trang web c\u1ee7a b\u1ea1n s\u1ebd ng\u1eebng nh\u1eadn c\u00e1c b\u1ea3n c\u1eadp nh\u1eadt l\u1edbn c\u1ee7a WordPress t\u1ef1 \u0111\u1ed9ng. Nh\u1eefng b\u1ea3n c\u1eadp nh\u1eadt n\u00e0y mang l\u1ea1i nguy c\u01a1 l\u1edbn nh\u1ea5t v\u1ec1 c\u00e1c thay \u0111\u1ed5i g\u00e2y h\u1ecfng. <\/p>\n\n<figure class=\"wp-block-image tb-image tb-image-dynamic tb-image-frame-none\" data-toolset-blocks-image=\"7a10c198c80d093a4832887d731c2221\"><a href=\"https:\/\/wpml.org\/wp-content\/uploads\/2022\/12\/wpml-wordpress-disabling-auto-updates.png\"><img decoding=\"async\" width=\"1088\" height=\"436\" loading=\"lazy\" src=\"https:\/\/wpml.org\/wp-content\/uploads\/2022\/12\/wpml-wordpress-disabling-auto-updates.png\" alt=\"\" class=\"wp-image-17715759\" srcset=\"https:\/\/wpml.org\/wp-content\/uploads\/2022\/12\/wpml-wordpress-disabling-auto-updates.png 1088w, https:\/\/wpml.org\/wp-content\/uploads\/2022\/12\/wpml-wordpress-disabling-auto-updates-300x120.png 300w, https:\/\/wpml.org\/wp-content\/uploads\/2022\/12\/wpml-wordpress-disabling-auto-updates-1024x410.png 1024w, https:\/\/wpml.org\/wp-content\/uploads\/2022\/12\/wpml-wordpress-disabling-auto-updates-150x60.png 150w, https:\/\/wpml.org\/wp-content\/uploads\/2022\/12\/wpml-wordpress-disabling-auto-updates-768x308.png 768w\" sizes=\"auto, (max-width: 1088px) 100vw, 1088px\" \/><\/a><figcaption><div class=\"tb-image-caption\"><em>T\u1eaft c\u1eadp nh\u1eadt t\u00ednh n\u0103ng t\u1ef1 \u0111\u1ed9ng trong WordPress<\/em><\/div><\/figcaption><\/figure>\n\n<ol start=\"2\" class=\"wp-block-list\">\n<li><strong>Sao l\u01b0u trang web c\u1ee7a b\u1ea1n<\/strong><\/li>\n<\/ol>\n\n<p>B\u1ea1n n\u00ean th\u01b0\u1eddng xuy\u00ean sao l\u01b0u trang web c\u1ee7a m\u00ecnh. <\/p>\n\n<p>B\u1ea1n c\u0169ng n\u00ean th\u1ef1c hi\u1ec7n sao l\u01b0u tr\u01b0\u1edbc khi \u00e1p d\u1ee5ng c\u00e1c thay \u0111\u1ed5i l\u1edbn h\u01a1n. \u0110i\u1ec1u n\u00e0y bao g\u1ed3m vi\u1ec7c c\u1eadp nh\u1eadt WordPress, giao di\u1ec7n v\u00e0 c\u00e1c plugin quan tr\u1ecdng. <\/p>\n\n<p>N\u1ebfu b\u1ea1n c\u1ea7n tr\u1ee3 gi\u00fap, c\u00f3 nhi\u1ec1u <a href=\"https:\/\/wordpress.org\/plugins\/search\/backup\/\" target=\"_blank\" rel=\"noreferrer noopener\">plugin sao l\u01b0u<\/a> tr\u00ean kho l\u01b0u tr\u1eef WordPress. Ngo\u00e0i ra, h\u1ea7u h\u1ebft c\u00e1c nh\u00e0 cung c\u1ea5p d\u1ecbch v\u1ee5 l\u01b0u tr\u1eef \u0111\u1ec1u cung c\u1ea5p c\u00e1c gi\u1ea3i ph\u00e1p sao l\u01b0u t\u00edch h\u1ee3p s\u1eb5n. <\/p>\n\n<div style=\"height:30px\" aria-hidden=\"true\" class=\"wp-block-spacer\"><\/div>\n\n<ol start=\"3\" class=\"wp-block-list\">\n<li><strong>C\u1eadp nh\u1eadt plugin v\u00e0 giao di\u1ec7n tr\u01b0\u1edbc khi c\u1eadp nh\u1eadt WordPress<\/strong><\/li>\n<\/ol>\n\n<p>WPML v\u00e0 c\u00e1c plugin v\u00e0 giao di\u1ec7n \u0111\u00e1ng tin c\u1eady kh\u00e1c cung c\u1ea5p c\u00e1c b\u1ea3n c\u1eadp nh\u1eadt tr\u01b0\u1edbc khi c\u00f3 c\u00e1c b\u1ea3n ph\u00e1t h\u00e0nh m\u1edbi c\u1ee7a WordPress. B\u1eb1ng c\u00e1ch n\u00e0y, h\u1ecd gi\u1ea3i quy\u1ebft b\u1ea5t k\u1ef3 v\u1ea5n \u0111\u1ec1 g\u00e2y h\u1ecfng n\u00e0o m\u00e0 phi\u00ean b\u1ea3n m\u1edbi c\u1ee7a WordPress c\u00f3 th\u1ec3 g\u00e2y ra. <\/p>\n\n<p>V\u00ec l\u00fd do n\u00e0y, b\u1ea1n n\u00ean c\u1eadp nh\u1eadt c\u00e1c plugin v\u00e0 giao di\u1ec7n tr\u01b0\u1edbc. <\/p>\n\n<p>\u0110\u1ecdc <a href=\"https:\/\/wpml.org\/vi\/faq\/lam-cach-nao-toi-co-the-cai-dat-wpml-va-nhan-cac-ban-cap-nhat-tu-dong\/#automated-updates\">c\u00e1ch c\u1eadp nh\u1eadt WPML<\/a>.<\/p>\n\n<p>Sau khi c\u1eadp nh\u1eadt c\u00e1c plugin v\u00e0 giao di\u1ec7n, b\u1ea1n c\u00f3 th\u1ec3 ti\u1ebfn h\u00e0nh c\u1eadp nh\u1eadt WordPress.<\/p>\n","protected":false},"excerpt":{"rendered":"<p>C\u00e1c b\u1ea3n c\u1eadp nh\u1eadt WordPress c\u00f3 th\u1ec3 l\u00e0m h\u1ecfng giao di\u1ec7n v\u00e0 plugin tr\u00ean trang web c\u1ee7a b\u1ea1n. \u0110\u1ec3 b\u1ea3o v\u1ec7 trang web c\u1ee7a b\u1ea1n, h\u00e3y \u0111\u1ea3m b\u1ea3o c\u1eadp nh\u1eadt t\u1ea5t c\u1ea3 c\u00e1c plugin v\u00e0 giao di\u1ec7n c\u1ee7a b\u1ea1n. Theo m\u1eb7c \u0111\u1ecbnh, WordPress t\u1ef1 \u0111\u1ed9ng c\u1eadp nh\u1eadt trang web c\u1ee7a b\u1ea1n l\u00ean phi\u00ean b\u1ea3n m\u1edbi [&hellip;]<\/p>\n","protected":false},"author":76577,"featured_media":0,"parent":17417125,"menu_order":2,"comment_status":"closed","ping_status":"closed","template":"template-nosidebar-centered.php","meta":{"_bbp_topic_count":0,"_bbp_reply_count":0,"_bbp_total_topic_count":0,"_bbp_total_reply_count":0,"_bbp_voice_count":0,"_bbp_anonymous_reply_count":0,"_bbp_topic_count_hidden":0,"_bbp_reply_count_hidden":0,"_bbp_forum_subforum_count":0,"_uag_custom_page_level_css":"","ep_exclude_from_search":false,"footnotes":""},"related-projects-category":[],"class_list":["post-17715758","page","type-page","status-publish","hentry"],"spectra_custom_meta":{"_subscription_coupon_product_id":["0"],"_wpv_contains_gutenberg_views":[""],"_alp_processed":["1767957004"],"wpcf-unformatted-code":[""],"_wpml_media_duplicate":["1"],"_wpml_media_featured":["1"],"toolset_post_editor_mode":["block"],"wpcf-price-increase-show-from":[""],"wpcf-price-increase-show-till":[""],"_wp_page_template":["template-nosidebar-centered.php"],"_last_translation_edit_mode":["translation-editor"],"_wpml_word_count":["408"],"_uag_css_file_name":["uag-css-17715758.css"],"_uag_page_assets":["a:9:{s:3:\"css\";s:260:\".uag-blocks-common-selector{z-index:var(--z-index-desktop) !important}@media(max-width: 976px){.uag-blocks-common-selector{z-index:var(--z-index-tablet) !important}}@media(max-width: 767px){.uag-blocks-common-selector{z-index:var(--z-index-mobile) !important}}\";s:2:\"js\";s:0:\"\";s:18:\"current_block_list\";a:9:{i:0;s:14:\"core\/paragraph\";i:1;s:24:\"toolset-blocks\/container\";i:2;s:30:\"toolset-blocks\/fields-and-text\";i:3;s:22:\"toolset-blocks\/heading\";i:4;s:11:\"core\/spacer\";i:5;s:9:\"core\/list\";i:6;s:14:\"core\/list-item\";i:7;s:20:\"toolset-blocks\/image\";i:8;s:14:\"core\/shortcode\";}s:8:\"uag_flag\";b:0;s:11:\"uag_version\";s:10:\"1778187715\";s:6:\"gfonts\";a:0:{}s:10:\"gfonts_url\";s:0:\"\";s:12:\"gfonts_files\";a:0:{}s:14:\"uag_faq_layout\";b:0;}"]},"uagb_featured_image_src":{"full":false,"thumbnail":false,"medium":false,"medium_large":false,"large":false,"1536x1536":false,"2048x2048":false,"gform-image-choice-sm":false,"gform-image-choice-md":false,"gform-image-choice-lg":false,"woocommerce_thumbnail":false,"woocommerce_single":false,"woocommerce_gallery_thumbnail":false},"uagb_author_info":{"display_name":"Dario","author_link":"https:\/\/wpml.org\/vi\/author\/darioh\/"},"uagb_comment_info":0,"uagb_excerpt":"C\u00e1c b\u1ea3n c\u1eadp nh\u1eadt WordPress c\u00f3 th\u1ec3 l\u00e0m h\u1ecfng giao di\u1ec7n v\u00e0 plugin tr\u00ean trang web c\u1ee7a b\u1ea1n. \u0110\u1ec3 b\u1ea3o v\u1ec7 trang web c\u1ee7a b\u1ea1n, h\u00e3y \u0111\u1ea3m b\u1ea3o c\u1eadp nh\u1eadt t\u1ea5t c\u1ea3 c\u00e1c plugin v\u00e0 giao di\u1ec7n c\u1ee7a b\u1ea1n. Theo m\u1eb7c \u0111\u1ecbnh, WordPress t\u1ef1 \u0111\u1ed9ng c\u1eadp nh\u1eadt trang web c\u1ee7a b\u1ea1n l\u00ean phi\u00ean b\u1ea3n m\u1edbi&hellip;","_links":{"self":[{"href":"https:\/\/wpml.org\/vi\/wp-json\/wp\/v2\/pages\/17715758","targetHints":{"allow":["GET"]}}],"collection":[{"href":"https:\/\/wpml.org\/vi\/wp-json\/wp\/v2\/pages"}],"about":[{"href":"https:\/\/wpml.org\/vi\/wp-json\/wp\/v2\/types\/page"}],"author":[{"embeddable":true,"href":"https:\/\/wpml.org\/vi\/wp-json\/wp\/v2\/users\/76577"}],"replies":[{"embeddable":true,"href":"https:\/\/wpml.org\/vi\/wp-json\/wp\/v2\/comments?post=17715758"}],"version-history":[{"count":1,"href":"https:\/\/wpml.org\/vi\/wp-json\/wp\/v2\/pages\/17715758\/revisions"}],"predecessor-version":[{"id":17715761,"href":"https:\/\/wpml.org\/vi\/wp-json\/wp\/v2\/pages\/17715758\/revisions\/17715761"}],"up":[{"embeddable":true,"href":"https:\/\/wpml.org\/vi\/wp-json\/wp\/v2\/pages\/17417125"}],"wp:attachment":[{"href":"https:\/\/wpml.org\/vi\/wp-json\/wp\/v2\/media?parent=17715758"}],"wp:term":[{"taxonomy":"related-projects-category","embeddable":true,"href":"https:\/\/wpml.org\/vi\/wp-json\/wp\/v2\/related-projects-category?post=17715758"}],"curies":[{"name":"wp","href":"https:\/\/api.w.org\/{rel}","templated":true}]}}