{"id":17825068,"date":"2026-02-25T10:17:49","date_gmt":"2026-02-25T10:17:49","guid":{"rendered":"https:\/\/wpml.org\/?page_id=17825068"},"modified":"2026-02-25T10:36:57","modified_gmt":"2026-02-25T10:36:57","slug":"tien-do-hang-thang-cua-doi-tac-dai-ly-huy-dang-ky","status":"publish","type":"page","link":"https:\/\/wpml.org\/vi\/tien-do-hang-thang-cua-doi-tac-dai-ly-huy-dang-ky\/","title":{"rendered":"Ti\u1ebfn \u0111\u1ed9 H\u00e0ng th\u00e1ng c\u1ee7a \u0110\u1ed1i t\u00e1c \u0110\u1ea1i l\u00fd H\u1ee7y \u0111\u0103ng k\u00fd"},"content":{"rendered":"","protected":false},"excerpt":{"rendered":"","protected":false},"author":385675,"featured_media":0,"parent":0,"menu_order":0,"comment_status":"closed","ping_status":"closed","template":"page-partnership-unsubscribe.php","meta":{"_bbp_topic_count":0,"_bbp_reply_count":0,"_bbp_total_topic_count":0,"_bbp_total_reply_count":0,"_bbp_voice_count":0,"_bbp_anonymous_reply_count":0,"_bbp_topic_count_hidden":0,"_bbp_reply_count_hidden":0,"_bbp_forum_subforum_count":0,"ep_exclude_from_search":false,"footnotes":""},"related-projects-category":[],"class_list":["post-17825068","page","type-page","status-publish","hentry"],"_links":{"self":[{"href":"https:\/\/wpml.org\/vi\/wp-json\/wp\/v2\/pages\/17825068","targetHints":{"allow":["GET"]}}],"collection":[{"href":"https:\/\/wpml.org\/vi\/wp-json\/wp\/v2\/pages"}],"about":[{"href":"https:\/\/wpml.org\/vi\/wp-json\/wp\/v2\/types\/page"}],"author":[{"embeddable":true,"href":"https:\/\/wpml.org\/vi\/wp-json\/wp\/v2\/users\/385675"}],"replies":[{"embeddable":true,"href":"https:\/\/wpml.org\/vi\/wp-json\/wp\/v2\/comments?post=17825068"}],"version-history":[{"count":1,"href":"https:\/\/wpml.org\/vi\/wp-json\/wp\/v2\/pages\/17825068\/revisions"}],"predecessor-version":[{"id":17850718,"href":"https:\/\/wpml.org\/vi\/wp-json\/wp\/v2\/pages\/17825068\/revisions\/17850718"}],"wp:attachment":[{"href":"https:\/\/wpml.org\/vi\/wp-json\/wp\/v2\/media?parent=17825068"}],"wp:term":[{"taxonomy":"related-projects-category","embeddable":true,"href":"https:\/\/wpml.org\/vi\/wp-json\/wp\/v2\/related-projects-category?post=17825068"}],"curies":[{"name":"wp","href":"https:\/\/api.w.org\/{rel}","templated":true}]}}