{"id":17825119,"date":"2026-02-25T09:31:59","date_gmt":"2026-02-25T09:31:59","guid":{"rendered":"https:\/\/wpml.org\/?page_id=17825119"},"modified":"2026-03-02T09:26:42","modified_gmt":"2026-03-02T09:26:42","slug":"chuong-trinh-doi-tac-agency-dieu-khoan-va-dieu-kien","status":"publish","type":"page","link":"https:\/\/wpml.org\/vi\/account\/chuong-trinh-doi-tac-dai-ly\/chuong-trinh-doi-tac-agency-dieu-khoan-va-dieu-kien\/","title":{"rendered":"Ch\u01b0\u01a1ng tr\u00ecnh \u0110\u1ed1i t\u00e1c Agency \u2014 \u0110i\u1ec1u kho\u1ea3n v\u00e0 \u0110i\u1ec1u ki\u1ec7n"},"content":{"rendered":"\n<p class=\"lead\">T\u00ecm hi\u1ec3u c\u00e1ch th\u1ee9c ho\u1ea1t \u0111\u1ed9ng c\u1ee7a Ch\u01b0\u01a1ng tr\u00ecnh \u0110\u1ed1i t\u00e1c Agency, bao g\u1ed3m c\u00e1ch b\u1ea1n t\u00edch l\u0169y ph\u1ea7n th\u01b0\u1edfng, nh\u1eefng g\u00ec m\u1ed7i c\u1ea5p b\u1eadc cung c\u1ea5p v\u00e0 c\u00e1ch t\u00ednh to\u00e1n t\u00edn d\u1ee5ng c\u0169ng nh\u01b0 \u0111i\u1ec3m s\u1ed1.<\/p>\n\n<h2 class=\"wp-block-heading\">T\u00edch l\u0169y \u0111i\u1ec3m<\/h2>\n\n<p>B\u1ea1n t\u00edch l\u0169y \u0111\u01b0\u1ee3c 1 \u0111i\u1ec3m th\u01b0\u1edfng cho m\u1ed7i 1 t\u00edn d\u1ee5ng d\u1ecbch thu\u1eadt m\u00e0 b\u1ea1n v\u00e0 kh\u00e1ch h\u00e0ng c\u1ee7a b\u1ea1n s\u1eed d\u1ee5ng th\u00f4ng qua d\u1ecbch t\u1ef1 \u0111\u1ed9ng. \u0110i\u1ec1u n\u00e0y \u00e1p d\u1ee5ng cho c\u00e1c t\u00edn d\u1ee5ng d\u1ecbch thu\u1eadt \u0111\u01b0\u1ee3c s\u1eed d\u1ee5ng v\u1edbi b\u1ea5t k\u1ef3 c\u00f4ng c\u1ee5 d\u1ecbch thu\u1eadt n\u00e0o (PTC, DeepL, Google ho\u1eb7c Microsoft). <\/p>\n\n<p>\u0110i\u1ec1u n\u00e0y \u00e1p d\u1ee5ng cho c\u1ea3 d\u1ecbch thu\u1eadt trang web v\u00e0 d\u1ecbch thu\u1eadt ph\u1ea7n m\u1ec1m.<\/p>\n\n<p>S\u1ed1 d\u01b0 \u0111i\u1ec3m c\u1ee7a b\u1ea1n \u0111\u01b0\u1ee3c c\u1eadp nh\u1eadt h\u00e0ng ng\u00e0y. C\u00e1c t\u00edn d\u1ee5ng b\u1ea1n chi ti\u00eau h\u00f4m nay s\u1ebd \u0111\u01b0\u1ee3c ph\u1ea3n \u00e1nh trong b\u1ed9 \u0111\u1ebfm \u0111i\u1ec3m v\u00e0o ng\u00e0y h\u00f4m sau. <\/p>\n\n<h2 class=\"wp-block-heading\">C\u00e1ch c\u00e1c trang web v\u00e0 t\u00edn d\u1ee5ng \u0111\u01b0\u1ee3c t\u00ednh cho t\u00e0i kho\u1ea3n c\u1ee7a b\u1ea1n<\/h2>\n\n<p><strong>\u0110\u1ed1i v\u1edbi c\u00e1c trang web WPML:<\/strong> \u0110i\u1ec3m \u0111\u1ebfn t\u1eeb c\u00e1c trang web \u0111\u01b0\u1ee3c \u0111\u0103ng k\u00fd d\u01b0\u1edbi t\u00e0i kho\u1ea3n WPML c\u1ee7a b\u1ea1n. N\u1ebfu b\u1ea1n x\u00e2y d\u1ef1ng m\u1ed9t trang web cho kh\u00e1ch h\u00e0ng (ho\u1eb7c cho ch\u00ednh m\u00ecnh) b\u1eb1ng gi\u1ea5y ph\u00e9p WPML c\u1ee7a b\u1ea1n, c\u00e1c t\u00edn d\u1ee5ng d\u1ecbch thu\u1eadt \u0111\u01b0\u1ee3c s\u1eed d\u1ee5ng tr\u00ean trang web \u0111\u00f3 s\u1ebd \u0111\u01b0\u1ee3c t\u00ednh v\u00e0o ph\u1ea7n th\u01b0\u1edfng c\u1ee7a b\u1ea1n. N\u1ebfu sau \u0111\u00f3 kh\u00e1ch h\u00e0ng chuy\u1ec3n sang gi\u1ea5y ph\u00e9p WPML c\u1ee7a ri\u00eang h\u1ecd, trang web \u0111\u00f3 s\u1ebd kh\u00f4ng c\u00f2n \u0111\u01b0\u1ee3c t\u00ednh n\u1eefa.  <\/p>\n\n<p>C\u1ea3 trang web ch\u00ednh th\u1ee9c v\u00e0 trang web th\u1eed nghi\u1ec7m \u0111\u1ec1u \u0111\u01b0\u1ee3c t\u00ednh, mi\u1ec5n l\u00e0 ch\u00fang \u0111\u01b0\u1ee3c \u0111\u0103ng k\u00fd d\u01b0\u1edbi t\u00e0i kho\u1ea3n c\u1ee7a b\u1ea1n.<\/p>\n\n<p><strong>\u0110\u1ed1i v\u1edbi <\/strong><a href=\"https:\/\/ptc.wpml.org\/\" target=\"_blank\" rel=\"noreferrer noopener\"><strong>PTC cho Ph\u1ea7n m\u1ec1m<\/strong><\/a><strong>:<\/strong> Kh\u00e1ch h\u00e0ng c\u1ee7a b\u1ea1n c\u1ea7n \u0111\u0103ng k\u00fd th\u00f4ng qua li\u00ean k\u1ebft gi\u1edbi thi\u1ec7u c\u1ee7a b\u1ea1n. B\u1ea1n s\u1ebd t\u00ecm th\u1ea5y li\u00ean k\u1ebft n\u00e0y tr\u00ean trang Ch\u01b0\u01a1ng tr\u00ecnh \u0110\u1ed1i t\u00e1c Agency trong t\u00e0i kho\u1ea3n WPML c\u1ee7a m\u00ecnh. Khi kh\u00e1ch h\u00e0ng truy c\u1eadp ptc.wpml.org b\u1eb1ng li\u00ean k\u1ebft c\u1ee7a b\u1ea1n, t\u00e0i kho\u1ea3n c\u1ee7a h\u1ecd s\u1ebd \u0111\u01b0\u1ee3c k\u1ebft n\u1ed1i v\u1edbi t\u00e0i kho\u1ea3n c\u1ee7a b\u1ea1n v\u00e0 c\u00e1c t\u00edn d\u1ee5ng h\u1ecd s\u1eed d\u1ee5ng s\u1ebd \u0111\u01b0\u1ee3c t\u00ednh v\u00e0o \u0111i\u1ec3m c\u1ee7a b\u1ea1n.  <\/p>\n\n<h2 class=\"wp-block-heading\">Khi vi\u1ec7c theo d\u00f5i \u0111i\u1ec3m b\u1eaft \u0111\u1ea7u<\/h2>\n\n<p>Khi \u0111\u0103ng k\u00fd, b\u1ea1n s\u1ebd nh\u1eadn \u0111\u01b0\u1ee3c \u0111i\u1ec3m cho t\u1ea5t c\u1ea3 c\u00e1c t\u00edn d\u1ee5ng d\u1ecbch t\u1ef1 \u0111\u1ed9ng \u0111\u00e3 s\u1eed d\u1ee5ng k\u1ec3 t\u1eeb l\u1ea7n gia h\u1ea1n t\u00e0i kho\u1ea3n WPML g\u1ea7n nh\u1ea5t. \u0110i\u1ec3m s\u1ebd ti\u1ebfp t\u1ee5c \u0111\u01b0\u1ee3c t\u00edch l\u0169y cho \u0111\u1ebfn ng\u00e0y gia h\u1ea1n ti\u1ebfp theo. <\/p>\n\n<p>V\u00ed d\u1ee5: n\u1ebfu t\u00e0i kho\u1ea3n WPML c\u1ee7a b\u1ea1n \u0111\u01b0\u1ee3c gia h\u1ea1n v\u00e0o ng\u00e0y 10 th\u00e1ng 6 n\u0103m 2025 v\u00e0 b\u1ea1n \u0111\u0103ng k\u00fd ch\u01b0\u01a1ng tr\u00ecnh v\u00e0o ng\u00e0y 2 th\u00e1ng 3 n\u0103m 2026, b\u1ea1n s\u1ebd nh\u1eadn \u0111\u01b0\u1ee3c \u0111i\u1ec3m cho t\u1ea5t c\u1ea3 c\u00e1c t\u00edn d\u1ee5ng \u0111\u00e3 s\u1eed d\u1ee5ng trong kho\u1ea3ng th\u1eddi gian t\u1eeb ng\u00e0y 10 th\u00e1ng 6 n\u0103m 2025 \u0111\u1ebfn ng\u00e0y 10 th\u00e1ng 6 n\u0103m 2026.<\/p>\n\n<h2 class=\"wp-block-heading\">Khi \u0111i\u1ec3m c\u1ee7a b\u1ea1n \u0111\u01b0\u1ee3c \u0111\u1eb7t l\u1ea1i<\/h2>\n\n<p>\u0110i\u1ec3m c\u1ee7a b\u1ea1n b\u1eaft \u0111\u1ea7u t\u00edch l\u0169y t\u1eeb ng\u00e0y mua ho\u1eb7c gia h\u1ea1n g\u00f3i \u0111\u0103ng k\u00fd WPML g\u1ea7n nh\u1ea5t. Ch\u00fang s\u1ebd \u0111\u01b0\u1ee3c \u0111\u1eb7t l\u1ea1i v\u00e0o ng\u00e0y gia h\u1ea1n g\u00f3i \u0111\u0103ng k\u00fd ti\u1ebfp theo c\u1ee7a b\u1ea1n. <\/p>\n\n<h2 class=\"wp-block-heading\">C\u00e1c c\u1ea5p b\u1eadc ph\u1ea7n th\u01b0\u1edfng<\/h2>\n\n<p>C\u00f3 ba c\u1ea5p b\u1eadc ph\u1ea7n th\u01b0\u1edfng. B\u1ea1n \u0111\u1ea1t \u0111\u01b0\u1ee3c ch\u00fang b\u1eb1ng c\u00e1ch t\u00edch l\u0169y s\u1ed1 \u0111i\u1ec3m sau: <\/p>\n\n<ul class=\"wp-block-list\">\n<li><strong>\u0110\u1ed3ng (Bronze):<\/strong> 500.000 \u0111i\u1ec3m<\/li>\n\n\n\n<li><strong>V\u00e0ng (Gold):<\/strong> 1.250.000 \u0111i\u1ec3m<\/li>\n\n\n\n<li><strong>B\u1ea1ch kim (Platinum):<\/strong> 2.500.000 \u0111i\u1ec3m<\/li>\n<\/ul>\n\n<p>Khi b\u1ea1n \u0111\u00e3 \u0111\u1ea1t \u0111\u1ebfn m\u1ed9t c\u1ea5p b\u1eadc, n\u00f3 s\u1ebd thu\u1ed9c v\u1ec1 b\u1ea1n trong n\u0103m \u0111\u0103ng k\u00fd \u0111\u00f3 \u2014 c\u1ea5p b\u1eadc c\u1ee7a b\u1ea1n s\u1ebd kh\u00f4ng b\u1ecb gi\u1ea3m ngay c\u1ea3 khi m\u1ee9c \u0111\u1ed9 s\u1eed d\u1ee5ng ch\u1eadm l\u1ea1i.<\/p>\n\n<p>C\u00e1c c\u1ea5p b\u1eadc s\u1ebd \u0111\u01b0\u1ee3c \u0111\u1eb7t l\u1ea1i khi g\u00f3i \u0111\u0103ng k\u00fd c\u1ee7a b\u1ea1n \u0111\u01b0\u1ee3c gia h\u1ea1n v\u00e0 b\u1ea1n s\u1ebd b\u1eaft \u0111\u1ea7u l\u1ea1i t\u1eeb \u0111\u1ea7u.<\/p>\n\n<h2 class=\"wp-block-heading\">Nh\u1eefng g\u00ec m\u1ed7i c\u1ea5p b\u1eadc bao g\u1ed3m<\/h2>\n\n<p><strong>\u0110\u1ed3ng<\/strong><\/p>\n\n<ul class=\"wp-block-list\">\n<li>H\u1ed7 tr\u1ee3 VIP<\/li>\n\n\n\n<li>Gi\u1ea3m gi\u00e1 20% cho l\u1ea7n gia h\u1ea1n WPML ti\u1ebfp theo c\u1ee7a b\u1ea1n<\/li>\n\n\n\n<li>300.000 t\u00edn d\u1ee5ng d\u1ecbch thu\u1eadt mi\u1ec5n ph\u00ed cho trang web agency c\u1ee7a b\u1ea1n<\/li>\n<\/ul>\n\n<p><strong>V\u00e0ng<\/strong><\/p>\n\n<ul class=\"wp-block-list\">\n<li>H\u1ed7 tr\u1ee3 VIP<\/li>\n\n\n\n<li>Gi\u1ea3m gi\u00e1 50% cho l\u1ea7n gia h\u1ea1n WPML ti\u1ebfp theo c\u1ee7a b\u1ea1n<\/li>\n\n\n\n<li>500.000 t\u00edn d\u1ee5ng d\u1ecbch thu\u1eadt mi\u1ec5n ph\u00ed cho trang web agency c\u1ee7a b\u1ea1n<\/li>\n<\/ul>\n\n<p><strong>B\u1ea1ch kim<\/strong><\/p>\n\n<ul class=\"wp-block-list\">\n<li>H\u1ed7 tr\u1ee3 VIP<\/li>\n\n\n\n<li>Gi\u1ea3m gi\u00e1 100% cho l\u1ea7n gia h\u1ea1n WPML ti\u1ebfp theo c\u1ee7a b\u1ea1n (gia h\u1ea1n mi\u1ec5n ph\u00ed)<\/li>\n\n\n\n<li>800.000 t\u00edn d\u1ee5ng d\u1ecbch thu\u1eadt mi\u1ec5n ph\u00ed cho trang web agency c\u1ee7a b\u1ea1n<\/li>\n<\/ul>\n\n<h2 class=\"wp-block-heading\">H\u1ed7 tr\u1ee3 VIP<\/h2>\n\n<p>H\u1ed7 tr\u1ee3 VIP c\u00f3 ngh\u0129a l\u00e0:<\/p>\n\n<ul class=\"wp-block-list\">\n<li>C\u00e1c y\u00eau c\u1ea7u h\u1ed7 tr\u1ee3 c\u1ee7a b\u1ea1n \u0111\u01b0\u1ee3c \u01b0u ti\u00ean, v\u00ec v\u1eady b\u1ea1n nh\u1eadn \u0111\u01b0\u1ee3c ph\u1ea3n h\u1ed3i nhanh h\u01a1n<\/li>\n\n\n\n<li>C\u00e1c v\u1ea5n \u0111\u1ec1 c\u1ee7a b\u1ea1n \u0111\u01b0\u1ee3c x\u1eed l\u00fd tr\u1ef1c ti\u1ebfp b\u1edfi c\u00e1c nh\u00e0 ph\u00e1t tri\u1ec3n<\/li>\n<\/ul>\n\n<h2 class=\"wp-block-heading\">Gi\u1ea3m gi\u00e1 gia h\u1ea1n<\/h2>\n\n<p>Khi b\u1ea1n \u0111\u1ea1t \u0111\u1ebfn m\u1ed9t c\u1ea5p b\u1eadc ph\u1ea7n th\u01b0\u1edfng, m\u1ee9c gi\u1ea3m gi\u00e1 gia h\u1ea1n s\u1ebd \u0111\u01b0\u1ee3c \u00e1p d\u1ee5ng t\u1ef1 \u0111\u1ed9ng cho l\u1ea7n gia h\u1ea1n g\u00f3i \u0111\u0103ng k\u00fd WPML ti\u1ebfp theo c\u1ee7a b\u1ea1n.<\/p>\n\n<p>M\u1ee9c gi\u1ea3m gi\u00e1 ch\u1ec9 \u00e1p d\u1ee5ng m\u1ed9t l\u1ea7n, cho l\u1ea7n gia h\u1ea1n ti\u1ebfp theo c\u1ee7a b\u1ea1n v\u00e0 ch\u1ec9 \u00e1p d\u1ee5ng cho t\u00e0i kho\u1ea3n WPML c\u1ee7a agency c\u1ee7a b\u1ea1n.<\/p>\n\n<p>N\u1ebfu t\u00e0i kho\u1ea3n c\u1ee7a b\u1ea1n \u0111\u01b0\u1ee3c thi\u1ebft l\u1eadp \u0111\u1ec3 gia h\u1ea1n th\u1ee7 c\u00f4ng, m\u1ee9c gi\u1ea3m gi\u00e1 s\u1ebd ch\u1ec9 \u0111\u01b0\u1ee3c \u00e1p d\u1ee5ng n\u1ebfu b\u1ea1n gia h\u1ea1n \u0111\u00fang h\u1ea1n. N\u1ebfu t\u00e0i kho\u1ea3n c\u1ee7a b\u1ea1n h\u1ebft h\u1ea1n, b\u1ea1n s\u1ebd m\u1ea5t m\u1ee9c gi\u1ea3m gi\u00e1 n\u00e0y. <\/p>\n\n<h2 class=\"wp-block-heading\">T\u00edn d\u1ee5ng d\u1ecbch thu\u1eadt mi\u1ec5n ph\u00ed<\/h2>\n\n<p>C\u00e1c t\u00edn d\u1ee5ng mi\u1ec5n ph\u00ed b\u1ea1n t\u00edch l\u0169y \u0111\u01b0\u1ee3c ch\u1ec9 c\u00f3 th\u1ec3 \u0111\u01b0\u1ee3c s\u1eed d\u1ee5ng tr\u00ean trang web ri\u00eang c\u1ee7a agency c\u1ee7a b\u1ea1n. B\u1ea1n ch\u1ec9 \u0111\u1ecbnh trang web n\u00e0y tr\u00ean trang Ch\u01b0\u01a1ng tr\u00ecnh \u0110\u1ed1i t\u00e1c Agency trong t\u00e0i kho\u1ea3n WPML c\u1ee7a m\u00ecnh. <\/p>\n\n<p>C\u00e1c t\u00edn d\u1ee5ng n\u00e0y kh\u00f4ng h\u1ebft h\u1ea1n, nh\u01b0ng ch\u00fang c\u0169ng kh\u00f4ng th\u1ec3 \u0111\u01b0\u1ee3c chuy\u1ec3n sang c\u00e1c trang web kh\u00e1c.<\/p>\n\n<h2 class=\"wp-block-heading\">Tham gia ch\u01b0\u01a1ng tr\u00ecnh<\/h2>\n\n<p>\u0110\u1ec3 tham gia, h\u00e3y \u0111\u0103ng nh\u1eadp v\u00e0o t\u00e0i kho\u1ea3n WPML c\u1ee7a b\u1ea1n v\u00e0 \u0111\u0103ng k\u00fd t\u1eeb ph\u1ea7n Ch\u01b0\u01a1ng tr\u00ecnh \u0110\u1ed1i t\u00e1c Agency. B\u1ea1n c\u00f3 th\u1ec3 truy c\u1eadp ph\u1ea7n n\u00e0y t\u1eeb trang T\u00e0i kho\u1ea3n ch\u00ednh c\u1ee7a m\u00ecnh. <\/p>\n\n<p>Ch\u1ec9 c\u00e1c t\u00e0i kho\u1ea3n Multilingual Agency m\u1edbi \u0111\u1ee7 \u0111i\u1ec1u ki\u1ec7n. N\u1ebfu qu\u00fd v\u1ecb c\u00f3 t\u00e0i kho\u1ea3n Multilingual Blog ho\u1eb7c Multilingual CMS, qu\u00fd v\u1ecb s\u1ebd kh\u00f4ng th\u1ea5y t\u00f9y ch\u1ecdn n\u00e0y. <\/p>\n\n<h2 class=\"wp-block-heading\">R\u1eddi kh\u1ecfi ch\u01b0\u01a1ng tr\u00ecnh<\/h2>\n\n<p>Kh\u00f4ng c\u00f3 quy tr\u00ecnh h\u1ee7y tham gia ch\u00ednh th\u1ee9c, nh\u01b0ng b\u1ea1n c\u00f3 th\u1ec3 \u0111\u01a1n gi\u1ea3n ng\u1eebng tham gia b\u1ea5t c\u1ee9 l\u00fac n\u00e0o. N\u1ebfu b\u1ea1n \u0111\u00e3 \u0111\u1ea1t \u0111\u1ebfn m\u1ed9t c\u1ea5p b\u1eadc ph\u1ea7n th\u01b0\u1edfng, b\u1ea1n v\u1eabn gi\u1eef \u0111\u01b0\u1ee3c nh\u1eefng g\u00ec m\u00ecnh \u0111\u00e3 \u0111\u1ea1t \u0111\u01b0\u1ee3c: <\/p>\n\n<ul class=\"wp-block-list\">\n<li>B\u1ea1n c\u00f3 quy\u1ec1n truy c\u1eadp v\u00e0o h\u1ed7 tr\u1ee3 VIP cho \u0111\u1ebfn l\u1ea7n gia h\u1ea1n ti\u1ebfp theo khi c\u00e1c ph\u1ea7n th\u01b0\u1edfng \u0111\u01b0\u1ee3c \u0111\u1eb7t l\u1ea1i<\/li>\n\n\n\n<li>M\u1ee9c gi\u1ea3m gi\u00e1 gia h\u1ea1n ti\u1ebfp theo c\u1ee7a b\u1ea1n v\u1eabn \u0111\u01b0\u1ee3c \u00e1p d\u1ee5ng<\/li>\n\n\n\n<li>B\u1ea1n v\u1eabn c\u00f3 th\u1ec3 ch\u1ec9 \u0111\u1ecbnh c\u00e1c t\u00edn d\u1ee5ng mi\u1ec5n ph\u00ed c\u1ee7a m\u00ecnh b\u1ea5t c\u1ee9 khi n\u00e0o b\u1ea1n s\u1eb5n s\u00e0ng<\/li>\n<\/ul>\n\n<h2 class=\"wp-block-heading\">\u0110i\u1ec1u n\u00e0y \u1ea3nh h\u01b0\u1edfng \u0111\u1ebfn kh\u00e1ch h\u00e0ng c\u1ee7a b\u1ea1n nh\u01b0 th\u1ebf n\u00e0o<\/h2>\n\n<p>Vi\u1ec7c \u0111\u0103ng k\u00fd tham gia ch\u01b0\u01a1ng tr\u00ecnh n\u00e0y kh\u00f4ng thay \u0111\u1ed5i b\u1ea5t c\u1ee9 \u0111i\u1ec1u g\u00ec \u0111\u1ed1i v\u1edbi kh\u00e1ch h\u00e0ng c\u1ee7a b\u1ea1n:<\/p>\n\n<ul class=\"wp-block-list\">\n<li>Gi\u00e1 t\u00edn d\u1ee5ng d\u1ecbch thu\u1eadt v\u1eabn gi\u1eef nguy\u00ean<\/li>\n\n\n\n<li>Gi\u00e1 gia h\u1ea1n WPML h\u00e0ng n\u0103m v\u1eabn gi\u1eef nguy\u00ean<\/li>\n<\/ul>\n\n<h2 class=\"wp-block-heading\">\u0110\u1ea3m b\u1ea3o ch\u1ea5t l\u01b0\u1ee3ng cho d\u1ecbch t\u1ef1 \u0111\u1ed9ng v\u1edbi PTC<\/h2>\n\n<p>C\u00e1c b\u1ea3n d\u1ecbch t\u1ef1 \u0111\u1ed9ng \u0111\u01b0\u1ee3c th\u1ef1c hi\u1ec7n th\u00f4ng qua PTC \u0111i k\u00e8m v\u1edbi s\u1ef1 \u0111\u1ea3m b\u1ea3o v\u1ec1 ch\u1ea5t l\u01b0\u1ee3ng. N\u1ebfu b\u1ea1n ho\u1eb7c kh\u00e1ch h\u00e0ng c\u1ee7a b\u1ea1n kh\u00f4ng h\u00e0i l\u00f2ng v\u1edbi ch\u1ea5t l\u01b0\u1ee3ng b\u1ea3n d\u1ecbch, h\u00e3y cho ch\u00fang t\u00f4i bi\u1ebft v\u1ea5n \u0111\u1ec1 l\u00e0 g\u00ec. Ch\u00fang t\u00f4i coi c\u00e1c v\u1ea5n \u0111\u1ec1 v\u1ec1 ch\u1ea5t l\u01b0\u1ee3ng nh\u01b0 l\u1ed7i (bug) v\u00e0 n\u1ed7 l\u1ef1c kh\u1eafc ph\u1ee5c ch\u00fang. N\u1ebfu b\u1ea1n v\u1eabn kh\u00f4ng h\u00e0i l\u00f2ng, ch\u00fang t\u00f4i s\u1ebd ho\u00e0n l\u1ea1i \u0111\u1ea7y \u0111\u1ee7 t\u00edn d\u1ee5ng d\u1ecbch thu\u1eadt c\u1ee7a b\u1ea1n.   <\/p>\n\n<p><a href=\"https:\/\/wpml.org\/vi\/tai-lieu-wpml\/dich-tu-dong-cho-noi-dung-wordpress-voi-wpml\/dich-tu-dong-voi-chat-luong-duoc-dam-bao\/\" target=\"_blank\" rel=\"noreferrer noopener\">T\u00ecm hi\u1ec3u th\u00eam v\u1ec1 Cam k\u1ebft Ch\u1ea5t l\u01b0\u1ee3ng PTC<\/a><\/p>\n\n<p><\/p>\n","protected":false},"excerpt":{"rendered":"<p>T\u00ecm hi\u1ec3u c\u00e1ch th\u1ee9c ho\u1ea1t \u0111\u1ed9ng c\u1ee7a Ch\u01b0\u01a1ng tr\u00ecnh \u0110\u1ed1i t\u00e1c Agency, bao g\u1ed3m c\u00e1ch b\u1ea1n t\u00edch l\u0169y ph\u1ea7n th\u01b0\u1edfng, nh\u1eefng g\u00ec m\u1ed7i c\u1ea5p b\u1eadc cung c\u1ea5p v\u00e0 c\u00e1ch t\u00ednh to\u00e1n t\u00edn d\u1ee5ng c\u0169ng nh\u01b0 \u0111i\u1ec3m s\u1ed1. T\u00edch l\u0169y \u0111i\u1ec3m B\u1ea1n t\u00edch l\u0169y \u0111\u01b0\u1ee3c 1 \u0111i\u1ec3m th\u01b0\u1edfng cho m\u1ed7i 1 t\u00edn d\u1ee5ng d\u1ecbch thu\u1eadt m\u00e0 [&hellip;]<\/p>\n","protected":false},"author":76577,"featured_media":0,"parent":17825076,"menu_order":0,"comment_status":"closed","ping_status":"closed","template":"template-nosidebar-centered.php","meta":{"_bbp_topic_count":0,"_bbp_reply_count":0,"_bbp_total_topic_count":0,"_bbp_total_reply_count":0,"_bbp_voice_count":0,"_bbp_anonymous_reply_count":0,"_bbp_topic_count_hidden":0,"_bbp_reply_count_hidden":0,"_bbp_forum_subforum_count":0,"_uag_custom_page_level_css":"","ep_exclude_from_search":false,"footnotes":""},"related-projects-category":[],"class_list":["post-17825119","page","type-page","status-publish","hentry"],"spectra_custom_meta":{"_subscription_coupon_product_id":["0"],"_wpv_contains_gutenberg_views":[""],"_alp_processed":["1772443602"],"_last_translation_edit_mode":["translation-editor"],"_yoast_wpseo_meta-robots-noindex":["1"],"_yoast_wpseo_meta-robots-nofollow":["1"],"_yoast_wpseo_meta-robots-adv":["nosnippet"],"wpcf-unformatted-code":[""],"_wpml_media_duplicate":["1"],"_wpml_media_featured":["1"],"toolset_post_editor_mode":["block"],"wpcf-price-increase-show-from":[""],"wpcf-price-increase-show-till":[""],"_wp_page_template":["template-nosidebar-centered.php"],"_wpml_word_count":["1242"],"cmplz_hide_cookiebanner":[""],"wpcf-price-increase-content":[""],"wpcf-login-box-title":[""],"wpcf-page-content":[""],"_yoast_wpseo_primary_related-projects-category":[""],"_edit_lock":["1772013275:76577"],"_edit_last":["76577"],"_yoast_wpseo_content_score":["60"],"_yoast_wpseo_estimated-reading-time-minutes":[""],"_uagb_previous_block_counts":["a:90:{s:21:\"uagb\/advanced-heading\";i:0;s:15:\"uagb\/blockquote\";i:0;s:12:\"uagb\/buttons\";i:0;s:18:\"uagb\/buttons-child\";i:0;s:19:\"uagb\/call-to-action\";i:0;s:15:\"uagb\/cf7-styler\";i:0;s:11:\"uagb\/column\";i:0;s:12:\"uagb\/columns\";i:0;s:14:\"uagb\/container\";i:0;s:21:\"uagb\/content-timeline\";i:0;s:27:\"uagb\/content-timeline-child\";i:0;s:14:\"uagb\/countdown\";i:0;s:12:\"uagb\/counter\";i:0;s:8:\"uagb\/faq\";i:0;s:14:\"uagb\/faq-child\";i:0;s:10:\"uagb\/forms\";i:0;s:17:\"uagb\/forms-accept\";i:0;s:19:\"uagb\/forms-checkbox\";i:0;s:15:\"uagb\/forms-date\";i:0;s:16:\"uagb\/forms-email\";i:0;s:17:\"uagb\/forms-hidden\";i:0;s:15:\"uagb\/forms-name\";i:0;s:16:\"uagb\/forms-phone\";i:0;s:16:\"uagb\/forms-radio\";i:0;s:17:\"uagb\/forms-select\";i:0;s:19:\"uagb\/forms-textarea\";i:0;s:17:\"uagb\/forms-toggle\";i:0;s:14:\"uagb\/forms-url\";i:0;s:14:\"uagb\/gf-styler\";i:0;s:15:\"uagb\/google-map\";i:0;s:11:\"uagb\/how-to\";i:0;s:16:\"uagb\/how-to-step\";i:0;s:9:\"uagb\/icon\";i:0;s:14:\"uagb\/icon-list\";i:0;s:20:\"uagb\/icon-list-child\";i:0;s:10:\"uagb\/image\";i:0;s:18:\"uagb\/image-gallery\";i:0;s:13:\"uagb\/info-box\";i:0;s:18:\"uagb\/inline-notice\";i:0;s:11:\"uagb\/lottie\";i:0;s:21:\"uagb\/marketing-button\";i:0;s:10:\"uagb\/modal\";i:0;s:18:\"uagb\/popup-builder\";i:0;s:16:\"uagb\/post-button\";i:0;s:18:\"uagb\/post-carousel\";i:0;s:17:\"uagb\/post-excerpt\";i:0;s:14:\"uagb\/post-grid\";i:0;s:15:\"uagb\/post-image\";i:0;s:17:\"uagb\/post-masonry\";i:0;s:14:\"uagb\/post-meta\";i:0;s:18:\"uagb\/post-taxonomy\";i:0;s:18:\"uagb\/post-timeline\";i:0;s:15:\"uagb\/post-title\";i:0;s:20:\"uagb\/restaurant-menu\";i:0;s:26:\"uagb\/restaurant-menu-child\";i:0;s:11:\"uagb\/review\";i:0;s:12:\"uagb\/section\";i:0;s:14:\"uagb\/separator\";i:0;s:11:\"uagb\/slider\";i:0;s:17:\"uagb\/slider-child\";i:0;s:17:\"uagb\/social-share\";i:0;s:23:\"uagb\/social-share-child\";i:0;s:16:\"uagb\/star-rating\";i:0;s:23:\"uagb\/sure-cart-checkout\";i:0;s:22:\"uagb\/sure-cart-product\";i:0;s:15:\"uagb\/sure-forms\";i:0;s:22:\"uagb\/table-of-contents\";i:0;s:9:\"uagb\/tabs\";i:0;s:15:\"uagb\/tabs-child\";i:0;s:18:\"uagb\/taxonomy-list\";i:0;s:9:\"uagb\/team\";i:0;s:16:\"uagb\/testimonial\";i:0;s:14:\"uagb\/wp-search\";i:0;s:19:\"uagb\/instagram-feed\";i:0;s:10:\"uagb\/login\";i:0;s:17:\"uagb\/loop-builder\";i:0;s:18:\"uagb\/loop-category\";i:0;s:20:\"uagb\/loop-pagination\";i:0;s:15:\"uagb\/loop-reset\";i:0;s:16:\"uagb\/loop-search\";i:0;s:14:\"uagb\/loop-sort\";i:0;s:17:\"uagb\/loop-wrapper\";i:0;s:13:\"uagb\/register\";i:0;s:19:\"uagb\/register-email\";i:0;s:24:\"uagb\/register-first-name\";i:0;s:23:\"uagb\/register-last-name\";i:0;s:22:\"uagb\/register-password\";i:0;s:30:\"uagb\/register-reenter-password\";i:0;s:19:\"uagb\/register-terms\";i:0;s:22:\"uagb\/register-username\";i:0;}"],"_uag_css_file_name":["uag-css-17825119.css"],"_uag_page_assets":["a:9:{s:3:\"css\";s:0:\"\";s:2:\"js\";s:0:\"\";s:18:\"current_block_list\";a:5:{i:0;s:14:\"core\/paragraph\";i:1;s:12:\"core\/heading\";i:2;s:9:\"core\/list\";i:3;s:14:\"core\/list-item\";i:4;s:14:\"core\/shortcode\";}s:8:\"uag_flag\";b:0;s:11:\"uag_version\";s:10:\"1778674882\";s:6:\"gfonts\";a:0:{}s:10:\"gfonts_url\";s:0:\"\";s:12:\"gfonts_files\";a:0:{}s:14:\"uag_faq_layout\";b:0;}"]},"uagb_featured_image_src":{"full":false,"thumbnail":false,"medium":false,"medium_large":false,"large":false,"1536x1536":false,"2048x2048":false,"gform-image-choice-sm":false,"gform-image-choice-md":false,"gform-image-choice-lg":false,"woocommerce_thumbnail":false,"woocommerce_single":false,"woocommerce_gallery_thumbnail":false},"uagb_author_info":{"display_name":"Dario","author_link":"https:\/\/wpml.org\/vi\/author\/darioh\/"},"uagb_comment_info":0,"uagb_excerpt":"T\u00ecm hi\u1ec3u c\u00e1ch th\u1ee9c ho\u1ea1t \u0111\u1ed9ng c\u1ee7a Ch\u01b0\u01a1ng tr\u00ecnh \u0110\u1ed1i t\u00e1c Agency, bao g\u1ed3m c\u00e1ch b\u1ea1n t\u00edch l\u0169y ph\u1ea7n th\u01b0\u1edfng, nh\u1eefng g\u00ec m\u1ed7i c\u1ea5p b\u1eadc cung c\u1ea5p v\u00e0 c\u00e1ch t\u00ednh to\u00e1n t\u00edn d\u1ee5ng c\u0169ng nh\u01b0 \u0111i\u1ec3m s\u1ed1. T\u00edch l\u0169y \u0111i\u1ec3m B\u1ea1n t\u00edch l\u0169y \u0111\u01b0\u1ee3c 1 \u0111i\u1ec3m th\u01b0\u1edfng cho m\u1ed7i 1 t\u00edn d\u1ee5ng d\u1ecbch thu\u1eadt m\u00e0&hellip;","_links":{"self":[{"href":"https:\/\/wpml.org\/vi\/wp-json\/wp\/v2\/pages\/17825119","targetHints":{"allow":["GET"]}}],"collection":[{"href":"https:\/\/wpml.org\/vi\/wp-json\/wp\/v2\/pages"}],"about":[{"href":"https:\/\/wpml.org\/vi\/wp-json\/wp\/v2\/types\/page"}],"author":[{"embeddable":true,"href":"https:\/\/wpml.org\/vi\/wp-json\/wp\/v2\/users\/76577"}],"replies":[{"embeddable":true,"href":"https:\/\/wpml.org\/vi\/wp-json\/wp\/v2\/comments?post=17825119"}],"version-history":[{"count":2,"href":"https:\/\/wpml.org\/vi\/wp-json\/wp\/v2\/pages\/17825119\/revisions"}],"predecessor-version":[{"id":17863779,"href":"https:\/\/wpml.org\/vi\/wp-json\/wp\/v2\/pages\/17825119\/revisions\/17863779"}],"up":[{"embeddable":true,"href":"https:\/\/wpml.org\/vi\/wp-json\/wp\/v2\/pages\/17825076"}],"wp:attachment":[{"href":"https:\/\/wpml.org\/vi\/wp-json\/wp\/v2\/media?parent=17825119"}],"wp:term":[{"taxonomy":"related-projects-category","embeddable":true,"href":"https:\/\/wpml.org\/vi\/wp-json\/wp\/v2\/related-projects-category?post=17825119"}],"curies":[{"name":"wp","href":"https:\/\/api.w.org\/{rel}","templated":true}]}}