{"id":17830905,"date":"2024-02-13T06:54:14","date_gmt":"2024-02-13T06:54:14","guid":{"rendered":"https:\/\/wpml.org\/tai-lieu-wpml\/cac-du-an-lien-quan\/advanced-custom-fields-acf-da-ngon-ngu-dich-tat-ca-cac-truong-voi-wpml\/thiet-lap-tuy-chon-dich-cho-cac-truong-acf-duoc-tao-bang-ma-php\/"},"modified":"2026-03-03T07:36:19","modified_gmt":"2026-03-03T07:36:19","slug":"thiet-lap-tuy-chon-dich-cho-cac-truong-acf-duoc-tao-bang-ma-php","status":"publish","type":"page","link":"https:\/\/wpml.org\/vi\/tai-lieu-wpml\/cac-du-an-lien-quan\/advanced-custom-fields-acf-da-ngon-ngu-dich-tat-ca-cac-truong-voi-wpml\/thiet-lap-tuy-chon-dich-cho-cac-truong-acf-duoc-tao-bang-ma-php\/","title":{"rendered":"Thi\u1ebft l\u1eadp T\u00f9y ch\u1ecdn D\u1ecbch thu\u1eadt cho c\u00e1c tr\u01b0\u1eddng ACF trong t\u1ec7p PHP v\u00e0 JSON"},"content":{"rendered":"\n<p class=\"lead\">T\u00ecm hi\u1ec3u c\u00e1ch thi\u1ebft l\u1eadp t\u00f9y ch\u1ecdn d\u1ecbch thu\u1eadt cho c\u00e1c tr\u01b0\u1eddng ACF \u0111\u01b0\u1ee3c \u0111\u0103ng k\u00fd trong PHP v\u00e0 t\u1ef1 \u0111\u1ed9ng \u0111\u01b0a ch\u00fang v\u00e0o c\u00e1c t\u1ec7p JSON do ACF t\u1ea1o ra.<\/p>\n\n<h2 class=\"wp-block-heading\">Thi\u1ebft l\u1eadp T\u00f9y ch\u1ecdn D\u1ecbch thu\u1eadt cho c\u00e1c tr\u01b0\u1eddng ACF \u0111\u01b0\u1ee3c \u0111\u0103ng k\u00fd b\u1eb1ng PHP<\/h2>\n\n<p>\u0110\u1ec3 thi\u1ebft l\u1eadp t\u00f9y ch\u1ecdn d\u1ecbch thu\u1eadt cho c\u00e1c tr\u01b0\u1eddng ACF \u0111\u01b0\u1ee3c \u0111\u0103ng k\u00fd b\u1eb1ng PHP, b\u1ea1n c\u1ea7n s\u1eed d\u1ee5ng h\u00e0m <strong>acf_add_local_field_group <\/strong> v\u00e0 th\u00eam <strong>wpml_cf_preferences<\/strong> v\u00e0o \u0111\u1ecbnh ngh\u0129a c\u1ee7a m\u1ed7i tr\u01b0\u1eddng.<\/p>\n\n<p>C\u00f3 b\u1ed1n gi\u00e1 tr\u1ecb s\u1ed1 b\u1ea1n c\u00f3 th\u1ec3 s\u1eed d\u1ee5ng cho <strong>wpml_cf_preferences<\/strong>:<\/p>\n\n<ul class=\"wp-block-list\">\n<li><code>0<\/code>  \u2014 <strong>Kh\u00f4ng d\u1ecbch<\/strong>. WPML s\u1ebd b\u1ecf qua ho\u00e0n to\u00e0n tr\u01b0\u1eddng n\u00e0y. <\/li>\n\n\n\n<li><code>1<\/code>  \u2014 <strong>Sao ch\u00e9p<\/strong>. Gi\u00e1 tr\u1ecb c\u1ee7a tr\u01b0\u1eddng \u0111\u01b0\u1ee3c sao ch\u00e9p sang t\u1ea5t c\u1ea3 c\u00e1c ng\u00f4n ng\u1eef v\u00e0 lu\u00f4n \u0111\u01b0\u1ee3c \u0111\u1ed3ng b\u1ed9 h\u00f3a. <\/li>\n\n\n\n<li><code>2<\/code>  \u2014 <strong>D\u1ecbch<\/strong>. Gi\u00e1 tr\u1ecb c\u1ee7a tr\u01b0\u1eddng s\u1ebd c\u00f3 s\u1eb5n \u0111\u1ec3 d\u1ecbch. <\/li>\n\n\n\n<li><code>3<\/code>  \u2014 <strong>Sao ch\u00e9p m\u1ed9t l\u1ea7n<\/strong>. Gi\u00e1 tr\u1ecb c\u1ee7a tr\u01b0\u1eddng \u0111\u01b0\u1ee3c sao ch\u00e9p sang t\u1ea5t c\u1ea3 c\u00e1c ng\u00f4n ng\u1eef m\u1ed9t l\u1ea7n, sau \u0111\u00f3 c\u00f3 th\u1ec3 \u0111\u01b0\u1ee3c ch\u1ec9nh s\u1eeda \u0111\u1ed9c l\u1eadp \u1edf t\u1eebng ng\u00f4n ng\u1eef. <\/li>\n<\/ul>\n\n<div style=\"height:10px\" aria-hidden=\"true\" class=\"wp-block-spacer\"><\/div>\n\n<div class=\"wp-block-toolset-blocks-container tb-container\" data-toolset-blocks-container=\"2fa18feed47f0c4e46b25fbad85d9b8e\">\n<div class=\"wp-block-toolset-blocks-grid tb-grid\" data-toolset-blocks-grid=\"37d19417981b1b97920df56c088840a6\">\n<div class=\"wp-block-toolset-blocks-grid-column tb-grid-column tb-grid-align-top\" data-toolset-blocks-grid-column=\"3034fbe886c11054e95b46b09d3e4112\">\n<div class=\"wp-block-toolset-blocks-container tb-container\" data-toolset-blocks-container=\"8462661d63c4401da3f7686632759d01\"><\/div>\n<\/div>\n\n\n\n<div class=\"wp-block-toolset-blocks-grid-column tb-grid-column tb-grid-align-top\" data-toolset-blocks-grid-column=\"3034fbe886c11054e95b46b09d3e4112\">\n<p class=\"tb-heading has-text-color\" data-toolset-blocks-heading=\"80377d8cd46f8f5bb75c7e8a97e2b233\" data-last-update=\"1.4\">B\u1ea1n kh\u00f4ng ch\u1eafc ch\u1eafn n\u00ean s\u1eed d\u1ee5ng t\u00f9y ch\u1ecdn d\u1ecbch n\u00e0o? H\u00e3y xem <a href=\"https:\/\/wpml.org\/vi\/tai-lieu-wpml\/cac-du-an-lien-quan\/advanced-custom-fields-acf-da-ngon-ngu-dich-tat-ca-cac-truong-voi-wpml\/tuy-chon-dich-truong-tuy-chinh-cho-acf-va-wpml\/\">t\u00f9y ch\u1ecdn \u0111\u01b0\u1ee3c \u0111\u1ec1 xu\u1ea5t cho t\u1eebng tr\u01b0\u1eddng ACF<\/a>.  <\/p>\n<\/div>\n<\/div>\n<\/div>\n\n<div style=\"height:20px\" aria-hidden=\"true\" class=\"wp-block-spacer\"><\/div>\n\n<p>D\u01b0\u1edbi \u0111\u00e2y b\u1ea1n c\u00f3 th\u1ec3 th\u1ea5y m\u1ed9t v\u00ed d\u1ee5 v\u1ec1 vi\u1ec7c th\u00eam kh\u00f3a <strong>wpml_cf_preferences<\/strong> v\u00e0o m\u1ed9t nh\u00f3m tr\u01b0\u1eddng \u0111\u01b0\u1ee3c \u0111\u0103ng k\u00fd theo l\u1eadp tr\u00ecnh.<\/p>\n<div class=\"wp-block-syntaxhighlighter-code \"><pre class=\"brush: php; title: ; notranslate\" title=\"\">\nacf_add_local_field_group( &#x5B;\n  &#039;key&#039; =&gt; &#039;group_1&#039;,\n  &#039;title&#039; =&gt; &#039;Nh\u00f3m c\u1ee7a t\u00f4i&#039;,\n  &#039;fields&#039; =&gt; &#x5B;\n  &#x5B;\n  &#039;key&#039; =&gt; &#039;field_1&#039;,\n  &#039;label&#039; =&gt; &#039;Ph\u1ee5 \u0111\u1ec1&#039;,\n  &#039;name&#039; =&gt; &#039;sub_title&#039;,\n  &#039;type&#039; =&gt; &#039;text&#039;,\n  &#039;prefix&#039; =&gt; &#039;&#039;,\n  &#039;instructions&#039; =&gt; &#039;&#039;,\n  &#039;required&#039; =&gt; 0,\n  &#039;conditional_logic&#039; =&gt; 0,\n  &#039;wrapper&#039; =&gt; &#x5B;\n  &#039;width&#039; =&gt; &#039;&#039;,\n  &#039;class&#039; =&gt; &#039;&#039;,\n  &#039;id&#039; =&gt; &#039;&#039;,\n  ],\n  &#039;default_value&#039; =&gt; &#039;&#039;,\n  &#039;placeholder&#039; =&gt; &#039;&#039;,\n  &#039;prepend&#039; =&gt; &#039;&#039;,\n  &#039;append&#039; =&gt; &#039;&#039;,\n  &#039;maxlength&#039; =&gt; &#039;&#039;,\n  &#039;readonly&#039; =&gt; 0,\n  &#039;disabled&#039; =&gt; 0,\n  &#039;wpml_cf_preferences&#039; =&gt; 2, \/\/ Tr\u01b0\u1eddng n\u00e0y (&quot;Ph\u1ee5 \u0111\u1ec1&quot;) s\u1ebd \u0111\u01b0\u1ee3c d\u1ecbch.\n  ],\n  ],\n  &#039;location&#039; =&gt; &#x5B;\n  &#x5B;\n  &#x5B;\n  &#039;param&#039; =&gt; &#039;post_type&#039;,\n  &#039;operator&#039; =&gt; &#039;==&#039;,\n  &#039;value&#039; =&gt; &#039;post&#039;,\n  ],\n  ],\n  ],\n  &#039;menu_order&#039; =&gt; 0,\n  &#039;position&#039; =&gt; &#039;normal&#039;,\n  &#039;style&#039; =&gt; &#039;default&#039;,\n  &#039;label_placement&#039; =&gt; &#039;top&#039;,\n  &#039;instruction_placement&#039; =&gt; &#039;label&#039;,\n  &#039;hide_on_screen&#039; =&gt; &#039;&#039;,\n] );\n<\/pre><\/div>\n<h2 class=\"wp-block-heading\">\u0110\u1ed3ng b\u1ed9 h\u00f3a c\u00e1c tr\u01b0\u1eddng c\u1ee7a b\u1ea1n v\u1edbi WPML<\/h2>\n\n<p>Sau khi x\u00e1c \u0111\u1ecbnh c\u00e1c tr\u01b0\u1eddng c\u1ee7a b\u1ea1n b\u1eb1ng PHP, b\u1ea1n c\u1ea7n th\u00f4ng b\u00e1o cho WPML v\u1ec1 ch\u00fang. <\/p>\n\n<ol class=\"wp-block-list\">\n<li>\u0110i t\u1edbi trang <strong>ACF<\/strong> \u2192 <strong>Tools<\/strong>. <\/li>\n\n\n\n<li>Cu\u1ed9n xu\u1ed1ng ph\u1ea7n <strong>Translate ACF Local JSON and PHP-Registered Fields<\/strong>.<\/li>\n<\/ol>\n\n<figure class=\"wp-block-image tb-image tb-image-dynamic tb-image-frame-none\" data-toolset-blocks-image=\"13bc553848803bd4453f052bae5c321e\"><a href=\"https:\/\/wpml.org\/wp-content\/uploads\/2026\/02\/wpml-acf-local-fields-sync-1.png\"><img decoding=\"async\" width=\"1367\" height=\"878\" loading=\"lazy\" src=\"https:\/\/wpml.org\/wp-content\/uploads\/2026\/02\/wpml-acf-local-fields-sync-1.png\" alt=\"\" class=\"wp-image-17825845\" srcset=\"https:\/\/wpml.org\/wp-content\/uploads\/2026\/02\/wpml-acf-local-fields-sync-1.png 1367w, https:\/\/wpml.org\/wp-content\/uploads\/2026\/02\/wpml-acf-local-fields-sync-1-300x193.png 300w, https:\/\/wpml.org\/wp-content\/uploads\/2026\/02\/wpml-acf-local-fields-sync-1-1024x658.png 1024w, https:\/\/wpml.org\/wp-content\/uploads\/2026\/02\/wpml-acf-local-fields-sync-1-150x96.png 150w, https:\/\/wpml.org\/wp-content\/uploads\/2026\/02\/wpml-acf-local-fields-sync-1-768x493.png 768w\" sizes=\"auto, (max-width: 1367px) 100vw, 1367px\" \/><\/a><figcaption><div class=\"tb-image-caption\">\u0110\u1ed3ng b\u1ed9 h\u00f3a c\u00e1c tr\u01b0\u1eddng ACF c\u1ee5c b\u1ed9 v\u1edbi WPML<\/div><\/figcaption><\/figure>\n\n<ol start=\"3\" class=\"wp-block-list\">\n<li>Trong ph\u1ea7n <strong>\u0110\u1ed3ng b\u1ed9 h\u00f3a t\u00f9y ch\u1ecdn d\u1ecbch cho c\u00e1c tr\u01b0\u1eddng c\u1ee5c b\u1ed9<\/strong>, h\u00e3y ch\u1ecdn th\u1eddi \u0111i\u1ec3m vi\u1ec7c \u0111\u1ed3ng b\u1ed9 h\u00f3a s\u1ebd di\u1ec5n ra. Trong h\u1ea7u h\u1ebft c\u00e1c tr\u01b0\u1eddng h\u1ee3p, b\u1ea1n s\u1ebd mu\u1ed1n s\u1eed d\u1ee5ng t\u00f9y ch\u1ecdn <strong>Sync once now<\/strong> v\u00e0 sau \u0111\u00f3 nh\u1ea5p v\u00e0o n\u00fat <strong>Apply<\/strong>.<\/li>\n<\/ol>\n\n<p>WPML s\u1ebd \u0111\u1ed3ng b\u1ed9 h\u00f3a c\u00e1c tr\u01b0\u1eddng v\u00e0 sau \u0111\u00f3 \u0111\u1eb7t l\u1ea1i v\u1ec1 t\u00f9y ch\u1ecdn kh\u00f4ng \u0111\u1ed3ng b\u1ed9 h\u00f3a. B\u1eb1ng c\u00e1ch n\u00e0y, vi\u1ec7c \u0111\u1ed3ng b\u1ed9 h\u00f3a ch\u1ec9 t\u00e1c \u0111\u1ed9ng \u0111\u1ebfn c\u01a1 s\u1edf d\u1eef li\u1ec7u c\u1ee7a b\u1ea1n m\u1ed9t l\u1ea7n v\u00e0 v\u00e0o th\u1eddi \u0111i\u1ec3m b\u1ea1n ch\u1ecdn. <\/p>\n\n<h2 class=\"wp-block-heading\">Thi\u1ebft l\u1eadp T\u00f9y ch\u1ecdn D\u1ecbch thu\u1eadt cho c\u00e1c tr\u01b0\u1eddng ACF trong t\u1ec7p JSON <\/h2>\n\n<p>N\u1ebfu b\u1ea1n \u0111ang s\u1eed d\u1ee5ng t\u00ednh n\u0103ng <a href=\"https:\/\/www.advancedcustomfields.com\/resources\/local-json\/\">Local JSON<\/a> c\u1ee7a ACF, ACF Multilingual (ACFML) s\u1ebd t\u1ef1 \u0111\u1ed9ng th\u00eam c\u00e1c t\u00f9y ch\u1ecdn d\u1ecbch cho m\u1ecdi tr\u01b0\u1eddng trong t\u1ec7p JSON c\u1ee7a b\u1ea1n. \u0110i\u1ec1u n\u00e0y c\u00f3 ngh\u0129a l\u00e0 khi b\u1ea1n xu\u1ea5t v\u00e0 nh\u1eadp c\u00e1c t\u1ec7p JSON gi\u1eefa c\u00e1c trang web, c\u00e1c t\u00f9y ch\u1ecdn d\u1ecbch s\u1ebd \u0111\u01b0\u1ee3c \u00e1p d\u1ee5ng t\u1ef1 \u0111\u1ed9ng tr\u00ean trang web \u0111\u00edch.  <\/p>\n\n<p>T\u1ea5t c\u1ea3 nh\u1eefng g\u00ec b\u1ea1n c\u1ea7n l\u00e0m l\u00e0 k\u00edch ho\u1ea1t ACFML tr\u00ean c\u1ea3 trang web ngu\u1ed3n <em>v\u00e0 <\/em>trang web \u0111\u00edch. Sau khi ho\u00e0n t\u1ea5t, m\u1ed7i khi ACF t\u1ea1o t\u1ec7p JSON, n\u00f3 c\u0169ng s\u1ebd bao g\u1ed3m c\u00e1c t\u00f9y ch\u1ecdn d\u1ecbch thu\u1eadt c\u1ee7a b\u1ea1n. <\/p>\n\n<div class=\"wp-block-toolset-blocks-container tb-container\" data-toolset-blocks-container=\"53b018a2008b28b4d3c03c25a28b8abb\">\n<div class=\"wp-block-toolset-blocks-grid tb-grid\" data-toolset-blocks-grid=\"37d19417981b1b97920df56c088840a6\">\n<div class=\"wp-block-toolset-blocks-grid-column tb-grid-column tb-grid-align-top\" data-toolset-blocks-grid-column=\"3034fbe886c11054e95b46b09d3e4112\">\n<div class=\"wp-block-toolset-blocks-container tb-container\" data-toolset-blocks-container=\"cc43e498a8e72566120af9f4b6101de7\"><\/div>\n<\/div>\n\n\n\n<div class=\"wp-block-toolset-blocks-grid-column tb-grid-column tb-grid-align-top\" data-toolset-blocks-grid-column=\"3034fbe886c11054e95b46b09d3e4112\">\n<p class=\"tb-heading\" data-toolset-blocks-heading=\"a2008aa16950a8d790fdc66dc574eeb8\" data-last-update=\"1.4\">N\u1ebfu c\u00e1c t\u1ec7p JSON c\u1ee7a b\u1ea1n ban \u0111\u1ea7u \u0111\u01b0\u1ee3c t\u1ea1o khi ch\u01b0a k\u00edch ho\u1ea1t ACFML, h\u00e3y k\u00edch ho\u1ea1t ACFML, nh\u1eadp c\u00e1c t\u1ec7p JSON v\u00e0o giao di\u1ec7n ng\u01b0\u1eddi d\u00f9ng ACF, thi\u1ebft l\u1eadp c\u00e1c t\u00f9y ch\u1ecdn d\u1ecbch thu\u1eadt v\u00e0 l\u01b0u l\u1ea1i c\u00e1c nh\u00f3m tr\u01b0\u1eddng. Vi\u1ec7c n\u00e0y s\u1ebd t\u1ea1o l\u1ea1i c\u00e1c t\u1ec7p JSON c\u00f3 bao g\u1ed3m c\u00e1c t\u00f9y ch\u1ecdn. <\/p>\n<\/div>\n<\/div>\n<\/div>\n","protected":false},"excerpt":{"rendered":"<p>T\u00ecm hi\u1ec3u c\u00e1ch thi\u1ebft l\u1eadp t\u00f9y ch\u1ecdn d\u1ecbch thu\u1eadt cho c\u00e1c tr\u01b0\u1eddng ACF \u0111\u01b0\u1ee3c \u0111\u0103ng k\u00fd trong PHP v\u00e0 t\u1ef1 \u0111\u1ed9ng \u0111\u01b0a ch\u00fang v\u00e0o c\u00e1c t\u1ec7p JSON do ACF t\u1ea1o ra. Thi\u1ebft l\u1eadp T\u00f9y ch\u1ecdn D\u1ecbch thu\u1eadt cho c\u00e1c tr\u01b0\u1eddng ACF \u0111\u01b0\u1ee3c \u0111\u0103ng k\u00fd b\u1eb1ng PHP \u0110\u1ec3 thi\u1ebft l\u1eadp t\u00f9y ch\u1ecdn d\u1ecbch thu\u1eadt cho c\u00e1c [&hellip;]<\/p>\n","protected":false},"author":538393,"featured_media":0,"parent":17830879,"menu_order":16,"comment_status":"closed","ping_status":"closed","template":"","meta":{"_bbp_topic_count":0,"_bbp_reply_count":0,"_bbp_total_topic_count":0,"_bbp_total_reply_count":0,"_bbp_voice_count":0,"_bbp_anonymous_reply_count":0,"_bbp_topic_count_hidden":0,"_bbp_reply_count_hidden":0,"_bbp_forum_subforum_count":0,"_uag_custom_page_level_css":"","ep_exclude_from_search":false,"footnotes":""},"related-projects-category":[],"class_list":["post-17830905","page","type-page","status-publish","hentry"],"spectra_custom_meta":{"_subscription_coupon_product_id":["0"],"_wpv_contains_gutenberg_views":[""],"_alp_processed":["1772523380"],"_last_translation_edit_mode":["translation-editor"],"wpcf-unformatted-code":[""],"_wpml_media_duplicate":["1"],"_wpml_media_featured":["1"],"toolset_post_editor_mode":["block"],"wpcf-price-increase-show-from":[""],"wpcf-price-increase-show-till":[""],"_wp_page_template":["default"],"_wpml_word_count":["690"],"_yoast_wpseo_title":["%%page%% %%title%%"],"_yoast_wpseo_metadesc":["T\u00ecm hi\u1ec3u c\u00e1ch thi\u1ebft l\u1eadp t\u00f9y ch\u1ecdn d\u1ecbch thu\u1eadt cho c\u00e1c tr\u01b0\u1eddng ACF \u0111\u01b0\u1ee3c \u0111\u0103ng k\u00fd trong PHP v\u00e0 t\u1ef1 \u0111\u1ed9ng \u0111\u01b0a ch\u00fang v\u00e0o c\u00e1c t\u1ec7p JSON do ACF t\u1ea1o ra."],"_uagb_previous_block_counts":["a:90:{s:21:\"uagb\/advanced-heading\";i:0;s:15:\"uagb\/blockquote\";i:0;s:12:\"uagb\/buttons\";i:0;s:18:\"uagb\/buttons-child\";i:0;s:19:\"uagb\/call-to-action\";i:0;s:15:\"uagb\/cf7-styler\";i:0;s:11:\"uagb\/column\";i:0;s:12:\"uagb\/columns\";i:0;s:14:\"uagb\/container\";i:0;s:21:\"uagb\/content-timeline\";i:0;s:27:\"uagb\/content-timeline-child\";i:0;s:14:\"uagb\/countdown\";i:0;s:12:\"uagb\/counter\";i:0;s:8:\"uagb\/faq\";i:0;s:14:\"uagb\/faq-child\";i:0;s:10:\"uagb\/forms\";i:0;s:17:\"uagb\/forms-accept\";i:0;s:19:\"uagb\/forms-checkbox\";i:0;s:15:\"uagb\/forms-date\";i:0;s:16:\"uagb\/forms-email\";i:0;s:17:\"uagb\/forms-hidden\";i:0;s:15:\"uagb\/forms-name\";i:0;s:16:\"uagb\/forms-phone\";i:0;s:16:\"uagb\/forms-radio\";i:0;s:17:\"uagb\/forms-select\";i:0;s:19:\"uagb\/forms-textarea\";i:0;s:17:\"uagb\/forms-toggle\";i:0;s:14:\"uagb\/forms-url\";i:0;s:14:\"uagb\/gf-styler\";i:0;s:15:\"uagb\/google-map\";i:0;s:11:\"uagb\/how-to\";i:0;s:16:\"uagb\/how-to-step\";i:0;s:9:\"uagb\/icon\";i:0;s:14:\"uagb\/icon-list\";i:0;s:20:\"uagb\/icon-list-child\";i:0;s:10:\"uagb\/image\";i:0;s:18:\"uagb\/image-gallery\";i:0;s:13:\"uagb\/info-box\";i:0;s:18:\"uagb\/inline-notice\";i:0;s:11:\"uagb\/lottie\";i:0;s:21:\"uagb\/marketing-button\";i:0;s:10:\"uagb\/modal\";i:0;s:18:\"uagb\/popup-builder\";i:0;s:16:\"uagb\/post-button\";i:0;s:18:\"uagb\/post-carousel\";i:0;s:17:\"uagb\/post-excerpt\";i:0;s:14:\"uagb\/post-grid\";i:0;s:15:\"uagb\/post-image\";i:0;s:17:\"uagb\/post-masonry\";i:0;s:14:\"uagb\/post-meta\";i:0;s:18:\"uagb\/post-taxonomy\";i:0;s:18:\"uagb\/post-timeline\";i:0;s:15:\"uagb\/post-title\";i:0;s:20:\"uagb\/restaurant-menu\";i:0;s:26:\"uagb\/restaurant-menu-child\";i:0;s:11:\"uagb\/review\";i:0;s:12:\"uagb\/section\";i:0;s:14:\"uagb\/separator\";i:0;s:11:\"uagb\/slider\";i:0;s:17:\"uagb\/slider-child\";i:0;s:17:\"uagb\/social-share\";i:0;s:23:\"uagb\/social-share-child\";i:0;s:16:\"uagb\/star-rating\";i:0;s:23:\"uagb\/sure-cart-checkout\";i:0;s:22:\"uagb\/sure-cart-product\";i:0;s:15:\"uagb\/sure-forms\";i:0;s:22:\"uagb\/table-of-contents\";i:0;s:9:\"uagb\/tabs\";i:0;s:15:\"uagb\/tabs-child\";i:0;s:18:\"uagb\/taxonomy-list\";i:0;s:9:\"uagb\/team\";i:0;s:16:\"uagb\/testimonial\";i:0;s:14:\"uagb\/wp-search\";i:0;s:19:\"uagb\/instagram-feed\";i:0;s:10:\"uagb\/login\";i:0;s:17:\"uagb\/loop-builder\";i:0;s:18:\"uagb\/loop-category\";i:0;s:20:\"uagb\/loop-pagination\";i:0;s:15:\"uagb\/loop-reset\";i:0;s:16:\"uagb\/loop-search\";i:0;s:14:\"uagb\/loop-sort\";i:0;s:17:\"uagb\/loop-wrapper\";i:0;s:13:\"uagb\/register\";i:0;s:19:\"uagb\/register-email\";i:0;s:24:\"uagb\/register-first-name\";i:0;s:23:\"uagb\/register-last-name\";i:0;s:22:\"uagb\/register-password\";i:0;s:30:\"uagb\/register-reenter-password\";i:0;s:19:\"uagb\/register-terms\";i:0;s:22:\"uagb\/register-username\";i:0;}"],"_uag_css_file_name":["uag-css-17830905.css"],"_uag_page_assets":["a:9:{s:3:\"css\";s:260:\".uag-blocks-common-selector{z-index:var(--z-index-desktop) !important}@media(max-width: 976px){.uag-blocks-common-selector{z-index:var(--z-index-tablet) !important}}@media(max-width: 767px){.uag-blocks-common-selector{z-index:var(--z-index-mobile) !important}}\";s:2:\"js\";s:0:\"\";s:18:\"current_block_list\";a:12:{i:0;s:14:\"core\/paragraph\";i:1;s:12:\"core\/heading\";i:2;s:9:\"core\/list\";i:3;s:14:\"core\/list-item\";i:4;s:11:\"core\/spacer\";i:5;s:24:\"toolset-blocks\/container\";i:6;s:19:\"toolset-blocks\/grid\";i:7;s:26:\"toolset-blocks\/grid-column\";i:9;s:22:\"toolset-blocks\/heading\";i:10;s:22:\"syntaxhighlighter\/code\";i:11;s:20:\"toolset-blocks\/image\";i:12;s:14:\"core\/shortcode\";}s:8:\"uag_flag\";b:0;s:11:\"uag_version\";s:10:\"1778465378\";s:6:\"gfonts\";a:0:{}s:10:\"gfonts_url\";s:0:\"\";s:12:\"gfonts_files\";a:0:{}s:14:\"uag_faq_layout\";b:0;}"]},"uagb_featured_image_src":{"full":false,"thumbnail":false,"medium":false,"medium_large":false,"large":false,"1536x1536":false,"2048x2048":false,"gform-image-choice-sm":false,"gform-image-choice-md":false,"gform-image-choice-lg":false,"woocommerce_thumbnail":false,"woocommerce_single":false,"woocommerce_gallery_thumbnail":false},"uagb_author_info":{"display_name":"Kathy","author_link":"https:\/\/wpml.org\/vi\/author\/kathy-b\/"},"uagb_comment_info":0,"uagb_excerpt":"T\u00ecm hi\u1ec3u c\u00e1ch thi\u1ebft l\u1eadp t\u00f9y ch\u1ecdn d\u1ecbch thu\u1eadt cho c\u00e1c tr\u01b0\u1eddng ACF \u0111\u01b0\u1ee3c \u0111\u0103ng k\u00fd trong PHP v\u00e0 t\u1ef1 \u0111\u1ed9ng \u0111\u01b0a ch\u00fang v\u00e0o c\u00e1c t\u1ec7p JSON do ACF t\u1ea1o ra. Thi\u1ebft l\u1eadp T\u00f9y ch\u1ecdn D\u1ecbch thu\u1eadt cho c\u00e1c tr\u01b0\u1eddng ACF \u0111\u01b0\u1ee3c \u0111\u0103ng k\u00fd b\u1eb1ng PHP \u0110\u1ec3 thi\u1ebft l\u1eadp t\u00f9y ch\u1ecdn d\u1ecbch thu\u1eadt cho c\u00e1c&hellip;","_links":{"self":[{"href":"https:\/\/wpml.org\/vi\/wp-json\/wp\/v2\/pages\/17830905","targetHints":{"allow":["GET"]}}],"collection":[{"href":"https:\/\/wpml.org\/vi\/wp-json\/wp\/v2\/pages"}],"about":[{"href":"https:\/\/wpml.org\/vi\/wp-json\/wp\/v2\/types\/page"}],"author":[{"embeddable":true,"href":"https:\/\/wpml.org\/vi\/wp-json\/wp\/v2\/users\/538393"}],"replies":[{"embeddable":true,"href":"https:\/\/wpml.org\/vi\/wp-json\/wp\/v2\/comments?post=17830905"}],"version-history":[{"count":6,"href":"https:\/\/wpml.org\/vi\/wp-json\/wp\/v2\/pages\/17830905\/revisions"}],"predecessor-version":[{"id":17866836,"href":"https:\/\/wpml.org\/vi\/wp-json\/wp\/v2\/pages\/17830905\/revisions\/17866836"}],"up":[{"embeddable":true,"href":"https:\/\/wpml.org\/vi\/wp-json\/wp\/v2\/pages\/17830879"}],"wp:attachment":[{"href":"https:\/\/wpml.org\/vi\/wp-json\/wp\/v2\/media?parent=17830905"}],"wp:term":[{"taxonomy":"related-projects-category","embeddable":true,"href":"https:\/\/wpml.org\/vi\/wp-json\/wp\/v2\/related-projects-category?post=17830905"}],"curies":[{"name":"wp","href":"https:\/\/api.w.org\/{rel}","templated":true}]}}