{"id":17965069,"date":"2019-10-21T05:13:56","date_gmt":"2019-10-21T05:13:56","guid":{"rendered":"https:\/\/wpml.org\/tai-lieu-wpml\/dich-tu-dong-cho-noi-dung-wordpress-voi-wpml\/chia-se-goi-tin-dung-dich-tu-dong-tren-nhieu-trang-web\/"},"modified":"2026-04-13T08:27:38","modified_gmt":"2026-04-13T08:27:38","slug":"chia-se-goi-tin-dung-dich-tu-dong-tren-nhieu-trang-web","status":"publish","type":"page","link":"https:\/\/wpml.org\/vi\/tai-lieu-wpml\/dich-tu-dong-cho-noi-dung-wordpress-voi-wpml\/chia-se-goi-tin-dung-dich-tu-dong-tren-nhieu-trang-web\/","title":{"rendered":"Chia s\u1ebb G\u00f3i T\u00edn d\u1ee5ng D\u1ecbch T\u1ef1 \u0111\u1ed9ng tr\u00ean Nhi\u1ec1u Trang web"},"content":{"rendered":"\n<p class=\"lead\">T\u00ecm hi\u1ec3u c\u00e1ch chia s\u1ebb g\u00f3i t\u00edn d\u1ee5ng d\u1ecbch t\u1ef1 \u0111\u1ed9ng gi\u1eefa nhi\u1ec1u trang web b\u1eb1ng c\u00e1ch k\u1ebft n\u1ed1i ch\u00fang.<\/p>\n\n<p>Vi\u1ec7c k\u1ebft n\u1ed1i c\u00e1c trang web v\u1edbi nhau mang l\u1ea1i m\u1ed9t s\u1ed1 l\u1ee3i \u00edch:<\/p>\n\n<ul class=\"wp-block-list\">\n<li><strong>Chi ph\u00ed cho m\u1ed7i t\u00edn d\u1ee5ng th\u1ea5p h\u01a1n<\/strong> \u2013 chi ph\u00ed cho m\u1ed7i t\u00edn d\u1ee5ng s\u1ebd gi\u1ea3m khi b\u1ea1n d\u1ecbch c\u00e0ng nhi\u1ec1u, v\u00ec v\u1eady vi\u1ec7c thanh to\u00e1n cho t\u1ea5t c\u1ea3 c\u00e1c trang web c\u1ee7a b\u1ea1n tr\u00ean m\u1ed9t h\u00f3a \u0111\u01a1n s\u1ebd mang l\u1ea1i cho b\u1ea1n m\u1ee9c gi\u00e1 t\u1ed1t nh\u1ea5t.<\/li>\n\n\n\n<li><strong>B\u1ed9 nh\u1edb d\u1ecbch \u0111\u01b0\u1ee3c chia s\u1ebb<\/strong> \u2013 c\u00e1c trang web c\u1ee7a b\u1ea1n chia s\u1ebb m\u1ed9t b\u1ed9 nh\u1edb d\u1ecbch duy nh\u1ea5t, v\u00ec v\u1eady b\u1ea1n kh\u00f4ng bao gi\u1edd ph\u1ea3i tr\u1ea3 ti\u1ec1n \u0111\u1ec3 d\u1ecbch c\u00f9ng m\u1ed9t c\u00e2u hai l\u1ea7n, b\u1ea5t k\u1ec3 c\u00e2u \u0111\u00f3 xu\u1ea5t hi\u1ec7n tr\u00ean trang web n\u00e0o.<\/li>\n\n\n\n<li><strong>Thu\u1eadt ng\u1eef nh\u1ea5t qu\u00e1n<\/strong> \u2013 m\u1ed9t b\u1ea3ng thu\u1eadt ng\u1eef chung gi\u00fap c\u00e1c c\u1ee5m t\u1eeb v\u00e0 thu\u1eadt ng\u1eef ch\u00ednh c\u1ee7a b\u1ea1n \u0111\u1ed3ng nh\u1ea5t tr\u00ean m\u1ecdi trang web m\u1ed9t c\u00e1ch t\u1ef1 \u0111\u1ed9ng.<\/li>\n\n\n\n<li><strong>M\u1ed9t h\u00f3a \u0111\u01a1n duy nh\u1ea5t<\/strong> \u2013 t\u1ea5t c\u1ea3 c\u00e1c trang web c\u1ee7a b\u1ea1n \u0111\u01b0\u1ee3c l\u1eadp h\u00f3a \u0111\u01a1n c\u00f9ng nhau, v\u00ec v\u1eady ch\u1ec9 c\u00f3 m\u1ed9t h\u00f3a \u0111\u01a1n duy nh\u1ea5t \u0111\u1ec3 theo d\u00f5i.<\/li>\n\n\n\n<li><strong>C\u00e1c g\u00f3i t\u00edn d\u1ee5ng linh ho\u1ea1t<\/strong> \u2013 c\u00e1c t\u00edn d\u1ee5ng b\u1ea1n mua \u0111\u01b0\u1ee3c chia s\u1ebb tr\u00ean t\u1ea5t c\u1ea3 c\u00e1c trang web \u0111\u00e3 \u0111\u0103ng k\u00fd c\u1ee7a b\u1ea1n m\u00e0 kh\u00f4ng c\u1ea7n ph\u1ea3i ch\u1ec9 \u0111\u1ecbnh ri\u00eang cho t\u1eebng trang.<\/li>\n<\/ul>\n\n<h2 class=\"wp-block-heading\">C\u00e1ch k\u1ebft n\u1ed1i c\u00e1c trang web c\u1ee7a b\u1ea1n<\/h2>\n\n<p>\u0110\u1ec3 k\u1ebft n\u1ed1i c\u00e1c trang web v\u1edbi s\u1ed1 d\u01b0 d\u1ecbch t\u1ef1 \u0111\u1ed9ng chung:<\/p>\n\n<ol class=\"wp-block-list\">\n<li>\u0110\u0103ng nh\u1eadp v\u00e0o trang web b\u1ea1n mu\u1ed1n k\u1ebft n\u1ed1i v\u1edbi trang kh\u00e1c \u2013 trang \u0111ang s\u1eed d\u1ee5ng t\u00edn d\u1ee5ng.<\/li>\n\n\n\n<li>\u0110i t\u1edbi <strong>WPML<\/strong> \u2192 <strong>B\u1ea3ng \u0111i\u1ec1u khi\u1ec3n D\u1ecbch thu\u1eadt<\/strong> v\u00e0 chuy\u1ec3n sang tab <strong>Thanh to\u00e1n &amp; B\u1ea3o tr\u00ec<\/strong>.<\/li>\n\n\n\n<li>Cu\u1ed9n xu\u1ed1ng ph\u1ea7n <strong>C\u00f4ng c\u1ee5 D\u1ecbch T\u1ef1 \u0111\u1ed9ng<\/strong> v\u00e0 nh\u1ea5p v\u00e0o <strong>C\u00e1c trang web \u0111\u00e3 k\u1ebft n\u1ed1i<\/strong>.<\/li>\n\n\n\n<li>Nh\u1ea5p v\u00e0o n\u00fat <strong>Sao ch\u00e9p m\u00e3 Di chuy\u1ec3n<\/strong>. <\/li>\n<\/ol>\n<div class=\"wp-block-image\">\n<figure class=\" tb-image tb-image-dynamic tb-image-frame-none aligncenter\" data-toolset-blocks-image=\"3af1cc06c14c5bfa8fd8cb998b2fa8f1\"><a href=\"https:\/\/wpml.org\/wp-content\/uploads\/2026\/03\/copy-migration-code.png\"><img decoding=\"async\" width=\"1024\" height=\"600\" loading=\"lazy\" src=\"https:\/\/wpml.org\/wp-content\/uploads\/2026\/03\/copy-migration-code-1024x600.png\" alt=\"copy migration code button\" class=\"wp-image-17930647\" srcset=\"https:\/\/wpml.org\/wp-content\/uploads\/2026\/03\/copy-migration-code-1024x600.png 1024w, https:\/\/wpml.org\/wp-content\/uploads\/2026\/03\/copy-migration-code-300x176.png 300w, https:\/\/wpml.org\/wp-content\/uploads\/2026\/03\/copy-migration-code-150x88.png 150w, https:\/\/wpml.org\/wp-content\/uploads\/2026\/03\/copy-migration-code-768x450.png 768w, https:\/\/wpml.org\/wp-content\/uploads\/2026\/03\/copy-migration-code-1536x900.png 1536w, https:\/\/wpml.org\/wp-content\/uploads\/2026\/03\/copy-migration-code-2048x1200.png 2048w\" sizes=\"auto, (max-width: 1024px) 100vw, 1024px\" \/><\/a><figcaption><div class=\"tb-image-caption\"><em>N\u00fat sao ch\u00e9p m\u00e3 di chuy\u1ec3n<\/em><\/div><\/figcaption><\/figure>\n<\/div>\n<ol start=\"5\" class=\"wp-block-list\">\n<li>Ti\u1ebfp theo, \u0111\u0103ng nh\u1eadp v\u00e0o trang web \u0111ang s\u1eed d\u1ee5ng t\u00edn d\u1ee5ng. <\/li>\n\n\n\n<li>\u0110i t\u1edbi v\u1ecb tr\u00ed <strong>C\u00e1c trang web \u0111\u00e3 k\u1ebft n\u1ed1i<\/strong> v\u00e0 nh\u1ea5p v\u00e0o n\u00fat <strong>Nh\u1eadp kh\u00f3a k\u1ebft n\u1ed1i c\u1ee7a m\u1ed9t trang web kh\u00e1c<\/strong>. D\u00e1n m\u00e3 b\u1ea1n v\u1eeba sao ch\u00e9p v\u00e0 l\u01b0u l\u1ea1i. <\/li>\n<\/ol>\n<div class=\"wp-block-image\">\n<figure class=\" tb-image tb-image-dynamic tb-image-frame-none aligncenter\" data-toolset-blocks-image=\"ddca628a7c6e8c9109169d1fc0479fa7\"><a href=\"https:\/\/wpml.org\/wp-content\/uploads\/2026\/03\/enter-migration-code.png\"><img decoding=\"async\" width=\"1024\" height=\"600\" loading=\"lazy\" src=\"https:\/\/wpml.org\/wp-content\/uploads\/2026\/03\/enter-migration-code-1024x600.png\" alt=\"Enter migration code button\" class=\"wp-image-17930672\" srcset=\"https:\/\/wpml.org\/wp-content\/uploads\/2026\/03\/enter-migration-code-1024x600.png 1024w, https:\/\/wpml.org\/wp-content\/uploads\/2026\/03\/enter-migration-code-300x176.png 300w, https:\/\/wpml.org\/wp-content\/uploads\/2026\/03\/enter-migration-code-150x88.png 150w, https:\/\/wpml.org\/wp-content\/uploads\/2026\/03\/enter-migration-code-768x450.png 768w, https:\/\/wpml.org\/wp-content\/uploads\/2026\/03\/enter-migration-code-1536x900.png 1536w, https:\/\/wpml.org\/wp-content\/uploads\/2026\/03\/enter-migration-code-2048x1200.png 2048w\" sizes=\"auto, (max-width: 1024px) 100vw, 1024px\" \/><\/a><figcaption><div class=\"tb-image-caption\"><em>N\u00fat nh\u1eadp m\u00e3 di chuy\u1ec3n<\/em><\/div><\/figcaption><\/figure>\n<\/div>\n<p>C\u1ea3 hai trang web b\u00e2y gi\u1edd s\u1ebd s\u1eed d\u1ee5ng t\u00edn d\u1ee5ng t\u1eeb m\u1ed9t ngu\u1ed3n chung.<\/p>\n\n<h3 class=\"wp-block-heading\" id=\"wpml-migration-wizard\">K\u1ebft n\u1ed1i c\u00e1c B\u1ea3n sao Trang web Th\u00f4ng qua Tr\u00ecnh h\u01b0\u1edbng d\u1eabn Di chuy\u1ec3n WPML<\/h3>\n\n<p>\u0110\u00f4i khi, b\u1ea1n c\u00f3 th\u1ec3 mu\u1ed1n t\u1ea1o m\u1ed9t b\u1ea3n sao trang web c\u1ee7a m\u00ecnh cho m\u1ee5c \u0111\u00edch th\u1eed nghi\u1ec7m. Trong nh\u1eefng tr\u01b0\u1eddng h\u1ee3p nh\u01b0 v\u1eady, b\u1ea1n c\u0169ng c\u00f3 th\u1ec3 mu\u1ed1n chia s\u1ebb t\u00edn d\u1ee5ng ho\u1eb7c \u0111\u0103ng k\u00fd tr\u1ea3 ti\u1ec1n cho nh\u1eefng g\u00ec b\u1ea1n ti\u00eau th\u1ee5 gi\u1eefa trang web g\u1ed1c v\u00e0 b\u1ea3n sao th\u1eed nghi\u1ec7m c\u1ee7a n\u00f3. \u0110i\u1ec1u n\u00e0y c\u00f3 th\u1ec3 \u0111\u01b0\u1ee3c th\u1ef1c hi\u1ec7n b\u1eb1ng c\u00e1ch th\u1ef1c hi\u1ec7n theo tr\u00ecnh h\u01b0\u1edbng d\u1eabn di chuy\u1ec3n WPML, tr\u00ecnh h\u01b0\u1edbng d\u1eabn n\u00e0y s\u1ebd t\u1ef1 \u0111\u1ed9ng xu\u1ea5t hi\u1ec7n khi WPML ph\u00e1t hi\u1ec7n c\u00e1c thay \u0111\u1ed5i \u0111\u1ed1i v\u1edbi URL trang web c\u1ee7a b\u1ea1n.  <\/p>\n\n<p>T\u00ecm hi\u1ec3u th\u00eam v\u1ec1 <a href=\"https:\/\/wpml.org\/documentation\/translating-your-contents\/advanced-translation-editor\/using-advanced-translation-editor-when-you-move-or-use-a-copy-of-your-site\/\">vi\u1ec7c s\u1eed d\u1ee5ng tr\u00ecnh h\u01b0\u1edbng d\u1eabn di chuy\u1ec3n \u0111\u1ec3 k\u1ebft n\u1ed1i c\u00e1c b\u1ea3n sao trang web c\u1ee7a b\u1ea1n<\/a>.<\/p>\n\n<p>Th\u00f4ng qua tr\u00ecnh h\u01b0\u1edbng d\u1eabn di chuy\u1ec3n, WPML s\u1ebd ph\u00e1t hi\u1ec7n xem trang web c\u1ee7a b\u1ea1n c\u00f3 ph\u1ea3i l\u00e0 b\u1ea3n sao hay kh\u00f4ng v\u00e0 h\u1ecfi b\u1ea1n c\u00f3 mu\u1ed1n chia s\u1ebb t\u00edn d\u1ee5ng gi\u1eefa trang web m\u1edbi v\u00e0 trang web g\u1ed1c hay kh\u00f4ng. \u0110\u1ec3 l\u00e0m \u0111i\u1ec1u n\u00e0y:<\/p>\n\n<ol class=\"wp-block-list\">\n<li>Nh\u1ea5p v\u00e0o li\u00ean k\u1ebft \u0111\u1ec3 t\u1ea1o m\u00e3 di chuy\u1ec3n duy nh\u1ea5t tr\u00ean trang web g\u1ed1c c\u1ee7a b\u1ea1n.<\/li>\n\n\n\n<li>Sao ch\u00e9p m\u00e3 t\u1eeb trang web g\u1ed1c c\u1ee7a b\u1ea1n v\u00e0 d\u00e1n v\u00e0o tr\u00ecnh h\u01b0\u1edbng d\u1eabn di chuy\u1ec3n.<\/li>\n<\/ol>\n<div class=\"wp-block-image\">\n<figure class=\" tb-image tb-image-dynamic tb-image-frame-none aligncenter\" data-toolset-blocks-image=\"b19919c985ddd5271cb22276b3e9b90f\"><a href=\"https:\/\/wpml.org\/wp-content\/uploads\/2025\/08\/wpml-translation-dashboard-connecting-translation-credits.png\"><img decoding=\"async\" width=\"1024\" height=\"465\" loading=\"lazy\" src=\"https:\/\/wpml.org\/wp-content\/uploads\/2025\/08\/wpml-translation-dashboard-connecting-translation-credits-1024x465.png\" alt=\"Connecting automatic translation credits\" class=\"wp-image-17350931\" srcset=\"https:\/\/wpml.org\/wp-content\/uploads\/2025\/08\/wpml-translation-dashboard-connecting-translation-credits-1024x465.png 1024w, https:\/\/wpml.org\/wp-content\/uploads\/2025\/08\/wpml-translation-dashboard-connecting-translation-credits-300x136.png 300w, https:\/\/wpml.org\/wp-content\/uploads\/2025\/08\/wpml-translation-dashboard-connecting-translation-credits-150x68.png 150w, https:\/\/wpml.org\/wp-content\/uploads\/2025\/08\/wpml-translation-dashboard-connecting-translation-credits-768x348.png 768w, https:\/\/wpml.org\/wp-content\/uploads\/2025\/08\/wpml-translation-dashboard-connecting-translation-credits-1536x697.png 1536w, https:\/\/wpml.org\/wp-content\/uploads\/2025\/08\/wpml-translation-dashboard-connecting-translation-credits.png 1999w\" sizes=\"auto, (max-width: 1024px) 100vw, 1024px\" \/><\/a><figcaption><div class=\"tb-image-caption\"><em>K\u1ebft n\u1ed1i trang web g\u1ed1c v\u00e0 b\u1ea3n sao c\u1ee7a n\u00f3 \u0111\u1ec3 chia s\u1ebb t\u00edn d\u1ee5ng d\u1ecbch thu\u1eadt th\u00f4ng qua tr\u00ecnh h\u01b0\u1edbng d\u1eabn di chuy\u1ec3n WPML<\/em><\/div><\/figcaption><\/figure>\n<\/div>\n<h2 class=\"wp-block-heading\">Kh\u00f4ng th\u1ec3 k\u1ebft n\u1ed1i c\u00e1c trang web?<\/h2>\n\n<p>Trong m\u1ed9t s\u1ed1 tr\u01b0\u1eddng h\u1ee3p, h\u1ec7 th\u1ed1ng c\u00f3 th\u1ec3 ng\u0103n b\u1ea1n k\u1ebft n\u1ed1i c\u00e1c trang web. D\u01b0\u1edbi \u0111\u00e2y l\u00e0 m\u1ed9t v\u00e0i l\u00fd do t\u1ea1i sao \u0111i\u1ec1u n\u00e0y c\u00f3 th\u1ec3 x\u1ea3y ra. <\/p>\n\n<h3 class=\"wp-block-heading\">B\u1ea1n kh\u00f4ng th\u1ec3 h\u1ee3p nh\u1ea5t c\u00e1c trang web m\u00e0 c\u1ea3 hai \u0111\u1ec1u c\u00f3 t\u00e0i kho\u1ea3n \u0111ang ho\u1ea1t \u0111\u1ed9ng<\/h3>\n\n<p>N\u1ebfu c\u1ea3 hai trang web \u0111\u1ec1u c\u00f3 c\u00e1c t\u00e0i kho\u1ea3n ri\u00eang bi\u1ec7t, \u0111ang ho\u1ea1t \u0111\u1ed9ng \u0111\u1ec3 d\u1ecbch t\u1ef1 \u0111\u1ed9ng, b\u1ea1n c\u1ea7n ph\u1ea3i:<\/p>\n\n<ol class=\"wp-block-list\">\n<li>H\u1ee7y t\u00e0i kho\u1ea3n tr\u00ean m\u1ed9t trong hai trang web n\u00e0y.<\/li>\n\n\n\n<li>\u0110\u1ee3i kho\u1ea3n ph\u00ed \u0111\u01b0\u1ee3c k\u00edch ho\u1ea1t cho t\u00e0i kho\u1ea3n \u0111\u00e3 h\u1ee7y (th\u01b0\u1eddng m\u1ea5t kho\u1ea3ng m\u1ed9t gi\u1edd).<\/li>\n\n\n\n<li>Thanh to\u00e1n h\u00f3a \u0111\u01a1n cu\u1ed1i c\u00f9ng cho t\u00e0i kho\u1ea3n \u0111\u00e3 h\u1ee7y.<\/li>\n\n\n\n<li>L\u1ea5y m\u00e3 di chuy\u1ec3n t\u1eeb trang web c\u00f3 t\u00e0i kho\u1ea3n \u0111\u00e3 h\u1ee7y v\u00e0 nh\u1eadp m\u00e3 \u0111\u00f3 v\u00e0o trang web c\u00f3 t\u00e0i kho\u1ea3n v\u1eabn \u0111ang ho\u1ea1t \u0111\u1ed9ng.<\/li>\n<\/ol>\n\n<h3 class=\"wp-block-heading\">B\u1ea1n kh\u00f4ng th\u1ec3 k\u1ebft n\u1ed1i c\u00e1c trang web c\u00f3 h\u00f3a \u0111\u01a1n ch\u01b0a thanh to\u00e1n tr\u00ean t\u00e0i kho\u1ea3n D\u1ecbch T\u1ef1 \u0111\u1ed9ng<\/h3>\n\n<p>N\u1ebfu m\u1ed9t trang web c\u00f3 h\u00f3a \u0111\u01a1n ch\u01b0a thanh to\u00e1n, b\u1ea1n s\u1ebd ph\u1ea3i thanh to\u00e1n h\u00f3a \u0111\u01a1n \u0111\u00f3 tr\u01b0\u1edbc khi c\u00f3 th\u1ec3 k\u1ebft n\u1ed1i trang web \u0111\u00f3 v\u1edbi trang web kh\u00e1c.<\/p>\n\n<h2 class=\"wp-block-heading\">C\u00e1ch ng\u1eaft k\u1ebft n\u1ed1i c\u00e1c trang web<\/h2>\n\n<p>C\u00e1c trang web \u0111\u00e3 k\u1ebft n\u1ed1i chia s\u1ebb b\u1ed9 nh\u1edb d\u1ecbch, b\u1ea3ng thu\u1eadt ng\u1eef v\u00e0 t\u00edn d\u1ee5ng. \u0110i\u1ec1u n\u00e0y c\u00f3 ngh\u0129a l\u00e0 khi b\u1ea1n ng\u1eaft k\u1ebft n\u1ed1i m\u1ed9t trang web: <\/p>\n\n<ul class=\"wp-block-list\">\n<li>M\u1ecdi b\u1ea3n d\u1ecbch \u0111ang ti\u1ebfn h\u00e0nh tr\u00ean trang web \u0111\u00f3 s\u1ebd b\u1ecb h\u1ee7y.<\/li>\n\n\n\n<li>B\u1ed9 nh\u1edb d\u1ecbch v\u00e0 b\u1ea3ng thu\u1eadt ng\u1eef tr\u00ean trang web \u0111\u00f3 s\u1ebd \u0111\u01b0\u1ee3c \u0111\u1eb7t l\u1ea1i.<\/li>\n\n\n\n<li>B\u1ea1n s\u1ebd c\u1ea7n <a href=\"https:\/\/wpml.org\/vi\/tai-lieu-wpml\/dich-tu-dong-cho-noi-dung-wordpress-voi-wpml\/phi-dich-tu-dong\/\">ch\u1ec9 \u0111\u1ecbnh t\u00edn d\u1ee5ng<\/a> ho\u1eb7c <a href=\"https:\/\/wpml.org\/vi\/tai-lieu-wpml\/dich-tu-dong-cho-noi-dung-wordpress-voi-wpml\/cach-dang-ky-tra-tien-khi-ban-di-chuyen\/\">\u0111\u0103ng k\u00fd tr\u1ea3 ti\u1ec1n cho nh\u1eefng g\u00ec b\u1ea1n ti\u00eau th\u1ee5<\/a> \u0111\u1ec3 ti\u1ebfp t\u1ee5c s\u1eed d\u1ee5ng d\u1ecbch t\u1ef1 \u0111\u1ed9ng tr\u00ean trang web, v\u00ec n\u00f3 s\u1ebd kh\u00f4ng c\u00f2n chia s\u1ebb t\u00edn d\u1ee5ng v\u1edbi c\u00e1c trang web kh\u00e1c c\u1ee7a b\u1ea1n n\u1eefa.<\/li>\n<\/ul>\n\n<p>\u0110\u1ec3 ng\u1eaft k\u1ebft n\u1ed1i m\u1ed9t trang web:<\/p>\n\n<ol class=\"wp-block-list\">\n<li>\u0110i t\u1edbi <strong>WPML<\/strong> \u2192 <strong>B\u1ea3ng \u0111i\u1ec1u khi\u1ec3n D\u1ecbch thu\u1eadt<\/strong> v\u00e0 nh\u1ea5p v\u00e0o tab <strong>Thanh to\u00e1n &amp; B\u1ea3o tr\u00ec<\/strong>.<\/li>\n\n\n\n<li>M\u1edf r\u1ed9ng menu th\u1ea3 xu\u1ed1ng <strong>C\u00e1c trang web \u0111\u00e3 k\u1ebft n\u1ed1i<\/strong>.<\/li>\n\n\n\n<li>Nh\u1ea5p v\u00e0o bi\u1ec3u t\u01b0\u1ee3ng h\u1ee7y li\u00ean k\u1ebft b\u00ean c\u1ea1nh trang web b\u1ea1n mu\u1ed1n ng\u1eaft k\u1ebft n\u1ed1i.<\/li>\n<\/ol>\n<div class=\"wp-block-image\">\n<figure class=\" tb-image tb-image-dynamic tb-image-frame-none aligncenter\" data-toolset-blocks-image=\"e8524dd70247b754dd63253bc55b4c4a\"><a href=\"https:\/\/wpml.org\/wp-content\/uploads\/2023\/06\/wpml-disconnect-site.png\"><img decoding=\"async\" width=\"2156\" height=\"782\" loading=\"lazy\" src=\"https:\/\/wpml.org\/wp-content\/uploads\/2023\/06\/wpml-disconnect-site.png\" alt=\"\" class=\"wp-image-17965104\" srcset=\"https:\/\/wpml.org\/wp-content\/uploads\/2023\/06\/wpml-disconnect-site.png 2156w, https:\/\/wpml.org\/wp-content\/uploads\/2023\/06\/wpml-disconnect-site-300x109.png 300w, https:\/\/wpml.org\/wp-content\/uploads\/2023\/06\/wpml-disconnect-site-1024x371.png 1024w, https:\/\/wpml.org\/wp-content\/uploads\/2023\/06\/wpml-disconnect-site-150x54.png 150w, https:\/\/wpml.org\/wp-content\/uploads\/2023\/06\/wpml-disconnect-site-768x279.png 768w, https:\/\/wpml.org\/wp-content\/uploads\/2023\/06\/wpml-disconnect-site-1536x557.png 1536w, https:\/\/wpml.org\/wp-content\/uploads\/2023\/06\/wpml-disconnect-site-2048x743.png 2048w\" sizes=\"auto, (max-width: 2156px) 100vw, 2156px\" \/><\/a><figcaption><div class=\"tb-image-caption\"><em>Ng\u1eaft k\u1ebft n\u1ed1i c\u00e1c trang web chia s\u1ebb t\u00edn d\u1ee5ng d\u1ecbch t\u1ef1 \u0111\u1ed9ng ho\u1eb7c t\u00e0i kho\u1ea3n tr\u1ea3 ti\u1ec1n cho nh\u1eefng g\u00ec b\u1ea1n ti\u00eau th\u1ee5<\/em><\/div><\/figcaption><\/figure>\n<\/div>","protected":false},"excerpt":{"rendered":"<p>T\u00ecm hi\u1ec3u c\u00e1ch chia s\u1ebb g\u00f3i t\u00edn d\u1ee5ng d\u1ecbch t\u1ef1 \u0111\u1ed9ng gi\u1eefa nhi\u1ec1u trang web b\u1eb1ng c\u00e1ch k\u1ebft n\u1ed1i ch\u00fang. Vi\u1ec7c k\u1ebft n\u1ed1i c\u00e1c trang web v\u1edbi nhau mang l\u1ea1i m\u1ed9t s\u1ed1 l\u1ee3i \u00edch: C\u00e1ch k\u1ebft n\u1ed1i c\u00e1c trang web c\u1ee7a b\u1ea1n \u0110\u1ec3 k\u1ebft n\u1ed1i c\u00e1c trang web v\u1edbi s\u1ed1 d\u01b0 d\u1ecbch t\u1ef1 \u0111\u1ed9ng chung: [&hellip;]<\/p>\n","protected":false},"author":76577,"featured_media":0,"parent":14527979,"menu_order":35,"comment_status":"closed","ping_status":"closed","template":"template-sidebar-2.php","meta":{"_bbp_topic_count":0,"_bbp_reply_count":0,"_bbp_total_topic_count":0,"_bbp_total_reply_count":0,"_bbp_voice_count":0,"_bbp_anonymous_reply_count":0,"_bbp_topic_count_hidden":0,"_bbp_reply_count_hidden":0,"_bbp_forum_subforum_count":0,"_uag_custom_page_level_css":"","ep_exclude_from_search":false,"footnotes":""},"related-projects-category":[],"class_list":["post-17965069","page","type-page","status-publish","hentry"],"spectra_custom_meta":{"_subscription_coupon_product_id":["0"],"_wpv_contains_gutenberg_views":[""],"_alp_processed":["1776068858"],"_last_translation_edit_mode":["translation-editor"],"_views_template":["0"],"wpcf-unformatted-code":[""],"_wpml_media_duplicate":["1"],"_wpml_media_featured":["1"],"toolset_post_editor_mode":["block"],"wpcf-price-increase-show-from":[""],"wpcf-price-increase-show-till":[""],"_wp_page_template":["template-sidebar-2.php"],"_yoast_wpseo_title":["%%page%% %%title%%"],"_yoast_wpseo_metadesc":["T\u00ecm hi\u1ec3u c\u00e1ch chia s\u1ebb g\u00f3i t\u00edn d\u1ee5ng d\u1ecbch t\u1ef1 \u0111\u1ed9ng gi\u1eefa nhi\u1ec1u trang web b\u1eb1ng c\u00e1ch k\u1ebft n\u1ed1i ch\u00fang."],"_wpml_word_count":["975"],"_uag_css_file_name":["uag-css-17965069.css"],"_uag_page_assets":["a:9:{s:3:\"css\";s:260:\".uag-blocks-common-selector{z-index:var(--z-index-desktop) !important}@media(max-width: 976px){.uag-blocks-common-selector{z-index:var(--z-index-tablet) !important}}@media(max-width: 767px){.uag-blocks-common-selector{z-index:var(--z-index-mobile) !important}}\";s:2:\"js\";s:0:\"\";s:18:\"current_block_list\";a:6:{i:0;s:14:\"core\/paragraph\";i:1;s:9:\"core\/list\";i:2;s:14:\"core\/list-item\";i:3;s:12:\"core\/heading\";i:4;s:20:\"toolset-blocks\/image\";i:5;s:14:\"core\/shortcode\";}s:8:\"uag_flag\";b:0;s:11:\"uag_version\";s:10:\"1778548549\";s:6:\"gfonts\";a:0:{}s:10:\"gfonts_url\";s:0:\"\";s:12:\"gfonts_files\";a:0:{}s:14:\"uag_faq_layout\";b:0;}"]},"uagb_featured_image_src":{"full":false,"thumbnail":false,"medium":false,"medium_large":false,"large":false,"1536x1536":false,"2048x2048":false,"gform-image-choice-sm":false,"gform-image-choice-md":false,"gform-image-choice-lg":false,"woocommerce_thumbnail":false,"woocommerce_single":false,"woocommerce_gallery_thumbnail":false},"uagb_author_info":{"display_name":"Dario","author_link":"https:\/\/wpml.org\/vi\/author\/darioh\/"},"uagb_comment_info":0,"uagb_excerpt":"T\u00ecm hi\u1ec3u c\u00e1ch chia s\u1ebb g\u00f3i t\u00edn d\u1ee5ng d\u1ecbch t\u1ef1 \u0111\u1ed9ng gi\u1eefa nhi\u1ec1u trang web b\u1eb1ng c\u00e1ch k\u1ebft n\u1ed1i ch\u00fang. Vi\u1ec7c k\u1ebft n\u1ed1i c\u00e1c trang web v\u1edbi nhau mang l\u1ea1i m\u1ed9t s\u1ed1 l\u1ee3i \u00edch: C\u00e1ch k\u1ebft n\u1ed1i c\u00e1c trang web c\u1ee7a b\u1ea1n \u0110\u1ec3 k\u1ebft n\u1ed1i c\u00e1c trang web v\u1edbi s\u1ed1 d\u01b0 d\u1ecbch t\u1ef1 \u0111\u1ed9ng chung:&hellip;","_links":{"self":[{"href":"https:\/\/wpml.org\/vi\/wp-json\/wp\/v2\/pages\/17965069","targetHints":{"allow":["GET"]}}],"collection":[{"href":"https:\/\/wpml.org\/vi\/wp-json\/wp\/v2\/pages"}],"about":[{"href":"https:\/\/wpml.org\/vi\/wp-json\/wp\/v2\/types\/page"}],"author":[{"embeddable":true,"href":"https:\/\/wpml.org\/vi\/wp-json\/wp\/v2\/users\/76577"}],"replies":[{"embeddable":true,"href":"https:\/\/wpml.org\/vi\/wp-json\/wp\/v2\/comments?post=17965069"}],"version-history":[{"count":2,"href":"https:\/\/wpml.org\/vi\/wp-json\/wp\/v2\/pages\/17965069\/revisions"}],"predecessor-version":[{"id":17965109,"href":"https:\/\/wpml.org\/vi\/wp-json\/wp\/v2\/pages\/17965069\/revisions\/17965109"}],"up":[{"embeddable":true,"href":"https:\/\/wpml.org\/vi\/wp-json\/wp\/v2\/pages\/14527979"}],"wp:attachment":[{"href":"https:\/\/wpml.org\/vi\/wp-json\/wp\/v2\/media?parent=17965069"}],"wp:term":[{"taxonomy":"related-projects-category","embeddable":true,"href":"https:\/\/wpml.org\/vi\/wp-json\/wp\/v2\/related-projects-category?post=17965069"}],"curies":[{"name":"wp","href":"https:\/\/api.w.org\/{rel}","templated":true}]}}