{"id":217048,"date":"2013-09-08T20:11:00","date_gmt":"2013-09-08T20:11:00","guid":{"rendered":"http:\/\/wpml.org\/my-account-2\/"},"modified":"2025-06-10T13:34:53","modified_gmt":"2025-06-10T13:34:53","slug":"account","status":"publish","type":"page","link":"https:\/\/wpml.org\/zh-hans\/account\/","title":{"rendered":"\u8d26\u6237\u8d44\u6599"},"content":{"rendered":"<div class=\"woocommerce\"><\/div>\n","protected":false},"excerpt":{"rendered":"","protected":false},"author":22418,"featured_media":0,"parent":0,"menu_order":28,"comment_status":"closed","ping_status":"closed","template":"home-loggedin.php","meta":{"_bbp_topic_count":0,"_bbp_reply_count":0,"_bbp_total_topic_count":0,"_bbp_total_reply_count":0,"_bbp_voice_count":0,"_bbp_anonymous_reply_count":0,"_bbp_topic_count_hidden":0,"_bbp_reply_count_hidden":0,"_bbp_forum_subforum_count":0,"_uag_custom_page_level_css":"","ep_exclude_from_search":false,"footnotes":""},"related-projects-category":[],"class_list":["post-217048","page","type-page","status-publish","hentry"],"spectra_custom_meta":{"bbps-topic-tags":["a:0:{}"],"_wp_page_template":["home-loggedin.php"],"ratings_users":["0"],"ratings_score":["0"],"ratings_average":["0"],"_edit_lock":["1467636057:27353"],"_edit_last":["22418"],"_alp_processed":["1749562493"],"_views_template":["0"],"_oembed_4f5af30b50b4af7d8e2d1d30346e12d5":["<blockquote class=\"wp-embedded-content\" data-secret=\"h06CX4liSm\"><a href=\"http:\/\/www.minieurope.com\/\">Home<\/a><\/blockquote><iframe class=\"wp-embedded-content\" sandbox=\"allow-scripts\" security=\"restricted\" style=\"position: absolute; clip: rect(1px, 1px, 1px, 1px);\" src=\"http:\/\/www.minieurope.com\/embed\/#?secret=h06CX4liSm\" data-secret=\"h06CX4liSm\" width=\"600\" height=\"338\" title=\"\u00ab\u00a0Home\u00a0\u00bb &#8212; Mini europe\" frameborder=\"0\" marginwidth=\"0\" marginheight=\"0\" scrolling=\"no\"><\/iframe>"],"_oembed_time_4f5af30b50b4af7d8e2d1d30346e12d5":["1515136992"],"_oembed_795f3cf0526f059e00260f82e43fc4d9":["<blockquote class=\"wp-embedded-content\" data-secret=\"wv4GecoeRm\"><a href=\"https:\/\/brandinabottle.com\/en\/\">Home<\/a><\/blockquote><iframe class=\"wp-embedded-content\" sandbox=\"allow-scripts\" security=\"restricted\" style=\"position: absolute; clip: rect(1px, 1px, 1px, 1px);\" src=\"https:\/\/brandinabottle.com\/en\/embed\/#?secret=wv4GecoeRm\" data-secret=\"wv4GecoeRm\" width=\"600\" height=\"338\" title=\"&#8220;Home&#8221; &#8212; Brand in a Bottle\" frameborder=\"0\" marginwidth=\"0\" marginheight=\"0\" scrolling=\"no\"><\/iframe>"],"_oembed_time_795f3cf0526f059e00260f82e43fc4d9":["1515515989"],"_oembed_56e59d1a60851e51ad1e0171f64763e7":["<blockquote class=\"wp-embedded-content\" data-secret=\"Tu8JLWmw6g\"><a href=\"http:\/\/laballe.co\/\">Home<\/a><\/blockquote><iframe class=\"wp-embedded-content\" sandbox=\"allow-scripts\" security=\"restricted\" style=\"position: absolute; clip: rect(1px, 1px, 1px, 1px);\" src=\"http:\/\/laballe.co\/embed#?secret=Tu8JLWmw6g\" data-secret=\"Tu8JLWmw6g\" width=\"600\" height=\"338\" title=\"&#8220;Home&#8221; &#8212; LaBalle Admissions | Your journey to Business School starts here\" frameborder=\"0\" marginwidth=\"0\" marginheight=\"0\" scrolling=\"no\"><\/iframe>"],"_oembed_time_56e59d1a60851e51ad1e0171f64763e7":["1515515990"],"_oembed_33d7baab597c4b725055ce7222609334":["<blockquote class=\"wp-embedded-content\" data-secret=\"21DmwE6GJT\"><a href=\"http:\/\/t2tglobal.org\/\">Home<\/a><\/blockquote><iframe class=\"wp-embedded-content\" sandbox=\"allow-scripts\" security=\"restricted\" style=\"position: absolute; clip: rect(1px, 1px, 1px, 1px);\" src=\"http:\/\/t2tglobal.org\/embed\/#?secret=21DmwE6GJT\" data-secret=\"21DmwE6GJT\" width=\"600\" height=\"338\" title=\"&#8220;Home&#8221; &#8212; Teachers2Teachers Global | Educating the global citizens of tomorrow starts with empowering our teachers today\" frameborder=\"0\" marginwidth=\"0\" marginheight=\"0\" scrolling=\"no\"><\/iframe>"],"_oembed_time_33d7baab597c4b725055ce7222609334":["1515515993"],"_oembed_d8ae96b8194748efc0c3e3ff1a866d5c":["<blockquote class=\"wp-embedded-content\" data-secret=\"MtkIRhKCVg\"><a href=\"https:\/\/spanishbmb.com\/\">Home<\/a><\/blockquote><iframe class=\"wp-embedded-content\" sandbox=\"allow-scripts\" security=\"restricted\" style=\"position: absolute; clip: rect(1px, 1px, 1px, 1px);\" src=\"https:\/\/spanishbmb.com\/embed\/#?secret=MtkIRhKCVg\" data-secret=\"MtkIRhKCVg\" width=\"600\" height=\"338\" title=\"&#8220;Home&#8221; &#8212; SpanishBMB | Clases de espa\u00f1ol online\" frameborder=\"0\" marginwidth=\"0\" marginheight=\"0\" scrolling=\"no\"><\/iframe>"],"_oembed_time_d8ae96b8194748efc0c3e3ff1a866d5c":["1515516000"],"_oembed_341ee182733417e54e8fde4c7e32ec5e":["<blockquote class=\"wp-embedded-content\" data-secret=\"SQE9jSnSn9\"><a href=\"http:\/\/www.curltranslations.com\/\">Home<\/a><\/blockquote><iframe class=\"wp-embedded-content\" sandbox=\"allow-scripts\" security=\"restricted\" style=\"position: absolute; clip: rect(1px, 1px, 1px, 1px);\" src=\"http:\/\/www.curltranslations.com\/embed\/#?secret=SQE9jSnSn9\" data-secret=\"SQE9jSnSn9\" width=\"600\" height=\"338\" title=\"&#8220;Home&#8221; &#8212; Curl Translations | Business without borders\" frameborder=\"0\" marginwidth=\"0\" marginheight=\"0\" scrolling=\"no\"><\/iframe>"],"_oembed_time_341ee182733417e54e8fde4c7e32ec5e":["1515516007"],"_oembed_694533aa1e1d8fb24002b2f3fc53e18d":["<blockquote class=\"wp-embedded-content\" data-secret=\"SnbIeMh78x\"><a href=\"http:\/\/changeoverconstant.com\/\">Home<\/a><\/blockquote><iframe class=\"wp-embedded-content\" sandbox=\"allow-scripts\" security=\"restricted\" style=\"position: absolute; clip: rect(1px, 1px, 1px, 1px);\" src=\"http:\/\/changeoverconstant.com\/embed\/#?secret=SnbIeMh78x\" data-secret=\"SnbIeMh78x\" width=\"600\" height=\"338\" title=\"&#8220;Home&#8221; &#8212; Change Over Constant | Build meaning, achieve purpose\" frameborder=\"0\" marginwidth=\"0\" marginheight=\"0\" scrolling=\"no\"><\/iframe>"],"_oembed_time_694533aa1e1d8fb24002b2f3fc53e18d":["1515516010"],"_oembed_9f8b7f919ddcd4f8bd4fced431c8d512":["<blockquote class=\"wp-embedded-content\" data-secret=\"PV4I1CLkFh\"><a href=\"https:\/\/iwebcontact.ca\/\">Accueil<\/a><\/blockquote><iframe class=\"wp-embedded-content\" sandbox=\"allow-scripts\" security=\"restricted\" style=\"position: absolute; clip: rect(1px, 1px, 1px, 1px);\" src=\"https:\/\/iwebcontact.ca\/embed\/#?secret=PV4I1CLkFh\" data-secret=\"PV4I1CLkFh\" width=\"600\" height=\"338\" title=\"\u00ab\u00a0Accueil\u00a0\u00bb &#8212; iWebContact, Agence de Marketing Internet\" frameborder=\"0\" marginwidth=\"0\" marginheight=\"0\" scrolling=\"no\"><\/iframe>"],"_oembed_time_9f8b7f919ddcd4f8bd4fced431c8d512":["1518802763"],"_oembed_858a1bf53065364af96c0b6063024055":["<blockquote class=\"wp-embedded-content\" data-secret=\"GRzood8OS2\"><a href=\"https:\/\/iwebcontact.co\/\">Web Marketing Agency<\/a><\/blockquote><iframe class=\"wp-embedded-content\" sandbox=\"allow-scripts\" security=\"restricted\" style=\"position: absolute; clip: rect(1px, 1px, 1px, 1px);\" src=\"https:\/\/iwebcontact.co\/embed\/#?secret=GRzood8OS2\" data-secret=\"GRzood8OS2\" width=\"600\" height=\"338\" title=\"&#8220;Web Marketing Agency&#8221; &#8212; iWebContact Digital Agency\" frameborder=\"0\" marginwidth=\"0\" marginheight=\"0\" scrolling=\"no\"><\/iframe>"],"_oembed_time_858a1bf53065364af96c0b6063024055":["1518802765"],"_oembed_c08cfff41d426994315dce89089aa883":["<blockquote class=\"wp-embedded-content\" data-secret=\"WvYVhAAkXS\"><a href=\"https:\/\/jassist.eu\/\">Ultimate Online Assistance<\/a><\/blockquote><iframe class=\"wp-embedded-content\" sandbox=\"allow-scripts\" security=\"restricted\" style=\"position: absolute; clip: rect(1px, 1px, 1px, 1px);\" src=\"https:\/\/jassist.eu\/embed\/#?secret=WvYVhAAkXS\" data-secret=\"WvYVhAAkXS\" width=\"600\" height=\"338\" title=\"&#8220;Ultimate Online Assistance&#8221; &#8212; JAssist\" frameborder=\"0\" marginwidth=\"0\" marginheight=\"0\" scrolling=\"no\"><\/iframe>"],"_oembed_time_c08cfff41d426994315dce89089aa883":["1533029691"],"_oembed_cefb5d7ce0d9fa6c05432a22e5ecccbc":["<blockquote class=\"wp-embedded-content\" data-secret=\"zbJFEtJquC\"><a href=\"https:\/\/joopea.info\/\">Home<\/a><\/blockquote><iframe class=\"wp-embedded-content\" sandbox=\"allow-scripts\" security=\"restricted\" style=\"position: absolute; clip: rect(1px, 1px, 1px, 1px);\" src=\"https:\/\/joopea.info\/?embed=true#?secret=zbJFEtJquC\" data-secret=\"zbJFEtJquC\" width=\"600\" height=\"338\" title=\"&#8220;Home&#8221; &#8212; JoopeA Foundation\" frameborder=\"0\" marginwidth=\"0\" marginheight=\"0\" scrolling=\"no\"><\/iframe>"],"_oembed_time_cefb5d7ce0d9fa6c05432a22e5ecccbc":["1533029695"],"_oembed_a576d135a4b72a5ab877e95b0b1a1ee5":["<blockquote class=\"wp-embedded-content\" data-secret=\"a5b08zXuY9\"><a href=\"https:\/\/omnifinder.net\/\">The New OMNI Finder<\/a><\/blockquote><iframe class=\"wp-embedded-content\" sandbox=\"allow-scripts\" security=\"restricted\" style=\"position: absolute; clip: rect(1px, 1px, 1px, 1px);\" src=\"https:\/\/omnifinder.net\/embed\/#?secret=a5b08zXuY9\" data-secret=\"a5b08zXuY9\" width=\"600\" height=\"338\" title=\"&#8220;The New OMNI Finder&#8221; &#8212; OMNIFINDER\" frameborder=\"0\" marginwidth=\"0\" marginheight=\"0\" scrolling=\"no\"><\/iframe>"],"_oembed_time_a576d135a4b72a5ab877e95b0b1a1ee5":["1544775637"],"_oembed_a16ccafc420c77f7ee74ed017e8e6f74":["<blockquote class=\"wp-embedded-content\" data-secret=\"xqPdTmDG3U\"><a href=\"http:\/\/www.hedon.hu\/\">Home &#8211; Hedon Brewing<\/a><\/blockquote><iframe class=\"wp-embedded-content\" sandbox=\"allow-scripts\" security=\"restricted\" style=\"position: absolute; clip: rect(1px, 1px, 1px, 1px);\" src=\"http:\/\/www.hedon.hu\/embed\/#?secret=xqPdTmDG3U\" data-secret=\"xqPdTmDG3U\" width=\"600\" height=\"338\" title=\"&#8220;Home &#8211; Hedon Brewing&#8221; &#8212; Hedon Craft Brewery\" frameborder=\"0\" marginwidth=\"0\" marginheight=\"0\" scrolling=\"no\"><\/iframe>"],"_oembed_time_a16ccafc420c77f7ee74ed017e8e6f74":["1544775656"],"_oembed_7faffa0ee6820728384eacbf6da9af2f":["<blockquote class=\"wp-embedded-content\" data-secret=\"0qmjYZw3lY\"><a href=\"https:\/\/www.hooksounds.com\/\">Royalty Free Music<\/a><\/blockquote><iframe class=\"wp-embedded-content\" sandbox=\"allow-scripts\" security=\"restricted\" style=\"position: absolute; clip: rect(1px, 1px, 1px, 1px);\" src=\"https:\/\/www.hooksounds.com\/embed\/#?secret=0qmjYZw3lY\" data-secret=\"0qmjYZw3lY\" width=\"600\" height=\"338\" title=\"&#8220;Royalty Free Music&#8221; &#8212; HookSounds\" frameborder=\"0\" marginwidth=\"0\" marginheight=\"0\" scrolling=\"no\"><\/iframe>"],"_oembed_time_7faffa0ee6820728384eacbf6da9af2f":["1544775658"],"_oembed_3d10562e1f934d79f2f39df062d0cf39":["<blockquote class=\"wp-embedded-content\" data-secret=\"f4wO1n0qDL\"><a href=\"https:\/\/daiso.com.mx\/\">Inicio<\/a><\/blockquote><iframe class=\"wp-embedded-content\" sandbox=\"allow-scripts\" security=\"restricted\" style=\"position: absolute; clip: rect(1px, 1px, 1px, 1px);\" src=\"https:\/\/daiso.com.mx\/embed\/#?secret=f4wO1n0qDL\" data-secret=\"f4wO1n0qDL\" width=\"600\" height=\"338\" title=\"&#8220;Inicio&#8221; &#8212; Daiso\" frameborder=\"0\" marginwidth=\"0\" marginheight=\"0\" scrolling=\"no\"><\/iframe>"],"_oembed_time_3d10562e1f934d79f2f39df062d0cf39":["1544775682"],"_oembed_754941fb52594e739791b3101b9f3bfb":["{{unknown}}"],"_oembed_30c008fbb037e2e30ab0061d342e2444":["{{unknown}}"],"_oembed_770b8153ffaa0d4cf6f1228862746aca":["<a class=\"twitter-timeline\" data-width=\"700\" data-height=\"394\" data-dnt=\"true\" href=\"https:\/\/twitter.com\/moskvayigit?ref_src=twsrc%5Etfw\">Tweets by moskvayigit<\/a><script async src=\"https:\/\/platform.twitter.com\/widgets.js\" charset=\"utf-8\"><\/script>"],"_oembed_time_770b8153ffaa0d4cf6f1228862746aca":["1556482376"],"_oembed_28e3425502780cec191d0effb996597c":["{{unknown}}"],"_oembed_f9b8cf7fd1f13c4c403dcf3f83164e1b":["{{unknown}}"],"_oembed_8b959e61282a9c03cc03e8f14356b93b":["<blockquote class=\"wp-embedded-content\" data-secret=\"MJgoOY9unT\"><a href=\"https:\/\/paulini.com.pl\/\">Paulini Warszawa Ko\u015bci\u00f3\u0142 \u015aw.Ducha Warszawska Pielgrzymka Piesza ,spowied\u017a,WPP<\/a><\/blockquote><iframe class=\"wp-embedded-content\" sandbox=\"allow-scripts\" security=\"restricted\" style=\"position: absolute; clip: rect(1px, 1px, 1px, 1px);\" src=\"https:\/\/paulini.com.pl\/embed\/#?secret=MJgoOY9unT\" data-secret=\"MJgoOY9unT\" width=\"600\" height=\"338\" title=\"&#8222;Paulini Warszawa Ko\u015bci\u00f3\u0142 \u015aw.Ducha Warszawska Pielgrzymka Piesza ,spowied\u017a,WPP&#8221; &#8212; paulini.com.pl\" frameborder=\"0\" marginwidth=\"0\" marginheight=\"0\" scrolling=\"no\"><\/iframe>"],"_oembed_time_8b959e61282a9c03cc03e8f14356b93b":["1557855671"],"_oembed_8c40364ee1ce9e37c66ce0d6011a792c":["<blockquote class=\"wp-embedded-content\" data-secret=\"VFQiOPaguX\"><a href=\"http:\/\/lukaswisniewski.com\/\">Lukasz Wisniewski Director \u0141ukasz Wi\u015bniewski Re\u017cyser<\/a><\/blockquote><iframe class=\"wp-embedded-content\" sandbox=\"allow-scripts\" security=\"restricted\" style=\"position: absolute; clip: rect(1px, 1px, 1px, 1px);\" src=\"http:\/\/lukaswisniewski.com\/embed\/#?secret=VFQiOPaguX\" data-secret=\"VFQiOPaguX\" width=\"600\" height=\"338\" title=\"&#8220;Lukasz Wisniewski Director \u0141ukasz Wi\u015bniewski Re\u017cyser&#8221; &#8212; \u0141ukasz Wi\u015bniewski Rezyser Lukas Wisniewski Director\" frameborder=\"0\" marginwidth=\"0\" marginheight=\"0\" scrolling=\"no\"><\/iframe>"],"_oembed_time_8c40364ee1ce9e37c66ce0d6011a792c":["1557855674"],"_oembed_53926fdc8597ca1b6af7711bfb06012d":["<blockquote class=\"wp-embedded-content\" data-secret=\"WwWr61TbXT\"><a href=\"http:\/\/frankieistanbul.com\/\">Ana Sayfa<\/a><\/blockquote><iframe title=\"&#8220;Ana Sayfa&#8221; &#8212; frankie istanbul\" class=\"wp-embedded-content\" sandbox=\"allow-scripts\" security=\"restricted\" style=\"position: absolute; clip: rect(1px, 1px, 1px, 1px);\" src=\"http:\/\/frankieistanbul.com\/embed\/#?secret=WwWr61TbXT\" data-secret=\"WwWr61TbXT\" width=\"600\" height=\"338\" frameborder=\"0\" marginwidth=\"0\" marginheight=\"0\" scrolling=\"no\"><\/iframe>"],"_oembed_time_53926fdc8597ca1b6af7711bfb06012d":["1564269400"],"_oembed_5dc0cb44c5b40233a9996232cdf7b575":["<blockquote class=\"wp-embedded-content\" data-secret=\"MtV9fhi5vh\"><a href=\"http:\/\/www.gastroekonomizirvesi.com\/\">Ana Sayfa<\/a><\/blockquote><iframe title=\"&#8220;Ana Sayfa&#8221; &#8212; Global Gastro Ekonomi Zirvesi\" class=\"wp-embedded-content\" sandbox=\"allow-scripts\" security=\"restricted\" style=\"position: absolute; clip: rect(1px, 1px, 1px, 1px);\" src=\"http:\/\/www.gastroekonomizirvesi.com\/embed\/#?secret=MtV9fhi5vh\" data-secret=\"MtV9fhi5vh\" width=\"600\" height=\"338\" frameborder=\"0\" marginwidth=\"0\" marginheight=\"0\" scrolling=\"no\"><\/iframe>"],"_oembed_time_5dc0cb44c5b40233a9996232cdf7b575":["1564269402"],"_oembed_33e7afa9d2c86bb11056fcffaaa8f61a":["<blockquote class=\"wp-embedded-content\" data-secret=\"6Zlf6zRU57\"><a href=\"https:\/\/maptriks.com\/\">Home<\/a><\/blockquote><iframe title=\"&#8220;Home&#8221; &#8212; Maptriks\" class=\"wp-embedded-content\" sandbox=\"allow-scripts\" security=\"restricted\" style=\"position: absolute; clip: rect(1px, 1px, 1px, 1px);\" src=\"https:\/\/maptriks.com\/embed\/#?secret=6Zlf6zRU57\" data-secret=\"6Zlf6zRU57\" width=\"600\" height=\"338\" frameborder=\"0\" marginwidth=\"0\" marginheight=\"0\" scrolling=\"no\"><\/iframe>"],"_oembed_time_33e7afa9d2c86bb11056fcffaaa8f61a":["1564269410"],"_oembed_c47a781e8b2ebd06dc079ab10ae164fc":["<blockquote class=\"wp-embedded-content\" data-secret=\"i5rwr3Y586\"><a href=\"http:\/\/www.birhay.org\/\">Home<\/a><\/blockquote><iframe title=\"&#8220;Home&#8221; &#8212; Birlikte Hayat \" class=\"wp-embedded-content\" sandbox=\"allow-scripts\" security=\"restricted\" style=\"position: absolute; clip: rect(1px, 1px, 1px, 1px);\" src=\"http:\/\/www.birhay.org\/embed\/#?secret=i5rwr3Y586\" data-secret=\"i5rwr3Y586\" width=\"600\" height=\"338\" frameborder=\"0\" marginwidth=\"0\" marginheight=\"0\" scrolling=\"no\"><\/iframe>"],"_oembed_time_c47a781e8b2ebd06dc079ab10ae164fc":["1564269412"],"_oembed_0317f43923a723b2a119aa318779c006":["<blockquote class=\"wp-embedded-content\" data-secret=\"PMvNseCWZK\"><a href=\"http:\/\/empireevent.com.tr\/\">Ana Sayfa<\/a><\/blockquote><iframe title=\"&#8220;Ana Sayfa&#8221; &#8212; Empire Event\" class=\"wp-embedded-content\" sandbox=\"allow-scripts\" security=\"restricted\" style=\"position: absolute; clip: rect(1px, 1px, 1px, 1px);\" src=\"http:\/\/empireevent.com.tr\/embed\/#?secret=PMvNseCWZK\" data-secret=\"PMvNseCWZK\" width=\"600\" height=\"338\" frameborder=\"0\" marginwidth=\"0\" marginheight=\"0\" scrolling=\"no\"><\/iframe>"],"_oembed_time_0317f43923a723b2a119aa318779c006":["1564269429"],"_subscription_coupon_product_id":["0"],"inline_featured_image":["0"],"_last_translation_edit_mode":["translation-editor"],"_wpml_media_duplicate":["0"],"_wpml_media_featured":["1"],"wpml_tf_post_rating_quantity":["1"],"wpml_tf_post_rating_average":["5"],"wpcf-unformatted-code":[""],"wpcf-price-increase-show-from":[""],"wpcf-price-increase-show-till":[""],"_yoast_wpseo_metadesc":["WPML \u5ba2\u6237\u7684\u8d26\u6237\u4e2d\u5fc3\u3002 \u8bbf\u95ee\u60a8\u7684\u8ba2\u5355\u5386\u53f2\u3001\u4e0b\u8f7d\u3001\u7a0e\u52a1\u53d1\u7968\u3001\u5347\u7ea7\u3001\u7eed\u8ba2\u7b49\u3002"],"_yoast_wpseo_focuskw":["WPML \u8d26\u6237"],"wpcf-login-box-title":["\u767b\u5f55\u60a8\u7684 <br>WPML \u8d26\u6237"],"wpcf-page-content":["<div class=\"row justify-content-center\">\n<div class=\"col-md-10\">\u60a8\u7684 WPML \u8d26\u6237\u5141\u8bb8\u60a8\u4e0b\u8f7d WPML \u63d2\u4ef6\u3001\u83b7\u53d6\u652f\u6301\u3001\u6ce8\u518c\u7f51\u7ad9\u3001\u83b7\u53d6\u7a0e\u52a1\u53d1\u7968\u7b49\u3002<\/div>\n<\/div>"],"_wpml_word_count":["2"],"_uag_css_file_name":["uag-css-217048.css"],"_uag_page_assets":["a:9:{s:3:\"css\";s:260:\".uag-blocks-common-selector{z-index:var(--z-index-desktop) !important}@media(max-width: 976px){.uag-blocks-common-selector{z-index:var(--z-index-tablet) !important}}@media(max-width: 767px){.uag-blocks-common-selector{z-index:var(--z-index-mobile) !important}}\";s:2:\"js\";s:0:\"\";s:18:\"current_block_list\";a:1:{i:0;s:14:\"core\/shortcode\";}s:8:\"uag_flag\";b:0;s:11:\"uag_version\";s:10:\"1778212466\";s:6:\"gfonts\";a:0:{}s:10:\"gfonts_url\";s:0:\"\";s:12:\"gfonts_files\";a:0:{}s:14:\"uag_faq_layout\";b:0;}"]},"uagb_featured_image_src":{"full":false,"thumbnail":false,"medium":false,"medium_large":false,"large":false,"1536x1536":false,"2048x2048":false,"gform-image-choice-sm":false,"gform-image-choice-md":false,"gform-image-choice-lg":false,"woocommerce_thumbnail":false,"woocommerce_single":false,"woocommerce_gallery_thumbnail":false},"uagb_author_info":{"display_name":"David Garc\u00eda","author_link":"https:\/\/wpml.org\/zh-hans\/author\/davidgw\/"},"uagb_comment_info":0,"uagb_excerpt":null,"_links":{"self":[{"href":"https:\/\/wpml.org\/zh-hans\/wp-json\/wp\/v2\/pages\/217048","targetHints":{"allow":["GET"]}}],"collection":[{"href":"https:\/\/wpml.org\/zh-hans\/wp-json\/wp\/v2\/pages"}],"about":[{"href":"https:\/\/wpml.org\/zh-hans\/wp-json\/wp\/v2\/types\/page"}],"author":[{"embeddable":true,"href":"https:\/\/wpml.org\/zh-hans\/wp-json\/wp\/v2\/users\/22418"}],"replies":[{"embeddable":true,"href":"https:\/\/wpml.org\/zh-hans\/wp-json\/wp\/v2\/comments?post=217048"}],"version-history":[{"count":7,"href":"https:\/\/wpml.org\/zh-hans\/wp-json\/wp\/v2\/pages\/217048\/revisions"}],"predecessor-version":[{"id":17122045,"href":"https:\/\/wpml.org\/zh-hans\/wp-json\/wp\/v2\/pages\/217048\/revisions\/17122045"}],"wp:attachment":[{"href":"https:\/\/wpml.org\/zh-hans\/wp-json\/wp\/v2\/media?parent=217048"}],"wp:term":[{"taxonomy":"related-projects-category","embeddable":true,"href":"https:\/\/wpml.org\/zh-hans\/wp-json\/wp\/v2\/related-projects-category?post=217048"}],"curies":[{"name":"wp","href":"https:\/\/api.w.org\/{rel}","templated":true}]}}